{"id":950,"date":"2024-02-17T09:43:07","date_gmt":"2024-02-17T09:43:07","guid":{"rendered":"https:\/\/cemm24.somival.org\/?page_id=950"},"modified":"2024-02-29T07:09:06","modified_gmt":"2024-02-29T07:09:06","slug":"penagolosapo","status":"publish","type":"page","link":"https:\/\/cemm24.somival.org\/index.php\/penagolosapo\/","title":{"rendered":"PenagolosaPO"},"content":{"rendered":"<table style=\"height: 30px; width: 57.8943%; border-collapse: collapse;\">\n<tbody>\n<tr style=\"height: 30px;\">\n<td style=\"width: 8.70307%; height: 30px; vertical-align: top;\"><span style=\"color: #008000; font-family: georgia, palatino; font-size: 19px;\"><a style=\"color: #008000;\" href=\"https:\/\/cemm24.somival.org\/index.php\/prospeccinpo\/\"><strong>&lt;&lt;&lt;<\/strong><\/a><\/span><\/td>\n<td style=\"height: 30px; width: 67.0648%; vertical-align: top;\"><span style=\"font-family: georgia, palatino; font-size: 19px;\"><strong><span style=\"color: #993366;\">Parque natural do Pe\u00f1agolosa<\/span><\/strong><\/span><\/td>\n<td style=\"width: 80px; height: 30px; vertical-align: top;\"><span style=\"font-family: georgia, palatino; font-size: 19px;\"><strong><span style=\"color: #993366;\">( <a href=\"https:\/\/parquesnaturales.gva.es\/va\/web\/pn-penyagolosa\/\" target=\"_blank\" rel=\"noopener\">Web<\/a> )<\/span><\/strong><\/span><\/td>\n<td style=\"width: 50px; height: 30px; vertical-align: bottom;\"><span style=\"font-family: 'times new roman', times; font-size: 17px;\"><a href=\"https:\/\/cemm24.somival.org\/index.php\/penagolosaimgpo\/\"><img loading=\"lazy\" decoding=\"async\" class=\"aligncenter size-full wp-image-530\" src=\"https:\/\/cemm24.somival.org\/wp-content\/uploads\/2024\/02\/Mafotos1.jpg\" alt=\"\" width=\"47\" height=\"30\"><\/a><\/span><\/td>\n<\/tr>\n<\/tbody>\n<\/table>\n<p style=\"text-align: justify;\"><span style=\"color: #000080; font-family: georgia, palatino; font-size: 17px;\">O s\u00edtio compreende um enorme maci\u00e7o montanhoso situado no interior de Castell\u00f3n, nas regi\u00f5es de l&#8217;Alcalaten (Xodos) e l&#8217;Alt Maestrat (Vistabella del Maestrat).<br \/>\nAs suas caracter\u00edsticas clim\u00e1ticas e geol\u00f3gicas especiais fazem dela uma das zonas montanhosas da Comunidade Valenciana com maior biodiversidade e import\u00e2ncia flor\u00edstica; s\u00e3o conhecidas mais de 1.000 esp\u00e9cies de plantas vasculares, muitas delas exclusivas do territ\u00f3rio valenciano.<br \/>\nO clima \u00e9 mediterr\u00e2nico, mais fresco e h\u00famido nas zonas altas. O inverno tende a ser a esta\u00e7\u00e3o mais seca, j\u00e1 que no ver\u00e3o as frequentes tormentas fazem com que praticamente n\u00e3o haja seca, mantendo o solo h\u00famido durante todo o ano. Nas terras baixas, os ver\u00f5es e os invernos s\u00e3o secos, com outonos e, em menor grau, primaveras chuvosas. A precipita\u00e7\u00e3o m\u00e9dia anual em Vistabella del Maestrazgo \u00e9 superior a 700 mm.<br \/>\nA sua vegeta\u00e7\u00e3o \u00e9 determinada, por um lado, pela grada\u00e7\u00e3o altitudinal, entre os 700 e os 1813 m do pico de Pe\u00f1agolosa, o que significa a exist\u00eancia da maioria dos n\u00edveis bioclim\u00e1ticos da regi\u00e3o corol\u00f3gica mediterr\u00e2nica. A altern\u00e2ncia de solos \u00e9 um fator que favorece a biodiversidade, j\u00e1 que os terrenos rochosos s\u00e3o principalmente calc\u00e1rios e alternam com materiais siliciosos (arenitos e quartzitos).<br \/>\nNas zonas calc\u00e1rias mais baixas encontram-se azinhais (<em>Quercus ilex subsp. rotundifolia<\/em>) e alguns carvalhos-cerquinhos (<em>Quercus faginea<\/em>). \u00c0 medida que se sobe, s\u00e3o substitu\u00eddos por montados de carvalho-cerquinho com pinheiro-lar\u00edcio (<em>Pinus nigra subsp. salzmanii<\/em>) com um sub-bosque muito variado que inclui boas popula\u00e7\u00f5es de azevinho (<em>Ilex aquifolium<\/em>) e teixo (<em>Taxus baccata<\/em>). A atividade humana causou a substitui\u00e7\u00e3o dos montados de carvalho-cerquinho por florestas de pinheiro-lar\u00edcio.<br \/>\nNos enclaves de solos siliciosos, encontra-se o maior bosque de carvalho-das-beiras (<em>Quercus pyrenaica<\/em>) do territ\u00f3rio valenciano e bosques maduros de pinheiro-bravo (<em>Pinus pinaster<\/em>) e pinheiro-de-casquinha (<em>Pinus sylvestris<\/em>), acompanhados de estevas (<em>Cistus populifolius<\/em>, <em>C. laurifolius<\/em>) e urzes (<em>Erica arborea<\/em>, <em>E. scoparia<\/em> e <em>Calluna vulgaris<\/em>).<br \/>\nNas partes mais altas, no pico de Pe\u00f1agolosa e no Tossal Roig, existe um bosque de pinho-de-casquinha (<em>Pinus sylvestris<\/em>) esabina-rasteira (<em>Juniperus sabina<\/em>), que \u00e9 dominado nas partes superiores por uma vegeta\u00e7\u00e3o pulvinar de <em>Erinacea anthyllis<\/em>.<br \/>\nNas zonas de pastoreio ou anteriormente cultivadas, existem prados rodeados de espinheiros com roseiras silvestres (<em>Rosa sp.<\/em>), a amora end\u00e9mica (<em>Rubus vigoi<\/em>), abrunheiros (<em>Prunus espinosa<\/em>), espinheiro-alvar (<em>Crataegus monogyna<\/em>)&#8230;.<br \/>\nA riqueza flor\u00edstica e a grande diversidade de forma\u00e7\u00f5es vegetais s\u00e3o acompanhadas por uma riqueza micol\u00f3gica, cujo cat\u00e1logo provis\u00f3rio ascende a mais de 800 esp\u00e9cies.<\/span><\/p>\n","protected":false},"excerpt":{"rendered":"<p>&lt;&lt;&lt; Parque natural do Pe\u00f1agolosa ( Web ) O s\u00edtio compreende um enorme maci\u00e7o montanhoso situado no interior de Castell\u00f3n, nas regi\u00f5es de l&#8217;Alcalaten (Xodos) e l&#8217;Alt Maestrat (Vistabella del Maestrat). As suas caracter\u00edsticas clim\u00e1ticas e geol\u00f3gicas especiais fazem dela uma das zonas montanhosas da Comunidade Valenciana com maior biodiversidade e import\u00e2ncia flor\u00edstica; s\u00e3o conhecidas [&hellip;]<\/p>\n","protected":false},"author":2,"featured_media":0,"parent":0,"menu_order":0,"comment_status":"closed","ping_status":"closed","template":"","meta":{"footnotes":""},"class_list":["post-950","page","type-page","status-publish","hentry","post"],"_links":{"self":[{"href":"https:\/\/cemm24.somival.org\/index.php\/wp-json\/wp\/v2\/pages\/950","targetHints":{"allow":["GET"]}}],"collection":[{"href":"https:\/\/cemm24.somival.org\/index.php\/wp-json\/wp\/v2\/pages"}],"about":[{"href":"https:\/\/cemm24.somival.org\/index.php\/wp-json\/wp\/v2\/types\/page"}],"author":[{"embeddable":true,"href":"https:\/\/cemm24.somival.org\/index.php\/wp-json\/wp\/v2\/users\/2"}],"replies":[{"embeddable":true,"href":"https:\/\/cemm24.somival.org\/index.php\/wp-json\/wp\/v2\/comments?post=950"}],"version-history":[{"count":7,"href":"https:\/\/cemm24.somival.org\/index.php\/wp-json\/wp\/v2\/pages\/950\/revisions"}],"predecessor-version":[{"id":1313,"href":"https:\/\/cemm24.somival.org\/index.php\/wp-json\/wp\/v2\/pages\/950\/revisions\/1313"}],"wp:attachment":[{"href":"https:\/\/cemm24.somival.org\/index.php\/wp-json\/wp\/v2\/media?parent=950"}],"curies":[{"name":"wp","href":"https:\/\/api.w.org\/{rel}","templated":true}]}}