{"id":924,"date":"2024-02-17T08:18:18","date_gmt":"2024-02-17T08:18:18","guid":{"rendered":"https:\/\/cemm24.somival.org\/?page_id=924"},"modified":"2024-03-05T10:33:24","modified_gmt":"2024-03-05T10:33:24","slug":"espadanpo","status":"publish","type":"page","link":"https:\/\/cemm24.somival.org\/index.php\/espadanpo\/","title":{"rendered":"EspadanPO"},"content":{"rendered":"<table style=\"height: 30px; width: 64.8091%; border-collapse: collapse;\">\n<tbody>\n<tr style=\"height: 30px;\">\n<td style=\"width: 8.70307%; height: 30px; vertical-align: top;\"><span style=\"color: #008000;\"><a style=\"color: #008000;\" href=\"https:\/\/cemm24.somival.org\/index.php\/prospeccinpo\/\"><span style=\"font-size: 20px;\"><strong>\u02c2\u02c2&lt;<\/strong><\/span><\/a><\/span><\/td>\n<td style=\"height: 30px; width: 67.0648%; vertical-align: top;\"><strong><span style=\"color: #993366; font-size: 19px;\">Parque Natural da Serra de Espad\u00e1n<\/span><\/strong><\/td>\n<td style=\"width: 14.8464%; height: 30px; vertical-align: top;\"><strong><span style=\"color: #993366; font-size: 19px;\">( <a href=\"https:\/\/parquesnaturales.gva.es\/es\/web\/pn-serra-d-espada\" target=\"_blank\" rel=\"noopener\">Web<\/a> )<\/span><\/strong><\/td>\n<td style=\"width: 21.3311%; height: 30px; vertical-align: bottom;\"><a href=\"https:\/\/cemm24.somival.org\/index.php\/espadanimgpo\/\"><img loading=\"lazy\" decoding=\"async\" class=\"aligncenter wp-image-530 size-full\" src=\"https:\/\/cemm24.somival.org\/wp-content\/uploads\/2024\/02\/Mafotos1.jpg\" alt=\"Ver galeria im\u00e1genes de la Sierra de Espad\u00e1n\" width=\"47\" height=\"30\"><\/a><\/td>\n<\/tr>\n<\/tbody>\n<\/table>\n<p style=\"text-align: justify;\"><span style=\"font-size: 17px;\"><span style=\"color: #000080;\">O Parque compreende um maci\u00e7o montanhoso situado no sul de Castell\u00f3n, nas comarcas de Plana Baixa (Eslida) e Alt Millars (Torralba del Pinar).<br \/>\n\u00c9 uma cadeia montanhosa muito \u00edngreme, mas n\u00e3o muito alta, dado que as suas montanhas mais altas mal ultrapassam os mil metros, como o pico Pinar (1101 metros) ou o pico Espad\u00e1n (1099 metros).<br \/>\nO clima \u00e9 mediterr\u00e2nico, com chuvas no outono e na primavera, que alternam com per\u00edodos de seca. A precipita\u00e7\u00e3o anual \u00e9 irregular, variando entre 450 e 730 mm. A orienta\u00e7\u00e3o das serras e a sua proximidade do mar favorecem a forma\u00e7\u00e3o de nevoeiro, criando vales e encostas com elevada humidade.<br \/>\nA originalidade da Serra de Espad\u00e1n reside no predom\u00ednio de solos siliciosos, ao contr\u00e1rio da maioria das serras da Comunidade Valenciana, que s\u00e3o eminentemente calc\u00e1rias.<br \/>\nA sua vegeta\u00e7\u00e3o \u00e9 constitu\u00edda principalmente por montados de sobro, florestas de pinheiros,azinhais e forma\u00e7\u00f5es arbustivas mediterr\u00e2nicas. A sua flora conta com mais de 1.000 esp\u00e9cies de plantas vasculares, algumas das quais s\u00e3o end\u00e9micas.<br \/>\nNos solos siliciosos, a vegeta\u00e7\u00e3o potencial \u00e9 representada pelo sobreiro (<em>Quercus suber<\/em>). Esta esp\u00e9cie tem a particularidade de ser muito resistente ao fogo, o que lhe confere um enorme valor ecol\u00f3gico. Encontra-se em bosques monoespec\u00edficos ou misturados com pinheiro-bravo (<em>Pinus pinaster<\/em>), utilizado na antiguidade para a extra\u00e7\u00e3o de resinas e que localmente substituiu completamente o sobreiral. A degrada\u00e7\u00e3o do sobreiro d\u00e1 lugar \u00e0 estevais com sarga\u00e7o (<em>Cistus monspeliensis<\/em>), sanganho-mouro (<em>Cistus salviifolius<\/em>) e rosmaninho (<em>Lavandula stoechas<\/em>), que nas encostas mais h\u00famidas s\u00e3o acompanhados pela urze-das-vassouras (<em>Erica scoparia<\/em>).<br \/>\nNos solos calc\u00e1rios encontramos o pinheiro de Alepo (<em>Pinus halepensis<\/em>), partilhando o habitat com alguma orla residual de azinheira (<em>Quercus ilex subsp. rotundifolia<\/em>), sendo esta a vegeta\u00e7\u00e3o potencial nestas zonas. Na sua degrada\u00e7\u00e3o encontra-se o lentisco (<em>Pistacia lentiscus<\/em>) e nos solos mais pobres o carrasco (<em>Quercus coccifera<\/em>) e matos de alecrim (<em>Rosmarinus officinalis<\/em>), roselha-grande (<em>Cistus albidus<\/em>), junco-da-proven\u00e7a (<em>Ulex parviflorus<\/em>)&#8230;.<br \/>\nAs esp\u00e9cies de cogumelos mais frequentemente recolhidas s\u00e3o: <em>Amanita caesarea<\/em>, <em>Boletus aereus<\/em>, <em>Russula cyanoxantha<\/em>, <em>Cantharellus pallens<\/em> e <em>Cratarellus lutencens<\/em>.<br \/>\n.<br \/>\n<\/span><\/span><\/p>\n","protected":false},"excerpt":{"rendered":"<p>\u02c2\u02c2&lt; Parque Natural da Serra de Espad\u00e1n ( Web ) O Parque compreende um maci\u00e7o montanhoso situado no sul de Castell\u00f3n, nas comarcas de Plana Baixa (Eslida) e Alt Millars (Torralba del Pinar). \u00c9 uma cadeia montanhosa muito \u00edngreme, mas n\u00e3o muito alta, dado que as suas montanhas mais altas mal ultrapassam os mil metros, [&hellip;]<\/p>\n","protected":false},"author":2,"featured_media":0,"parent":0,"menu_order":0,"comment_status":"closed","ping_status":"closed","template":"","meta":{"footnotes":""},"class_list":["post-924","page","type-page","status-publish","hentry","post"],"_links":{"self":[{"href":"https:\/\/cemm24.somival.org\/index.php\/wp-json\/wp\/v2\/pages\/924","targetHints":{"allow":["GET"]}}],"collection":[{"href":"https:\/\/cemm24.somival.org\/index.php\/wp-json\/wp\/v2\/pages"}],"about":[{"href":"https:\/\/cemm24.somival.org\/index.php\/wp-json\/wp\/v2\/types\/page"}],"author":[{"embeddable":true,"href":"https:\/\/cemm24.somival.org\/index.php\/wp-json\/wp\/v2\/users\/2"}],"replies":[{"embeddable":true,"href":"https:\/\/cemm24.somival.org\/index.php\/wp-json\/wp\/v2\/comments?post=924"}],"version-history":[{"count":6,"href":"https:\/\/cemm24.somival.org\/index.php\/wp-json\/wp\/v2\/pages\/924\/revisions"}],"predecessor-version":[{"id":1504,"href":"https:\/\/cemm24.somival.org\/index.php\/wp-json\/wp\/v2\/pages\/924\/revisions\/1504"}],"wp:attachment":[{"href":"https:\/\/cemm24.somival.org\/index.php\/wp-json\/wp\/v2\/media?parent=924"}],"curies":[{"name":"wp","href":"https:\/\/api.w.org\/{rel}","templated":true}]}}