{"id":819,"date":"2024-02-16T12:20:13","date_gmt":"2024-02-16T12:20:13","guid":{"rendered":"https:\/\/cemm24.somival.org\/?page_id=819"},"modified":"2024-03-04T21:52:48","modified_gmt":"2024-03-04T21:52:48","slug":"prospeccinpo","status":"publish","type":"page","link":"https:\/\/cemm24.somival.org\/index.php\/prospeccinpo\/","title":{"rendered":"ProspeccionPO"},"content":{"rendered":"<table style=\"height: 30px; width: 60.7484%; border-collapse: collapse;\">\n<tbody>\n<tr style=\"height: 30px;\">\n<td style=\"width: 67.5565%; height: 30px; vertical-align: top;\" colspan=\"2\"><strong><span style=\"color: #993366; font-size: 19px;\">\u00c1reas de coleta de recolecci\u00f3n de taxones<\/span><\/strong><\/td>\n<\/tr>\n<\/tbody>\n<\/table>\n<p><img loading=\"lazy\" decoding=\"async\" class=\"alignleft wp-image-1430 size-full\" src=\"https:\/\/cemm24.somival.org\/wp-content\/uploads\/2024\/03\/CastellonMA.jpg\" alt=\"\" width=\"400\" height=\"401\" srcset=\"https:\/\/cemm24.somival.org\/wp-content\/uploads\/2024\/03\/CastellonMA.jpg 400w, https:\/\/cemm24.somival.org\/wp-content\/uploads\/2024\/03\/CastellonMA-300x300.jpg 300w, https:\/\/cemm24.somival.org\/wp-content\/uploads\/2024\/03\/CastellonMA-150x150.jpg 150w\" sizes=\"auto, (max-width: 400px) 100vw, 400px\" \/><\/p>\n<p>&nbsp;<\/p>\n<p>&nbsp;<\/p>\n<p>&nbsp;<\/p>\n<p>&nbsp;<\/p>\n<table style=\"border-collapse: collapse; width: 39.065%; height: 106px;\">\n<tbody>\n<tr style=\"height: 24px;\">\n<td style=\"width: 100%; height: 10px;\"><span style=\"color: #000080; font-size: 17px;\">&lt;&gt; <a style=\"color: #000080;\" href=\"https:\/\/cemm24.somival.org\/index.php\/espadanpo\/\">Parque Natural da Serra de Espad\u00e1n<\/a><\/span><\/td>\n<\/tr>\n<tr style=\"height: 24px;\">\n<td style=\"width: 100%; height: 24px;\"><span style=\"color: #000080;\"><span style=\"font-size: 17px;\">&lt;&gt; <\/span><a style=\"color: #000080;\" href=\"https:\/\/cemm24.somival.org\/index.php\/desiertolaspalmaspo\/\"><span style=\"font-size: 17px;\">Parque Natural do Deserto de las Palmas<\/span><\/a><\/span><\/td>\n<\/tr>\n<tr style=\"height: 24px;\">\n<td style=\"width: 100%; height: 24px;\"><span style=\"font-size: 17px; color: #000080;\">&lt;&gt; <a style=\"color: #000080;\" href=\"https:\/\/cemm24.somival.org\/index.php\/penagolosapo\/\">Parque Natural do Pe\u00f1agolosa<\/a><\/span><\/td>\n<\/tr>\n<\/tbody>\n<\/table>\n<p>&nbsp;<\/p>\n","protected":false},"excerpt":{"rendered":"<p>\u00c1reas de coleta de recolecci\u00f3n de taxones &nbsp; &nbsp; &nbsp; &nbsp; &lt;&gt; Parque Natural da Serra de Espad\u00e1n &lt;&gt; Parque Natural do Deserto de las Palmas &lt;&gt; Parque Natural do Pe\u00f1agolosa &nbsp;<\/p>\n","protected":false},"author":2,"featured_media":0,"parent":0,"menu_order":0,"comment_status":"closed","ping_status":"closed","template":"","meta":{"footnotes":""},"class_list":["post-819","page","type-page","status-publish","hentry","post"],"_links":{"self":[{"href":"https:\/\/cemm24.somival.org\/index.php\/wp-json\/wp\/v2\/pages\/819","targetHints":{"allow":["GET"]}}],"collection":[{"href":"https:\/\/cemm24.somival.org\/index.php\/wp-json\/wp\/v2\/pages"}],"about":[{"href":"https:\/\/cemm24.somival.org\/index.php\/wp-json\/wp\/v2\/types\/page"}],"author":[{"embeddable":true,"href":"https:\/\/cemm24.somival.org\/index.php\/wp-json\/wp\/v2\/users\/2"}],"replies":[{"embeddable":true,"href":"https:\/\/cemm24.somival.org\/index.php\/wp-json\/wp\/v2\/comments?post=819"}],"version-history":[{"count":19,"href":"https:\/\/cemm24.somival.org\/index.php\/wp-json\/wp\/v2\/pages\/819\/revisions"}],"predecessor-version":[{"id":1436,"href":"https:\/\/cemm24.somival.org\/index.php\/wp-json\/wp\/v2\/pages\/819\/revisions\/1436"}],"wp:attachment":[{"href":"https:\/\/cemm24.somival.org\/index.php\/wp-json\/wp\/v2\/media?parent=819"}],"curies":[{"name":"wp","href":"https:\/\/api.w.org\/{rel}","templated":true}]}}