{"id":817,"date":"2024-02-16T12:18:55","date_gmt":"2024-02-16T12:18:55","guid":{"rendered":"https:\/\/cemm24.somival.org\/?page_id=817"},"modified":"2024-10-07T20:28:00","modified_gmt":"2024-10-07T20:28:00","slug":"programaare","status":"publish","type":"page","link":"https:\/\/cemm24.somival.org\/index.php\/programaare\/","title":{"rendered":"ProgramaARE"},"content":{"rendered":"<table style=\"height: 25px; width: 500PX; border-collapse: collapse;\">\n<tbody>\n<tr style=\"height: 30px;\">\n<td style=\"width: 50px; height: 25px; text-align: center; vertical-align: bottom;\"><a href=\"https:\/\/cemm24.somival.org\/index.php\/opcionre\/\"><span style=\"font-size: 19px; color: #008000;\"><strong><span style=\"color: #008000;\">&lt;&lt;&lt;<\/span><\/strong><\/span><\/a><\/td>\n<td style=\"height: 25px; width: 443px; vertical-align: top;\" colspan=\"2\"><span style=\"font-size: 19px;\"><strong><span style=\"color: #993366;\">\u00a0 COMPANION PROGRAM<\/span><\/strong><\/span><\/td>\n<\/tr>\n<\/tbody>\n<\/table>\n<table style=\"border-collapse: collapse; width: 89.0265%; height: 1316px;\">\n<tbody>\n<tr style=\"height: 24px;\">\n<td style=\"width: 115.823%; height: 24px; background-color: #f5f5c6; text-align: center;\" colspan=\"3\"><strong><span style=\"color: #993366;\">Sunday, 27\u00a0 OCTOBER of 2024<\/span><\/strong><\/td>\n<\/tr>\n<tr style=\"height: 24px;\">\n<td style=\"width: 5.73149%; height: 24px; text-align: center;\"><span style=\"color: #000080;\">15.00<\/span><\/td>\n<td style=\"width: 5.88719%; height: 24px; text-align: center;\"><span style=\"color: #000080;\">19.00<\/span><\/td>\n<td style=\"width: 104.204%; height: 24px;\"><span style=\"color: #000080;\">Reception of participants, and with delivery of documentation<\/span><\/td>\n<\/tr>\n<tr style=\"height: 24px;\">\n<td style=\"width: 5.73149%; height: 24px; text-align: center;\"><\/td>\n<td style=\"width: 5.88719%; height: 24px; text-align: center;\"><span style=\"color: #000080;\">19.30<\/span><\/td>\n<td style=\"width: 104.204%; height: 24px;\"><span style=\"color: #000080;\">Welcome reception. Wine of honour<\/span><\/td>\n<\/tr>\n<tr style=\"height: 24px;\">\n<td style=\"width: 5.73149%; height: 24px; text-align: center;\"><\/td>\n<td style=\"width: 5.88719%; height: 24px; text-align: center;\"><span style=\"color: #000080;\">20.30<\/span><\/td>\n<td style=\"width: 104.204%; height: 24px;\"><span style=\"color: #000080;\">Dinner<\/span><\/td>\n<\/tr>\n<tr style=\"height: 24px;\">\n<td style=\"width: 5.73149%; height: 24px;\"><\/td>\n<td style=\"width: 5.88719%; height: 24px;\"><\/td>\n<td style=\"width: 104.204%; height: 24px;\"><\/td>\n<\/tr>\n<tr style=\"height: 24px;\">\n<td style=\"width: 115.823%; height: 24px; background-color: #f5f5c6; text-align: center;\" colspan=\"3\"><em><strong><span style=\"color: #993366;\">Monday, 28 OCTOBER of 2024<\/span><\/strong><\/em><\/td>\n<\/tr>\n<tr style=\"height: 24px;\">\n<td style=\"width: 5.73149%; height: 24px; text-align: center;\"><span style=\"color: #000080;\">07.00<\/span><\/td>\n<td style=\"width: 5.88719%; height: 24px; text-align: center;\"><span style=\"color: #000080;\">08.00<\/span><\/td>\n<td style=\"width: 104.204%; height: 24px;\"><span style=\"color: #000080;\">Breakfast<\/span><\/td>\n<\/tr>\n<tr style=\"height: 24px;\">\n<td style=\"width: 5.73149%; height: 24px; text-align: center;\"><\/td>\n<td style=\"width: 5.88719%; height: 24px; text-align: center;\"><span style=\"color: #000080;\">08.30<\/span><\/td>\n<td style=\"width: 104.204%; height: 24px;\"><em><span style=\"color: #000080;\">Departure for visit of <\/span><\/em><strong><em><span style=\"color: #000080;\"><a style=\"color: #000080;\" href=\"https:\/\/www.peniscola.org\/\" target=\"_blank\" rel=\"noopener\">Pe\u00f1\u00edscola<\/a> <\/span><\/em><\/strong><em><span style=\"color: #000080;\">town<\/span><\/em><\/td>\n<\/tr>\n<tr style=\"height: 24px;\">\n<td style=\"width: 5.73149%; height: 24px; text-align: center;\"><\/td>\n<td style=\"width: 5.88719%; height: 24px; text-align: center;\"><span style=\"color: #000080;\">14.00<\/span><\/td>\n<td style=\"width: 104.204%; height: 24px;\"><span style=\"color: #000080;\">Lunch Hotel Orange<\/span><\/td>\n<\/tr>\n<tr style=\"height: 24px;\">\n<td style=\"width: 5.73149%; height: 24px; text-align: center;\"><\/td>\n<td style=\"width: 5.88719%; height: 24px; text-align: center;\"><span style=\"color: #000080;\">18.30<\/span><\/td>\n<td style=\"width: 104.204%; height: 24px;\"><span style=\"color: #000080;\">Species exhibition<\/span><\/td>\n<\/tr>\n<tr style=\"height: 17px;\">\n<td style=\"width: 5.73149%; height: 17px; text-align: center;\"><\/td>\n<td style=\"width: 5.88719%; height: 17px; text-align: center;\"><span style=\"color: #000080;\">19.00<\/span><\/td>\n<td style=\"width: 104.204%; height: 17px;\"><span style=\"color: #000080;\"><strong><span style=\"color: #993366;\">Conferences<\/span><\/strong>\u00a0 &#8211; Guest speaker: <span style=\"color: #993366;\"><strong>Rafael Mahiques Santandreu <span style=\"color: #000080;\"><em>\u00abCortinaris poc citats als Mass\u00eds del Penyagolosa\u00bb<\/em><\/span><\/strong><\/span><\/span><\/td>\n<\/tr>\n<tr style=\"height: 24px;\">\n<td style=\"width: 5.73149%; height: 24px; text-align: center;\"><\/td>\n<td style=\"width: 5.88719%; height: 24px; text-align: center;\"><span style=\"color: #000080;\">20.30<\/span><\/td>\n<td style=\"width: 104.204%; height: 24px;\"><span style=\"color: #000080;\">Dinner<\/span><\/td>\n<\/tr>\n<tr style=\"height: 24px;\">\n<td style=\"width: 115.823%; height: 24px;\" colspan=\"3\"><\/td>\n<\/tr>\n<tr style=\"height: 24px;\">\n<td style=\"width: 115.823%; height: 24px; background-color: #f5f5c6; text-align: center;\" colspan=\"3\"><em><strong><span style=\"color: #993366;\">Tuesday, 29 OCTOBER of 2024<\/span><\/strong><\/em><\/td>\n<\/tr>\n<tr style=\"height: 24px;\">\n<td style=\"width: 5.73149%; height: 24px; text-align: center;\"><span style=\"color: #000080;\">07.00<\/span><\/td>\n<td style=\"width: 5.88719%; height: 24px; text-align: center;\"><span style=\"color: #000080;\">08.00<\/span><\/td>\n<td style=\"width: 104.204%; height: 24px;\"><span style=\"color: #000080;\">Breakfast<\/span><\/td>\n<\/tr>\n<tr style=\"height: 24px;\">\n<td style=\"width: 5.73149%; height: 24px; text-align: center;\"><\/td>\n<td style=\"width: 5.88719%; height: 24px; text-align: center;\"><span style=\"color: #000080;\">08.30<\/span><\/td>\n<td style=\"width: 104.204%; height: 24px;\"><strong><em><span style=\"color: #000080;\">Departure for visit San Jose caves in Vall d&#8217;Uixo<\/span><\/em><\/strong><\/td>\n<\/tr>\n<tr style=\"height: 24px;\">\n<td style=\"width: 5.73149%; height: 24px; text-align: center;\"><\/td>\n<td style=\"width: 5.88719%; height: 24px; text-align: center;\"><span style=\"color: #000080;\">11.00<\/span><\/td>\n<td style=\"width: 104.204%; height: 24px;\"><em><strong><span style=\"color: #000080;\">Transfer and visit to <a style=\"color: #000080;\" href=\"https:\/\/vilafames.org\/\" target=\"_blank\" rel=\"noopener\">Villafam\u00e9s<\/a><\/span><\/strong><\/em><\/td>\n<\/tr>\n<tr style=\"height: 24px;\">\n<td style=\"width: 5.73149%; height: 24px; text-align: center;\"><\/td>\n<td style=\"width: 5.88719%; height: 24px; text-align: center;\"><span style=\"color: #000080;\">14.00<\/span><\/td>\n<td style=\"width: 104.204%; height: 24px;\"><span style=\"color: #000080;\">Lunch Hotel Orange<\/span><\/td>\n<\/tr>\n<tr style=\"height: 24px;\">\n<td style=\"width: 5.73149%; height: 24px; text-align: center;\"><\/td>\n<td style=\"width: 5.88719%; height: 24px; text-align: center;\"><span style=\"color: #000080;\">18.00<\/span><\/td>\n<td style=\"width: 104.204%; height: 24px;\"><span style=\"color: #000080;\"><em><strong>Tasting of jsaam\u00f3n and mushroom liqueurs<\/strong><\/em><\/span><\/td>\n<\/tr>\n<tr style=\"height: 24px;\">\n<td style=\"width: 5.73149%; height: 24px; text-align: center;\"><\/td>\n<td style=\"width: 5.88719%; height: 24px; text-align: center;\"><span style=\"color: #000080;\">18.30<\/span><\/td>\n<td style=\"width: 104.204%; height: 24px;\"><span style=\"color: #000080;\">Species exhibition<\/span><\/td>\n<\/tr>\n<tr style=\"height: 24px;\">\n<td style=\"width: 5.73149%; height: 24px; text-align: center;\"><\/td>\n<td style=\"width: 5.88719%; height: 24px; text-align: center;\"><span style=\"color: #000080;\">19.00<\/span><\/td>\n<td style=\"width: 104.204%; height: 24px;\"><span style=\"color: #000080;\"><strong><span style=\"color: #993366;\">Conferences <\/span><\/strong>&#8211; Guest speaker:<strong><span style=\"color: #993366;\"> Javier Marcos Mart\u00ednez <span style=\"color: #000080;\"><em>\u00ab<\/em><em>Boletales interesantes y poco conocidos en Espa\u00f1a\u00bb<\/em><\/span><\/span><\/strong><\/span><\/td>\n<\/tr>\n<tr style=\"height: 24px;\">\n<td style=\"width: 5.73149%; height: 24px; text-align: center;\"><\/td>\n<td style=\"width: 5.88719%; height: 24px; text-align: center;\"><span style=\"color: #000080;\">20.30<\/span><\/td>\n<td style=\"width: 104.204%; height: 24px;\"><span style=\"color: #000080;\">Dinner<\/span><\/td>\n<\/tr>\n<tr style=\"height: 24px;\">\n<td style=\"width: 5.73149%; height: 24px;\"><\/td>\n<td style=\"width: 5.88719%; height: 24px;\"><\/td>\n<td style=\"width: 104.204%; height: 24px;\"><\/td>\n<\/tr>\n<tr style=\"height: 24px;\">\n<td style=\"width: 115.823%; height: 24px; background-color: #f5f5c6; text-align: center;\" colspan=\"3\"><em><strong><span style=\"color: #993366;\">Wednesday, 30 OCTOBER of 2024<\/span><\/strong><\/em><\/td>\n<\/tr>\n<tr style=\"height: 24px;\">\n<td style=\"width: 5.73149%; height: 24px; text-align: center;\"><span style=\"color: #000080;\">07.00<\/span><\/td>\n<td style=\"width: 5.88719%; height: 24px; text-align: center;\"><span style=\"color: #000080;\">08.00<\/span><\/td>\n<td style=\"width: 104.204%; height: 24px;\"><span style=\"color: #000080;\">Breakfast<\/span><\/td>\n<\/tr>\n<tr style=\"height: 24px;\">\n<td style=\"width: 5.73149%; height: 24px; text-align: center;\"><\/td>\n<td style=\"width: 5.88719%; height: 24px; text-align: center;\"><span style=\"color: #000080;\">08.15<\/span><\/td>\n<td style=\"width: 104.204%; height: 24px;\"><span style=\"color: #000080;\"><strong>Departure for the visit of <span style=\"color: #000080;\"><a style=\"color: #000080;\" href=\"https:\/\/visitpenyagolosa.com\/\" target=\"_blank\" rel=\"noopener\">San Joan de Penyagolosa Natural Park<\/a> [\u00a0<span style=\"font-size: 18px;\"><a style=\"color: #000080;\" href=\"https:\/\/www.turismodecastellon.com\/es\/que-hacer\/cultura\/monumentos\/show\/103627\" target=\"_blank\" rel=\"noopener\">+<\/a> <\/span>]<\/span><\/strong>\u00a0<\/span><\/td>\n<\/tr>\n<tr style=\"height: 24px;\">\n<td style=\"width: 5.73149%; height: 24px; text-align: center;\"><\/td>\n<td style=\"width: 5.88719%; height: 24px; text-align: center;\"><span style=\"color: #000080;\">14.00<\/span><\/td>\n<td style=\"width: 104.204%; height: 24px;\"><span style=\"color: #000080;\">Lunch Restaurant \u00ab<a href=\"https:\/\/restaurantcasaramon.com\/\" target=\"_blank\" rel=\"noopener\"><span style=\"color: #000080;\"><em><strong>Casa Ram\u00f3n<\/strong><\/em><\/span><\/a><span style=\"color: #000080;\">\u00ab<\/span> <span style=\"color: #000080;\">(Atzeneta del Maestrat) <\/span>with the other participants<\/span><\/td>\n<\/tr>\n<tr style=\"height: 24px;\">\n<td style=\"width: 5.73149%; height: 24px; text-align: center;\"><\/td>\n<td style=\"width: 5.88719%; height: 24px; text-align: center;\"><span style=\"color: #000080;\">16.00<\/span><\/td>\n<td style=\"width: 104.204%; height: 24px;\"><span style=\"color: #000080;\">Return to the Hotel<\/span><\/td>\n<\/tr>\n<tr style=\"height: 24px;\">\n<td style=\"width: 5.73149%; height: 24px; text-align: center;\"><\/td>\n<td style=\"width: 5.88719%; height: 24px; text-align: center;\"><span style=\"color: #000080;\">18.30<\/span><\/td>\n<td style=\"width: 104.204%; height: 24px;\"><span style=\"color: #000080;\">Species exhibition<\/span><\/td>\n<\/tr>\n<tr style=\"height: 24px;\">\n<td style=\"width: 5.73149%; height: 24px; text-align: center;\"><\/td>\n<td style=\"width: 5.88719%; height: 24px; text-align: center;\"><span style=\"color: #000080;\">19.00<\/span><\/td>\n<td style=\"width: 104.204%; height: 24px;\"><span style=\"color: #000080;\"><strong>\u00a0<span style=\"color: #993366;\">Conferences<\/span> <\/strong>&#8211; Guest speaker: <span style=\"color: #993366;\"><strong><span style=\"color: #993366;\">C\u00e1ndido Sos Escudero<\/span> <span style=\"color: #000080;\"><em>\u00abDiversidad f\u00fangica mediterr\u00e1nea &#8211; Castell\u00f3n\u00bb<\/em><\/span><\/strong><\/span><\/span><\/td>\n<\/tr>\n<tr style=\"height: 24px;\">\n<td style=\"width: 5.73149%; height: 24px; text-align: center;\"><\/td>\n<td style=\"width: 5.88719%; height: 24px; text-align: center;\"><span style=\"color: #000080;\">20.00<\/span><\/td>\n<td style=\"width: 104.204%; height: 24px;\"><span style=\"color: #000080;\"> Dinner<\/span><\/td>\n<\/tr>\n<tr style=\"height: 24px;\">\n<td style=\"width: 5.73149%; height: 24px;\"><\/td>\n<td style=\"width: 5.88719%; height: 24px;\"><\/td>\n<td style=\"width: 104.204%; height: 24px;\"><\/td>\n<\/tr>\n<tr style=\"height: 24px;\">\n<td style=\"width: 115.823%; height: 24px; background-color: #f5f5c6; text-align: center;\" colspan=\"3\"><em><strong><span style=\"color: #993366;\">Thursday, 31 OCTOBER of 2024<\/span><\/strong><\/em><\/td>\n<\/tr>\n<tr style=\"height: 24px;\">\n<td style=\"width: 5.73149%; height: 24px; text-align: center;\"><span style=\"color: #000080;\">07.00<\/span><\/td>\n<td style=\"width: 5.88719%; height: 24px; text-align: center;\"><span style=\"color: #000080;\">08.00<\/span><\/td>\n<td style=\"width: 104.204%; height: 24px;\"><span style=\"color: #000080;\">Breakfast<\/span><\/td>\n<\/tr>\n<tr style=\"height: 27px;\">\n<td style=\"width: 5.73149%; height: 27px; text-align: center;\"><span style=\"color: #000080;\">\u00a0<\/span><\/td>\n<td style=\"width: 5.88719%; height: 27px; text-align: center;\"><span style=\"color: #000080;\">\u00a008.15<\/span><\/td>\n<td style=\"width: 104.204%; height: 27px;\"><span style=\"color: #000080;\">Departure\u00a0 for the Valencia: <em><strong><a style=\"color: #000080;\" href=\"https:\/\/www.visitvalencia.com\/que-ver-valencia\/que-visitar-en-valencia?_gl=1*t6dqyf*_ga*MzgyMTY0NzY0LjE3MTM4OTA3MDI.*_ga_5GF4KQGLVT*MTcxMzg5MDcwMC4xLjEuMTcxMzg5MDk5NS41MC4wLjA.*_ga_F2G2S43J3C*MTcxMzg5MDcwMC4xLjEuMTcxMzg5MDk5NS41MS4wLjY3NDc0NjQ5Mw..*_gcl_au*OTgwMDA2MTMwLjE3MTM4OTA3MDQ.\" target=\"_blank\" rel=\"noopener\">Visit of Valencia City<\/a> \u00a0<\/strong><\/em><strong>[ <span style=\"font-size: 18px;\"><a href=\"http:\/\/valencia.es\" target=\"_blank\" rel=\"noopener\">+<\/a><\/span> ]<\/strong> \u00a0<em><strong>\u2013 Historic part and City Arts and Sciences<\/strong><\/em><\/span><\/td>\n<\/tr>\n<tr style=\"height: 24px;\">\n<td style=\"width: 5.73149%; height: 24px; text-align: center;\"><span style=\"color: #000080;\">\u00a0<\/span><\/td>\n<td style=\"width: 5.88719%; height: 24px; text-align: center;\"><span style=\"color: #000080;\">13.30\u00a0<\/span><\/td>\n<td style=\"width: 104.204%; height: 24px;\"><span style=\"color: #000080;\">Lunch Restaurant \u00ab<strong><em><a style=\"color: #000080;\" href=\"https:\/\/www.casaclemencia.es\/\" target=\"_blank\" rel=\"noopener\">Casa Clemencia<\/a><\/em><\/strong>\u00ab<\/span><\/td>\n<\/tr>\n<tr style=\"height: 24px;\">\n<td style=\"width: 5.73149%; height: 24px; text-align: center;\"><span style=\"color: #000080;\">\u00a0<\/span><\/td>\n<td style=\"width: 5.88719%; height: 24px; text-align: center;\"><span style=\"color: #000080;\">15.00\u00a0<\/span><\/td>\n<td style=\"width: 104.204%; height: 24px;\"><span style=\"color: #000080;\"><a style=\"color: #000080;\" href=\"https:\/\/cac.es\/museu-de-les-ciencies\/\" target=\"_blank\" rel=\"noopener\"><strong><em>Visit City Arts and Sciences<\/em><\/strong><\/a><\/span><\/td>\n<\/tr>\n<tr style=\"height: 24px;\">\n<td style=\"width: 5.73149%; text-align: center; height: 24px;\"><span style=\"color: #000080;\">\u00a0<\/span><\/td>\n<td style=\"width: 5.88719%; text-align: center; height: 24px;\"><span style=\"color: #000080;\">17.30<\/span><\/td>\n<td style=\"width: 104.204%; height: 24px;\"><span style=\"color: #000080;\">Return to the Hotel<\/span><\/td>\n<\/tr>\n<tr style=\"height: 24px;\">\n<td style=\"width: 5.73149%; height: 24px; text-align: center;\"><\/td>\n<td style=\"width: 5.88719%; height: 24px; text-align: center;\"><span style=\"color: #000080;\">18.30<\/span><\/td>\n<td style=\"width: 104.204%; height: 24px;\"><span style=\"color: #000080;\">Species exhibition<\/span><\/td>\n<\/tr>\n<tr style=\"height: 24px;\">\n<td style=\"width: 5.73149%; height: 24px; text-align: center;\"><\/td>\n<td style=\"width: 5.88719%; height: 24px; text-align: center;\"><span style=\"color: #000080;\">19.00<\/span><\/td>\n<td style=\"width: 104.204%; height: 24px;\"><span style=\"color: #000080;\">\u00a0<strong><span style=\"color: #993366;\">Conferences<\/span><\/strong> &#8211; Guest speaker: <strong><span style=\"color: #993366;\">Souhila Aouli<\/span><\/strong><em><strong> \u201cMycologie alg\u00e9rienne : que savons-nous aujourd\u2019hui? et que devrions-nous faire demain? \u201c<\/strong><\/em><\/span><\/td>\n<\/tr>\n<tr style=\"height: 24px;\">\n<td style=\"width: 5.73149%; height: 24px; text-align: center;\"><\/td>\n<td style=\"width: 5.88719%; height: 24px; text-align: center;\"><span style=\"color: #000080;\">20.30<\/span><\/td>\n<td style=\"width: 104.204%; height: 24px;\"><span style=\"color: #000080;\">Dinner<\/span><\/td>\n<\/tr>\n<tr style=\"height: 24px;\">\n<td style=\"width: 5.73149%; height: 24px;\"><\/td>\n<td style=\"width: 5.88719%; height: 24px;\"><\/td>\n<td style=\"width: 104.204%; height: 24px;\"><\/td>\n<\/tr>\n<tr style=\"height: 24px;\">\n<td style=\"width: 115.823%; height: 24px; background-color: #f5f5c6; text-align: center;\" colspan=\"3\"><em><strong><span style=\"color: #993366;\">Friday, 1 NOVEMBER of 2024<\/span><\/strong><\/em><\/td>\n<\/tr>\n<tr style=\"height: 24px;\">\n<td style=\"width: 5.73149%; height: 24px; text-align: center;\"><span style=\"color: #000080;\">07.00<\/span><\/td>\n<td style=\"width: 5.88719%; height: 24px; text-align: center;\"><span style=\"color: #000080;\">08.00<\/span><\/td>\n<td style=\"width: 104.204%; height: 24px;\"><span style=\"color: #000080;\">Breakfast<\/span><\/td>\n<\/tr>\n<tr style=\"height: 24px;\">\n<td style=\"width: 5.73149%; height: 24px; text-align: center;\"><\/td>\n<td style=\"width: 5.88719%; height: 24px; text-align: center;\"><span style=\"color: #000080;\">09.00<\/span><\/td>\n<td style=\"width: 104.204%; height: 24px;\"><em><strong><span style=\"color: #000080;\">Departure for guided tour Benic\u00e0ssim <a style=\"color: #000080;\" href=\"https:\/\/www.comunitatvalenciana.com\/es\/inspirate\/ruta-de-las-villas-benicasim\" target=\"_blank\" rel=\"noopener\">Modernist Houses Roue<\/a><\/span><\/strong><\/em><\/td>\n<\/tr>\n<tr style=\"height: 24px;\">\n<td style=\"width: 5.73149%; height: 24px; text-align: center;\"><\/td>\n<td style=\"width: 5.88719%; height: 24px; text-align: center;\"><span style=\"color: #000080;\">14.00<\/span><\/td>\n<td style=\"width: 104.204%; height: 24px;\"><span style=\"color: #000080;\">Lunch Hotel Orange<\/span><\/td>\n<\/tr>\n<tr style=\"height: 24px;\">\n<td style=\"width: 5.73149%; height: 24px; text-align: center;\"><\/td>\n<td style=\"width: 5.88719%; height: 24px; text-align: center;\"><span style=\"color: #000080;\">17.00<\/span><\/td>\n<td style=\"width: 104.204%; height: 24px;\"><em><span style=\"color: #000080;\"><strong>Departure for visit Liquor <a href=\"https:\/\/carmelitano.com\/\" target=\"_blank\" rel=\"noopener\"><span style=\"color: #000080;\">Carmelitano <\/span><\/a><span style=\"color: #000080;\">Cellars<\/span>. Tasting: <\/strong><\/span><\/em><span style=\"color: #000080;\">First outing<\/span><\/td>\n<\/tr>\n<tr style=\"height: 24px;\">\n<td style=\"width: 5.73149%; text-align: center; height: 24px;\"><\/td>\n<td style=\"width: 5.88719%; text-align: center; height: 24px;\"><span style=\"color: #000080;\">17.30<\/span><\/td>\n<td style=\"width: 104.204%; height: 24px;\"><em><span style=\"color: #000080;\"><strong>Departure for visit Liquor \u00a0<span style=\"color: #000080;\"><a style=\"color: #000080;\" href=\"https:\/\/carmelitano.com\/\" target=\"_blank\" rel=\"noopener\">Carmelitano <\/a><\/span>Cellars. Tasting: <\/strong><\/span><\/em><span style=\"color: #000080;\">Second outing<\/span><\/td>\n<\/tr>\n<tr style=\"height: 24px;\">\n<td style=\"width: 5.73149%; height: 24px; text-align: center;\"><\/td>\n<td style=\"width: 5.88719%; height: 24px; text-align: center;\"><span style=\"color: #000080;\">18.30\u00a0<\/span><\/td>\n<td style=\"width: 104.204%; height: 24px;\"><span style=\"color: #000080;\">Species exhibition<\/span><\/td>\n<\/tr>\n<tr style=\"height: 24px;\">\n<td style=\"width: 5.73149%; height: 24px; text-align: center;\"><\/td>\n<td style=\"width: 5.88719%; height: 24px; text-align: center;\"><span style=\"color: #000080;\">20.00<\/span><\/td>\n<td style=\"width: 104.204%; height: 24px;\"><span style=\"color: #000080;\">Gala Dinner with animation<\/span><\/td>\n<\/tr>\n<tr style=\"height: 24px;\">\n<td style=\"width: 5.73149%; height: 24px;\"><\/td>\n<td style=\"width: 5.88719%; height: 24px;\"><\/td>\n<td style=\"width: 104.204%; height: 24px;\"><\/td>\n<\/tr>\n<tr style=\"height: 24px;\">\n<td style=\"width: 115.823%; height: 24px; background-color: #f5f5c6; text-align: center;\" colspan=\"3\"><em><strong><span style=\"color: #993366;\">Saturday, 2 NOVEMBER of 2024<\/span><\/strong><\/em><\/td>\n<\/tr>\n<tr style=\"height: 24px;\">\n<td style=\"width: 5.73149%; height: 24px;\"><\/td>\n<td style=\"width: 5.88719%; height: 24px;\"><\/td>\n<td style=\"width: 104.204%; height: 24px;\"><span style=\"color: #000080;\">Breakfast<\/span><\/td>\n<\/tr>\n<\/tbody>\n<\/table>\n","protected":false},"excerpt":{"rendered":"<p>&lt;&lt;&lt; \u00a0 COMPANION PROGRAM Sunday, 27\u00a0 OCTOBER of 2024 15.00 19.00 Reception of participants, and with delivery of documentation 19.30 Welcome reception. Wine of honour 20.30 Dinner Monday, 28 OCTOBER of 2024 07.00 08.00 Breakfast 08.30 Departure for visit of Pe\u00f1\u00edscola town 14.00 Lunch Hotel Orange 18.30 Species exhibition 19.00 Conferences\u00a0 &#8211; Guest speaker: Rafael [&hellip;]<\/p>\n","protected":false},"author":2,"featured_media":0,"parent":0,"menu_order":0,"comment_status":"closed","ping_status":"closed","template":"","meta":{"footnotes":""},"class_list":["post-817","page","type-page","status-publish","hentry","post"],"_links":{"self":[{"href":"https:\/\/cemm24.somival.org\/index.php\/wp-json\/wp\/v2\/pages\/817","targetHints":{"allow":["GET"]}}],"collection":[{"href":"https:\/\/cemm24.somival.org\/index.php\/wp-json\/wp\/v2\/pages"}],"about":[{"href":"https:\/\/cemm24.somival.org\/index.php\/wp-json\/wp\/v2\/types\/page"}],"author":[{"embeddable":true,"href":"https:\/\/cemm24.somival.org\/index.php\/wp-json\/wp\/v2\/users\/2"}],"replies":[{"embeddable":true,"href":"https:\/\/cemm24.somival.org\/index.php\/wp-json\/wp\/v2\/comments?post=817"}],"version-history":[{"count":21,"href":"https:\/\/cemm24.somival.org\/index.php\/wp-json\/wp\/v2\/pages\/817\/revisions"}],"predecessor-version":[{"id":2805,"href":"https:\/\/cemm24.somival.org\/index.php\/wp-json\/wp\/v2\/pages\/817\/revisions\/2805"}],"wp:attachment":[{"href":"https:\/\/cemm24.somival.org\/index.php\/wp-json\/wp\/v2\/media?parent=817"}],"curies":[{"name":"wp","href":"https:\/\/api.w.org\/{rel}","templated":true}]}}