{"id":811,"date":"2024-02-16T12:17:21","date_gmt":"2024-02-16T12:17:21","guid":{"rendered":"https:\/\/cemm24.somival.org\/?page_id=811"},"modified":"2024-10-06T22:10:32","modified_gmt":"2024-10-06T22:10:32","slug":"programaapo","status":"publish","type":"page","link":"https:\/\/cemm24.somival.org\/index.php\/programaapo\/","title":{"rendered":"ProgramaAPO"},"content":{"rendered":"<table style=\"height: 25px; width: 500PX; border-collapse: collapse;\">\n<tbody>\n<tr style=\"height: 30px;\">\n<td style=\"width: 50px; height: 25px; text-align: center; vertical-align: bottom;\"><a href=\"https:\/\/cemm24.somival.org\/index.php\/opcionpo\/\"><span style=\"font-size: 19px; color: #008000;\"><strong><span style=\"color: #008000;\">&lt;&lt;&lt;<\/span><\/strong><\/span><\/a><\/td>\n<td style=\"height: 25px; width: 443px; vertical-align: top;\" colspan=\"2\"><span style=\"font-size: 19px;\"><strong><span style=\"color: #993366;\">\u00a0 PROGRAMA ACOMPANHANTES<\/span><\/strong><\/span><\/td>\n<\/tr>\n<\/tbody>\n<\/table>\n<table style=\"border-collapse: collapse; width: 89.0265%; height: 1316px;\">\n<tbody>\n<tr style=\"height: 24px;\">\n<td style=\"width: 115.823%; height: 24px; background-color: #f5f5c6; text-align: center;\" colspan=\"3\"><em><strong><span style=\"color: #993366;\">Domingo, 27 OUTUBRO de 2024<\/span><\/strong><\/em><\/td>\n<\/tr>\n<tr style=\"height: 24px;\">\n<td style=\"width: 5.73149%; height: 24px;\"><span style=\"color: #000080;\">15.00<\/span><\/td>\n<td style=\"width: 5.88719%; height: 24px;\"><span style=\"color: #000080;\">19.00<\/span><\/td>\n<td style=\"width: 104.204%; height: 24px;\"><span style=\"color: #000080;\">Rece\u00e7\u00e3o dos participantes, entrega da documenta\u00e7\u00e3o<\/span><\/td>\n<\/tr>\n<tr style=\"height: 24px;\">\n<td style=\"width: 5.73149%; height: 24px;\"><\/td>\n<td style=\"width: 5.88719%; height: 24px;\"><span style=\"color: #000080;\">19.30<\/span><\/td>\n<td style=\"width: 104.204%; height: 24px;\"><span style=\"color: #000080;\">Rece\u00e7\u00e3o de boas vindas. Vinho de honra<\/span><\/td>\n<\/tr>\n<tr style=\"height: 24px;\">\n<td style=\"width: 5.73149%; height: 24px;\"><\/td>\n<td style=\"width: 5.88719%; height: 24px;\"><span style=\"color: #000080;\">20.30<\/span><\/td>\n<td style=\"width: 104.204%; height: 24px;\"><span style=\"color: #000080;\">Jantar<\/span><\/td>\n<\/tr>\n<tr style=\"height: 24px;\">\n<td style=\"width: 5.73149%; height: 24px;\"><\/td>\n<td style=\"width: 5.88719%; height: 24px;\"><\/td>\n<td style=\"width: 104.204%; height: 24px;\"><\/td>\n<\/tr>\n<tr style=\"height: 24px;\">\n<td style=\"width: 115.823%; height: 24px; background-color: #f5f5c6; text-align: center;\" colspan=\"3\"><em><strong><span style=\"color: #993366;\">Segunda-feira, 28 OUTUBRO de 2024<\/span><\/strong><\/em><\/td>\n<\/tr>\n<tr style=\"height: 24px;\">\n<td style=\"width: 5.73149%; height: 24px;\"><span style=\"color: #000080;\">07.00<\/span><\/td>\n<td style=\"width: 5.88719%; height: 24px;\"><span style=\"color: #000080;\">08.00<\/span><\/td>\n<td style=\"width: 104.204%; height: 24px;\"><span style=\"color: #000080;\">Pequeno-almo\u00e7o<\/span><\/td>\n<\/tr>\n<tr style=\"height: 24px;\">\n<td style=\"width: 5.73149%; height: 24px;\"><\/td>\n<td style=\"width: 5.88719%; height: 24px;\"><span style=\"color: #000080;\">08.30<\/span><\/td>\n<td style=\"width: 104.204%; height: 24px;\"><strong><em><span style=\"color: #000080;\">Visita \u00e0 cidade de <a href=\"https:\/\/www.peniscola.org\/\" target=\"_blank\" rel=\"noopener\">Pe\u00f1\u00edscola<\/a><\/span><\/em><\/strong><\/td>\n<\/tr>\n<tr style=\"height: 24px;\">\n<td style=\"width: 5.73149%; height: 24px;\"><\/td>\n<td style=\"width: 5.88719%; height: 24px;\"><span style=\"color: #000080;\">14.00<\/span><\/td>\n<td style=\"width: 104.204%; height: 24px;\"><span style=\"color: #000080;\">Almo\u00e7o Hotel Orange<\/span><\/td>\n<\/tr>\n<tr style=\"height: 24px;\">\n<td style=\"width: 5.73149%; height: 24px;\"><\/td>\n<td style=\"width: 5.88719%; height: 24px;\"><span style=\"color: #000080;\">18.30<\/span><\/td>\n<td style=\"width: 104.204%; height: 24px;\"><span style=\"color: #000080;\">Exposi\u00e7\u00e3o das esp\u00e9cies<\/span><\/td>\n<\/tr>\n<tr style=\"height: 17px;\">\n<td style=\"width: 5.73149%; height: 17px;\"><\/td>\n<td style=\"width: 5.88719%; height: 17px;\"><span style=\"color: #000080;\">19.00<\/span><\/td>\n<td style=\"width: 104.204%; height: 17px;\"><span style=\"color: #000080;\"><strong><span style=\"color: #993366;\">Confer\u00eancias<\/span><\/strong>\u00a0 &#8211; Orador convidado: <span style=\"color: #993366;\"><strong>Rafael Mahiques Santandreu <span style=\"font-size: 16px;\"><em><span style=\"color: #000080; font-family: georgia, palatino;\">\u00abCortinaris poc citats als Mass\u00eds del Penyagolosa\u00bb<\/span><\/em><\/span><\/strong><\/span><\/span><\/td>\n<\/tr>\n<tr style=\"height: 24px;\">\n<td style=\"width: 5.73149%; height: 24px;\"><\/td>\n<td style=\"width: 5.88719%; height: 24px;\"><span style=\"color: #000080;\">20.30<\/span><\/td>\n<td style=\"width: 104.204%; height: 24px;\"><span style=\"color: #000080;\">Jantar<\/span><\/td>\n<\/tr>\n<tr style=\"height: 24px;\">\n<td style=\"width: 115.823%; height: 24px;\" colspan=\"3\"><\/td>\n<\/tr>\n<tr style=\"height: 24px;\">\n<td style=\"width: 115.823%; height: 24px; background-color: #f5f5c6; text-align: center;\" colspan=\"3\"><em><strong><span style=\"color: #993366;\">Ter\u00e7a-feira, 29 OUTUBRO de 2024<\/span><\/strong><\/em><\/td>\n<\/tr>\n<tr style=\"height: 24px;\">\n<td style=\"width: 5.73149%; height: 24px;\"><span style=\"color: #000080;\">07.00<\/span><\/td>\n<td style=\"width: 5.88719%; height: 24px;\"><span style=\"color: #000080;\">08.00<\/span><\/td>\n<td style=\"width: 104.204%; height: 24px;\"><span style=\"color: #000080;\">Pequeno-almo\u00e7o<\/span><\/td>\n<\/tr>\n<tr style=\"height: 24px;\">\n<td style=\"width: 5.73149%; height: 24px;\"><\/td>\n<td style=\"width: 5.88719%; height: 24px;\"><span style=\"color: #000080;\">08.30<\/span><\/td>\n<td style=\"width: 104.204%; height: 24px;\"><strong><span style=\"color: #000080;\">Sa\u00edda e visite as grutas de San Jose em Vall d&#8217;Uixo<\/span><\/strong><\/td>\n<\/tr>\n<tr style=\"height: 24px;\">\n<td style=\"width: 5.73149%; height: 24px;\"><\/td>\n<td style=\"width: 5.88719%; height: 24px;\"><span style=\"color: #000080;\">13.30<\/span><\/td>\n<td style=\"width: 104.204%; height: 24px;\"><em><strong><span style=\"color: #000080;\">Transfer\u00eancia e visita a pequena cidade de <a href=\"https:\/\/vilafames.org\/\" target=\"_blank\" rel=\"noopener\">Villafam\u00e9s<\/a><\/span><\/strong><\/em><strong><span style=\"color: #000080;\"> \u00a0<\/span><\/strong><strong><span style=\"color: #000080;\">[ <em><a href=\"https:\/\/www.youtube.com\/watch?v=xIjw4GLevag\" target=\"_blank\" rel=\"noopener\">Video<\/a> <\/em><a style=\"color: #000080;\" href=\"https:\/\/vilafames.org\/\" target=\"_blank\" rel=\"noopener\">]<\/a>\u00a0<\/span><\/strong><\/td>\n<\/tr>\n<tr style=\"height: 24px;\">\n<td style=\"width: 5.73149%; height: 24px;\"><\/td>\n<td style=\"width: 5.88719%; height: 24px;\"><span style=\"color: #000080;\">14.00<\/span><\/td>\n<td style=\"width: 104.204%; height: 24px;\"><span style=\"color: #000080;\">Almo\u00e7o Hotel Orange<\/span><\/td>\n<\/tr>\n<tr style=\"height: 24px;\">\n<td style=\"width: 5.73149%; height: 24px;\"><\/td>\n<td style=\"width: 5.88719%; height: 24px;\"><span style=\"color: #000080;\">18.00<\/span><\/td>\n<td style=\"width: 104.204%; height: 24px;\"><span style=\"color: #000080;\"><em><strong>Degusta\u00e7\u00e3o de presunto e\u00a0 de licores de cogumelos<\/strong><\/em><\/span><\/td>\n<\/tr>\n<tr style=\"height: 24px;\">\n<td style=\"width: 5.73149%; height: 24px;\"><\/td>\n<td style=\"width: 5.88719%; height: 24px;\"><span style=\"color: #000080;\">18.30<\/span><\/td>\n<td style=\"width: 104.204%; height: 24px;\"><span style=\"color: #000080;\">Exposi\u00e7\u00e3o das esp\u00e9cies<\/span><\/td>\n<\/tr>\n<tr style=\"height: 24px;\">\n<td style=\"width: 5.73149%; height: 24px;\"><\/td>\n<td style=\"width: 5.88719%; height: 24px;\"><span style=\"color: #000080;\">19.00<\/span><\/td>\n<td style=\"width: 104.204%; height: 24px;\"><span style=\"color: #000080;\"><strong><span style=\"color: #993366;\">Confer\u00eancias &#8211; <\/span><\/strong>Orador convidado<strong><span style=\"color: #993366;\">: Javier Marcos Mart\u00ednez <span style=\"color: #000080;\"><em>\u00abBoletales interesantes y poco conocidos en Espa\u00f1a\u00bb<\/em><\/span><\/span><\/strong><\/span><\/td>\n<\/tr>\n<tr style=\"height: 24px;\">\n<td style=\"width: 5.73149%; height: 24px;\"><\/td>\n<td style=\"width: 5.88719%; height: 24px;\"><span style=\"color: #000080;\">20.30<\/span><\/td>\n<td style=\"width: 104.204%; height: 24px;\"><span style=\"color: #000080;\">Jantar<\/span><\/td>\n<\/tr>\n<tr style=\"height: 24px;\">\n<td style=\"width: 5.73149%; height: 24px;\"><\/td>\n<td style=\"width: 5.88719%; height: 24px;\"><\/td>\n<td style=\"width: 104.204%; height: 24px;\"><\/td>\n<\/tr>\n<tr style=\"height: 24px;\">\n<td style=\"width: 115.823%; height: 24px; background-color: #f5f5c6; text-align: center;\" colspan=\"3\"><em><strong><span style=\"color: #993366;\">Quarta-feira, 30 OUTUBRO de 2024<\/span><\/strong><\/em><\/td>\n<\/tr>\n<tr style=\"height: 24px;\">\n<td style=\"width: 5.73149%; height: 24px;\"><span style=\"color: #000080;\">07.00<\/span><\/td>\n<td style=\"width: 5.88719%; height: 24px;\"><span style=\"color: #000080;\">08.00<\/span><\/td>\n<td style=\"width: 104.204%; height: 24px;\"><span style=\"color: #000080;\">Pequeno-almo\u00e7o<\/span><\/td>\n<\/tr>\n<tr style=\"height: 24px;\">\n<td style=\"width: 5.73149%; height: 24px;\"><\/td>\n<td style=\"width: 5.88719%; height: 24px;\"><span style=\"color: #000080;\">08.15<\/span><\/td>\n<td style=\"width: 104.204%; height: 24px;\"><span style=\"color: #000080;\">Sa\u00edda o Parque Natural da <strong><em><a href=\"https:\/\/visitpenyagolosa.com\/\" target=\"_blank\" rel=\"noopener\">San Joan de Penyagolosa<\/a> \u00a0 <\/em><\/strong> <strong>[\u00a0 <span style=\"font-size: 18px;\"><a href=\"https:\/\/www.turismodecastellon.com\/es\/que-hacer\/cultura\/monumentos\/show\/103627\" target=\"_blank\" rel=\"noopener\">+<\/a><\/span>\u00a0 ]<\/strong><\/span><\/td>\n<\/tr>\n<tr style=\"height: 24px;\">\n<td style=\"width: 5.73149%; height: 24px;\"><\/td>\n<td style=\"width: 5.88719%; height: 24px;\"><span style=\"color: #000080;\">14.00<\/span><\/td>\n<td style=\"width: 104.204%; height: 24px;\"><span style=\"color: #000080;\">Almo\u00e7o no restaurante \u00ab<a href=\"https:\/\/restaurantcasaramon.com\/\" target=\"_blank\" rel=\"noopener\"><strong><em>Casa Ram\u00f3n<\/em><\/strong><\/a><span style=\"color: #000080;\">\u00ab<\/span><span style=\"color: #000080;\"> (Atzeneta del Maestrat<\/span><a href=\"https:\/\/restaurantcasaramon.com\/\" target=\"_blank\" rel=\"noopener\">)<\/a> junto aos outros acompanhantes<\/span><\/td>\n<\/tr>\n<tr style=\"height: 24px;\">\n<td style=\"width: 5.73149%; height: 24px;\"><\/td>\n<td style=\"width: 5.88719%; height: 24px;\"><span style=\"color: #000080;\">16.00<\/span><\/td>\n<td style=\"width: 104.204%; height: 24px;\"><span style=\"color: #000080;\">Regresso ao Hotel<\/span><\/td>\n<\/tr>\n<tr style=\"height: 24px;\">\n<td style=\"width: 5.73149%; height: 24px;\"><\/td>\n<td style=\"width: 5.88719%; height: 24px;\"><span style=\"color: #000080;\">18.30<\/span><\/td>\n<td style=\"width: 104.204%; height: 24px;\"><span style=\"color: #000080;\">Exposi\u00e7\u00e3o das esp\u00e9cies<\/span><\/td>\n<\/tr>\n<tr style=\"height: 24px;\">\n<td style=\"width: 5.73149%; height: 24px;\"><\/td>\n<td style=\"width: 5.88719%; height: 24px;\"><span style=\"color: #000080;\">19.00<\/span><\/td>\n<td style=\"width: 104.204%; height: 24px;\"><span style=\"color: #000080;\"><strong><span style=\"color: #993366;\">Confer\u00eancias<\/span> <\/strong>&#8211; Orador convidado: <span style=\"color: #993366;\"><strong>C\u00e1ndido Sos Escudero<\/strong> <span style=\"color: #000080;\"><em><strong>\u00ab<\/strong><\/em><em><strong>Diversidad f\u00fangica mediterr\u00e1nea \u2013 Castell\u00f3n\u00bb<\/strong><\/em><\/span><\/span><\/span><\/td>\n<\/tr>\n<tr style=\"height: 24px;\">\n<td style=\"width: 5.73149%; height: 24px;\"><\/td>\n<td style=\"width: 5.88719%; height: 24px;\"><span style=\"color: #000080;\">20.30<\/span><\/td>\n<td style=\"width: 104.204%; height: 24px;\"><span style=\"color: #000080;\"> Jantar<\/span><\/td>\n<\/tr>\n<tr style=\"height: 24px;\">\n<td style=\"width: 5.73149%; height: 24px;\"><\/td>\n<td style=\"width: 5.88719%; height: 24px;\"><span style=\"color: #000080;\">\u00a0<\/span><\/td>\n<td style=\"width: 104.204%; height: 24px;\"><span style=\"color: #000080;\">\u00a0<\/span><\/td>\n<\/tr>\n<tr style=\"height: 24px;\">\n<td style=\"width: 5.73149%; height: 24px;\"><\/td>\n<td style=\"width: 5.88719%; height: 24px;\"><\/td>\n<td style=\"width: 104.204%; height: 24px;\"><\/td>\n<\/tr>\n<tr style=\"height: 24px;\">\n<td style=\"width: 115.823%; height: 24px; background-color: #f5f5c6; text-align: center;\" colspan=\"3\"><em><strong><span style=\"color: #993366;\">Quarta-feira, 31 OUTUBRO de 2024<\/span><\/strong><\/em><\/td>\n<\/tr>\n<tr style=\"height: 24px;\">\n<td style=\"width: 5.73149%; height: 24px;\"><span style=\"color: #000080;\">07.00<\/span><\/td>\n<td style=\"width: 5.88719%; height: 24px;\"><span style=\"color: #000080;\">08.00<\/span><\/td>\n<td style=\"width: 104.204%; height: 24px;\"><span style=\"color: #000080;\">Pequeno-almo\u00e7o<\/span><\/td>\n<\/tr>\n<tr style=\"height: 51px;\">\n<td style=\"width: 5.73149%; height: 51px;\"><\/td>\n<td style=\"width: 5.88719%; height: 51px;\"><span style=\"color: #000080;\">08.15<\/span><\/td>\n<td style=\"width: 104.204%; height: 51px;\"><em><strong><span style=\"color: #000080;\">Sa\u00edda para Valencia: <a href=\"https:\/\/www.visitvalencia.com\/que-ver-valencia\/que-visitar-en-valencia?_gl=1*t6dqyf*_ga*MzgyMTY0NzY0LjE3MTM4OTA3MDI.*_ga_5GF4KQGLVT*MTcxMzg5MDcwMC4xLjEuMTcxMzg5MDk5NS41MC4wLjA.*_ga_F2G2S43J3C*MTcxMzg5MDcwMC4xLjEuMTcxMzg5MDk5NS41MS4wLjY3NDc0NjQ5Mw..*_gcl_au*OTgwMDA2MTMwLjE3MTM4OTA3MDQ.\" target=\"_blank\" rel=\"noopener\">Visita guiada \u00e0 la cidade de Valencia<\/a>\u00a0 [ \u00a0<span style=\"font-size: 18px;\"><a href=\"http:\/\/valencia.es\" target=\"_blank\" rel=\"noopener\">+<\/a> <\/span>\u00a0]\u00a0\u00a0\u2013 Parte hist\u00f3rica e Cidade das Artes e Ci\u00eancias<\/span><\/strong><\/em><\/td>\n<\/tr>\n<tr style=\"height: 24px;\">\n<td style=\"width: 5.73149%; height: 24px;\"><\/td>\n<td style=\"width: 5.88719%; height: 24px;\"><span style=\"color: #000080;\">13.30<\/span><\/td>\n<td style=\"width: 104.204%; height: 24px;\"><em><strong><span style=\"color: #000080;\">Almo\u00e7o no restaurante \u00ab<a href=\"https:\/\/www.casaclemencia.es\/\" target=\"_blank\" rel=\"noopener\">Casa Clemencia<\/a>\u00ab<\/span><\/strong><\/em><\/td>\n<\/tr>\n<tr style=\"height: 24px;\">\n<td style=\"width: 5.73149%; height: 24px;\"><\/td>\n<td style=\"width: 5.88719%; height: 24px;\"><span style=\"color: #000080;\">15.00<\/span><\/td>\n<td style=\"width: 104.204%; height: 24px;\"><span style=\"color: #000080;\"><strong><em><a href=\"https:\/\/cac.es\/museu-de-les-ciencies\/\" target=\"_blank\" rel=\"noopener\">Visita a Cidade das Artes e Ci\u00eancias<\/a> \u00a0\u00a0<\/em><\/strong><\/span><\/td>\n<\/tr>\n<tr style=\"height: 24px;\">\n<td style=\"width: 5.73149%; height: 24px;\"><\/td>\n<td style=\"width: 5.88719%; height: 24px;\"><span style=\"color: #000080;\">17.30<\/span><\/td>\n<td style=\"width: 104.204%; height: 24px;\"><span style=\"color: #000080;\">Regresso ao Hotel<\/span><\/td>\n<\/tr>\n<tr style=\"height: 24px;\">\n<td style=\"width: 5.73149%; height: 24px;\"><\/td>\n<td style=\"width: 5.88719%; height: 24px;\"><span style=\"color: #000080;\">18.30<\/span><\/td>\n<td style=\"width: 104.204%; height: 24px;\"><span style=\"color: #000080;\">Exposi\u00e7\u00e3o das esp\u00e9cies<\/span><\/td>\n<\/tr>\n<tr style=\"height: 24px;\">\n<td style=\"width: 5.73149%; height: 24px;\"><\/td>\n<td style=\"width: 5.88719%; height: 24px;\"><span style=\"color: #000080;\">19.00<\/span><\/td>\n<td style=\"width: 104.204%; height: 24px;\"><span style=\"color: #000080;\"><strong><span style=\"color: #993366;\">Confer\u00eancias<\/span><\/strong> &#8211; Oradora convidada: <strong><span style=\"color: #993366;\">Souhila Aouli<\/span><\/strong><em><strong> \u201cMycologie alg\u00e9rienne : que savons-nous aujourd\u2019hui? et que devrions-nous faire demain? \u201c<\/strong><\/em><\/span><\/td>\n<\/tr>\n<tr style=\"height: 24px;\">\n<td style=\"width: 5.73149%; height: 24px;\"><\/td>\n<td style=\"width: 5.88719%; height: 24px;\"><span style=\"color: #000080;\">20.30<\/span><\/td>\n<td style=\"width: 104.204%; height: 24px;\"><span style=\"color: #000080;\">Jantar<\/span><\/td>\n<\/tr>\n<tr style=\"height: 24px;\">\n<td style=\"width: 5.73149%; height: 24px;\"><\/td>\n<td style=\"width: 5.88719%; height: 24px;\"><\/td>\n<td style=\"width: 104.204%; height: 24px;\"><\/td>\n<\/tr>\n<tr style=\"height: 24px;\">\n<td style=\"width: 115.823%; height: 24px; background-color: #f5f5c6; text-align: center;\" colspan=\"3\"><em><strong><span style=\"color: #993366;\">Quinta-feira, 1 NOVEMBRO de 2024<\/span><\/strong><\/em><\/td>\n<\/tr>\n<tr style=\"height: 24px;\">\n<td style=\"width: 5.73149%; height: 24px;\"><span style=\"color: #000080;\">07.00<\/span><\/td>\n<td style=\"width: 5.88719%; height: 24px;\"><span style=\"color: #000080;\">08.00<\/span><\/td>\n<td style=\"width: 104.204%; height: 24px;\"><span style=\"color: #000080;\">Pequeno-almo\u00e7o<\/span><\/td>\n<\/tr>\n<tr style=\"height: 24px;\">\n<td style=\"width: 5.73149%; height: 24px;\"><\/td>\n<td style=\"width: 5.88719%; height: 24px;\"><span style=\"color: #000080;\">9.00<\/span><\/td>\n<td style=\"width: 104.204%; height: 24px;\"><em><strong><span style=\"color: #000080;\">Visita-passeio guiado para Benic\u00e0ssim, rota <a href=\"https:\/\/www.comunitatvalenciana.com\/es\/inspirate\/ruta-de-las-villas-benicasim\" target=\"_blank\" rel=\"noopener\">Casas Arte Nova<\/a>\u00a0<\/span><\/strong><\/em><\/td>\n<\/tr>\n<tr style=\"height: 24px;\">\n<td style=\"width: 5.73149%; height: 24px;\"><\/td>\n<td style=\"width: 5.88719%; height: 24px;\"><span style=\"color: #000080;\">14.00<\/span><\/td>\n<td style=\"width: 104.204%; height: 24px;\"><span style=\"color: #000080;\">Almo\u00e7o Hotel Orange<\/span><\/td>\n<\/tr>\n<tr style=\"height: 24px;\">\n<td style=\"width: 5.73149%; height: 24px;\"><\/td>\n<td style=\"width: 5.88719%; height: 24px;\"><span style=\"color: #000080;\">17.00<\/span><\/td>\n<td style=\"width: 104.204%; height: 24px;\"><em><span style=\"color: #000080;\"><strong>Visita vin\u00edcolas Licor <a href=\"https:\/\/carmelitano.com\/\" target=\"_blank\" rel=\"noopener\">Carmelitano<\/a>. Degusta\u00e7\u00e3o: Primeira partida<\/strong><\/span><\/em><\/td>\n<\/tr>\n<tr style=\"height: 24px;\">\n<td style=\"width: 5.73149%; height: 24px;\"><\/td>\n<td style=\"width: 5.88719%; height: 24px;\"><span style=\"color: #000080;\">17.30<\/span><\/td>\n<td style=\"width: 104.204%; height: 24px;\"><em><span style=\"color: #000080;\"><strong>Visita vin\u00edcolas Licor <a href=\"https:\/\/carmelitano.com\/\" target=\"_blank\" rel=\"noopener\">Carmelitano<\/a>. Degusta\u00e7\u00e3o: Segunda sa\u00edda<\/strong><\/span><\/em><\/td>\n<\/tr>\n<tr style=\"height: 24px;\">\n<td style=\"width: 5.73149%; height: 24px;\"><\/td>\n<td style=\"width: 5.88719%; height: 24px;\"><span style=\"color: #000080;\">18.30\u00a0<\/span><\/td>\n<td style=\"width: 104.204%; height: 24px;\"><span style=\"color: #000080;\">Exposi\u00e7\u00e3o das esp\u00e9cies<\/span><\/td>\n<\/tr>\n<tr style=\"height: 24px;\">\n<td style=\"width: 5.73149%; height: 24px;\"><\/td>\n<td style=\"width: 5.88719%; height: 24px;\"><span style=\"color: #000080;\">20.30<\/span><\/td>\n<td style=\"width: 104.204%; height: 24px;\"><span style=\"color: #000080;\">Jantar de Gala com anima\u00e7\u00e3o<\/span><\/td>\n<\/tr>\n<tr style=\"height: 24px;\">\n<td style=\"width: 5.73149%; height: 24px;\"><\/td>\n<td style=\"width: 5.88719%; height: 24px;\"><\/td>\n<td style=\"width: 104.204%; height: 24px;\"><\/td>\n<\/tr>\n<tr style=\"height: 24px;\">\n<td style=\"width: 115.823%; height: 24px; background-color: #f5f5c6; text-align: center;\" colspan=\"3\"><strong><span style=\"color: #993366;\"><em>Sexta-feira<\/em>, 2 ONOVEMBRO de 2024<\/span><\/strong><\/td>\n<\/tr>\n<tr style=\"height: 24px;\">\n<td style=\"width: 5.73149%; height: 24px;\"><\/td>\n<td style=\"width: 5.88719%; height: 24px;\"><\/td>\n<td style=\"width: 104.204%; height: 24px;\"><span style=\"color: #000080;\">Pequeno-almo\u00e7o<\/span><\/td>\n<\/tr>\n<\/tbody>\n<\/table>\n","protected":false},"excerpt":{"rendered":"<p>&lt;&lt;&lt; \u00a0 PROGRAMA ACOMPANHANTES Domingo, 27 OUTUBRO de 2024 15.00 19.00 Rece\u00e7\u00e3o dos participantes, entrega da documenta\u00e7\u00e3o 19.30 Rece\u00e7\u00e3o de boas vindas. Vinho de honra 20.30 Jantar Segunda-feira, 28 OUTUBRO de 2024 07.00 08.00 Pequeno-almo\u00e7o 08.30 Visita \u00e0 cidade de Pe\u00f1\u00edscola 14.00 Almo\u00e7o Hotel Orange 18.30 Exposi\u00e7\u00e3o das esp\u00e9cies 19.00 Confer\u00eancias\u00a0 &#8211; Orador convidado: Rafael [&hellip;]<\/p>\n","protected":false},"author":2,"featured_media":0,"parent":0,"menu_order":0,"comment_status":"closed","ping_status":"closed","template":"","meta":{"footnotes":""},"class_list":["post-811","page","type-page","status-publish","hentry","post"],"_links":{"self":[{"href":"https:\/\/cemm24.somival.org\/index.php\/wp-json\/wp\/v2\/pages\/811","targetHints":{"allow":["GET"]}}],"collection":[{"href":"https:\/\/cemm24.somival.org\/index.php\/wp-json\/wp\/v2\/pages"}],"about":[{"href":"https:\/\/cemm24.somival.org\/index.php\/wp-json\/wp\/v2\/types\/page"}],"author":[{"embeddable":true,"href":"https:\/\/cemm24.somival.org\/index.php\/wp-json\/wp\/v2\/users\/2"}],"replies":[{"embeddable":true,"href":"https:\/\/cemm24.somival.org\/index.php\/wp-json\/wp\/v2\/comments?post=811"}],"version-history":[{"count":16,"href":"https:\/\/cemm24.somival.org\/index.php\/wp-json\/wp\/v2\/pages\/811\/revisions"}],"predecessor-version":[{"id":2791,"href":"https:\/\/cemm24.somival.org\/index.php\/wp-json\/wp\/v2\/pages\/811\/revisions\/2791"}],"wp:attachment":[{"href":"https:\/\/cemm24.somival.org\/index.php\/wp-json\/wp\/v2\/media?parent=811"}],"curies":[{"name":"wp","href":"https:\/\/api.w.org\/{rel}","templated":true}]}}