{"id":799,"date":"2024-02-16T12:13:00","date_gmt":"2024-02-16T12:13:00","guid":{"rendered":"https:\/\/cemm24.somival.org\/?page_id=799"},"modified":"2024-10-06T08:50:05","modified_gmt":"2024-10-06T08:50:05","slug":"programacfr","status":"publish","type":"page","link":"https:\/\/cemm24.somival.org\/index.php\/programacfr\/","title":{"rendered":"ProgramaCFR"},"content":{"rendered":"<table style=\"height: 25px; width: 500PX; border-collapse: collapse;\">\n<tbody>\n<tr style=\"height: 30px;\">\n<td style=\"width: 50px; height: 25px; text-align: center; vertical-align: bottom;\"><a href=\"https:\/\/cemm24.somival.org\/index.php\/opcionfr\/\"><span style=\"font-size: 19px; color: #008000;\"><strong><span style=\"color: #008000;\">&lt;&lt;&lt;<\/span><\/strong><\/span><\/a><\/td>\n<td style=\"height: 25px; width: 443px; vertical-align: top;\" colspan=\"2\"><span style=\"font-size: 19px;\"><strong><span style=\"color: #993366;\">\u00a0PROGRAMME SCIENTIFIQUE<\/span><\/strong><\/span><\/td>\n<\/tr>\n<\/tbody>\n<\/table>\n<p><span style=\"font-size: 16px; color: #000080;\">L\u2019organisation du Congr\u00e8s mettra \u00e0 la disposition des congressistes 6 microscopes et 4 d\u00e9shydrateurs<\/span><\/p>\n<table style=\"border-collapse: collapse; width: 79.3355%; height: 1488px;\">\n<tbody>\n<tr style=\"height: 24px;\">\n<td style=\"width: 114.64%; height: 24px; background-color: #f5f5c6; text-align: center;\" colspan=\"3\"><span style=\"font-size: 16px;\"><em><strong><span style=\"color: #993366;\">Dimanche, 27 OCTOBRE de 2024<\/span><\/strong><\/em><\/span><\/td>\n<\/tr>\n<tr style=\"height: 24px;\">\n<td style=\"width: 5.18423%; height: 24px;\"><span style=\"color: #000080; font-size: 16px;\">15.00<\/span><\/td>\n<td style=\"width: 5.24661%; height: 24px;\"><span style=\"color: #000080; font-size: 16px;\">19.00<\/span><\/td>\n<td style=\"width: 104.209%; height: 24px;\"><span style=\"color: #000080; font-size: 16px;\">R\u00e9ception des participants, avec remise de la documentation et installation du mat\u00e9riel de travail<\/span><\/td>\n<\/tr>\n<tr style=\"height: 24px;\">\n<td style=\"width: 5.18423%; height: 24px;\"><\/td>\n<td style=\"width: 5.24661%; height: 24px;\"><span style=\"color: #000080; font-size: 16px;\">19.30<\/span><\/td>\n<td style=\"width: 104.209%; height: 24px;\"><span style=\"color: #000080; font-size: 16px;\">R\u00e9ception de bienvenue. Vin d&#8217;honeur<\/span><\/td>\n<\/tr>\n<tr style=\"height: 24px;\">\n<td style=\"width: 5.18423%; height: 24px;\"><\/td>\n<td style=\"width: 5.24661%; height: 24px;\"><span style=\"color: #000080; font-size: 16px;\">20.30<\/span><\/td>\n<td style=\"width: 104.209%; height: 24px;\"><span style=\"color: #000080; font-size: 16px;\">D\u00eener<\/span><\/td>\n<\/tr>\n<tr style=\"height: 24px;\">\n<td style=\"width: 5.18423%; height: 24px;\"><\/td>\n<td style=\"width: 5.24661%; height: 24px;\"><\/td>\n<td style=\"width: 104.209%; height: 24px;\"><\/td>\n<\/tr>\n<tr style=\"height: 24px;\">\n<td style=\"width: 114.64%; height: 24px; background-color: #f5f5c6; text-align: center;\" colspan=\"3\"><span style=\"font-size: 16px;\"><em><strong><span style=\"color: #993366;\">Lundi, 28 OCTOBRE de 2024<\/span><\/strong><\/em><\/span><\/td>\n<\/tr>\n<tr style=\"height: 24px;\">\n<td style=\"width: 5.18423%; height: 24px;\"><span style=\"color: #000080; font-size: 16px;\">07.00<\/span><\/td>\n<td style=\"width: 5.24661%; height: 24px;\"><span style=\"color: #000080; font-size: 16px;\">08.00<\/span><\/td>\n<td style=\"width: 104.209%; height: 24px;\"><span style=\"color: #000080; font-size: 16px;\">Petit d\u00e9jeuner<\/span><\/td>\n<\/tr>\n<tr style=\"height: 24px;\">\n<td style=\"width: 5.18423%; height: 24px;\"><\/td>\n<td style=\"width: 5.24661%; height: 24px;\"><span style=\"color: #000080; font-size: 16px;\">08.15<\/span><\/td>\n<td style=\"width: 104.209%; height: 24px;\"><span style=\"color: #000080; font-size: 16px;\">D\u00e9part pour les excursions<\/span><\/td>\n<\/tr>\n<tr style=\"height: 24px;\">\n<td style=\"width: 5.18423%; height: 24px;\"><\/td>\n<td style=\"width: 5.24661%; height: 24px;\"><span style=\"color: #000080; font-size: 16px;\">13.30<\/span><\/td>\n<td style=\"width: 104.209%; height: 24px;\"><span style=\"color: #000080; font-size: 16px;\">Livraison de taxons pour catalogage<\/span><\/td>\n<\/tr>\n<tr style=\"height: 24px;\">\n<td style=\"width: 5.18423%; height: 24px;\"><\/td>\n<td style=\"width: 5.24661%; height: 24px;\"><span style=\"color: #000080; font-size: 16px;\">14.00<\/span><\/td>\n<td style=\"width: 104.209%; height: 24px;\"><span style=\"color: #000080; font-size: 16px;\">D\u00e9jeuner<\/span><\/td>\n<\/tr>\n<tr style=\"height: 24px;\">\n<td style=\"width: 5.18423%; height: 24px;\"><\/td>\n<td style=\"width: 5.24661%; height: 24px;\"><span style=\"color: #000080; font-size: 16px;\">16.00<\/span><\/td>\n<td style=\"width: 104.209%; height: 24px;\"><span style=\"color: #000080; font-size: 16px;\">Travail de laboratoire et catalogage<\/span><\/td>\n<\/tr>\n<tr style=\"height: 24px;\">\n<td style=\"width: 5.18423%; height: 24px;\"><\/td>\n<td style=\"width: 5.24661%; height: 24px;\"><span style=\"color: #000080; font-size: 16px;\">18.30<\/span><\/td>\n<td style=\"width: 104.209%; height: 24px;\"><span style=\"color: #000080; font-size: 16px;\">Exposition d\u2019esp\u00e8ces<\/span><\/td>\n<\/tr>\n<tr style=\"height: 24px;\">\n<td style=\"width: 5.18423%; height: 24px;\"><\/td>\n<td style=\"width: 5.24661%; height: 24px;\"><span style=\"color: #000080; font-size: 16px;\">19.00<\/span><\/td>\n<td style=\"width: 104.209%; height: 24px;\"><span style=\"color: #000080; font-size: 16px;\"><strong><span style=\"color: #993366;\">Conf\u00e9rences<\/span><\/strong>\u00a0 &#8211; Conf\u00e9rencier invit\u00e9: <span style=\"color: #993366;\"><strong>Rafael Mahiques Santandreu<\/strong><\/span> <strong><em>\u00abCortinaris poc citats als Mass\u00eds del Penyagolosa\u00bb<\/em><\/strong><\/span><\/td>\n<\/tr>\n<tr style=\"height: 24px;\">\n<td style=\"width: 5.18423%; height: 24px;\"><\/td>\n<td style=\"width: 5.24661%; height: 24px;\"><span style=\"color: #000080; font-size: 16px;\">20.30<\/span><\/td>\n<td style=\"width: 104.209%; height: 24px;\"><span style=\"color: #000080; font-size: 16px;\">D\u00eener<\/span><\/td>\n<\/tr>\n<tr style=\"height: 24px;\">\n<td style=\"width: 5.18423%; height: 24px;\"><\/td>\n<td style=\"width: 5.24661%; height: 24px;\"><span style=\"color: #000080; font-size: 16px;\">21.30<\/span><\/td>\n<td style=\"width: 104.209%; height: 24px;\"><span style=\"color: #000080; font-size: 16px;\">R\u00e9union du Conseil d\u2019Administration de la CEMM<\/span><\/td>\n<\/tr>\n<tr style=\"height: 24px;\">\n<td style=\"width: 114.64%; height: 24px;\" colspan=\"3\"><\/td>\n<\/tr>\n<tr style=\"height: 24px;\">\n<td style=\"width: 114.64%; height: 24px; background-color: #f5f5c6; text-align: center;\" colspan=\"3\"><span style=\"font-size: 16px;\"><em><strong><span style=\"color: #993366;\">Mardi, 29 OCTOBRE de 2024<\/span><\/strong><\/em><\/span><\/td>\n<\/tr>\n<tr style=\"height: 24px;\">\n<td style=\"width: 5.18423%; height: 24px;\"><span style=\"color: #000080; font-size: 16px;\">07.00<\/span><\/td>\n<td style=\"width: 5.24661%; height: 24px;\"><span style=\"color: #000080; font-size: 16px;\">08.00<\/span><\/td>\n<td style=\"width: 104.209%; height: 24px;\"><span style=\"color: #000080; font-size: 16px;\">Petit d\u00e9jeuner<\/span><\/td>\n<\/tr>\n<tr style=\"height: 24px;\">\n<td style=\"width: 5.18423%; height: 24px;\"><\/td>\n<td style=\"width: 5.24661%; height: 24px;\"><span style=\"color: #000080; font-size: 16px;\">08.15<\/span><\/td>\n<td style=\"width: 104.209%; height: 24px;\"><span style=\"color: #000080; font-size: 16px;\">D\u00e9part pour les excursions<\/span><\/td>\n<\/tr>\n<tr style=\"height: 24px;\">\n<td style=\"width: 5.18423%; height: 24px;\"><\/td>\n<td style=\"width: 5.24661%; height: 24px;\"><span style=\"color: #000080; font-size: 16px;\">13.30<\/span><\/td>\n<td style=\"width: 104.209%; height: 24px;\"><span style=\"color: #000080; font-size: 16px;\">Livraison de taxons pour catalogage<\/span><\/td>\n<\/tr>\n<tr style=\"height: 24px;\">\n<td style=\"width: 5.18423%; height: 24px;\"><\/td>\n<td style=\"width: 5.24661%; height: 24px;\"><span style=\"color: #000080; font-size: 16px;\">14.00<\/span><\/td>\n<td style=\"width: 104.209%; height: 24px;\"><span style=\"color: #000080; font-size: 16px;\">D\u00e9jeuner<\/span><\/td>\n<\/tr>\n<tr style=\"height: 24px;\">\n<td style=\"width: 5.18423%; height: 24px;\"><\/td>\n<td style=\"width: 5.24661%; height: 24px;\"><span style=\"color: #000080; font-size: 16px;\">16.00<\/span><\/td>\n<td style=\"width: 104.209%; height: 24px;\"><span style=\"color: #000080; font-size: 16px;\">Travail de laboratoire et catalogage<\/span><\/td>\n<\/tr>\n<tr>\n<td style=\"width: 5.18423%;\"><\/td>\n<td style=\"width: 5.24661%;\"><span style=\"color: #000080; font-size: 16px;\">18.00<\/span><\/td>\n<td style=\"width: 104.209%;\"><span style=\"color: #000080; font-size: 16px;\">D\u00e9gustation de jambon et de liqueurs de champignons<\/span><\/td>\n<\/tr>\n<tr style=\"height: 24px;\">\n<td style=\"width: 5.18423%; height: 24px;\"><\/td>\n<td style=\"width: 5.24661%; height: 24px;\"><span style=\"color: #000080; font-size: 16px;\">18.30<\/span><\/td>\n<td style=\"width: 104.209%; height: 24px;\"><span style=\"color: #000080; font-size: 16px;\">Exposition d\u2019esp\u00e8ces<\/span><\/td>\n<\/tr>\n<tr style=\"height: 24px;\">\n<td style=\"width: 5.18423%; height: 24px;\"><\/td>\n<td style=\"width: 5.24661%; height: 24px;\"><span style=\"color: #000080; font-size: 16px;\">19.00<\/span><\/td>\n<td style=\"width: 104.209%; height: 24px;\"><span style=\"color: #000080; font-size: 16px;\"><strong><span style=\"color: #993366;\">Conf\u00e9rences<\/span><\/strong> &#8211; Conf\u00e9rencier invit\u00e9: <span style=\"color: #993366;\"><strong>Javier Marcos Mart\u00ednez<\/strong><\/span> &#8211; <em><strong>\u00abBoletales interesantes y poco conocidos en Espa\u00f1a\u00bb<\/strong><\/em><\/span><\/td>\n<\/tr>\n<tr style=\"height: 24px;\">\n<td style=\"width: 5.18423%; height: 24px;\"><\/td>\n<td style=\"width: 5.24661%; height: 24px;\"><span style=\"color: #000080; font-size: 16px;\">20.30<\/span><\/td>\n<td style=\"width: 104.209%; height: 24px;\"><span style=\"color: #000080; font-size: 16px;\">D\u00eener<\/span><\/td>\n<\/tr>\n<tr style=\"height: 24px;\">\n<td style=\"width: 5.18423%; height: 24px;\"><\/td>\n<td style=\"width: 5.24661%; height: 24px;\"><span style=\"color: #000080; font-size: 16px;\">21.30<\/span><\/td>\n<td style=\"width: 104.209%; height: 24px;\"><span style=\"color: #000080; font-size: 16px;\">R\u00e9union de l\u2019Assembl\u00e9e G\u00e9n\u00e9rale de la CEMM<\/span><\/td>\n<\/tr>\n<tr style=\"height: 24px;\">\n<td style=\"width: 5.18423%; height: 24px;\"><\/td>\n<td style=\"width: 5.24661%; height: 24px;\"><\/td>\n<td style=\"width: 104.209%; height: 24px;\"><\/td>\n<\/tr>\n<tr style=\"height: 24px;\">\n<td style=\"width: 114.64%; height: 24px; background-color: #f5f5c6; text-align: center;\" colspan=\"3\"><span style=\"font-size: 16px;\"><em><strong><span style=\"color: #993366;\">Mercredi, 30 OCTOBRE de 2024<\/span><\/strong><\/em><\/span><\/td>\n<\/tr>\n<tr style=\"height: 24px;\">\n<td style=\"width: 5.18423%; height: 24px;\"><span style=\"color: #000080; font-size: 16px;\">07.00<\/span><\/td>\n<td style=\"width: 5.24661%; height: 24px;\"><span style=\"color: #000080; font-size: 16px;\">08.00<\/span><\/td>\n<td style=\"width: 104.209%; height: 24px;\"><span style=\"color: #000080; font-size: 16px;\">Petit d\u00e9jeuner<\/span><\/td>\n<\/tr>\n<tr style=\"height: 24px;\">\n<td style=\"width: 5.18423%; height: 24px;\"><\/td>\n<td style=\"width: 5.24661%; height: 24px;\"><span style=\"color: #000080; font-size: 16px;\">08.15<\/span><\/td>\n<td style=\"width: 104.209%; height: 24px;\"><span style=\"color: #000080; font-size: 16px;\">D\u00e9part pour les excursions: <strong><em><a style=\"color: #000080;\" href=\"https:\/\/visitpenyagolosa.com\/\" target=\"_blank\" rel=\"noopener\">San Joan de Penyagolosa<\/a> <\/em>[ <a style=\"color: #000080;\" href=\"https:\/\/www.turismodecastellon.com\/es\/que-hacer\/cultura\/monumentos\/show\/103627\" target=\"_blank\" rel=\"noopener\">+<\/a> ]\u00a0<\/strong><\/span><\/td>\n<\/tr>\n<tr style=\"height: 24px;\">\n<td style=\"width: 5.18423%; height: 24px;\"><\/td>\n<td style=\"width: 5.24661%; height: 24px;\"><span style=\"color: #000080; font-size: 16px;\">14.00<\/span><\/td>\n<td style=\"width: 104.209%; height: 24px;\"><span style=\"color: #000080; font-size: 16px;\">D\u00e9jeuner a Restaurant <strong><a style=\"color: #000080;\" href=\"https:\/\/restaurantcasaramon.com\/\" target=\"_blank\" rel=\"noopener\">Casa Ram\u00f3<\/a><\/strong><strong><a style=\"color: #000080;\" href=\"https:\/\/restaurantcasaramon.com\/\" target=\"_blank\" rel=\"noopener\">n<\/a><\/strong> (Adzaneta del Maestrat) avec les autres participants<\/span><\/td>\n<\/tr>\n<tr style=\"height: 24px;\">\n<td style=\"width: 5.18423%; height: 24px;\"><\/td>\n<td style=\"width: 5.24661%; height: 24px;\"><span style=\"color: #000080; font-size: 16px;\">16.00<\/span><\/td>\n<td style=\"width: 104.209%; height: 24px;\"><span style=\"color: #000080; font-size: 16px;\">Retour \u00e0 l\u2019h\u00f4tel<\/span><\/td>\n<\/tr>\n<tr>\n<td style=\"width: 5.18423%;\"><\/td>\n<td style=\"width: 5.24661%;\"><span style=\"color: #000080; font-size: 16px;\">17.00<\/span><\/td>\n<td style=\"width: 104.209%;\"><span style=\"color: #000080; font-size: 16px;\">Livraison de taxons pour catalogage<\/span><\/td>\n<\/tr>\n<tr style=\"height: 24px;\">\n<td style=\"width: 5.18423%; height: 24px;\"><\/td>\n<td style=\"width: 5.24661%; height: 24px;\"><span style=\"color: #000080; font-size: 16px;\">17.30<\/span><\/td>\n<td style=\"width: 104.209%; height: 24px;\"><span style=\"color: #000080; font-size: 16px;\">Travail de laboratoire et catalogage<\/span><\/td>\n<\/tr>\n<tr style=\"height: 24px;\">\n<td style=\"width: 5.18423%; height: 24px;\"><\/td>\n<td style=\"width: 5.24661%; height: 24px;\"><span style=\"color: #000080; font-size: 16px;\">18.30<\/span><\/td>\n<td style=\"width: 104.209%; height: 24px;\"><span style=\"color: #000080; font-size: 16px;\">Exposition d\u2019esp\u00e8ces<\/span><\/td>\n<\/tr>\n<tr style=\"height: 24px;\">\n<td style=\"width: 5.18423%; height: 24px;\"><\/td>\n<td style=\"width: 5.24661%; height: 24px;\"><span style=\"color: #000080; font-size: 16px;\">19.00<\/span><\/td>\n<td style=\"width: 104.209%; height: 24px;\"><span style=\"color: #000080; font-size: 16px;\"><strong><span style=\"color: #993366;\">Conf\u00e9rences<\/span><\/strong> &#8211; Conf\u00e9rencier invit\u00e9: <span style=\"color: #993366;\"><strong>Candido Sos Escudero<\/strong><\/span> &#8211; <em><strong>\u00abDiversidad f\u00fangica mediterr\u00e1nea &#8211; Castell\u00f3n\u00bb<\/strong><\/em><strong>\u00a0<\/strong><\/span><\/td>\n<\/tr>\n<tr style=\"height: 24px;\">\n<td style=\"width: 5.18423%; height: 24px;\"><\/td>\n<td style=\"width: 5.24661%; height: 24px;\"><span style=\"color: #000080; font-size: 16px;\">20.30<\/span><\/td>\n<td style=\"width: 104.209%; height: 24px;\"><span style=\"color: #000080; font-size: 16px;\"> D\u00eener<\/span><\/td>\n<\/tr>\n<tr style=\"height: 24px;\">\n<td style=\"width: 5.18423%; height: 24px;\"><\/td>\n<td style=\"width: 5.24661%; height: 24px;\"><\/td>\n<td style=\"width: 104.209%; height: 24px;\"><\/td>\n<\/tr>\n<tr style=\"height: 24px;\">\n<td style=\"width: 114.64%; height: 24px; background-color: #f5f5c6; text-align: center;\" colspan=\"3\"><span style=\"font-size: 16px;\"><em><strong><span style=\"color: #993366;\">Jeudi, 31 OCTOBRE de 2024<\/span><\/strong><\/em><\/span><\/td>\n<\/tr>\n<tr style=\"height: 24px;\">\n<td style=\"width: 5.18423%; height: 24px;\"><span style=\"color: #000080; font-size: 16px;\">07.00<\/span><\/td>\n<td style=\"width: 5.24661%; height: 24px; text-align: center;\"><span style=\"color: #000080; font-size: 16px;\">08.00<\/span><\/td>\n<td style=\"width: 104.209%; height: 24px;\"><span style=\"color: #000080; font-size: 16px;\">Petit d\u00e9jeuner<\/span><\/td>\n<\/tr>\n<tr style=\"height: 24px;\">\n<td style=\"width: 5.18423%; height: 24px;\"><\/td>\n<td style=\"width: 5.24661%; height: 24px; text-align: center;\"><span style=\"color: #000080; font-size: 16px;\">08.15<\/span><\/td>\n<td style=\"width: 104.209%; height: 24px;\"><span style=\"color: #000080; font-size: 16px;\">D\u00e9part pour les excursions<\/span><\/td>\n<\/tr>\n<tr style=\"height: 24px;\">\n<td style=\"width: 5.18423%; height: 24px;\"><\/td>\n<td style=\"width: 5.24661%; text-align: center; height: 24px;\"><span style=\"color: #000080; font-size: 16px;\">\u00a013.30<\/span><\/td>\n<td style=\"width: 104.209%; height: 24px;\"><span style=\"color: #000080; font-size: 16px;\">Livraison de taxons pour catalogage<\/span><\/td>\n<\/tr>\n<tr style=\"height: 24px;\">\n<td style=\"width: 5.18423%; height: 24px;\"><\/td>\n<td style=\"width: 5.24661%; height: 24px; text-align: center;\"><span style=\"color: #000080; font-size: 16px;\">14.00<\/span><\/td>\n<td style=\"width: 104.209%; height: 24px;\"><span style=\"color: #000080; font-size: 16px;\">D\u00e9jeuner<\/span><\/td>\n<\/tr>\n<tr style=\"height: 24px;\">\n<td style=\"width: 5.18423%; height: 24px;\"><\/td>\n<td style=\"width: 5.24661%; height: 24px; text-align: center;\"><span style=\"color: #000080; font-size: 16px;\">16.00<\/span><\/td>\n<td style=\"width: 104.209%; height: 24px;\"><span style=\"color: #000080; font-size: 16px;\">Travail de laboratoire et catalogage<\/span><\/td>\n<\/tr>\n<tr style=\"height: 24px;\">\n<td style=\"width: 5.18423%; height: 24px;\"><\/td>\n<td style=\"width: 5.24661%; height: 24px; text-align: center;\"><span style=\"color: #000080; font-size: 16px;\">18.30<\/span><\/td>\n<td style=\"width: 104.209%; height: 24px;\"><span style=\"color: #000080; font-size: 16px;\">Exposition d\u2019esp\u00e8ces<\/span><\/td>\n<\/tr>\n<tr style=\"height: 24px;\">\n<td style=\"width: 5.18423%; height: 24px;\"><\/td>\n<td style=\"width: 5.24661%; height: 24px; text-align: center;\"><span style=\"color: #000080; font-size: 16px;\">19.00<\/span><\/td>\n<td style=\"width: 104.209%; height: 24px;\"><span style=\"color: #000080; font-size: 16px;\"><strong><span style=\"color: #993366;\">Conf\u00e9rences<\/span><\/strong> &#8211; Conf\u00e9rencier invit\u00e9: <span style=\"color: #993366;\"><strong>Souhila Aouali <\/strong><\/span>\u2013\u201c<strong><em>Mycologie alg\u00e9rienne : que savons-nous aujourd\u2019hui? et que devrions-nous faire demain?\u201d<\/em><\/strong><\/span><\/td>\n<\/tr>\n<tr style=\"height: 24px;\">\n<td style=\"width: 5.18423%; height: 24px;\"><\/td>\n<td style=\"width: 5.24661%; height: 24px; text-align: center;\"><span style=\"color: #000080; font-size: 16px;\">20.30<\/span><\/td>\n<td style=\"width: 104.209%; height: 24px;\"><span style=\"color: #000080; font-size: 16px;\">D\u00eener<\/span><\/td>\n<\/tr>\n<tr style=\"height: 24px;\">\n<td style=\"width: 5.18423%; height: 24px;\"><\/td>\n<td style=\"width: 5.24661%; height: 24px;\"><\/td>\n<td style=\"width: 104.209%; height: 24px;\"><\/td>\n<\/tr>\n<tr style=\"height: 24px;\">\n<td style=\"width: 114.64%; height: 24px; background-color: #f5f5c6; text-align: center;\" colspan=\"3\"><span style=\"font-size: 16px;\"><em><strong><span style=\"color: #993366;\">Vendredi, 1 NOVEMBRE de 2024<\/span><\/strong><\/em><\/span><\/td>\n<\/tr>\n<tr style=\"height: 24px;\">\n<td style=\"width: 5.18423%; height: 24px;\"><span style=\"color: #000080; font-size: 16px;\">07.00<\/span><\/td>\n<td style=\"width: 5.24661%; height: 24px;\"><span style=\"color: #000080; font-size: 16px;\">08.00<\/span><\/td>\n<td style=\"width: 104.209%; height: 24px;\"><span style=\"color: #000080; font-size: 16px;\">Petit d\u00e9jeuner<\/span><\/td>\n<\/tr>\n<tr style=\"height: 24px;\">\n<td style=\"width: 5.18423%; height: 24px;\"><\/td>\n<td style=\"width: 5.24661%; height: 24px;\"><span style=\"color: #000080; font-size: 16px;\">08.15<\/span><\/td>\n<td style=\"width: 104.209%; height: 24px;\"><span style=\"color: #000080; font-size: 16px;\">D\u00e9part pour les excursions<\/span><\/td>\n<\/tr>\n<tr style=\"height: 24px;\">\n<td style=\"width: 5.18423%; height: 24px;\"><\/td>\n<td style=\"width: 5.24661%; height: 24px;\"><span style=\"color: #000080; font-size: 16px;\">13.30<\/span><\/td>\n<td style=\"width: 104.209%; height: 24px;\"><span style=\"color: #000080; font-size: 16px;\">Livraison de taxons pour catalogage<\/span><\/td>\n<\/tr>\n<tr style=\"height: 24px;\">\n<td style=\"width: 5.18423%; height: 24px;\"><\/td>\n<td style=\"width: 5.24661%; height: 24px;\"><span style=\"color: #000080; font-size: 16px;\">14.00<\/span><\/td>\n<td style=\"width: 104.209%; height: 24px;\"><span style=\"color: #000080; font-size: 16px;\">D\u00e9jeuner<\/span><\/td>\n<\/tr>\n<tr style=\"height: 24px;\">\n<td style=\"width: 5.18423%; height: 24px;\"><\/td>\n<td style=\"width: 5.24661%; height: 24px;\"><span style=\"color: #000080; font-size: 16px;\">16.00<\/span><\/td>\n<td style=\"width: 104.209%; height: 24px;\"><span style=\"color: #000080; font-size: 16px;\">Travail de laboratoire et catalogage<\/span><\/td>\n<\/tr>\n<tr style=\"height: 24px;\">\n<td style=\"width: 5.18423%; height: 24px;\"><\/td>\n<td style=\"width: 5.24661%; height: 24px;\"><span style=\"color: #000080; font-size: 16px;\">16.00<\/span><\/td>\n<td style=\"width: 104.209%; height: 24px;\"><span style=\"font-size: 16px;\"><strong><span style=\"color: #000080;\"><span style=\"color: #993366;\"><span style=\"color: #000080;\">\u00ab<\/span><\/span><span style=\"color: #993366;\">Symposium mycologique\u00bb<\/span><span style=\"color: #000080;\">: Pr\u00e9sentations orales de posters<\/span><\/span><\/strong><\/span><\/td>\n<\/tr>\n<tr style=\"height: 24px;\">\n<td style=\"width: 5.18423%; height: 24px;\"><\/td>\n<td style=\"width: 5.24661%; height: 24px;\"><span style=\"color: #000080; font-size: 16px;\">17.00<\/span><\/td>\n<td style=\"width: 104.209%; height: 24px;\"><span style=\"font-size: 16px;\"><span style=\"color: #800080;\"><strong>Vis<\/strong><\/span><span style=\"color: #000080;\"><span style=\"color: #993366;\"><span style=\"color: #000080;\"><span style=\"color: #800080;\"><strong>itez les Vignobles Carmelitano<\/strong><\/span>. Premier d\u00e9part<\/span><\/span><\/span><\/span><\/td>\n<\/tr>\n<tr style=\"height: 24px;\">\n<td style=\"width: 5.18423%; height: 24px;\"><\/td>\n<td style=\"width: 5.24661%; height: 24px;\"><span style=\"color: #000080; font-size: 16px;\">17.00<\/span><\/td>\n<td style=\"width: 104.209%; height: 24px;\"><span style=\"font-size: 16px;\"><span style=\"color: #000080;\"><span style=\"color: #993366;\"><span style=\"color: #000080;\"><strong><span style=\"color: #800080;\">Visitez les vignobles Carmelitano<\/span><\/strong>. Deuxi\u00e8me sortie<\/span><\/span><\/span><\/span><\/td>\n<\/tr>\n<tr style=\"height: 24px;\">\n<td style=\"width: 5.18423%; height: 24px;\"><\/td>\n<td style=\"width: 5.24661%; height: 24px;\"><span style=\"color: #000080; font-size: 16px;\">18.30\u00a0<\/span><\/td>\n<td style=\"width: 104.209%; height: 24px;\"><span style=\"color: #000080; font-size: 16px;\">Exposition d\u2019esp\u00e8ces<\/span><\/td>\n<\/tr>\n<tr style=\"height: 24px;\">\n<td style=\"width: 5.18423%; height: 24px;\"><\/td>\n<td style=\"width: 5.24661%; height: 24px;\"><span style=\"color: #000080; font-size: 16px;\">20.00<\/span><\/td>\n<td style=\"width: 104.209%; height: 24px;\"><span style=\"color: #000080; font-size: 16px;\">D\u00eener de Gala avec animation<\/span><\/td>\n<\/tr>\n<tr style=\"height: 24px;\">\n<td style=\"width: 5.18423%; height: 24px;\"><\/td>\n<td style=\"width: 5.24661%; height: 24px;\"><\/td>\n<td style=\"width: 104.209%; height: 24px;\"><\/td>\n<\/tr>\n<tr style=\"height: 24px;\">\n<td style=\"width: 114.64%; height: 24px; background-color: #f5f5c6; text-align: center;\" colspan=\"3\"><span style=\"font-size: 16px;\"><em><strong><span style=\"color: #993366;\">Samedi, 2 NOVEMBRE de 2024<\/span><\/strong><\/em><\/span><\/td>\n<\/tr>\n<tr style=\"height: 24px;\">\n<td style=\"width: 5.18423%; height: 24px;\"><\/td>\n<td style=\"width: 5.24661%; height: 24px;\"><\/td>\n<td style=\"width: 104.209%; height: 24px;\"><span style=\"color: #000080; font-size: 16px;\">Petit d\u00e9jeuner<\/span><\/td>\n<\/tr>\n<\/tbody>\n<\/table>\n","protected":false},"excerpt":{"rendered":"<p>&lt;&lt;&lt; \u00a0PROGRAMME SCIENTIFIQUE L\u2019organisation du Congr\u00e8s mettra \u00e0 la disposition des congressistes 6 microscopes et 4 d\u00e9shydrateurs Dimanche, 27 OCTOBRE de 2024 15.00 19.00 R\u00e9ception des participants, avec remise de la documentation et installation du mat\u00e9riel de travail 19.30 R\u00e9ception de bienvenue. Vin d&#8217;honeur 20.30 D\u00eener Lundi, 28 OCTOBRE de 2024 07.00 08.00 Petit d\u00e9jeuner [&hellip;]<\/p>\n","protected":false},"author":2,"featured_media":0,"parent":0,"menu_order":0,"comment_status":"closed","ping_status":"closed","template":"","meta":{"footnotes":""},"class_list":["post-799","page","type-page","status-publish","hentry","post"],"_links":{"self":[{"href":"https:\/\/cemm24.somival.org\/index.php\/wp-json\/wp\/v2\/pages\/799","targetHints":{"allow":["GET"]}}],"collection":[{"href":"https:\/\/cemm24.somival.org\/index.php\/wp-json\/wp\/v2\/pages"}],"about":[{"href":"https:\/\/cemm24.somival.org\/index.php\/wp-json\/wp\/v2\/types\/page"}],"author":[{"embeddable":true,"href":"https:\/\/cemm24.somival.org\/index.php\/wp-json\/wp\/v2\/users\/2"}],"replies":[{"embeddable":true,"href":"https:\/\/cemm24.somival.org\/index.php\/wp-json\/wp\/v2\/comments?post=799"}],"version-history":[{"count":22,"href":"https:\/\/cemm24.somival.org\/index.php\/wp-json\/wp\/v2\/pages\/799\/revisions"}],"predecessor-version":[{"id":2770,"href":"https:\/\/cemm24.somival.org\/index.php\/wp-json\/wp\/v2\/pages\/799\/revisions\/2770"}],"wp:attachment":[{"href":"https:\/\/cemm24.somival.org\/index.php\/wp-json\/wp\/v2\/media?parent=799"}],"curies":[{"name":"wp","href":"https:\/\/api.w.org\/{rel}","templated":true}]}}