{"id":728,"date":"2024-02-16T08:53:20","date_gmt":"2024-02-16T08:53:20","guid":{"rendered":"https:\/\/cemm24.somival.org\/?page_id=728"},"modified":"2024-07-17T12:45:25","modified_gmt":"2024-07-17T12:45:25","slug":"congresopo","status":"publish","type":"page","link":"https:\/\/cemm24.somival.org\/index.php\/congresopo\/","title":{"rendered":"CongresoPO"},"content":{"rendered":"<table style=\"height: 25px; width: 500PX; border-collapse: collapse;\">\n<tbody>\n<tr style=\"height: 30px;\">\n<td style=\"width: 50px; height: 25px; text-align: center; vertical-align: bottom;\"><a href=\"https:\/\/cemm24.somival.org\/index.php\/opcionpo\/\"><span style=\"font-size: 19px; color: #008000;\"><strong><span style=\"color: #008000;\">&lt;&lt;&lt;<\/span><\/strong><\/span><\/a><\/td>\n<td style=\"height: 25px; width: 443px; vertical-align: top;\" colspan=\"2\"><span style=\"font-size: 19px;\"><strong><span style=\"color: #993366;\">\u00a0 \u00a0O CONGRESSO<\/span><\/strong><\/span><\/td>\n<\/tr>\n<\/tbody>\n<\/table>\n<p style=\"text-align: justify;\"><span style=\"font-size: 17px;\"><span style=\"color: #000080; font-family: georgia, palatino;\">O XXX Congresso da CONFEDERA\u00c7\u00c3O EUROPEIA DE MICOLOGIA MEDITERR\u00c2NEA (C.E.M.M. 2024) \u00e9 organizado pela Sociedade Valenciana de Micologia (SOMIVAL), que \u00e9 membro associado da CEMM.<\/span><\/span><\/p>\n<p style=\"text-align: justify;\"><span style=\"color: #000080; font-family: georgia, palatino; font-size: 17px;\">O congresso ter\u00e1 lugar de <strong>27 de outubro<\/strong> a <strong>2 de novembro<\/strong> de 2024 em Benic\u00e0ssim (Castell\u00f3n), uma pequena cidade com uma popula\u00e7\u00e3o de 19.951 habitantes, situada a 12 km de Castell\u00f3n e a 75 km de Val\u00eancia, onde se pode desfrutar da natureza, das montanhas e do mar.<\/span><\/p>\n<p style=\"text-align: justify;\"><span style=\"font-size: 17px; color: #000080;\">A recolha de taxa est\u00e1 planificada em tr\u00eas Parques Naturais: o Parque Natural da Serra de Espad\u00e1n, o Parque Natural do Deserto de las Palmas e o Parque Natural de Pe\u00f1agolosa. Estes parques s\u00e3o \u00e1reas micol\u00f3gicas naturais de refer\u00eancia na Comunidade Valenciana, de grande interesse devido \u00e0 sua especial e rica biodiversidade, e que re\u00fanem a maior e mais rica variedade de esp\u00e9cies de fungos em diferentes tipos de h\u00e1bitats.<\/span><\/p>\n<p style=\"text-align: justify;\"><span style=\"font-size: 17px;\"><span style=\"font-family: georgia, palatino; color: #000080;\">Este XXX Congresso da CEMM ser\u00e1 um encontro cient\u00edfico internacional, bem como um f\u00f3rum de investiga\u00e7\u00e3o, divulga\u00e7\u00e3o e estudo da micobiota das \u00e1reas de recolha. Adicionalmente, e de forma complementar, o XXX Congresso do CEMM ir\u00e1 destacar o rico patrim\u00f3nio cultural e hist\u00f3rico dos munic\u00edpios que est\u00e3o integrados nas actividades do Congresso<\/span><span style=\"color: #000080;\">.<\/span><\/span><\/p>\n<p style=\"text-align: justify;\"><span style=\"font-family: georgia, palatino; font-size: 17px;\"><strong><span style=\"color: #000080;\"><span style=\"color: #993366;\">&lt;&gt; HOSPEDAGEM:<\/span><\/span><\/strong><\/span><\/p>\n<p style=\"text-align: justify;\"><span style=\"color: #000080; font-family: georgia, palatino; font-size: 17px;\">Os participantes ficar\u00e3o alojados no <strong>Hotel Intelier Orange ****<\/strong> junto \u00e0 praia de Heli\u00f3polis. Esta praia de areia fina e dourada \u00e9 a mais extensa do concelho de Benicasim, com 3 quil\u00f3metros de comprimento, e foi galardoada com o pr\u00e9mio internacional da Bandeira Azul dos Mares da Europa e com o \u00abQ\u00bb de qualidade tur\u00edstica.<\/span><\/p>\n<p><span style=\"font-size: 17px; color: #000080;\">O hotel disp\u00f5e de quartos confort\u00e1veis e c\u00f3modos, est\u00e1 equipado com Wi-Fi em todo o edif\u00edcio e tem estacionamento exterior gratuito para os congressistas hospedados no hotel.<\/span><\/p>\n<p style=\"text-align: justify;\"><span style=\"color: #000080; font-family: georgia, palatino; font-size: 17px;\"><a href=\"https:\/\/www.intur.com\/hotel-orange-benicasim\/\">Hotel Intelier Orange<\/a> **** Benic\u00e0ssim &#8211; Castell\u00f3n (ESPA\u00d1A)<\/span><br \/>\n<span style=\"font-family: georgia, palatino; font-size: 17px;\"><span style=\"color: #000080;\">Avenida Gimeno Tom\u00e1s, 9<br \/>\n<\/span><span style=\"color: #000080;\">Benic\u00e0ssim &#8211; <\/span><span style=\"color: #000080;\">Castell\u00f3n (ESPA\u00d1A)<br \/>\nTel\u00e9fono: +34 964 394 400 &#8211; Email: orange@intelier.com<\/span><\/span><\/p>\n<p><span style=\"color: #993366; font-family: georgia, palatino; font-size: 17px;\"><strong>&lt;&gt; ORGANIZA\u00c7\u00c3O DO CONGRESSO:<\/strong><\/span><\/p>\n<p style=\"text-align: justify;\"><span style=\"font-size: 17px; color: #000080;\"><strong><span style=\"font-family: georgia, palatino;\">&lt;&gt; <span style=\"color: #808000;\">Comit\u00e9 cient\u00edfico<\/span><\/span><\/strong><span style=\"font-family: georgia, palatino;\">\u200b<br \/>\nRafael Mahiques Santandreu, Presidente.<br \/>\nAntonio Conca Ferr\u00fas, Coordinador.<br \/>\nJavier Marcos Martinez<br \/>\nSouhila Aouali<br \/>\nMaria Agut Monferrer<br \/>\nFrancisco Tejedor Jord\u00e1n<br \/>\nFrancisco Mart\u00ednez Tolosa<br \/>\n<\/span><\/span><span style=\"font-size: 17px; color: #000080;\"><span style=\"font-family: georgia, palatino;\">C\u00e1ndido Sos Escudero<\/span><span style=\"font-family: georgia, palatino;\"><br \/>\n<\/span><\/span><\/p>\n<p style=\"text-align: justify;\"><span style=\"font-size: 17px;\"><strong><span style=\"color: #000080;\">&lt;&gt; <span style=\"color: #808000;\">Comit\u00e9 organizador<br \/>\n<\/span><\/span><\/strong><span style=\"color: #000080;\">\u200bIgnacio Lerma Montero, Presidente de \u00a0SOMIVAL<\/span><\/span><br \/>\n<span style=\"font-size: 17px; color: #000080;\">Joaqu\u00edn Herrero Conejos<br \/>\nJos\u00e9 Luis Egeda Hern\u00e1ndez<br \/>\n<\/span><span style=\"font-size: 17px; color: #000080;\">Ignacio Tarazona Mart\u00ednez<br \/>\nCarmen Comeche Gin\u00e9s<\/span><br \/>\n<span style=\"font-size: 17px; color: #000080;\">Rafael Mar\u00edn Reina<\/span><br \/>\n<span style=\"font-size: 17px; color: #000080;\">Roberto \u00c1ngel Bermell Meli\u00e1<\/span><\/p>\n<p><span style=\"font-size: 17px;\"><strong><span style=\"font-family: georgia, palatino;\">&lt;&gt;<\/span><span style=\"font-family: georgia, palatino;\"> <span style=\"color: #808000;\">Secretar\u00eda del congreso<br \/>\n<\/span><\/span><\/strong><span style=\"color: #000080;\">SOCIEDAD MICOL\u00d3GICA VALENCIANA<br \/>\n<\/span><\/span><span style=\"font-size: 17px; color: #000080;\"><span style=\"color: #808000;\">Correio eletr\u00f3nico (para an\u00fancios e comunica\u00e7\u00f5es): <\/span>cemm.somival@gmail.com<br \/>\n<\/span><span style=\"font-size: 17px;\"><span style=\"color: #808000;\">Correio postal: <span style=\"color: #000080;\">SOCIEDAD MICOL\u00d3GICA VALENCIANA<br \/>\n<\/span><\/span><span style=\"color: #000080;\">calle Corredors n\u00ba 6, bajo, esquina posterior<\/span><\/span><br \/>\n<span style=\"font-size: 17px; color: #000080;\">c\u00f3digo postal 46003 VALENCIA (ESPA\u00d1A)<br \/>\n<\/span><span style=\"font-size: 17px;\"><span style=\"color: #808000;\">Web:<\/span> <a href=\"https:\/\/somival.org\/\">somival.org<\/a><\/span><\/p>\n<p><span style=\"color: #993366; font-family: georgia, palatino; font-size: 17px;\"><strong>&lt;&gt; COLABORA\u00c7\u00d5ES:<\/strong><br \/>\n<\/span><\/p>\n<table style=\"height: 10px; width: 78.8143%; border-collapse: collapse;\">\n<tbody>\n<tr style=\"height: 24px;\">\n<td style=\"width: 14.2584%; height: 10px;\"><img loading=\"lazy\" decoding=\"async\" class=\"aligncenter size-full wp-image-1119\" src=\"https:\/\/cemm24.somival.org\/wp-content\/uploads\/2024\/02\/Benicassim1-1.jpg\" alt=\"\" width=\"124\" height=\"50\" \/><\/td>\n<td style=\"width: 14.2584%; height: 10px;\"><img loading=\"lazy\" decoding=\"async\" class=\"aligncenter size-full wp-image-1595\" src=\"https:\/\/cemm24.somival.org\/wp-content\/uploads\/2024\/04\/Diputacion.jpg\" alt=\"\" width=\"124\" height=\"50\" \/><\/td>\n<td style=\"width: 14.2584%; height: 10px;\"><img loading=\"lazy\" decoding=\"async\" class=\"aligncenter size-full wp-image-1120\" src=\"https:\/\/cemm24.somival.org\/wp-content\/uploads\/2024\/02\/Turismo.jpg\" alt=\"\" width=\"113\" height=\"50\" \/><\/td>\n<td style=\"width: 14.2584%; height: 10px;\"><img loading=\"lazy\" decoding=\"async\" class=\"aligncenter size-full wp-image-1118\" src=\"https:\/\/cemm24.somival.org\/wp-content\/uploads\/2024\/02\/Asmicas.jpg\" alt=\"\" width=\"136\" height=\"50\" \/><\/td>\n<td style=\"width: 14.2584%; height: 10px;\"><span style=\"font-family: georgia, palatino;\"><img loading=\"lazy\" decoding=\"async\" class=\"aligncenter size-full wp-image-1597\" src=\"https:\/\/cemm24.somival.org\/wp-content\/uploads\/2024\/04\/Valengest.jpg\" alt=\"\" width=\"110\" height=\"50\" \/><\/span><\/td>\n<td style=\"width: 14.2584%; height: 10px;\"><span style=\"font-family: georgia, palatino;\">\u00a0<\/span><\/td>\n<td style=\"width: 14.2584%; text-align: center; vertical-align: middle; height: 10px;\"><span style=\"font-family: georgia, palatino;\">\u00a0<\/span><\/td>\n<\/tr>\n<\/tbody>\n<\/table>\n","protected":false},"excerpt":{"rendered":"<p>&lt;&lt;&lt; \u00a0 \u00a0O CONGRESSO O XXX Congresso da CONFEDERA\u00c7\u00c3O EUROPEIA DE MICOLOGIA MEDITERR\u00c2NEA (C.E.M.M. 2024) \u00e9 organizado pela Sociedade Valenciana de Micologia (SOMIVAL), que \u00e9 membro associado da CEMM. O congresso ter\u00e1 lugar de 27 de outubro a 2 de novembro de 2024 em Benic\u00e0ssim (Castell\u00f3n), uma pequena cidade com uma popula\u00e7\u00e3o de 19.951 habitantes, [&hellip;]<\/p>\n","protected":false},"author":2,"featured_media":0,"parent":0,"menu_order":0,"comment_status":"closed","ping_status":"closed","template":"","meta":{"footnotes":""},"class_list":["post-728","page","type-page","status-publish","hentry","post"],"_links":{"self":[{"href":"https:\/\/cemm24.somival.org\/index.php\/wp-json\/wp\/v2\/pages\/728","targetHints":{"allow":["GET"]}}],"collection":[{"href":"https:\/\/cemm24.somival.org\/index.php\/wp-json\/wp\/v2\/pages"}],"about":[{"href":"https:\/\/cemm24.somival.org\/index.php\/wp-json\/wp\/v2\/types\/page"}],"author":[{"embeddable":true,"href":"https:\/\/cemm24.somival.org\/index.php\/wp-json\/wp\/v2\/users\/2"}],"replies":[{"embeddable":true,"href":"https:\/\/cemm24.somival.org\/index.php\/wp-json\/wp\/v2\/comments?post=728"}],"version-history":[{"count":10,"href":"https:\/\/cemm24.somival.org\/index.php\/wp-json\/wp\/v2\/pages\/728\/revisions"}],"predecessor-version":[{"id":2718,"href":"https:\/\/cemm24.somival.org\/index.php\/wp-json\/wp\/v2\/pages\/728\/revisions\/2718"}],"wp:attachment":[{"href":"https:\/\/cemm24.somival.org\/index.php\/wp-json\/wp\/v2\/media?parent=728"}],"curies":[{"name":"wp","href":"https:\/\/api.w.org\/{rel}","templated":true}]}}