{"id":698,"date":"2024-02-15T21:19:30","date_gmt":"2024-02-15T21:19:30","guid":{"rendered":"https:\/\/cemm24.somival.org\/?page_id=698"},"modified":"2024-10-04T20:24:49","modified_gmt":"2024-10-04T20:24:49","slug":"programacca","status":"publish","type":"page","link":"https:\/\/cemm24.somival.org\/index.php\/programacca\/","title":{"rendered":"ProgramaCCA"},"content":{"rendered":"<table style=\"height: 25px; width: 500PX; border-collapse: collapse;\">\n<tbody>\n<tr style=\"height: 30px;\">\n<td style=\"width: 50px; height: 25px; text-align: center; vertical-align: bottom;\"><a href=\"https:\/\/cemm24.somival.org\/index.php\/opionca\/\"><span style=\"font-size: 19px; color: #008000;\"><strong><span style=\"color: #008000;\">&lt;&lt;&lt;<\/span><\/strong><\/span><\/a><\/td>\n<td style=\"height: 25px; width: 443px; vertical-align: top;\" colspan=\"2\"><span style=\"font-size: 19px;\"><strong><span style=\"color: #993366;\">\u00a0 PROGRAMA CIENT\u00cdFIC<\/span><\/strong><\/span><\/td>\n<\/tr>\n<\/tbody>\n<\/table>\n<p><span style=\"color: #000080; font-size: 16px;\">L&#8217;organitzaci\u00f3 del congr\u00e9s posar\u00e0 a la disposici\u00f3 dels congressistes 6 microscopis i 4 deshidratadores<\/span><\/p>\n<table style=\"border-collapse: collapse; width: 86.6507%; height: 1486px;\">\n<tbody>\n<tr style=\"height: 24px;\">\n<td style=\"width: 124.122%; height: 24px; background-color: #f5f5c6; text-align: center;\" colspan=\"3\"><span style=\"font-size: 16px;\"><em><strong><span style=\"color: #993366;\">Diumenge, 27 d&#8217;OCTUBRE de 2024<\/span><\/strong><\/em><\/span><\/td>\n<\/tr>\n<tr style=\"height: 24px;\">\n<td style=\"width: 5.18423%; height: 24px;\"><span style=\"color: #000080; font-size: 16px;\">15.00<\/span><\/td>\n<td style=\"width: 5.24661%; height: 24px;\"><span style=\"color: #000080; font-size: 16px;\">19.00<\/span><\/td>\n<td style=\"width: 113.691%; height: 24px;\"><span style=\"color: #000080; font-size: 16px;\">Lliurament de documentaci\u00f3 i instal\u00b7laci\u00f3 d&#8217;equips cient\u00edfics<\/span><\/td>\n<\/tr>\n<tr style=\"height: 24px;\">\n<td style=\"width: 5.18423%; height: 24px;\"><\/td>\n<td style=\"width: 5.24661%; height: 24px;\"><span style=\"color: #000080; font-size: 16px;\">19.30<\/span><\/td>\n<td style=\"width: 113.691%; height: 24px;\"><span style=\"color: #000080; font-size: 16px;\">Recepci\u00f3 de benvinguda. Vi d&#8217;honor<\/span><\/td>\n<\/tr>\n<tr style=\"height: 24px;\">\n<td style=\"width: 5.18423%; height: 23px;\"><\/td>\n<td style=\"width: 5.24661%; height: 23px;\"><span style=\"color: #000080; font-size: 16px;\">20.30<\/span><\/td>\n<td style=\"width: 113.691%; height: 23px;\"><span style=\"color: #000080; font-size: 16px;\">Sopar<\/span><\/td>\n<\/tr>\n<tr style=\"height: 24px;\">\n<td style=\"width: 5.18423%; height: 24px;\"><\/td>\n<td style=\"width: 5.24661%; height: 24px;\"><\/td>\n<td style=\"width: 113.691%; height: 24px;\"><\/td>\n<\/tr>\n<tr style=\"height: 24px;\">\n<td style=\"width: 124.122%; height: 24px; background-color: #f5f5c6; text-align: center;\" colspan=\"3\"><span style=\"font-size: 16px;\"><em><strong><span style=\"color: #993366;\">Dilluns, 28 d&#8217;OCTUBRE de 2024<\/span><\/strong><\/em><\/span><\/td>\n<\/tr>\n<tr style=\"height: 24px;\">\n<td style=\"width: 5.18423%; height: 24px;\"><span style=\"color: #000080; font-size: 16px;\">07.00<\/span><\/td>\n<td style=\"width: 5.24661%; height: 24px;\"><span style=\"color: #000080; font-size: 16px;\">08.00<\/span><\/td>\n<td style=\"width: 113.691%; height: 24px;\"><span style=\"color: #000080; font-size: 16px;\">Desdejuni<\/span><\/td>\n<\/tr>\n<tr style=\"height: 24px;\">\n<td style=\"width: 5.18423%; height: 24px;\"><\/td>\n<td style=\"width: 5.24661%; height: 24px;\"><span style=\"color: #000080; font-size: 16px;\">08.15<\/span><\/td>\n<td style=\"width: 113.691%; height: 24px;\"><span style=\"color: #000080; font-size: 16px;\">Eixida al camp<\/span><\/td>\n<\/tr>\n<tr style=\"height: 24px;\">\n<td style=\"width: 5.18423%; height: 24px;\"><\/td>\n<td style=\"width: 5.24661%; height: 24px;\"><span style=\"color: #000080; font-size: 16px;\">13.30<\/span><\/td>\n<td style=\"width: 113.691%; height: 24px;\"><span style=\"color: #000080; font-size: 16px;\">Lliurament de t\u00e0xons per a la catalogaci\u00f3<\/span><\/td>\n<\/tr>\n<tr style=\"height: 24px;\">\n<td style=\"width: 5.18423%; height: 24px;\"><\/td>\n<td style=\"width: 5.24661%; height: 24px;\"><span style=\"color: #000080; font-size: 16px;\">14.00<\/span><\/td>\n<td style=\"width: 113.691%; height: 24px;\"><span style=\"color: #000080; font-size: 16px;\">Dinar<\/span><\/td>\n<\/tr>\n<tr style=\"height: 24px;\">\n<td style=\"width: 5.18423%; height: 24px;\"><\/td>\n<td style=\"width: 5.24661%; height: 24px;\"><span style=\"color: #000080; font-size: 16px;\">16.00<\/span><\/td>\n<td style=\"width: 113.691%; height: 24px;\"><span style=\"color: #000080; font-size: 16px;\">Treball de laboratori i catalogaci\u00f3 d&#8217;esp\u00e8cies<\/span><\/td>\n<\/tr>\n<tr style=\"height: 24px;\">\n<td style=\"width: 5.18423%; height: 24px;\"><\/td>\n<td style=\"width: 5.24661%; height: 24px;\"><span style=\"color: #000080; font-size: 16px;\">18.30<\/span><\/td>\n<td style=\"width: 113.691%; height: 24px;\"><span style=\"color: #000080; font-size: 16px;\">Exposici\u00f3 d&#8217;esp\u00e8cies<\/span><\/td>\n<\/tr>\n<tr style=\"height: 24px;\">\n<td style=\"width: 5.18423%; height: 24px;\"><\/td>\n<td style=\"width: 5.24661%; height: 24px;\"><span style=\"color: #000080; font-size: 16px;\">19.00<\/span><\/td>\n<td style=\"width: 113.691%; height: 24px;\"><span style=\"color: #000080; font-size: 16px;\"><strong><span style=\"color: #993366;\">Confer\u00e8ncia<\/span><\/strong>\u00a0 &#8211; Ponent convidat: <span style=\"color: #993366;\"><strong>Rafael Mahiques Santandreu<\/strong><\/span> <strong><em>\u00abCortinaris poc citats als Mass\u00eds del Penyagolosa\u00bb<\/em><\/strong><\/span><\/td>\n<\/tr>\n<tr style=\"height: 24px;\">\n<td style=\"width: 5.18423%; height: 24px;\"><\/td>\n<td style=\"width: 5.24661%; height: 24px;\"><span style=\"color: #000080; font-size: 16px;\">20.30<\/span><\/td>\n<td style=\"width: 113.691%; height: 24px;\"><span style=\"color: #000080; font-size: 16px;\">Sopar<\/span><\/td>\n<\/tr>\n<tr style=\"height: 24px;\">\n<td style=\"width: 5.18423%; height: 24px;\"><\/td>\n<td style=\"width: 5.24661%; height: 24px;\"><span style=\"color: #000080; font-size: 16px;\">21.30<\/span><\/td>\n<td style=\"width: 113.691%; height: 24px;\"><span style=\"color: #000080; font-size: 16px;\">Reuni\u00f3 del Consell d&#8217;Administraci\u00f3 de la CEMM<\/span><\/td>\n<\/tr>\n<tr style=\"height: 24px;\">\n<td style=\"width: 124.122%; height: 24px;\" colspan=\"3\"><\/td>\n<\/tr>\n<tr style=\"height: 24px;\">\n<td style=\"width: 124.122%; height: 24px; background-color: #f5f5c6; text-align: center;\" colspan=\"3\"><span style=\"font-size: 16px;\"><em><strong><span style=\"color: #993366;\">Dimarts, 29 d&#8217;OCTUBRE de 2024<\/span><\/strong><\/em><\/span><\/td>\n<\/tr>\n<tr style=\"height: 24px;\">\n<td style=\"width: 5.18423%; height: 24px;\"><span style=\"color: #000080; font-size: 16px;\">07.00<\/span><\/td>\n<td style=\"width: 5.24661%; height: 24px;\"><span style=\"color: #000080; font-size: 16px;\">08.00<\/span><\/td>\n<td style=\"width: 113.691%; height: 24px;\"><span style=\"color: #000080; font-size: 16px;\">Desdejuni<\/span><\/td>\n<\/tr>\n<tr style=\"height: 24px;\">\n<td style=\"width: 5.18423%; height: 24px;\"><\/td>\n<td style=\"width: 5.24661%; height: 24px;\"><span style=\"color: #000080; font-size: 16px;\">08.15<\/span><\/td>\n<td style=\"width: 113.691%; height: 24px;\"><span style=\"color: #000080; font-size: 16px;\">Eixida al camp<\/span><\/td>\n<\/tr>\n<tr style=\"height: 23px;\">\n<td style=\"width: 5.18423%; height: 23px;\"><\/td>\n<td style=\"width: 5.24661%; height: 23px;\"><span style=\"color: #000080; font-size: 16px;\">13.30<\/span><\/td>\n<td style=\"width: 113.691%; height: 23px;\"><span style=\"color: #000080; font-size: 16px;\">Lliurament de t\u00e0xons per a la catalogaci\u00f3<\/span><\/td>\n<\/tr>\n<tr style=\"height: 24px;\">\n<td style=\"width: 5.18423%; height: 24px;\"><\/td>\n<td style=\"width: 5.24661%; height: 24px;\"><span style=\"color: #000080; font-size: 16px;\">14.00<\/span><\/td>\n<td style=\"width: 113.691%; height: 24px;\"><span style=\"color: #000080; font-size: 16px;\">Dinar<\/span><\/td>\n<\/tr>\n<tr style=\"height: 24px;\">\n<td style=\"width: 5.18423%; height: 24px;\"><\/td>\n<td style=\"width: 5.24661%; height: 24px;\"><span style=\"color: #000080; font-size: 16px;\">16.00<\/span><\/td>\n<td style=\"width: 113.691%; height: 24px;\"><span style=\"color: #000080; font-size: 16px;\">Treball de laboratori i catalogaci\u00f3 d&#8217;esp\u00e8cies<\/span><\/td>\n<\/tr>\n<tr>\n<td style=\"width: 5.18423%;\"><\/td>\n<td style=\"width: 5.24661%;\"><span style=\"color: #000080; font-size: 16px;\">18.00<\/span><\/td>\n<td style=\"width: 113.691%;\"><span style=\"color: #000080; font-size: 16px;\">Degustaci\u00f3 de pernil i licors de bolets<\/span><\/td>\n<\/tr>\n<tr style=\"height: 24px;\">\n<td style=\"width: 5.18423%; height: 24px;\"><\/td>\n<td style=\"width: 5.24661%; height: 24px;\"><span style=\"color: #000080; font-size: 16px;\">18.30<\/span><\/td>\n<td style=\"width: 113.691%; height: 24px;\"><span style=\"color: #000080; font-size: 16px;\">Exposici\u00f3 d&#8217;esp\u00e8cies<\/span><\/td>\n<\/tr>\n<tr style=\"height: 24px;\">\n<td style=\"width: 5.18423%; height: 24px;\"><\/td>\n<td style=\"width: 5.24661%; height: 24px;\"><span style=\"color: #000080; font-size: 16px;\">19.00<\/span><\/td>\n<td style=\"width: 113.691%; height: 24px;\"><span style=\"color: #000080; font-size: 16px;\"><strong><span style=\"color: #993366;\">Confer\u00e8ncia<\/span><\/strong> &#8211; Ponent convidat: <span style=\"color: #993366;\"><strong>Javier Marcos Mart\u00ednez<\/strong><\/span> &#8211; <strong><em>\u00abBoletales interesantes y poco conocidos en Espa\u00f1a\u00bb<\/em><\/strong><\/span><\/td>\n<\/tr>\n<tr style=\"height: 24px;\">\n<td style=\"width: 5.18423%; height: 24px;\"><\/td>\n<td style=\"width: 5.24661%; height: 24px;\"><span style=\"color: #000080; font-size: 16px;\">20.30<\/span><\/td>\n<td style=\"width: 113.691%; height: 24px;\"><span style=\"color: #000080; font-size: 16px;\">Sopar<\/span><\/td>\n<\/tr>\n<tr style=\"height: 24px;\">\n<td style=\"width: 5.18423%; height: 24px;\"><\/td>\n<td style=\"width: 5.24661%; height: 24px;\"><span style=\"color: #000080; font-size: 16px;\">21.30<\/span><\/td>\n<td style=\"width: 113.691%; height: 24px;\"><span style=\"color: #000080; font-size: 16px;\">Assemblea General de la CEMM<\/span><\/td>\n<\/tr>\n<tr style=\"height: 24px;\">\n<td style=\"width: 5.18423%; height: 24px;\"><\/td>\n<td style=\"width: 5.24661%; height: 24px;\"><\/td>\n<td style=\"width: 113.691%; height: 24px;\"><\/td>\n<\/tr>\n<tr style=\"height: 24px;\">\n<td style=\"width: 124.122%; height: 24px; background-color: #f5f5c6; text-align: center;\" colspan=\"3\"><span style=\"font-size: 16px;\"><em><strong><span style=\"color: #993366;\">Dimecres, 30 d&#8217;OCTUBRE de 2024<\/span><\/strong><\/em><\/span><\/td>\n<\/tr>\n<tr style=\"height: 24px;\">\n<td style=\"width: 5.18423%; height: 24px;\"><span style=\"color: #000080; font-size: 16px;\">07.00<\/span><\/td>\n<td style=\"width: 5.24661%; height: 24px;\"><span style=\"color: #000080; font-size: 16px;\">08.00<\/span><\/td>\n<td style=\"width: 113.691%; height: 24px;\"><span style=\"color: #000080; font-size: 16px;\">Desdejuni<\/span><\/td>\n<\/tr>\n<tr style=\"height: 24px;\">\n<td style=\"width: 5.18423%; height: 24px;\"><\/td>\n<td style=\"width: 5.24661%; height: 24px;\"><span style=\"color: #000080; font-size: 16px;\">08.15<\/span><\/td>\n<td style=\"width: 113.691%; height: 24px;\"><span style=\"color: #000080; font-size: 16px;\">Eixida al camp: <a href=\"https:\/\/visitpenyagolosa.com\/\" target=\"_blank\" rel=\"noopener\"><strong><em>San Joan de Penyagolosa<\/em><\/strong><\/a> <strong><em>\u00a0<\/em><\/strong>[\u00a0<a href=\"https:\/\/www.turismodecastellon.com\/es\/que-hacer\/cultura\/monumentos\/show\/103627\" target=\"_blank\" rel=\"noopener\"><strong>+<\/strong><\/a> ]\u00a0<\/span><\/td>\n<\/tr>\n<tr style=\"height: 24px;\">\n<td style=\"width: 5.18423%; height: 24px;\"><\/td>\n<td style=\"width: 5.24661%; height: 24px;\"><span style=\"color: #000080; font-size: 16px;\">13.30<\/span><\/td>\n<td style=\"width: 113.691%; height: 24px;\"><span style=\"color: #000080; font-size: 16px;\">Lliurament de t\u00e0xons per a la catalogaci\u00f3<\/span><\/td>\n<\/tr>\n<tr style=\"height: 24px;\">\n<td style=\"width: 5.18423%; height: 24px;\"><\/td>\n<td style=\"width: 5.24661%; height: 24px;\"><span style=\"color: #000080; font-size: 16px;\">14.00<\/span><\/td>\n<td style=\"width: 113.691%; height: 24px;\"><span style=\"color: #000080; font-size: 16px;\">Dinar Restaurant <a href=\"https:\/\/restaurantcasaramon.com\/\" target=\"_blank\" rel=\"noopener\"><strong><em>Casa Ram\u00f3n<\/em><\/strong><\/a> (Atzeneta del Maestrat) amb els altres participants<\/span><\/td>\n<\/tr>\n<tr style=\"height: 24px;\">\n<td style=\"width: 5.18423%; height: 24px;\"><\/td>\n<td style=\"width: 5.24661%; height: 24px;\"><span style=\"color: #000080; font-size: 16px;\">16.00<\/span><\/td>\n<td style=\"width: 113.691%; height: 24px;\"><span style=\"color: #000080; font-size: 16px;\">Tornada a l&#8217;hotel<\/span><\/td>\n<\/tr>\n<tr>\n<td style=\"width: 5.18423%;\"><\/td>\n<td style=\"width: 5.24661%;\"><span style=\"color: #000080; font-size: 16px;\">17.00<\/span><\/td>\n<td style=\"width: 113.691%;\"><span style=\"color: #000080; font-size: 16px;\">Lliurament de t\u00e0xons per a la catalogaci\u00f3<\/span><\/td>\n<\/tr>\n<tr style=\"height: 24px;\">\n<td style=\"width: 5.18423%; height: 24px;\"><\/td>\n<td style=\"width: 5.24661%; height: 24px;\"><span style=\"color: #000080; font-size: 16px;\">17.30<\/span><\/td>\n<td style=\"width: 113.691%; height: 24px;\"><span style=\"color: #000080; font-size: 16px;\">Treball de laboratori i catalogaci\u00f3 d&#8217;esp\u00e8cies<\/span><\/td>\n<\/tr>\n<tr style=\"height: 24px;\">\n<td style=\"width: 5.18423%; height: 24px;\"><\/td>\n<td style=\"width: 5.24661%; height: 24px;\"><span style=\"color: #000080; font-size: 16px;\">18.30<\/span><\/td>\n<td style=\"width: 113.691%; height: 24px;\"><span style=\"color: #000080; font-size: 16px;\">Exposici\u00f3 d&#8217;esp\u00e8cies<\/span><\/td>\n<\/tr>\n<tr style=\"height: 24px;\">\n<td style=\"width: 5.18423%; height: 24px;\"><\/td>\n<td style=\"width: 5.24661%; height: 24px;\"><span style=\"color: #000080; font-size: 16px;\">19.00<\/span><\/td>\n<td style=\"width: 113.691%; height: 24px;\"><span style=\"color: #000080; font-size: 16px;\"><strong><span style=\"color: #993366;\">Confer\u00e8ncia<\/span><\/strong> &#8211; Ponent convidat: <span style=\"color: #993366;\"><strong>Candido Sos Escudero<\/strong><\/span> &#8211; <em><strong>\u00abDiversidad f\u00fangica mediterranea &#8211; Castell\u00f3n\u00bb<\/strong>\u00a0<\/em><\/span><\/td>\n<\/tr>\n<tr style=\"height: 24px;\">\n<td style=\"width: 5.18423%; height: 24px;\"><\/td>\n<td style=\"width: 5.24661%; height: 24px;\"><span style=\"color: #000080; font-size: 16px;\">20.30<\/span><\/td>\n<td style=\"width: 113.691%; height: 24px;\"><span style=\"color: #000080; font-size: 16px;\"> Sopar<\/span><\/td>\n<\/tr>\n<tr style=\"height: 24px;\">\n<td style=\"width: 5.18423%; height: 24px;\"><\/td>\n<td style=\"width: 5.24661%; height: 24px;\"><\/td>\n<td style=\"width: 113.691%; height: 24px;\"><\/td>\n<\/tr>\n<tr style=\"height: 24px;\">\n<td style=\"width: 124.122%; height: 24px; background-color: #f5f5c6; text-align: center;\" colspan=\"3\"><span style=\"font-size: 16px;\"><em><strong><span style=\"color: #993366;\">Dijous, 31 d&#8217;OCTUBRE de 2024<\/span><\/strong><\/em><\/span><\/td>\n<\/tr>\n<tr style=\"height: 24px;\">\n<td style=\"width: 5.18423%; height: 24px;\"><span style=\"color: #000080; font-size: 16px;\">07.00<\/span><\/td>\n<td style=\"width: 5.24661%; height: 24px;\"><span style=\"color: #000080; font-size: 16px;\">08.00<\/span><\/td>\n<td style=\"width: 113.691%; height: 24px;\"><span style=\"color: #000080; font-size: 16px;\">Desdejuni<\/span><\/td>\n<\/tr>\n<tr style=\"height: 24px;\">\n<td style=\"width: 5.18423%; height: 24px;\"><\/td>\n<td style=\"width: 5.24661%; height: 24px;\"><span style=\"color: #000080; font-size: 16px;\">08.15<\/span><\/td>\n<td style=\"width: 113.691%; height: 24px;\"><span style=\"color: #000080; font-size: 16px;\">Eixida al camp <\/span><\/td>\n<\/tr>\n<tr style=\"height: 24px;\">\n<td style=\"width: 5.18423%; height: 24px;\"><\/td>\n<td style=\"width: 5.24661%; height: 24px;\"><span style=\"color: #000080; font-size: 16px;\">13.30<\/span><\/td>\n<td style=\"width: 113.691%; height: 24px;\"><span style=\"color: #000080; font-size: 16px;\">Lliurament de t\u00e0xons per a la catalogaci\u00f3<\/span><\/td>\n<\/tr>\n<tr style=\"height: 24px;\">\n<td style=\"width: 5.18423%; height: 24px;\"><\/td>\n<td style=\"width: 5.24661%; height: 24px;\"><span style=\"color: #000080; font-size: 16px;\">14.00<\/span><\/td>\n<td style=\"width: 113.691%; height: 24px;\"><span style=\"color: #000080; font-size: 16px;\">Dinar<\/span><\/td>\n<\/tr>\n<tr style=\"height: 24px;\">\n<td style=\"width: 5.18423%; height: 24px;\"><\/td>\n<td style=\"width: 5.24661%; height: 24px;\"><span style=\"color: #000080; font-size: 16px;\">16.00<\/span><\/td>\n<td style=\"width: 113.691%; height: 24px;\"><span style=\"color: #000080; font-size: 16px;\">Treball de laboratori i catalogaci\u00f3 d&#8217;esp\u00e8cies<\/span><\/td>\n<\/tr>\n<tr style=\"height: 24px;\">\n<td style=\"width: 5.18423%; height: 24px;\"><\/td>\n<td style=\"width: 5.24661%; height: 24px;\"><span style=\"color: #000080; font-size: 16px;\">18.30<\/span><\/td>\n<td style=\"width: 113.691%; height: 24px;\"><span style=\"color: #000080; font-size: 16px;\">Exposici\u00f3 d&#8217;esp\u00e8cies<\/span><\/td>\n<\/tr>\n<tr style=\"height: 24px;\">\n<td style=\"width: 5.18423%; height: 24px;\"><\/td>\n<td style=\"width: 5.24661%; height: 24px;\"><span style=\"color: #000080; font-size: 16px;\">19.00<\/span><\/td>\n<td style=\"width: 113.691%; height: 24px;\"><span style=\"color: #000080; font-size: 16px;\"><strong><span style=\"color: #993366;\">Confer\u00e8ncia<\/span><\/strong> &#8211; Ponent convidada: <span style=\"color: #993366;\"><strong>Souhila Aouali <\/strong><\/span>&#8211; <strong><em>\u00ab<\/em><em>Mycologie alg\u00e9rienne : que savons-nous aujourd\u2019hui? et que devrions-nous faire demain?\u00bb<\/em><\/strong><\/span><\/td>\n<\/tr>\n<tr style=\"height: 24px;\">\n<td style=\"width: 5.18423%; height: 24px;\"><\/td>\n<td style=\"width: 5.24661%; height: 24px;\"><span style=\"color: #000080; font-size: 16px;\">20.30<\/span><\/td>\n<td style=\"width: 113.691%; height: 24px;\"><span style=\"color: #000080; font-size: 16px;\">Sopar<\/span><\/td>\n<\/tr>\n<tr style=\"height: 24px;\">\n<td style=\"width: 5.18423%; height: 24px;\"><\/td>\n<td style=\"width: 5.24661%; height: 24px;\"><\/td>\n<td style=\"width: 113.691%; height: 24px;\"><\/td>\n<\/tr>\n<tr style=\"height: 24px;\">\n<td style=\"width: 124.122%; height: 24px; background-color: #f5f5c6; text-align: center;\" colspan=\"3\"><em><span style=\"font-size: 16px;\"><strong><span style=\"color: #993366;\">Divendres, 1 de NOVEMBRE de 2024<\/span><\/strong><\/span><\/em><\/td>\n<\/tr>\n<tr style=\"height: 24px;\">\n<td style=\"width: 5.18423%; height: 24px;\"><span style=\"color: #000080; font-size: 16px;\">07.00<\/span><\/td>\n<td style=\"width: 5.24661%; height: 24px;\"><span style=\"color: #000080; font-size: 16px;\">08.00<\/span><\/td>\n<td style=\"width: 113.691%; height: 24px;\"><span style=\"color: #000080; font-size: 16px;\">Desdejuni<\/span><\/td>\n<\/tr>\n<tr style=\"height: 24px;\">\n<td style=\"width: 5.18423%; height: 24px;\"><\/td>\n<td style=\"width: 5.24661%; height: 24px;\"><span style=\"color: #000080; font-size: 16px;\">08.15<\/span><\/td>\n<td style=\"width: 113.691%; height: 24px;\"><span style=\"color: #000080; font-size: 16px;\">Eixida al camp<\/span><\/td>\n<\/tr>\n<tr style=\"height: 24px;\">\n<td style=\"width: 5.18423%; height: 24px;\"><\/td>\n<td style=\"width: 5.24661%; height: 24px;\"><span style=\"color: #000080; font-size: 16px;\">13.30<\/span><\/td>\n<td style=\"width: 113.691%; height: 24px;\"><span style=\"color: #000080; font-size: 16px;\">Lliurament de t\u00e0xons per a la catalogaci\u00f3<\/span><\/td>\n<\/tr>\n<tr style=\"height: 24px;\">\n<td style=\"width: 5.18423%; height: 24px;\"><\/td>\n<td style=\"width: 5.24661%; height: 24px;\"><span style=\"color: #000080; font-size: 16px;\">14.00<\/span><\/td>\n<td style=\"width: 113.691%; height: 24px;\"><span style=\"color: #000080; font-size: 16px;\">Dinar<\/span><\/td>\n<\/tr>\n<tr style=\"height: 24px;\">\n<td style=\"width: 5.18423%; height: 24px;\"><\/td>\n<td style=\"width: 5.24661%; height: 24px;\"><span style=\"color: #000080; font-size: 16px;\">16.00<\/span><\/td>\n<td style=\"width: 113.691%; height: 24px;\"><span style=\"color: #000080; font-size: 16px;\">Treball de laboratori i catalogaci\u00f3 d&#8217;esp\u00e8cies<\/span><\/td>\n<\/tr>\n<tr style=\"height: 24px;\">\n<td style=\"width: 5.18423%; height: 24px;\"><\/td>\n<td style=\"width: 5.24661%; height: 24px;\"><span style=\"color: #000080; font-size: 16px;\">16.00<\/span><\/td>\n<td style=\"width: 113.691%; height: 24px;\"><span style=\"font-size: 16px;\"><strong><span style=\"color: #000080;\"><span style=\"color: #993366;\">\u201cSimposi Micol\u00f2gic\u201d<\/span>: Presentaci\u00f3 orals o en p\u00f2ster<\/span><\/strong><\/span><\/td>\n<\/tr>\n<tr style=\"height: 24px;\">\n<td style=\"width: 5.18423%; height: 24px;\"><\/td>\n<td style=\"width: 5.24661%; height: 24px;\"><span style=\"color: #000080; font-size: 16px;\">17.00<\/span><\/td>\n<td style=\"width: 113.691%; height: 24px;\"><span style=\"font-size: 16px; color: #003366;\">Visita Cellers Carmelit\u00e0. Primera sortida<\/span><\/td>\n<\/tr>\n<tr style=\"height: 24px;\">\n<td style=\"width: 5.18423%; height: 24px;\"><\/td>\n<td style=\"width: 5.24661%; height: 24px;\"><span style=\"color: #000080; font-size: 16px;\">17.30<\/span><\/td>\n<td style=\"width: 113.691%; height: 24px;\"><span style=\"font-size: 16px;\"><span style=\"color: #000080;\"><span style=\"color: #993366;\"><span style=\"font-size: 16px; color: #003366;\">Visita Cellers Carmelit\u00e0. Segona sortida<\/span><\/span><\/span><\/span><\/td>\n<\/tr>\n<tr style=\"height: 24px;\">\n<td style=\"width: 5.18423%; height: 24px;\"><\/td>\n<td style=\"width: 5.24661%; height: 24px;\"><span style=\"color: #000080; font-size: 16px;\">18.30\u00a0<\/span><\/td>\n<td style=\"width: 113.691%; height: 24px;\"><span style=\"color: #000080; font-size: 16px;\">Exposici\u00f3 d&#8217;esp\u00e8cies<\/span><\/td>\n<\/tr>\n<tr style=\"height: 24px;\">\n<td style=\"width: 5.18423%; height: 24px;\"><\/td>\n<td style=\"width: 5.24661%; height: 24px;\"><span style=\"color: #000080; font-size: 16px;\">20.30<\/span><\/td>\n<td style=\"width: 113.691%; height: 24px;\"><span style=\"color: #000080; font-size: 16px;\">Sopar de Gala amb animaci\u00f3<\/span><\/td>\n<\/tr>\n<tr style=\"height: 24px;\">\n<td style=\"width: 5.18423%; height: 24px;\"><\/td>\n<td style=\"width: 5.24661%; height: 24px;\"><\/td>\n<td style=\"width: 113.691%; height: 24px;\"><\/td>\n<\/tr>\n<tr style=\"height: 24px;\">\n<td style=\"width: 124.122%; height: 24px; background-color: #f5f5c6; text-align: center;\" colspan=\"3\"><em><span style=\"font-size: 16px;\"><strong><span style=\"color: #993366;\">Dissabte, 2 de NOVEMBRE de 2024<\/span><\/strong><\/span><\/em><\/td>\n<\/tr>\n<tr style=\"height: 24px;\">\n<td style=\"width: 5.18423%; height: 24px;\"><\/td>\n<td style=\"width: 5.24661%; height: 24px;\"><\/td>\n<td style=\"width: 113.691%; height: 24px;\"><span style=\"color: #000080; font-size: 16px;\">Desdejuni<\/span><\/td>\n<\/tr>\n<\/tbody>\n<\/table>\n","protected":false},"excerpt":{"rendered":"<p>&lt;&lt;&lt; \u00a0 PROGRAMA CIENT\u00cdFIC L&#8217;organitzaci\u00f3 del congr\u00e9s posar\u00e0 a la disposici\u00f3 dels congressistes 6 microscopis i 4 deshidratadores Diumenge, 27 d&#8217;OCTUBRE de 2024 15.00 19.00 Lliurament de documentaci\u00f3 i instal\u00b7laci\u00f3 d&#8217;equips cient\u00edfics 19.30 Recepci\u00f3 de benvinguda. Vi d&#8217;honor 20.30 Sopar Dilluns, 28 d&#8217;OCTUBRE de 2024 07.00 08.00 Desdejuni 08.15 Eixida al camp 13.30 Lliurament de [&hellip;]<\/p>\n","protected":false},"author":2,"featured_media":0,"parent":0,"menu_order":0,"comment_status":"closed","ping_status":"closed","template":"","meta":{"footnotes":""},"class_list":["post-698","page","type-page","status-publish","hentry","post"],"_links":{"self":[{"href":"https:\/\/cemm24.somival.org\/index.php\/wp-json\/wp\/v2\/pages\/698","targetHints":{"allow":["GET"]}}],"collection":[{"href":"https:\/\/cemm24.somival.org\/index.php\/wp-json\/wp\/v2\/pages"}],"about":[{"href":"https:\/\/cemm24.somival.org\/index.php\/wp-json\/wp\/v2\/types\/page"}],"author":[{"embeddable":true,"href":"https:\/\/cemm24.somival.org\/index.php\/wp-json\/wp\/v2\/users\/2"}],"replies":[{"embeddable":true,"href":"https:\/\/cemm24.somival.org\/index.php\/wp-json\/wp\/v2\/comments?post=698"}],"version-history":[{"count":32,"href":"https:\/\/cemm24.somival.org\/index.php\/wp-json\/wp\/v2\/pages\/698\/revisions"}],"predecessor-version":[{"id":2765,"href":"https:\/\/cemm24.somival.org\/index.php\/wp-json\/wp\/v2\/pages\/698\/revisions\/2765"}],"wp:attachment":[{"href":"https:\/\/cemm24.somival.org\/index.php\/wp-json\/wp\/v2\/media?parent=698"}],"curies":[{"name":"wp","href":"https:\/\/api.w.org\/{rel}","templated":true}]}}