{"id":474,"date":"2024-02-08T15:29:04","date_gmt":"2024-02-08T15:29:04","guid":{"rendered":"https:\/\/cemm24.somival.org\/?page_id=474"},"modified":"2024-11-30T15:49:19","modified_gmt":"2024-11-30T15:49:19","slug":"programaaces","status":"publish","type":"page","link":"https:\/\/cemm24.somival.org\/index.php\/programaaces\/","title":{"rendered":"ProgramaAEs"},"content":{"rendered":"<table style=\"height: 25px; width: 500PX; border-collapse: collapse;\">\n<tbody>\n<tr style=\"height: 30px;\">\n<td style=\"width: 50px; height: 25px; text-align: center; vertical-align: bottom;\"><a href=\"https:\/\/cemm24.somival.org\/index.php\/opciones\/\"><span style=\"font-size: 19px; color: #008000;\"><strong><span style=\"color: #008000;\">&lt;&lt;&lt;<\/span><\/strong><\/span><\/a><\/td>\n<td style=\"height: 25px; width: 443px; vertical-align: top;\" colspan=\"2\"><span style=\"font-size: 19px;\"><strong><span style=\"color: #993366;\">\u00a0 PROGRAMA ACOMPA\u00d1ANTES<\/span><\/strong><\/span><\/td>\n<\/tr>\n<\/tbody>\n<\/table>\n<table style=\"border-collapse: collapse; width: 100%; height: 10px;\">\n<tbody>\n<tr style=\"height: 10px;\">\n<td style=\"width: 8.87939%; height: 10px;\"><img loading=\"lazy\" decoding=\"async\" class=\"alignleft size-full wp-image-1595\" src=\"https:\/\/cemm24.somival.org\/wp-content\/uploads\/2024\/04\/Diputacion.jpg\" alt=\"\" width=\"124\" height=\"50\" \/><\/td>\n<td style=\"width: 91.1206%; vertical-align: top; height: 10px;\"><span style=\"color: #000080;\">\u00a0 \u00a0La Diputaci\u00f3 de Castell\u00f3 subvenciona el alquiler de los autobuses para los distintos desplazamientos<\/span><\/td>\n<\/tr>\n<\/tbody>\n<\/table>\n<table style=\"border-collapse: collapse; width: 89.0265%; height: 1242px;\">\n<tbody>\n<tr style=\"height: 24px;\">\n<td style=\"width: 115.823%; height: 24px; background-color: #f5f5c6; text-align: center;\" colspan=\"3\"><em><strong><span style=\"color: #993366;\">Domingo, 27 OCTUBRE de 2024<\/span><\/strong><\/em><\/td>\n<\/tr>\n<tr style=\"height: 24px;\">\n<td style=\"width: 5.73149%; height: 24px;\"><span style=\"color: #000080;\">15.00<\/span><\/td>\n<td style=\"width: 5.88719%; height: 24px;\"><span style=\"color: #000080;\">19.00<\/span><\/td>\n<td style=\"width: 104.204%; height: 24px;\"><span style=\"color: #000080;\">Recepci\u00f3n de los participantes, con entrega de documentaci\u00f3n<\/span><\/td>\n<\/tr>\n<tr style=\"height: 24px;\">\n<td style=\"width: 5.73149%; height: 24px;\"><\/td>\n<td style=\"width: 5.88719%; height: 24px;\"><span style=\"color: #000080;\">19.30<\/span><\/td>\n<td style=\"width: 104.204%; height: 24px;\"><span style=\"color: #000080;\">Recepci\u00f3n de bienvenida. Vino de honor<\/span><\/td>\n<\/tr>\n<tr style=\"height: 24px;\">\n<td style=\"width: 5.73149%; height: 24px;\"><\/td>\n<td style=\"width: 5.88719%; height: 24px;\"><span style=\"color: #000080;\">20.30<\/span><\/td>\n<td style=\"width: 104.204%; height: 24px;\"><span style=\"color: #000080;\">Cena<\/span><\/td>\n<\/tr>\n<tr style=\"height: 24px;\">\n<td style=\"width: 5.73149%; height: 24px;\"><\/td>\n<td style=\"width: 5.88719%; height: 24px;\"><\/td>\n<td style=\"width: 104.204%; height: 24px;\"><\/td>\n<\/tr>\n<tr style=\"height: 24px;\">\n<td style=\"width: 115.823%; height: 24px; background-color: #f5f5c6; text-align: center;\" colspan=\"3\"><em><strong><span style=\"color: #993366;\">Lunes, 28 OCTUBRE de 2024<\/span><\/strong><\/em><\/td>\n<\/tr>\n<tr style=\"height: 24px;\">\n<td style=\"width: 5.73149%; height: 24px;\"><span style=\"color: #000080;\">07.00<\/span><\/td>\n<td style=\"width: 5.88719%; height: 24px;\"><span style=\"color: #000080;\">08.00<\/span><\/td>\n<td style=\"width: 104.204%; height: 24px;\"><span style=\"color: #000080;\">Desayuno<\/span><\/td>\n<\/tr>\n<tr style=\"height: 24px;\">\n<td style=\"width: 5.73149%; height: 24px;\"><\/td>\n<td style=\"width: 5.88719%; height: 24px;\"><span style=\"color: #000080;\">08.30<\/span><\/td>\n<td style=\"width: 104.204%; height: 24px;\"><strong><em><span style=\"color: #000080;\">Visita a la ciudad de <a href=\"https:\/\/www.peniscola.org\/\" target=\"_blank\" rel=\"noopener\">Pe\u00f1\u00edscola<\/a>\u00a0<\/span><\/em><\/strong><\/td>\n<\/tr>\n<tr style=\"height: 24px;\">\n<td style=\"width: 5.73149%; height: 24px;\"><\/td>\n<td style=\"width: 5.88719%; height: 24px;\"><span style=\"color: #000080;\">14.00<\/span><\/td>\n<td style=\"width: 104.204%; height: 24px;\"><span style=\"color: #000080;\">Comida Hotel Orange<\/span><\/td>\n<\/tr>\n<tr style=\"height: 24px;\">\n<td style=\"width: 5.73149%; height: 24px;\"><\/td>\n<td style=\"width: 5.88719%; height: 24px;\"><span style=\"color: #000080;\">18.30<\/span><\/td>\n<td style=\"width: 104.204%; height: 24px;\"><span style=\"color: #000080;\">Exposici\u00f3n de especies<\/span><\/td>\n<\/tr>\n<tr style=\"height: 17px;\">\n<td style=\"width: 5.73149%; height: 17px;\"><\/td>\n<td style=\"width: 5.88719%; height: 17px;\"><span style=\"color: #000080;\">19.00<\/span><\/td>\n<td style=\"width: 104.204%; height: 17px;\"><span style=\"color: #000080;\"><strong><span style=\"color: #993366;\">Conferencia<\/span><\/strong>\u00a0 &#8211; Orador invitado: <span style=\"color: #993366;\"><strong>Rafael Mahiques Santandreu <span style=\"color: #000080;\"><em>\u00abCortinaris poc citats als Mass\u00eds del Penyagolosa\u00bb<\/em><\/span><\/strong><\/span><\/span><\/td>\n<\/tr>\n<tr style=\"height: 24px;\">\n<td style=\"width: 5.73149%; height: 22px;\"><\/td>\n<td style=\"width: 5.88719%; height: 22px;\"><span style=\"color: #000080;\">20.30<\/span><\/td>\n<td style=\"width: 104.204%; height: 22px;\"><span style=\"color: #000080;\">Cena<\/span><\/td>\n<\/tr>\n<tr style=\"height: 24px;\">\n<td style=\"width: 115.823%; height: 24px;\" colspan=\"3\"><\/td>\n<\/tr>\n<tr style=\"height: 24px;\">\n<td style=\"width: 115.823%; height: 24px; background-color: #f5f5c6; text-align: center;\" colspan=\"3\"><em><strong><span style=\"color: #993366;\">Martes, 29 OCTUBRE de 2024<\/span><\/strong><\/em><\/td>\n<\/tr>\n<tr style=\"height: 24px;\">\n<td style=\"width: 5.73149%; height: 24px;\"><span style=\"color: #000080;\">07.00<\/span><\/td>\n<td style=\"width: 5.88719%; height: 24px;\"><span style=\"color: #000080;\">08.00<\/span><\/td>\n<td style=\"width: 104.204%; height: 24px;\"><span style=\"color: #000080;\">Desayuno<\/span><\/td>\n<\/tr>\n<tr style=\"height: 24px;\">\n<td style=\"width: 5.73149%; height: 24px;\"><span style=\"color: #000080;\">\u00a0<\/span><\/td>\n<td style=\"width: 5.88719%; height: 24px;\"><span style=\"color: #000080;\">08.30<\/span><\/td>\n<td style=\"width: 104.204%; height: 24px;\"><span style=\"color: #000080;\"><strong><em>Salida\u00a0 y visita de las Cuevas de San Jos\u00e9 en Vall d&#8217;Uixo<\/em><\/strong><\/span><\/td>\n<\/tr>\n<tr style=\"height: 24px;\">\n<td style=\"width: 5.73149%; height: 24px;\"><\/td>\n<td style=\"width: 5.88719%; height: 24px;\"><span style=\"color: #000080;\">11.00<\/span><\/td>\n<td style=\"width: 104.204%; height: 24px;\"><em><strong><span style=\"color: #000080;\">Traslado\u00a0 y visita a <a href=\"https:\/\/vilafames.org\/\" target=\"_blank\" rel=\"noopener\">Villafam\u00e9s<\/a>\u00a0 \u00a0<\/span><\/strong><\/em><span style=\"color: #000080;\"><a style=\"color: #000080;\" href=\"https:\/\/vilafames.org\/\" target=\"_blank\" rel=\"noopener\">[<\/a>\u00a0 <em><a href=\"https:\/\/www.youtube.com\/watch?v=xIjw4GLevag\" target=\"_blank\" rel=\"noopener\"><strong>Video<\/strong><\/a><\/em> \u00a0<a style=\"color: #000080;\" href=\"https:\/\/vilafames.org\/\" target=\"_blank\" rel=\"noopener\">]\u00a0<\/a><\/span><\/td>\n<\/tr>\n<tr style=\"height: 24px;\">\n<td style=\"width: 5.73149%; height: 24px;\"><\/td>\n<td style=\"width: 5.88719%; height: 24px;\"><span style=\"color: #000080;\">14.00<\/span><\/td>\n<td style=\"width: 104.204%; height: 24px;\"><span style=\"color: #000080;\">Comida Hotel Orange \u00a0<\/span><\/td>\n<\/tr>\n<tr style=\"height: 24px;\">\n<td style=\"width: 5.73149%; height: 24px;\"><\/td>\n<td style=\"width: 5.88719%; height: 24px;\"><span style=\"color: #000080;\">18.00<\/span><\/td>\n<td style=\"width: 104.204%; height: 24px;\"><span style=\"color: #000080;\"><strong><em>Degustaci\u00f3n de jam\u00f3n y licores de setas<\/em><\/strong><\/span><\/td>\n<\/tr>\n<tr style=\"height: 24px;\">\n<td style=\"width: 5.73149%; height: 24px;\"><\/td>\n<td style=\"width: 5.88719%; height: 24px;\"><span style=\"color: #000080;\">18.30<\/span><\/td>\n<td style=\"width: 104.204%; height: 24px;\"><span style=\"color: #000080;\">Exposici\u00f3n de especies<\/span><\/td>\n<\/tr>\n<tr style=\"height: 24px;\">\n<td style=\"width: 5.73149%; height: 24px;\"><\/td>\n<td style=\"width: 5.88719%; height: 24px;\"><span style=\"color: #000080;\">19.00<\/span><\/td>\n<td style=\"width: 104.204%; height: 24px;\"><span style=\"color: #000080;\"><strong><span style=\"color: #993366;\">Conferencia &#8211; <\/span><\/strong>Orador invitado<strong><span style=\"color: #993366;\">: Javier Marcos Mart\u00ednez\u00a0<span style=\"color: #000080;\"><em>\u00abBoletales interesantes y poco conocidos en Espa\u00f1a\u00bb<\/em><\/span><\/span><\/strong><\/span><\/td>\n<\/tr>\n<tr style=\"height: 24px;\">\n<td style=\"width: 5.73149%; height: 24px;\"><\/td>\n<td style=\"width: 5.88719%; height: 24px;\"><span style=\"color: #000080;\">20.30<\/span><\/td>\n<td style=\"width: 104.204%; height: 24px;\"><span style=\"color: #000080;\">Cena<\/span><\/td>\n<\/tr>\n<tr style=\"height: 24px;\">\n<td style=\"width: 5.73149%; height: 24px;\"><\/td>\n<td style=\"width: 5.88719%; height: 24px;\"><\/td>\n<td style=\"width: 104.204%; height: 24px;\"><\/td>\n<\/tr>\n<tr style=\"height: 24px;\">\n<td style=\"width: 115.823%; height: 24px; background-color: #f5f5c6; text-align: center;\" colspan=\"3\"><em><strong><span style=\"color: #993366;\">Mi\u00e9rcoles, 30 OCTUBRE de 2024<\/span><\/strong><\/em><\/td>\n<\/tr>\n<tr style=\"height: 24px;\">\n<td style=\"width: 5.73149%; height: 24px;\"><span style=\"color: #000080;\">07.00<\/span><\/td>\n<td style=\"width: 5.88719%; height: 24px;\"><span style=\"color: #000080;\">08.00<\/span><\/td>\n<td style=\"width: 104.204%; height: 24px;\"><span style=\"color: #000080;\">Desayuno<\/span><\/td>\n<\/tr>\n<tr style=\"height: 24px;\">\n<td style=\"width: 5.73149%; height: 24px;\"><\/td>\n<td style=\"width: 5.88719%; height: 24px;\"><span style=\"color: #000080;\">08.15<\/span><\/td>\n<td style=\"width: 104.204%; height: 24px;\"><span style=\"color: #000080;\"><strong><em>Salida\u00a0 y visita Parque Natural de\u00a0 S<a href=\"https:\/\/visitpenyagolosa.com\/\" target=\"_blank\" rel=\"noopener\">an Joan de Penyagolosa<\/a> <\/em><span style=\"color: #000080;\">\u00a0[\u00a0 <span style=\"font-size: 18px;\"><a href=\"https:\/\/www.turismodecastellon.com\/es\/que-hacer\/cultura\/monumentos\/show\/103627\" target=\"_blank\" rel=\"noopener\">+<\/a><\/span>\u00a0 ]<\/span><\/strong>\u00a0<\/span><\/td>\n<\/tr>\n<tr style=\"height: 24px;\">\n<td style=\"width: 5.73149%; height: 24px;\"><\/td>\n<td style=\"width: 5.88719%; height: 24px;\"><span style=\"color: #000080;\">14.00<\/span><\/td>\n<td style=\"width: 104.204%; height: 24px;\"><span style=\"color: #000080;\">Comida Restaurante\u00a0 <strong>\u00ab<\/strong><a href=\"https:\/\/restaurantcasaramon.com\/\" target=\"_blank\" rel=\"noopener\"><strong><em>Casa Ram\u00f3n<\/em><\/strong><\/a><strong>\u00bb <\/strong><span style=\"color: #000080;\">(<em>A<\/em>tzeneta Del Maestrat<\/span><a href=\"https:\/\/restaurantcasaramon.com\/\" target=\"_blank\" rel=\"noopener\">)<\/a> con los dem\u00e1s participantes<\/span><\/td>\n<\/tr>\n<tr style=\"height: 24px;\">\n<td style=\"width: 5.73149%; height: 24px;\"><\/td>\n<td style=\"width: 5.88719%; height: 24px;\"><span style=\"color: #000080;\">16.00<\/span><\/td>\n<td style=\"width: 104.204%; height: 24px;\"><span style=\"color: #000080;\">Regreso al Hotel<\/span><\/td>\n<\/tr>\n<tr>\n<td style=\"width: 5.73149%;\"><\/td>\n<td style=\"width: 5.88719%;\"><span style=\"color: #000080;\">18.30<\/span><\/td>\n<td style=\"width: 104.204%;\"><span style=\"color: #000080;\">Exposici\u00f3n de especies<\/span><\/td>\n<\/tr>\n<tr style=\"height: 24px;\">\n<td style=\"width: 5.73149%; height: 24px;\"><\/td>\n<td style=\"width: 5.88719%; height: 24px;\"><span style=\"color: #000080;\">19.00<\/span><\/td>\n<td style=\"width: 104.204%; height: 24px;\"><span style=\"color: #000080;\"><strong><span style=\"color: #993366;\">Conferencia<\/span> <\/strong>&#8211; Orador invitado: <span style=\"color: #993366;\"><strong><span style=\"color: #993366;\">C\u00e1ndido Sos Escudero<\/span> <span style=\"color: #000080;\"><em>\u00abDiversidad f\u00fangica mediterr\u00e1nea &#8211; Castell\u00f3n\u00bb<\/em><\/span><\/strong><\/span><\/span><\/td>\n<\/tr>\n<tr style=\"height: 24px;\">\n<td style=\"width: 5.73149%; height: 24px;\"><\/td>\n<td style=\"width: 5.88719%; height: 24px;\"><span style=\"color: #000080;\">20.30<\/span><\/td>\n<td style=\"width: 104.204%; height: 24px;\"><span style=\"color: #000080;\">\u00a0Cena<\/span><\/td>\n<\/tr>\n<tr style=\"height: 24px;\">\n<td style=\"width: 5.73149%; height: 24px;\"><\/td>\n<td style=\"width: 5.88719%; height: 24px;\"><\/td>\n<td style=\"width: 104.204%; height: 24px;\"><\/td>\n<\/tr>\n<tr style=\"height: 24px;\">\n<td style=\"width: 115.823%; height: 24px; background-color: #f5f5c6; text-align: center;\" colspan=\"3\"><em><strong><span style=\"color: #993366;\">Jueves, 31 OCTUBRE de 2024<\/span><\/strong><\/em><\/td>\n<\/tr>\n<tr style=\"height: 24px;\">\n<td style=\"width: 5.73149%; height: 24px;\"><span style=\"color: #000080;\">07.00<\/span><\/td>\n<td style=\"width: 5.88719%; height: 24px;\"><span style=\"color: #000080;\">08.00<\/span><\/td>\n<td style=\"width: 104.204%; height: 24px;\"><span style=\"color: #000080;\">Desayuno.<\/span><\/td>\n<\/tr>\n<tr style=\"height: 51px;\">\n<td style=\"width: 5.73149%; height: 51px;\"><span style=\"color: #000080;\">\u00a0<\/span><\/td>\n<td style=\"width: 5.88719%; height: 51px;\"><span style=\"color: #000080;\">08.15<\/span><\/td>\n<td style=\"width: 104.204%; height: 51px;\"><span style=\"color: #000080;\"><em><strong>Salida a Valencia:<\/strong> <a href=\"https:\/\/www.visitvalencia.com\/que-ver-valencia\/que-visitar-en-valencia?_gl=1*t6dqyf*_ga*MzgyMTY0NzY0LjE3MTM4OTA3MDI.*_ga_5GF4KQGLVT*MTcxMzg5MDcwMC4xLjEuMTcxMzg5MDk5NS41MC4wLjA.*_ga_F2G2S43J3C*MTcxMzg5MDcwMC4xLjEuMTcxMzg5MDk5NS41MS4wLjY3NDc0NjQ5Mw..*_gcl_au*OTgwMDA2MTMwLjE3MTM4OTA3MDQ.\" target=\"_blank\" rel=\"noopener\"><strong>Visita a la ciudad de Valencia<\/strong><\/a>\u00a0 <\/em><strong>[ \u00a0<a href=\"http:\/\/valencia.es\" target=\"_blank\" rel=\"noopener\"><span style=\"font-size: 18px;\">+<\/span><\/a> \u00a0] <\/strong><em><strong>\u2013 Parte hist\u00f3rica y Ciudad Artes y Ciencias<\/strong><\/em><\/span><span style=\"color: #000080;\"><br \/>\n<\/span><\/td>\n<\/tr>\n<tr style=\"height: 24px;\">\n<td style=\"width: 5.73149%; height: 24px;\"><span style=\"color: #000080;\">\u00a0<\/span><\/td>\n<td style=\"width: 5.88719%; height: 24px;\"><span style=\"color: #000080;\">13.30<\/span><\/td>\n<td style=\"width: 104.204%; height: 24px;\"><span style=\"color: #000080;\">Comida Restaurante\u00a0 <strong>\u00ab<em><a href=\"https:\/\/www.casaclemencia.es\/\" target=\"_blank\" rel=\"noopener\">Casa Clemencia<\/a><\/em>\u00ab<\/strong>\u00a0 \u00a0<\/span><span style=\"color: #000080;\"><em><strong><br \/>\n<\/strong><\/em><\/span><\/td>\n<\/tr>\n<tr>\n<td style=\"width: 5.73149%;\"><span style=\"color: #000080;\">\u00a0<\/span><\/td>\n<td style=\"width: 5.88719%;\"><span style=\"color: #000080;\">15.00<\/span><\/td>\n<td style=\"width: 104.204%;\"><span style=\"color: #000080;\"><em><strong>Visita a la<\/strong><a href=\"https:\/\/www.visitvalencia.com\/que-ver-valencia\/que-visitar-en-valencia?_gl=1*t6dqyf*_ga*MzgyMTY0NzY0LjE3MTM4OTA3MDI.*_ga_5GF4KQGLVT*MTcxMzg5MDcwMC4xLjEuMTcxMzg5MDk5NS41MC4wLjA.*_ga_F2G2S43J3C*MTcxMzg5MDcwMC4xLjEuMTcxMzg5MDk5NS41MS4wLjY3NDc0NjQ5Mw..*_gcl_au*OTgwMDA2MTMwLjE3MTM4OTA3MDQ.\" target=\"_blank\" rel=\"noopener\"><strong> Ciudad de las Artes y Ciencias<\/strong><\/a>\u00a0<\/em><\/span><\/td>\n<\/tr>\n<tr>\n<td style=\"width: 5.73149%;\"><span style=\"color: #000080;\">\u00a0<\/span><\/td>\n<td style=\"width: 5.88719%;\"><span style=\"color: #000080;\">17.30<\/span><\/td>\n<td style=\"width: 104.204%;\"><span style=\"color: #000080;\">Regreso al Hotel<\/span><\/td>\n<\/tr>\n<tr style=\"height: 24px;\">\n<td style=\"width: 5.73149%; height: 24px;\"><\/td>\n<td style=\"width: 5.88719%; height: 24px;\"><span style=\"color: #000080;\">18.30<\/span><\/td>\n<td style=\"width: 104.204%; height: 24px;\"><span style=\"color: #000080;\">Exposici\u00f3n de especies.<\/span><\/td>\n<\/tr>\n<tr style=\"height: 24px;\">\n<td style=\"width: 5.73149%; height: 24px;\"><\/td>\n<td style=\"width: 5.88719%; height: 24px;\"><span style=\"color: #000080;\">19.00<\/span><\/td>\n<td style=\"width: 104.204%; height: 24px;\"><span style=\"color: #000080;\"><span style=\"color: #993366;\"><strong>Conferencia<\/strong><\/span> &#8211; Oradora invitada: <strong><span style=\"color: #993366;\">Souhila Aouali<\/span><\/strong><em><strong> \u201cMycologie alg\u00e9rienne : que savons-nous aujourd\u2019hui? et que devrions-nous faire demain? \u201c<\/strong><\/em><\/span><\/td>\n<\/tr>\n<tr style=\"height: 24px;\">\n<td style=\"width: 5.73149%; height: 24px;\"><\/td>\n<td style=\"width: 5.88719%; height: 24px;\"><span style=\"color: #000080;\">20.30<\/span><\/td>\n<td style=\"width: 104.204%; height: 24px;\"><span style=\"color: #000080;\">Cena<\/span><\/td>\n<\/tr>\n<tr style=\"height: 24px;\">\n<td style=\"width: 5.73149%; height: 24px;\"><\/td>\n<td style=\"width: 5.88719%; height: 24px;\"><\/td>\n<td style=\"width: 104.204%; height: 24px;\"><\/td>\n<\/tr>\n<tr style=\"height: 24px;\">\n<td style=\"width: 115.823%; height: 24px; background-color: #f5f5c6; text-align: center;\" colspan=\"3\"><em><strong><span style=\"color: #993366;\">Viernes, 1 NOVIEMBRE de 2024<\/span><\/strong><\/em><\/td>\n<\/tr>\n<tr style=\"height: 24px;\">\n<td style=\"width: 5.73149%; height: 24px;\"><span style=\"color: #000080;\">07.00<\/span><\/td>\n<td style=\"width: 5.88719%; height: 24px;\"><span style=\"color: #000080;\">08.00<\/span><\/td>\n<td style=\"width: 104.204%; height: 24px;\"><span style=\"color: #000080;\">Desayuno.<\/span><\/td>\n<\/tr>\n<tr style=\"height: 24px;\">\n<td style=\"width: 5.73149%; height: 24px;\"><\/td>\n<td style=\"width: 5.88719%; height: 24px;\"><span style=\"color: #000080;\">09.00<\/span><\/td>\n<td style=\"width: 104.204%; height: 24px;\"><em><strong><span style=\"color: #000080;\">Salida visita guiada Benic\u00e0ssim ruta <a href=\"https:\/\/www.comunitatvalenciana.com\/es\/inspirate\/ruta-de-las-villas-benicasim\" target=\"_blank\" rel=\"noopener\">Casas Modernistas<\/a><\/span><\/strong><\/em><\/td>\n<\/tr>\n<tr style=\"height: 24px;\">\n<td style=\"width: 5.73149%; height: 24px;\"><\/td>\n<td style=\"width: 5.88719%; height: 24px;\"><span style=\"color: #000080;\">14.00<\/span><\/td>\n<td style=\"width: 104.204%; height: 24px;\"><span style=\"color: #000080;\">Comida Hotel Orange<\/span><\/td>\n<\/tr>\n<tr style=\"height: 24px;\">\n<td style=\"width: 5.73149%; height: 24px;\"><\/td>\n<td style=\"width: 5.88719%; height: 24px;\"><span style=\"color: #000080;\">17.00<\/span><\/td>\n<td style=\"width: 104.204%; height: 24px;\"><em><span style=\"color: #000080;\"><strong>Visita <a href=\"https:\/\/carmelitano.com\/\" target=\"_blank\" rel=\"noopener\">Bodegas Carmelitano<\/a>. Degustaci\u00f3n: Primera salida<\/strong><\/span><\/em><\/td>\n<\/tr>\n<tr>\n<td style=\"width: 5.73149%;\"><\/td>\n<td style=\"width: 5.88719%;\"><span style=\"color: #000080;\">17.30<\/span><\/td>\n<td style=\"width: 104.204%;\"><em><span style=\"color: #000080;\"><strong>Visita <a href=\"https:\/\/carmelitano.com\/\" target=\"_blank\" rel=\"noopener\">Bodegas Carmelitano<\/a>. Degustaci\u00f3n: Segunda salida<\/strong><\/span><\/em><\/td>\n<\/tr>\n<tr style=\"height: 24px;\">\n<td style=\"width: 5.73149%; height: 24px;\"><\/td>\n<td style=\"width: 5.88719%; height: 24px;\"><span style=\"color: #000080;\">18.30\u00a0<\/span><\/td>\n<td style=\"width: 104.204%; height: 24px;\"><span style=\"color: #000080;\">Exposici\u00f3n de especies<\/span><\/td>\n<\/tr>\n<tr style=\"height: 24px;\">\n<td style=\"width: 5.73149%; height: 24px;\"><\/td>\n<td style=\"width: 5.88719%; height: 24px;\"><span style=\"color: #000080;\">20.30<\/span><\/td>\n<td style=\"width: 104.204%; height: 24px;\"><span style=\"color: #000080;\">Cena de gala con animaci\u00f3n<\/span><\/td>\n<\/tr>\n<tr style=\"height: 24px;\">\n<td style=\"width: 5.73149%; height: 24px;\"><\/td>\n<td style=\"width: 5.88719%; height: 24px;\"><\/td>\n<td style=\"width: 104.204%; height: 24px;\"><\/td>\n<\/tr>\n<tr style=\"height: 24px;\">\n<td style=\"width: 115.823%; height: 24px; background-color: #f5f5c6; text-align: center;\" colspan=\"3\"><em><strong><span style=\"color: #993366;\">S\u00e1bado, 2 NOVIEMBRE de 2024<\/span><\/strong><\/em><\/td>\n<\/tr>\n<tr style=\"height: 24px;\">\n<td style=\"width: 5.73149%; height: 24px;\"><\/td>\n<td style=\"width: 5.88719%; height: 24px;\"><\/td>\n<td style=\"width: 104.204%; height: 24px;\"><span style=\"color: #000080;\">Desayuno.<\/span><\/td>\n<\/tr>\n<\/tbody>\n<\/table>\n","protected":false},"excerpt":{"rendered":"<p>&lt;&lt;&lt; \u00a0 PROGRAMA ACOMPA\u00d1ANTES \u00a0 \u00a0La Diputaci\u00f3 de Castell\u00f3 subvenciona el alquiler de los autobuses para los distintos desplazamientos Domingo, 27 OCTUBRE de 2024 15.00 19.00 Recepci\u00f3n de los participantes, con entrega de documentaci\u00f3n 19.30 Recepci\u00f3n de bienvenida. Vino de honor 20.30 Cena Lunes, 28 OCTUBRE de 2024 07.00 08.00 Desayuno 08.30 Visita a la [&hellip;]<\/p>\n","protected":false},"author":2,"featured_media":0,"parent":0,"menu_order":0,"comment_status":"closed","ping_status":"closed","template":"","meta":{"footnotes":""},"class_list":["post-474","page","type-page","status-publish","hentry","post"],"_links":{"self":[{"href":"https:\/\/cemm24.somival.org\/index.php\/wp-json\/wp\/v2\/pages\/474","targetHints":{"allow":["GET"]}}],"collection":[{"href":"https:\/\/cemm24.somival.org\/index.php\/wp-json\/wp\/v2\/pages"}],"about":[{"href":"https:\/\/cemm24.somival.org\/index.php\/wp-json\/wp\/v2\/types\/page"}],"author":[{"embeddable":true,"href":"https:\/\/cemm24.somival.org\/index.php\/wp-json\/wp\/v2\/users\/2"}],"replies":[{"embeddable":true,"href":"https:\/\/cemm24.somival.org\/index.php\/wp-json\/wp\/v2\/comments?post=474"}],"version-history":[{"count":39,"href":"https:\/\/cemm24.somival.org\/index.php\/wp-json\/wp\/v2\/pages\/474\/revisions"}],"predecessor-version":[{"id":2818,"href":"https:\/\/cemm24.somival.org\/index.php\/wp-json\/wp\/v2\/pages\/474\/revisions\/2818"}],"wp:attachment":[{"href":"https:\/\/cemm24.somival.org\/index.php\/wp-json\/wp\/v2\/media?parent=474"}],"curies":[{"name":"wp","href":"https:\/\/api.w.org\/{rel}","templated":true}]}}