{"id":465,"date":"2024-02-08T13:53:44","date_gmt":"2024-02-08T13:53:44","guid":{"rendered":"https:\/\/cemm24.somival.org\/?page_id=465"},"modified":"2024-10-06T18:16:17","modified_gmt":"2024-10-06T18:16:17","slug":"programaces","status":"publish","type":"page","link":"https:\/\/cemm24.somival.org\/index.php\/programaces\/","title":{"rendered":"ProgramaCES"},"content":{"rendered":"<table style=\"height: 25px; width: 500PX; border-collapse: collapse;\">\n<tbody>\n<tr style=\"height: 30px;\">\n<td style=\"width: 50px; height: 25px; text-align: center; vertical-align: bottom;\"><a href=\"https:\/\/cemm24.somival.org\/index.php\/opciones\/\"><span style=\"font-size: 19px; color: #008000;\"><strong><span style=\"color: #008000;\">&lt;&lt;&lt;<\/span><\/strong><\/span><\/a><\/td>\n<td style=\"height: 25px; width: 443px; vertical-align: top;\" colspan=\"2\"><span style=\"font-size: 19px;\"><strong><span style=\"color: #993366;\">\u00a0 PROGRAMA CIENT\u00cdFICO<\/span><\/strong><\/span><\/td>\n<\/tr>\n<\/tbody>\n<\/table>\n<p><span style=\"font-size: 16px; color: #000080;\">La organizaci\u00f3n del Congreso pondr\u00e1 a disposici\u00f3n de los Congresistas 6 microscopios y 4 deshidratadores<\/span><\/p>\n<table style=\"border-collapse: collapse; width: 77.5255%; height: 1497px;\">\n<tbody>\n<tr style=\"height: 24px;\">\n<td style=\"width: 112.331%; height: 24px; background-color: #f5f5c6; text-align: center;\" colspan=\"3\"><span style=\"font-size: 16px;\"><em><strong><span style=\"color: #993366;\">Domingo, 27 OCTUBRE de 2024<\/span><\/strong><\/em><\/span><\/td>\n<\/tr>\n<tr style=\"height: 24px;\">\n<td style=\"width: 5.18423%; height: 24px;\"><span style=\"color: #000080; font-size: 16px;\">15.00<\/span><\/td>\n<td style=\"width: 5.24661%; height: 24px;\"><span style=\"color: #000080; font-size: 16px;\">19.00<\/span><\/td>\n<td style=\"width: 101.9%; height: 24px;\"><span style=\"color: #000080; font-size: 16px;\">Entrega de documentaci\u00f3n e instalaci\u00f3n de equipos cient\u00edficos<\/span><\/td>\n<\/tr>\n<tr style=\"height: 24px;\">\n<td style=\"width: 5.18423%; height: 24px;\"><\/td>\n<td style=\"width: 5.24661%; height: 24px;\"><span style=\"color: #000080; font-size: 16px;\">19.30<\/span><\/td>\n<td style=\"width: 101.9%; height: 24px;\"><span style=\"color: #000080; font-size: 16px;\">Recepci\u00f3n de bienvenida. Vino de honor<\/span><\/td>\n<\/tr>\n<tr style=\"height: 24px;\">\n<td style=\"width: 5.18423%; height: 24px;\"><\/td>\n<td style=\"width: 5.24661%; height: 24px;\"><span style=\"color: #000080; font-size: 16px;\">20.30<\/span><\/td>\n<td style=\"width: 101.9%; height: 24px;\"><span style=\"color: #000080; font-size: 16px;\">Cena<\/span><\/td>\n<\/tr>\n<tr style=\"height: 24px;\">\n<td style=\"width: 5.18423%; height: 24px;\"><\/td>\n<td style=\"width: 5.24661%; height: 24px;\"><\/td>\n<td style=\"width: 101.9%; height: 24px;\"><\/td>\n<\/tr>\n<tr style=\"height: 24px;\">\n<td style=\"width: 112.331%; height: 24px; background-color: #f5f5c6; text-align: center;\" colspan=\"3\"><span style=\"font-size: 16px;\"><em><strong><span style=\"color: #993366;\">Lunes, 28 OCTUBRE de 2024<\/span><\/strong><\/em><\/span><\/td>\n<\/tr>\n<tr style=\"height: 24px;\">\n<td style=\"width: 5.18423%; height: 24px;\"><span style=\"color: #000080; font-size: 16px;\">07.00<\/span><\/td>\n<td style=\"width: 5.24661%; height: 24px;\"><span style=\"color: #000080; font-size: 16px;\">08.00<\/span><\/td>\n<td style=\"width: 101.9%; height: 24px;\"><span style=\"color: #000080; font-size: 16px;\">Desayuno.<\/span><\/td>\n<\/tr>\n<tr style=\"height: 24px;\">\n<td style=\"width: 5.18423%; height: 24px;\"><\/td>\n<td style=\"width: 5.24661%; height: 24px;\"><span style=\"color: #000080; font-size: 16px;\">08.15<\/span><\/td>\n<td style=\"width: 101.9%; height: 24px;\"><span style=\"color: #000080; font-size: 16px;\">Salida al campo<\/span><\/td>\n<\/tr>\n<tr style=\"height: 24px;\">\n<td style=\"width: 5.18423%; height: 10px;\"><\/td>\n<td style=\"width: 5.24661%; height: 10px;\"><span style=\"color: #000080; font-size: 16px;\">13.30<\/span><\/td>\n<td style=\"width: 101.9%; height: 10px;\"><span style=\"color: #000080; font-size: 16px;\">Entrega de taxones para su catalogaci\u00f3n<\/span><\/td>\n<\/tr>\n<tr style=\"height: 24px;\">\n<td style=\"width: 5.18423%; height: 24px;\"><\/td>\n<td style=\"width: 5.24661%; height: 24px;\"><span style=\"color: #000080; font-size: 16px;\">14.00<\/span><\/td>\n<td style=\"width: 101.9%; height: 24px;\"><span style=\"color: #000080; font-size: 16px;\">Comida<\/span><\/td>\n<\/tr>\n<tr style=\"height: 24px;\">\n<td style=\"width: 5.18423%; height: 24px;\"><\/td>\n<td style=\"width: 5.24661%; height: 24px;\"><span style=\"color: #000080; font-size: 16px;\">16.00<\/span><\/td>\n<td style=\"width: 101.9%; height: 24px;\"><span style=\"color: #000080; font-size: 16px;\">Trabajo de laboratorio y catalogaci\u00f3n<\/span><\/td>\n<\/tr>\n<tr style=\"height: 24px;\">\n<td style=\"width: 5.18423%; height: 24px;\"><\/td>\n<td style=\"width: 5.24661%; height: 24px;\"><span style=\"color: #000080; font-size: 16px;\">18.30<\/span><\/td>\n<td style=\"width: 101.9%; height: 24px;\"><span style=\"color: #000080; font-size: 16px;\">Exposici\u00f3n de especies<\/span><\/td>\n<\/tr>\n<tr style=\"height: 24px;\">\n<td style=\"width: 5.18423%; height: 24px;\"><\/td>\n<td style=\"width: 5.24661%; height: 24px;\"><span style=\"color: #000080; font-size: 16px;\">19.00<\/span><\/td>\n<td style=\"width: 101.9%; height: 24px;\"><span style=\"color: #000080; font-size: 16px;\"><strong><span style=\"color: #993366;\">Conferencia<\/span><\/strong>\u00a0 &#8211; Orador invitado: <span style=\"color: #993366;\"><strong>Rafael Mahiques Santandreu<\/strong><\/span> &#8211; <strong><em>\u00abCortinaris poc citats als Mass\u00eds del Penyagolosa\u00bb<\/em><\/strong><\/span><\/td>\n<\/tr>\n<tr style=\"height: 24px;\">\n<td style=\"width: 5.18423%; height: 24px;\"><\/td>\n<td style=\"width: 5.24661%; height: 24px;\"><span style=\"color: #000080; font-size: 16px;\">20.30<\/span><\/td>\n<td style=\"width: 101.9%; height: 24px;\"><span style=\"color: #000080; font-size: 16px;\">Cena<\/span><\/td>\n<\/tr>\n<tr style=\"height: 24px;\">\n<td style=\"width: 5.18423%; height: 24px;\"><\/td>\n<td style=\"width: 5.24661%; height: 24px;\"><span style=\"color: #000080; font-size: 16px;\">21.30<\/span><\/td>\n<td style=\"width: 101.9%; height: 24px;\"><span style=\"color: #000080; font-size: 16px;\">Reuni\u00f3n del consejo de administraci\u00f3n de la CEMM<\/span><\/td>\n<\/tr>\n<tr style=\"height: 24px;\">\n<td style=\"width: 112.331%; height: 24px;\" colspan=\"3\"><\/td>\n<\/tr>\n<tr style=\"height: 24px;\">\n<td style=\"width: 112.331%; height: 24px; background-color: #f5f5c6; text-align: center;\" colspan=\"3\"><span style=\"font-size: 16px;\"><em><strong><span style=\"color: #993366;\">Martes, 29 OCTUBRE de 2024<\/span><\/strong><\/em><\/span><\/td>\n<\/tr>\n<tr style=\"height: 24px;\">\n<td style=\"width: 5.18423%; height: 24px;\"><span style=\"color: #000080; font-size: 16px;\">07.00<\/span><\/td>\n<td style=\"width: 5.24661%; height: 24px;\"><span style=\"color: #000080; font-size: 16px;\">08.00<\/span><\/td>\n<td style=\"width: 101.9%; height: 24px;\"><span style=\"color: #000080; font-size: 16px;\">Desayuno<\/span><\/td>\n<\/tr>\n<tr style=\"height: 24px;\">\n<td style=\"width: 5.18423%; height: 24px;\"><\/td>\n<td style=\"width: 5.24661%; height: 24px;\"><span style=\"color: #000080; font-size: 16px;\">08.15<\/span><\/td>\n<td style=\"width: 101.9%; height: 24px;\"><span style=\"color: #000080; font-size: 16px;\">Salida al campo<\/span><\/td>\n<\/tr>\n<tr style=\"height: 24px;\">\n<td style=\"width: 5.18423%; height: 16px;\"><\/td>\n<td style=\"width: 5.24661%; height: 16px;\"><span style=\"color: #000080; font-size: 16px;\">13.30<\/span><\/td>\n<td style=\"width: 101.9%; height: 16px;\"><span style=\"color: #000080; font-size: 16px;\">Entrega de taxones para su catalogaci\u00f3n<\/span><\/td>\n<\/tr>\n<tr style=\"height: 24px;\">\n<td style=\"width: 5.18423%; height: 24px;\"><\/td>\n<td style=\"width: 5.24661%; height: 24px;\"><span style=\"color: #000080; font-size: 16px;\">14.00<\/span><\/td>\n<td style=\"width: 101.9%; height: 24px;\"><span style=\"color: #000080; font-size: 16px;\">Comida<\/span><\/td>\n<\/tr>\n<tr style=\"height: 24px;\">\n<td style=\"width: 5.18423%; height: 24px;\"><\/td>\n<td style=\"width: 5.24661%; height: 24px;\"><span style=\"color: #000080; font-size: 16px;\">16.00<\/span><\/td>\n<td style=\"width: 101.9%; height: 24px;\"><span style=\"color: #000080; font-size: 16px;\">Trabajo de laboratorio y catalogaci\u00f3n<\/span><\/td>\n<\/tr>\n<tr style=\"height: 24px;\">\n<td style=\"width: 5.18423%; height: 32px;\"><\/td>\n<td style=\"width: 5.24661%; height: 32px;\"><span style=\"color: #000080; font-size: 16px;\">18.00<\/span><\/td>\n<td style=\"width: 101.9%; height: 32px;\"><span style=\"color: #000080; font-size: 16px;\">Degustaci\u00f3n de jam\u00f3n y licores de setas<\/span><\/td>\n<\/tr>\n<tr style=\"height: 24px;\">\n<td style=\"width: 5.18423%; height: 24px;\"><\/td>\n<td style=\"width: 5.24661%; height: 24px;\"><span style=\"color: #000080; font-size: 16px;\">18.30<\/span><\/td>\n<td style=\"width: 101.9%; height: 24px;\"><span style=\"color: #000080; font-size: 16px;\">Exposici\u00f3n de especies<\/span><\/td>\n<\/tr>\n<tr style=\"height: 24px;\">\n<td style=\"width: 5.18423%; height: 24px;\"><\/td>\n<td style=\"width: 5.24661%; height: 24px;\"><span style=\"color: #000080; font-size: 16px;\">19.00<\/span><\/td>\n<td style=\"width: 101.9%; height: 24px;\"><span style=\"color: #000080; font-size: 16px;\"><strong><span style=\"color: #993366;\">Conferencia<\/span><\/strong> &#8211; Orador invitado: <span style=\"color: #993366;\"><strong>Javier Marcos Mart\u00ednez<\/strong><\/span> &#8211; <em><strong>\u00abBoletales interesantes y poco conocidos en Espa\u00f1a\u00bb<\/strong><\/em><\/span><\/td>\n<\/tr>\n<tr style=\"height: 24px;\">\n<td style=\"width: 5.18423%; height: 24px;\"><\/td>\n<td style=\"width: 5.24661%; height: 24px;\"><span style=\"color: #000080; font-size: 16px;\">20.30<\/span><\/td>\n<td style=\"width: 101.9%; height: 24px;\"><span style=\"color: #000080; font-size: 16px;\">Cena<\/span><\/td>\n<\/tr>\n<tr style=\"height: 24px;\">\n<td style=\"width: 5.18423%; height: 24px;\"><\/td>\n<td style=\"width: 5.24661%; height: 24px;\"><span style=\"color: #000080; font-size: 16px;\">21.30<\/span><\/td>\n<td style=\"width: 101.9%; height: 24px;\"><span style=\"color: #000080; font-size: 16px;\">Asamblea general de la CEMM<\/span><\/td>\n<\/tr>\n<tr style=\"height: 24px;\">\n<td style=\"width: 5.18423%; height: 24px;\"><\/td>\n<td style=\"width: 5.24661%; height: 24px;\"><\/td>\n<td style=\"width: 101.9%; height: 24px;\"><\/td>\n<\/tr>\n<tr style=\"height: 24px;\">\n<td style=\"width: 112.331%; height: 24px; background-color: #f5f5c6; text-align: center;\" colspan=\"3\"><span style=\"font-size: 16px;\"><em><strong><span style=\"color: #993366;\">Mi\u00e9rcoles, 30 OCTUBRE de 2024<\/span><\/strong><\/em><\/span><\/td>\n<\/tr>\n<tr style=\"height: 24px;\">\n<td style=\"width: 5.18423%; height: 23px;\"><span style=\"color: #000080; font-size: 16px;\">07.00<\/span><\/td>\n<td style=\"width: 5.24661%; height: 23px;\"><span style=\"color: #000080; font-size: 16px;\">08.00<\/span><\/td>\n<td style=\"width: 101.9%; height: 23px;\"><span style=\"color: #000080; font-size: 16px;\">Desayuno.<\/span><\/td>\n<\/tr>\n<tr style=\"height: 24px;\">\n<td style=\"width: 5.18423%; height: 24px;\"><\/td>\n<td style=\"width: 5.24661%; height: 24px;\"><span style=\"color: #000080; font-size: 16px;\">08.15<\/span><\/td>\n<td style=\"width: 101.9%; height: 24px;\"><span style=\"color: #000080; font-size: 16px;\">Salida al campo: <a href=\"https:\/\/visitpenyagolosa.com\/\" target=\"_blank\" rel=\"noopener\"><strong><em>San Joan de Penyagolosa<\/em><\/strong><\/a> <strong><em>\u00a0<\/em><\/strong><\/span><\/td>\n<\/tr>\n<tr style=\"height: 24px;\">\n<td style=\"width: 5.18423%; height: 24px;\"><\/td>\n<td style=\"width: 5.24661%; height: 24px;\"><span style=\"color: #000080; font-size: 16px;\">14.00<\/span><\/td>\n<td style=\"width: 101.9%; height: 24px;\"><span style=\"color: #000080; font-size: 16px;\">Comida Restaurante\u00a0 \u00ab<a href=\"https:\/\/restaurantcasaramon.com\/\" target=\"_blank\" rel=\"noopener\"><strong><em>Casa Ram\u00f3n<\/em><\/strong><\/a>\u00bb (Adzaneta del Maestrat) con los dem\u00e1s participantes<\/span><\/td>\n<\/tr>\n<tr style=\"height: 24px;\">\n<td style=\"width: 5.18423%; height: 24px;\"><\/td>\n<td style=\"width: 5.24661%; height: 24px;\"><span style=\"color: #000080; font-size: 16px;\">16.00<\/span><\/td>\n<td style=\"width: 101.9%; height: 24px;\"><span style=\"color: #000080; font-size: 16px;\">Regreso al hotel<\/span><\/td>\n<\/tr>\n<tr style=\"height: 24px;\">\n<td style=\"width: 5.18423%; height: 24px;\"><\/td>\n<td style=\"width: 5.24661%; height: 24px;\"><span style=\"color: #000080; font-size: 16px;\">17.00<\/span><\/td>\n<td style=\"width: 101.9%; height: 24px;\"><span style=\"color: #000080; font-size: 16px;\">Entrega de taxones para su catalogaci\u00f3n<\/span><\/td>\n<\/tr>\n<tr style=\"height: 24px;\">\n<td style=\"width: 5.18423%; height: 24px;\"><\/td>\n<td style=\"width: 5.24661%; height: 24px;\"><span style=\"color: #000080; font-size: 16px;\">17.30<\/span><\/td>\n<td style=\"width: 101.9%; height: 24px;\"><span style=\"color: #000080; font-size: 16px;\">Trabajo de laboratorio y catalogaci\u00f3n<\/span><\/td>\n<\/tr>\n<tr style=\"height: 24px;\">\n<td style=\"width: 5.18423%; height: 24px;\"><\/td>\n<td style=\"width: 5.24661%; height: 24px;\"><span style=\"color: #000080; font-size: 16px;\">18.30<\/span><\/td>\n<td style=\"width: 101.9%; height: 24px;\"><span style=\"color: #000080; font-size: 16px;\">Exposici\u00f3n de especies.<\/span><\/td>\n<\/tr>\n<tr style=\"height: 24px;\">\n<td style=\"width: 5.18423%; height: 24px;\"><\/td>\n<td style=\"width: 5.24661%; height: 24px;\"><span style=\"color: #000080; font-size: 16px;\">19.00<\/span><\/td>\n<td style=\"width: 101.9%; height: 24px;\"><span style=\"color: #000080; font-size: 16px;\"><strong><span style=\"color: #993366;\">Conferencia<\/span><\/strong> &#8211; Orador invitado: <span style=\"color: #993366;\"><strong>Candido Sos Escudero<\/strong><\/span> &#8211; \u201c<em><strong>Diversidad f\u00fangica mediterranea &#8211; Castell\u00f3n<\/strong><\/em>\u201d\u00a0<\/span><\/td>\n<\/tr>\n<tr style=\"height: 24px;\">\n<td style=\"width: 5.18423%; height: 24px;\"><\/td>\n<td style=\"width: 5.24661%; height: 24px;\"><span style=\"color: #000080; font-size: 16px;\">20.30<\/span><\/td>\n<td style=\"width: 101.9%; height: 24px;\"><span style=\"color: #000080; font-size: 16px;\">\u00a0Cena.<\/span><\/td>\n<\/tr>\n<tr style=\"height: 24px;\">\n<td style=\"width: 5.18423%; height: 24px;\"><\/td>\n<td style=\"width: 5.24661%; height: 24px;\"><\/td>\n<td style=\"width: 101.9%; height: 24px;\"><\/td>\n<\/tr>\n<tr style=\"height: 24px;\">\n<td style=\"width: 112.331%; height: 24px; background-color: #f5f5c6; text-align: center;\" colspan=\"3\"><em><span style=\"font-size: 16px;\"><strong><span style=\"color: #993366;\">Jueves, 31 OCTUBRE de 2024<\/span><\/strong><\/span><\/em><\/td>\n<\/tr>\n<tr style=\"height: 24px;\">\n<td style=\"width: 5.18423%; height: 24px;\"><span style=\"color: #000080; font-size: 16px;\">07.00<\/span><\/td>\n<td style=\"width: 5.24661%; height: 24px;\"><span style=\"color: #000080; font-size: 16px;\">08.00<\/span><\/td>\n<td style=\"width: 101.9%; height: 24px;\"><span style=\"color: #000080; font-size: 16px;\">Desayuno<\/span><\/td>\n<\/tr>\n<tr style=\"height: 24px;\">\n<td style=\"width: 5.18423%; height: 24px;\"><\/td>\n<td style=\"width: 5.24661%; height: 24px;\"><span style=\"color: #000080; font-size: 16px;\">08.15<\/span><\/td>\n<td style=\"width: 101.9%; height: 24px;\"><span style=\"color: #000080; font-size: 16px;\">Salida al campo\u00a0<\/span><\/td>\n<\/tr>\n<tr style=\"height: 24px;\">\n<td style=\"width: 5.18423%; height: 24px;\"><\/td>\n<td style=\"width: 5.24661%; height: 24px;\"><span style=\"color: #000080; font-size: 16px;\">13.30<\/span><\/td>\n<td style=\"width: 101.9%; height: 24px;\"><span style=\"color: #000080; font-size: 16px;\">Entrega de taxones para su catalogaci\u00f3n<\/span><\/td>\n<\/tr>\n<tr style=\"height: 24px;\">\n<td style=\"width: 5.18423%; height: 24px;\"><\/td>\n<td style=\"width: 5.24661%; height: 24px;\"><span style=\"color: #000080; font-size: 16px;\">14.00<\/span><\/td>\n<td style=\"width: 101.9%; height: 24px;\"><span style=\"color: #000080; font-size: 16px;\">Comida<\/span><\/td>\n<\/tr>\n<tr style=\"height: 24px;\">\n<td style=\"width: 5.18423%; height: 24px;\"><\/td>\n<td style=\"width: 5.24661%; height: 24px;\"><span style=\"color: #000080; font-size: 16px;\">16.00<\/span><\/td>\n<td style=\"width: 101.9%; height: 24px;\"><span style=\"color: #000080; font-size: 16px;\">Trabajo de laboratorio y catalogaci\u00f3n<\/span><\/td>\n<\/tr>\n<tr style=\"height: 24px;\">\n<td style=\"width: 5.18423%; height: 24px;\"><\/td>\n<td style=\"width: 5.24661%; height: 24px;\"><span style=\"color: #000080; font-size: 16px;\">18.30<\/span><\/td>\n<td style=\"width: 101.9%; height: 24px;\"><span style=\"color: #000080; font-size: 16px;\">Exposici\u00f3n de especies<\/span><\/td>\n<\/tr>\n<tr style=\"height: 24px;\">\n<td style=\"width: 5.18423%; height: 24px;\"><\/td>\n<td style=\"width: 5.24661%; height: 24px;\"><span style=\"color: #000080; font-size: 16px;\">19.00<\/span><\/td>\n<td style=\"width: 101.9%; height: 24px;\"><span style=\"color: #000080; font-size: 16px;\"><strong><span style=\"color: #993366;\">Conferencia<\/span><\/strong> &#8211; Oradora invitada: <span style=\"color: #993366;\"><strong>Souhila Aouali <\/strong><\/span>\u2013\u201c<strong><em>Mycologie alg\u00e9rienne : que savons-nous aujourd\u2019hui? et que devrions-nous faire demain?\u201d<\/em><\/strong><\/span><\/td>\n<\/tr>\n<tr style=\"height: 24px;\">\n<td style=\"width: 5.18423%; height: 24px;\"><\/td>\n<td style=\"width: 5.24661%; height: 24px;\"><span style=\"color: #000080; font-size: 16px;\">20.30<\/span><\/td>\n<td style=\"width: 101.9%; height: 24px;\"><span style=\"color: #000080; font-size: 16px;\">Cena<\/span><\/td>\n<\/tr>\n<tr style=\"height: 24px;\">\n<td style=\"width: 5.18423%; height: 24px;\"><\/td>\n<td style=\"width: 5.24661%; height: 24px;\"><\/td>\n<td style=\"width: 101.9%; height: 24px;\"><\/td>\n<\/tr>\n<tr style=\"height: 24px;\">\n<td style=\"width: 112.331%; height: 24px; background-color: #f5f5c6; text-align: center;\" colspan=\"3\"><em><span style=\"font-size: 16px;\"><strong><span style=\"color: #993366;\">Viernes, 1 NOVIEMBRE de 2024<\/span><\/strong><\/span><\/em><\/td>\n<\/tr>\n<tr style=\"height: 24px;\">\n<td style=\"width: 5.18423%; height: 24px;\"><span style=\"color: #000080; font-size: 16px;\">07.00<\/span><\/td>\n<td style=\"width: 5.24661%; height: 24px;\"><span style=\"color: #000080; font-size: 16px;\">08.00<\/span><\/td>\n<td style=\"width: 101.9%; height: 24px;\"><span style=\"color: #000080; font-size: 16px;\">Desayuno<\/span><\/td>\n<\/tr>\n<tr style=\"height: 24px;\">\n<td style=\"width: 5.18423%; height: 24px;\"><\/td>\n<td style=\"width: 5.24661%; height: 24px;\"><span style=\"color: #000080; font-size: 16px;\">08.15<\/span><\/td>\n<td style=\"width: 101.9%; height: 24px;\"><span style=\"color: #000080; font-size: 16px;\">Salida al campo<\/span><\/td>\n<\/tr>\n<tr style=\"height: 24px;\">\n<td style=\"width: 5.18423%; height: 24px;\"><\/td>\n<td style=\"width: 5.24661%; height: 24px;\"><span style=\"color: #000080; font-size: 16px;\">13.30<\/span><\/td>\n<td style=\"width: 101.9%; height: 24px;\"><span style=\"color: #000080; font-size: 16px;\">Entrega de taxones para su catalogaci\u00f3n<\/span><\/td>\n<\/tr>\n<tr style=\"height: 24px;\">\n<td style=\"width: 5.18423%; height: 24px;\"><\/td>\n<td style=\"width: 5.24661%; height: 24px;\"><span style=\"color: #000080; font-size: 16px;\">14.00<\/span><\/td>\n<td style=\"width: 101.9%; height: 24px;\"><span style=\"color: #000080; font-size: 16px;\">Comida<\/span><\/td>\n<\/tr>\n<tr style=\"height: 24px;\">\n<td style=\"width: 5.18423%; height: 24px;\"><\/td>\n<td style=\"width: 5.24661%; height: 24px;\"><span style=\"color: #000080; font-size: 16px;\">16.00<\/span><\/td>\n<td style=\"width: 101.9%; height: 24px;\"><span style=\"color: #000080; font-size: 16px;\">Trabajo de laboratorio y catalogaci\u00f3n de especies<\/span><\/td>\n<\/tr>\n<tr style=\"height: 24px;\">\n<td style=\"width: 5.18423%; height: 24px;\"><\/td>\n<td style=\"width: 5.24661%; height: 24px;\"><span style=\"color: #000080; font-size: 16px;\">16.00<\/span><\/td>\n<td style=\"width: 101.9%; height: 24px;\"><span style=\"font-size: 16px;\"><strong><span style=\"color: #000080;\">\u201c<span style=\"color: #993366;\">Simposio Micol\u00f3gico\u00bb<\/span>: Presentaciones orales o p\u00f3ster<\/span><\/strong><\/span><\/td>\n<\/tr>\n<tr style=\"height: 24px;\">\n<td style=\"width: 5.18423%; height: 24px;\"><\/td>\n<td style=\"width: 5.24661%; height: 24px;\"><span style=\"color: #000080; font-size: 16px;\">17.00<\/span><\/td>\n<td style=\"width: 101.9%; height: 24px;\"><span style=\"color: #000080; font-size: 16px;\">Visita Bodegas Carmelitano. Primera salida<\/span><\/td>\n<\/tr>\n<tr style=\"height: 24px;\">\n<td style=\"width: 5.18423%; height: 24px;\"><\/td>\n<td style=\"width: 5.24661%; height: 24px;\"><span style=\"color: #000080; font-size: 16px;\">17.30<\/span><\/td>\n<td style=\"width: 101.9%; height: 24px;\"><span style=\"color: #000080; font-size: 16px;\">Visita Bodegas Carmelitano. Segunda salida<\/span><\/td>\n<\/tr>\n<tr style=\"height: 24px;\">\n<td style=\"width: 5.18423%; height: 24px;\"><\/td>\n<td style=\"width: 5.24661%; height: 24px;\"><span style=\"color: #000080; font-size: 16px;\">18.30\u00a0<\/span><\/td>\n<td style=\"width: 101.9%; height: 24px;\"><span style=\"color: #000080; font-size: 16px;\">Exposici\u00f3n de especies<\/span><\/td>\n<\/tr>\n<tr style=\"height: 24px;\">\n<td style=\"width: 5.18423%; height: 24px;\"><\/td>\n<td style=\"width: 5.24661%; height: 24px;\"><span style=\"color: #000080; font-size: 16px;\">20.00<\/span><\/td>\n<td style=\"width: 101.9%; height: 24px;\"><span style=\"color: #000080; font-size: 16px;\">Cena de Gala con animaci\u00f3n<\/span><\/td>\n<\/tr>\n<tr style=\"height: 24px;\">\n<td style=\"width: 5.18423%; height: 24px;\"><\/td>\n<td style=\"width: 5.24661%; height: 24px;\"><\/td>\n<td style=\"width: 101.9%; height: 24px;\"><\/td>\n<\/tr>\n<tr style=\"height: 24px;\">\n<td style=\"width: 112.331%; height: 24px; background-color: #f5f5c6; text-align: center;\" colspan=\"3\"><em><span style=\"font-size: 16px;\"><strong><span style=\"color: #993366;\">S\u00e1bado, 2 NOVIEMBRE de 2024<\/span><\/strong><\/span><\/em><\/td>\n<\/tr>\n<tr style=\"height: 24px;\">\n<td style=\"width: 5.18423%; height: 24px;\"><\/td>\n<td style=\"width: 5.24661%; height: 24px;\"><\/td>\n<td style=\"width: 101.9%; height: 24px;\"><span style=\"color: #000080; font-size: 16px;\">Desayuno.<\/span><\/td>\n<\/tr>\n<\/tbody>\n<\/table>\n","protected":false},"excerpt":{"rendered":"<p>&lt;&lt;&lt; \u00a0 PROGRAMA CIENT\u00cdFICO La organizaci\u00f3n del Congreso pondr\u00e1 a disposici\u00f3n de los Congresistas 6 microscopios y 4 deshidratadores Domingo, 27 OCTUBRE de 2024 15.00 19.00 Entrega de documentaci\u00f3n e instalaci\u00f3n de equipos cient\u00edficos 19.30 Recepci\u00f3n de bienvenida. Vino de honor 20.30 Cena Lunes, 28 OCTUBRE de 2024 07.00 08.00 Desayuno. 08.15 Salida al campo [&hellip;]<\/p>\n","protected":false},"author":2,"featured_media":0,"parent":0,"menu_order":0,"comment_status":"closed","ping_status":"closed","template":"","meta":{"footnotes":""},"class_list":["post-465","page","type-page","status-publish","hentry","post"],"_links":{"self":[{"href":"https:\/\/cemm24.somival.org\/index.php\/wp-json\/wp\/v2\/pages\/465","targetHints":{"allow":["GET"]}}],"collection":[{"href":"https:\/\/cemm24.somival.org\/index.php\/wp-json\/wp\/v2\/pages"}],"about":[{"href":"https:\/\/cemm24.somival.org\/index.php\/wp-json\/wp\/v2\/types\/page"}],"author":[{"embeddable":true,"href":"https:\/\/cemm24.somival.org\/index.php\/wp-json\/wp\/v2\/users\/2"}],"replies":[{"embeddable":true,"href":"https:\/\/cemm24.somival.org\/index.php\/wp-json\/wp\/v2\/comments?post=465"}],"version-history":[{"count":60,"href":"https:\/\/cemm24.somival.org\/index.php\/wp-json\/wp\/v2\/pages\/465\/revisions"}],"predecessor-version":[{"id":2779,"href":"https:\/\/cemm24.somival.org\/index.php\/wp-json\/wp\/v2\/pages\/465\/revisions\/2779"}],"wp:attachment":[{"href":"https:\/\/cemm24.somival.org\/index.php\/wp-json\/wp\/v2\/media?parent=465"}],"curies":[{"name":"wp","href":"https:\/\/api.w.org\/{rel}","templated":true}]}}