{"id":319,"date":"2023-10-10T08:24:14","date_gmt":"2023-10-10T08:24:14","guid":{"rendered":"https:\/\/cemm24.somival.org\/?page_id=319"},"modified":"2024-07-17T12:44:20","modified_gmt":"2024-07-17T12:44:20","slug":"congresoes","status":"publish","type":"page","link":"https:\/\/cemm24.somival.org\/index.php\/congresoes\/","title":{"rendered":"CongresoES"},"content":{"rendered":"<table style=\"height: 25px; width: 500PX; border-collapse: collapse;\">\n<tbody>\n<tr style=\"height: 30px;\">\n<td style=\"width: 50px; height: 25px; text-align: center; vertical-align: bottom;\"><a href=\"https:\/\/cemm24.somival.org\/index.php\/opciones\/\"><span style=\"font-size: 19px; color: #008000;\"><strong><span style=\"color: #008000;\">&lt;&lt;&lt;<\/span><\/strong><\/span><\/a><\/td>\n<td style=\"height: 25px; width: 443px; vertical-align: top;\" colspan=\"2\"><span style=\"font-size: 19px;\"><strong><span style=\"color: #993366;\">\u00a0 \u00a0EL CONGRESO<\/span><\/strong><\/span><\/td>\n<\/tr>\n<\/tbody>\n<\/table>\n<p style=\"text-align: justify;\"><span style=\"font-size: 17px;\"><span style=\"color: #000080; font-family: georgia, palatino;\">El XXX Congreso de la CONFEDERACI\u00d3N EUROPEA DE MICOLOG\u00cdA MEDITERR\u00c1NEA (C.E.M.M. 2024) est\u00e1 organizado por la Sociedad Micol\u00f3gica Valenciana (SOMIVAL), miembro asociado de la CEMM.<\/span><\/span><\/p>\n<p style=\"text-align: justify;\"><span style=\"color: #000080; font-family: georgia, palatino; font-size: 17px;\">EL Congreso se celebrar\u00e1 del <strong>27 de Octubre<\/strong> al <strong>2 de Noviembre<\/strong> de 2024 en <strong>Benic\u00e0ssim<\/strong> (Castell\u00f3n), una peque\u00f1a ciudad con una poblaci\u00f3n de 19.951 habitantes, situada a 12 kil\u00f3metros de Castell\u00f3n y 75 kil\u00f3metros de Valencia en la que se puede disfrutar de la naturaleza, la monta\u00f1a y el mar.<\/span><\/p>\n<p style=\"text-align: justify;\"><span style=\"font-size: 17px; color: #000080;\">La recolecta de taxones est\u00e1 prevista que se realice en tres Parques Naturales: el Parque Natural de la Sierra de Espad\u00e1n, Parque Natural del Desierto de las Palmas y Parque Natural de Penyagolosa, espacios naturales micol\u00f3gicos de referencia en la Comunitat Valenciana de gran inter\u00e9s por su especial y rica biodiversidad y que aglutinan la mayor y m\u00e1s rica variedad de especies f\u00fangicas en distintas tipolog\u00edas de h\u00e1bitats.<\/span><\/p>\n<p style=\"text-align: justify;\"><span style=\"font-size: 17px;\"><span style=\"font-family: georgia, palatino; color: #000080;\">Este XXX Congreso de la CEMM, ser\u00e1 un encuentro cient\u00edfico de \u00e1mbito internacional, as\u00ed como un foro de investigaci\u00f3n, divulgativo y de estudio de la micobi\u00f3ta del entorno de las zonas de recolecta. A<\/span><span style=\"color: #000080;\">simismo, y de forma complementaria, el XXX Congreso de la CEMM pondr\u00e1 en valor el rico patrimonio cultural e hist\u00f3rico de los ayuntamientos que est\u00e1n integrados en las actividades del Congreso.<\/span><\/span><\/p>\n<p style=\"text-align: justify;\"><span style=\"font-family: georgia, palatino; font-size: 17px;\"><strong><span style=\"color: #000080;\"><span style=\"color: #993366;\">&lt;&gt; ALOJAMIENTO:<\/span><\/span><\/strong><\/span><\/p>\n<p style=\"text-align: justify;\"><span style=\"color: #000080; font-family: georgia, palatino; font-size: 17px;\">Los asistentes se alojar\u00e1n en el <strong>Hotel Intelier Orange ****<\/strong> junto a la playa de Heli\u00f3polis de arena fina y dorada, la playa m\u00e1s larga del municipio de Benic\u00e0sssim con 3 kil\u00f3metros de longitud, premiada con el galard\u00f3n internacional de la Bandera azul de los mares de Europa y con la \u201cQ\u201d de calidad tur\u00edstica.<\/span><\/p>\n<p><span style=\"font-size: 17px; color: #000080;\">El hotel dispone de habitaciones con gran confort y comodidad y est\u00e1 equipado con Wi-Fi en todo el edificio y parking exterior gratuito para los congresistas alojados en el hotel.<\/span><\/p>\n<p style=\"text-align: justify;\"><span style=\"color: #000080; font-family: georgia, palatino; font-size: 17px;\"><a href=\"https:\/\/www.intur.com\/hotel-orange-benicasim\/\">Hotel Intelier Orange<\/a> **** Benic\u00e0ssim &#8211; Castell\u00f3n (ESPA\u00d1A)<\/span><br \/>\n<span style=\"font-family: georgia, palatino; font-size: 17px;\"><span style=\"color: #000080;\">Avenida Gimeno Tom\u00e1s, 9<br \/>\n<\/span><span style=\"color: #000080;\">Benic\u00e0ssim &#8211; <\/span><span style=\"color: #000080;\">Castell\u00f3n (ESPA\u00d1A)<br \/>\nTel\u00e9fono: +34 964 394 400 &#8211; Email: orange@intelier.com<\/span><\/span><\/p>\n<p><span style=\"color: #993366; font-family: georgia, palatino; font-size: 17px;\"><strong>&lt;&gt; ORGANIZACI\u00d3N DEL CONGRESO:<\/strong><\/span><\/p>\n<p style=\"text-align: justify;\"><span style=\"font-size: 17px; color: #000080;\"><strong><span style=\"font-family: georgia, palatino;\">&lt;&gt; <span style=\"color: #808000;\">Comit\u00e9 cient\u00edfico<\/span><\/span><\/strong><span style=\"font-family: georgia, palatino;\">\u200b<br \/>\nRafael Mahiques Santandreu, Presidente.<br \/>\nAntonio Conca Ferr\u00fas, Coordinador.<br \/>\nJavier Marcos Martinez<br \/>\nSouhila Aouali<br \/>\nMaria Agut Monferrer<br \/>\nFrancisco Tejedor Jord\u00e1n<br \/>\nFrancisco Mart\u00ednez Tolosa<br \/>\n<\/span><\/span><span style=\"font-size: 17px; color: #000080;\"><span style=\"font-family: georgia, palatino;\">C\u00e1ndido Sos Escudero<\/span><span style=\"font-family: georgia, palatino;\"><br \/>\n<\/span><\/span><\/p>\n<p style=\"text-align: justify;\"><span style=\"font-size: 17px;\"><strong><span style=\"color: #000080;\">&lt;&gt; <span style=\"color: #808000;\">Comit\u00e9 organizador<br \/>\n<\/span><\/span><\/strong><span style=\"color: #000080;\">\u200bIgnacio Lerma Montero, Presidente de \u00a0SOMIVAL<\/span><\/span><br \/>\n<span style=\"font-size: 17px; color: #000080;\">Joaqu\u00edn Herrero Conejos<br \/>\nJos\u00e9 Luis Egeda Hern\u00e1ndez<br \/>\n<\/span><span style=\"font-size: 17px; color: #000080;\">Ignacio Tarazona Mart\u00ednez<br \/>\nCarmen Comeche Gin\u00e9s<\/span><br \/>\n<span style=\"font-size: 17px; color: #000080;\">Rafael Mar\u00edn Reina<\/span><br \/>\n<span style=\"font-size: 17px; color: #000080;\">Roberto \u00c1ngel Bermell Meli\u00e1<\/span><\/p>\n<p><span style=\"font-size: 17px;\"><strong><span style=\"font-family: georgia, palatino;\">&lt;&gt;<\/span><span style=\"font-family: georgia, palatino;\"> <span style=\"color: #808000;\">Secretar\u00eda del congreso<br \/>\n<\/span><\/span><\/strong><span style=\"color: #000080;\">SOCIEDAD MICOL\u00d3GICA VALENCIANA<br \/>\n<\/span><\/span><span style=\"font-size: 17px; color: #000080;\"><span style=\"color: #808000;\">Correo electr\u00f3nico (avisos y comunicaciones)<\/span>: cemm.somival@gmail.com<br \/>\n<\/span><span style=\"font-size: 17px;\"><span style=\"color: #808000;\">Correo postal: <span style=\"color: #000080;\">SOCIEDAD MICOL\u00d3GICA VALENCIANA<br \/>\n<\/span><\/span><span style=\"color: #000080;\">calle Corredors n\u00ba 6, bajo, esquina posterior<\/span><\/span><br \/>\n<span style=\"font-size: 17px; color: #000080;\">c\u00f3digo postal 46003 VALENCIA (ESPA\u00d1A)<br \/>\n<\/span><span style=\"font-size: 17px;\"><span style=\"color: #808000;\">Web:<\/span> <a href=\"https:\/\/somival.org\/\">somival.org<\/a><\/span><\/p>\n<p><span style=\"color: #993366; font-family: georgia, palatino; font-size: 17px;\"><strong>&lt;&gt; COLABORACIONES:<\/strong><br \/>\n<\/span><\/p>\n<table style=\"height: 10px; width: 78.8143%; border-collapse: collapse;\">\n<tbody>\n<tr style=\"height: 24px;\">\n<td style=\"width: 14.2584%; height: 10px;\"><img loading=\"lazy\" decoding=\"async\" class=\"aligncenter size-full wp-image-1119\" src=\"https:\/\/cemm24.somival.org\/wp-content\/uploads\/2024\/02\/Benicassim1-1.jpg\" alt=\"\" width=\"124\" height=\"50\" \/><\/td>\n<td style=\"width: 14.2584%; height: 10px;\"><img loading=\"lazy\" decoding=\"async\" class=\"aligncenter size-full wp-image-1595\" src=\"https:\/\/cemm24.somival.org\/wp-content\/uploads\/2024\/04\/Diputacion.jpg\" alt=\"\" width=\"124\" height=\"50\" \/><\/td>\n<td style=\"width: 14.2584%; height: 10px;\"><img loading=\"lazy\" decoding=\"async\" class=\"aligncenter size-full wp-image-1120\" src=\"https:\/\/cemm24.somival.org\/wp-content\/uploads\/2024\/02\/Turismo.jpg\" alt=\"\" width=\"113\" height=\"50\" \/><\/td>\n<td style=\"width: 14.2584%; height: 10px;\"><img loading=\"lazy\" decoding=\"async\" class=\"aligncenter size-full wp-image-1118\" src=\"https:\/\/cemm24.somival.org\/wp-content\/uploads\/2024\/02\/Asmicas.jpg\" alt=\"\" width=\"136\" height=\"50\" \/><\/td>\n<td style=\"width: 14.2584%; height: 10px;\"><span style=\"font-family: georgia, palatino;\"><img loading=\"lazy\" decoding=\"async\" class=\"aligncenter size-full wp-image-1597\" src=\"https:\/\/cemm24.somival.org\/wp-content\/uploads\/2024\/04\/Valengest.jpg\" alt=\"\" width=\"110\" height=\"50\" \/><\/span><\/td>\n<td style=\"width: 14.2584%; height: 10px;\"><span style=\"font-family: georgia, palatino;\">\u00a0<\/span><\/td>\n<td style=\"width: 14.2584%; text-align: center; vertical-align: middle; height: 10px;\"><span style=\"font-family: georgia, palatino;\">\u00a0<\/span><\/td>\n<\/tr>\n<\/tbody>\n<\/table>\n","protected":false},"excerpt":{"rendered":"<p>&lt;&lt;&lt; \u00a0 \u00a0EL CONGRESO El XXX Congreso de la CONFEDERACI\u00d3N EUROPEA DE MICOLOG\u00cdA MEDITERR\u00c1NEA (C.E.M.M. 2024) est\u00e1 organizado por la Sociedad Micol\u00f3gica Valenciana (SOMIVAL), miembro asociado de la CEMM. EL Congreso se celebrar\u00e1 del 27 de Octubre al 2 de Noviembre de 2024 en Benic\u00e0ssim (Castell\u00f3n), una peque\u00f1a ciudad con una poblaci\u00f3n de 19.951 habitantes, [&hellip;]<\/p>\n","protected":false},"author":2,"featured_media":0,"parent":0,"menu_order":0,"comment_status":"closed","ping_status":"closed","template":"","meta":{"footnotes":""},"class_list":["post-319","page","type-page","status-publish","hentry","post"],"_links":{"self":[{"href":"https:\/\/cemm24.somival.org\/index.php\/wp-json\/wp\/v2\/pages\/319","targetHints":{"allow":["GET"]}}],"collection":[{"href":"https:\/\/cemm24.somival.org\/index.php\/wp-json\/wp\/v2\/pages"}],"about":[{"href":"https:\/\/cemm24.somival.org\/index.php\/wp-json\/wp\/v2\/types\/page"}],"author":[{"embeddable":true,"href":"https:\/\/cemm24.somival.org\/index.php\/wp-json\/wp\/v2\/users\/2"}],"replies":[{"embeddable":true,"href":"https:\/\/cemm24.somival.org\/index.php\/wp-json\/wp\/v2\/comments?post=319"}],"version-history":[{"count":53,"href":"https:\/\/cemm24.somival.org\/index.php\/wp-json\/wp\/v2\/pages\/319\/revisions"}],"predecessor-version":[{"id":2716,"href":"https:\/\/cemm24.somival.org\/index.php\/wp-json\/wp\/v2\/pages\/319\/revisions\/2716"}],"wp:attachment":[{"href":"https:\/\/cemm24.somival.org\/index.php\/wp-json\/wp\/v2\/media?parent=319"}],"curies":[{"name":"wp","href":"https:\/\/api.w.org\/{rel}","templated":true}]}}