{"id":302,"date":"2023-10-10T07:14:03","date_gmt":"2023-10-10T07:14:03","guid":{"rendered":"https:\/\/cemm24.somival.org\/?page_id=302"},"modified":"2024-07-21T20:59:59","modified_gmt":"2024-07-21T20:59:59","slug":"inscripciones","status":"publish","type":"page","link":"https:\/\/cemm24.somival.org\/index.php\/inscripciones\/","title":{"rendered":"InscripcionEs"},"content":{"rendered":"<table style=\"height: 25px; width: 550px; border-collapse: collapse;\">\n<tbody>\n<tr style=\"height: 30px;\">\n<td style=\"width: 50px; height: 25px; background-color: #f1f2e4; text-align: center; vertical-align: bottom;\"><a href=\"https:\/\/cemm24.somival.org\/index.php\/opciones\/\"><span style=\"font-size: 19px; color: #008000;\"><strong><span style=\"color: #008000;\">&lt;&lt;&lt;<\/span><\/strong><\/span><\/a><\/td>\n<td style=\"width: 480px; height: 25px; background-color: #f1f2e4; vertical-align: middle;\" colspan=\"4\"><span style=\"font-family: georgia, palatino; font-size: 17px;\"><strong><span style=\"color: #993366;\"><span style=\"font-size: 20px;\">\u00a0 1<\/span>. INSCRIPCI\u00d3N<\/span><\/strong><\/span><\/td>\n<\/tr>\n<\/tbody>\n<\/table>\n<p><span style=\"color: #000080; font-family: georgia, palatino; font-size: 17px;\">La inscripci\u00f3n para participar de forma completa u ocasional en los programas del Congreso, <strong>tanto para alojados en el Hotel Intelier Orange o para externos <\/strong>puede<\/span><span style=\"font-size: 17px; color: #000080; font-family: georgia, palatino;\"><strong>\u00a0realizarse<\/strong> a trav\u00e9s del siguiente\u00a0 <a href=\"https:\/\/cemm24.somival.org\/index.php\/inscripcionfin\/\"><span style=\"color: #993366;\"><strong><em>ENLACE ON LINE FORMULARIO<\/em><\/strong><\/span><\/a> o <a href=\"https:\/\/cemm24.somival.org\/index.php\/inscripcionfin\/\"><span style=\"color: #008000;\"><em><strong>FORMULARIO PDF<\/strong><\/em><\/span><\/a> <strong>antes del 15 de julio de 2024<\/strong>.<\/span><\/p>\n<p><span style=\"color: #000080; font-family: georgia, palatino; font-size: 17px;\">En el caso de no ser posible la inscripci\u00f3n online contactar con el comit\u00e9 organizador al correo: <span style=\"color: #993366;\">cemm.somival@gmail.com<\/span><\/span><\/p>\n<table style=\"height: 25px; width: 550px; border-collapse: collapse;\">\n<tbody>\n<tr style=\"height: 30px;\">\n<td style=\"width: 2.39808%; height: 25px; background-color: #f1f2e4; vertical-align: middle;\" colspan=\"4\"><span style=\"font-family: georgia, palatino; font-size: 17px;\"><strong><span style=\"color: #993366;\"><span style=\"font-family: georgia, palatino; font-size: 17px;\"><span style=\"font-size: 20px;\">2<\/span>.<\/span> PRECIO DE LA ASISTENCIA AL CONGRESO<\/span><\/strong><\/span><\/td>\n<\/tr>\n<\/tbody>\n<\/table>\n<p><span style=\"color: #993366; font-family: georgia, palatino; font-size: 17px;\"><span style=\"text-decoration: underline;\"><strong><span style=\"font-size: 20px;\">2.1<\/span> CONGRESISTAS Y ACOMPA\u00d1ANTES <\/strong>PRECIOS <strong>CON ALOJAMIENTO en HOTEL INTELIER ORANGE<\/strong><\/span><br \/>\n(6 noches, del 27 de octubre al 2 de noviembre de 2024).<br \/>\n<\/span><\/p>\n<table style=\"height: 75px; width: 60.6406%; border-collapse: collapse;\">\n<tbody>\n<tr>\n<td style=\"width: 70.492%; text-align: center; background-color: #edede8;\" colspan=\"6\"><span style=\"color: #000080; font-family: georgia, palatino; font-size: 17px;\">Importes por persona alojada (congresista o acompa\u00f1ante)<\/span><\/td>\n<\/tr>\n<tr style=\"height: 25px;\">\n<td style=\"width: 20.9524%; height: 25px; text-align: center; background-color: #edede8;\"><span style=\"color: #000080; font-family: georgia, palatino; font-size: 17px;\">\u00a0Habitaci\u00f3n<\/span><\/td>\n<td style=\"text-align: center; width: 11.4322%; height: 25px; background-color: #edede8;\"><span style=\"color: #000080; font-family: georgia, palatino; font-size: 17px;\">Inscripci\u00f3n<\/span><\/td>\n<td style=\"text-align: center; width: 10.8609%; height: 25px; background-color: #edede8;\"><span style=\"color: #000080; font-family: georgia, palatino; font-size: 17px;\">Alojamiento<\/span><\/td>\n<td style=\"text-align: center; width: 9.04087%; height: 25px; background-color: #edede8;\"><span style=\"color: #000080; font-family: georgia, palatino; font-size: 17px;\"><strong>Total<\/strong>\u00a0<\/span><\/td>\n<td style=\"text-align: center; width: 8.09861%; height: 25px; background-color: #edede8;\"><span style=\"color: #000080; font-family: georgia, palatino; font-size: 17px;\">1er pago<br \/>\n<\/span><\/td>\n<td style=\"text-align: center; height: 25px; width: 10.107%; background-color: #edede8;\"><span style=\"color: #000080; font-family: georgia, palatino; font-size: 17px;\">2\u00ba pago<\/span><\/td>\n<\/tr>\n<tr style=\"height: 24px;\">\n<td style=\"width: 20.9524%; height: 25px;\"><span style=\"color: #993366; font-family: georgia, palatino; font-size: 17px;\">Doble 2 pax<\/span><\/td>\n<td style=\"text-align: center; width: 11.4322%; height: 25px;\"><span style=\"font-size: 17px; color: #000080; font-family: georgia, palatino;\">50 \u20ac<\/span><\/td>\n<td style=\"text-align: center; width: 10.8609%; height: 25px;\"><span style=\"color: #000080; font-family: georgia, palatino; font-size: 17px;\">470 \u20ac\u00a0<\/span><\/td>\n<td style=\"width: 9.04087%; height: 25px; text-align: center;\"><strong><span style=\"color: #000080; font-family: georgia, palatino; font-size: 17px;\">520 \u20ac<\/span><\/strong><\/td>\n<td style=\"width: 8.09861%; height: 25px; text-align: center;\"><span style=\"color: #000080; font-family: georgia, palatino; font-size: 17px;\">285 \u20ac\u00a0<\/span><\/td>\n<td style=\"height: 25px; width: 10.107%; text-align: center;\"><span style=\"color: #000080; font-family: georgia, palatino; font-size: 17px;\">235 \u20ac<\/span><\/td>\n<\/tr>\n<tr style=\"height: 24px;\">\n<td style=\"width: 20.9524%; height: 25px;\"><span style=\"color: #993366; font-family: georgia, palatino; font-size: 17px;\">Doble uso individual<\/span><\/td>\n<td style=\"text-align: center; width: 11.4322%; height: 25px;\"><span style=\"color: #000080; font-family: georgia, palatino; font-size: 17px;\">50 \u20ac<\/span><\/td>\n<td style=\"text-align: center; width: 10.8609%; height: 25px;\"><span style=\"color: #000080; font-family: georgia, palatino; font-size: 17px;\">\u00a0570 \u20ac\u00a0<\/span><\/td>\n<td style=\"width: 9.04087%; height: 25px; text-align: center;\"><strong><span style=\"color: #000080; font-family: georgia, palatino; font-size: 17px;\">620 \u20ac\u00a0<\/span><\/strong><\/td>\n<td style=\"width: 8.09861%; height: 25px; text-align: center;\"><span style=\"color: #000080; font-family: georgia, palatino; font-size: 17px;\">335 \u20ac<\/span><\/td>\n<td style=\"height: 25px; width: 10.107%; text-align: center;\"><span style=\"color: #000080; font-family: georgia, palatino; font-size: 17px;\">285 \u20ac<\/span><\/td>\n<\/tr>\n<tr>\n<td style=\"width: 20.9524%;\"><span style=\"color: #993366; font-family: georgia, palatino; font-size: 17px;\">Triple 3 camas<\/span><\/td>\n<td style=\"text-align: center; width: 11.4322%;\"><span style=\"color: #000080; font-family: georgia, palatino; font-size: 17px;\">50 \u20ac<\/span><\/td>\n<td style=\"text-align: center; width: 10.8609%;\"><span style=\"color: #000080; font-family: georgia, palatino; font-size: 17px;\">450 \u20ac<\/span><\/td>\n<td style=\"width: 9.04087%; text-align: center;\"><strong><span style=\"color: #000080; font-family: georgia, palatino; font-size: 17px;\">500 \u20ac<\/span><\/strong><\/td>\n<td style=\"width: 8.09861%; text-align: center;\"><span style=\"color: #000080; font-family: georgia, palatino; font-size: 17px;\">275 \u20ac<\/span><\/td>\n<td style=\"width: 10.107%; text-align: center;\"><span style=\"color: #000080; font-family: georgia, palatino; font-size: 17px;\">225 \u20ac<br \/>\n<\/span><\/td>\n<\/tr>\n<\/tbody>\n<\/table>\n<p><span style=\"color: #000080; font-family: georgia, palatino; font-size: 17px;\">Estos precios incluyen pensi\u00f3n completa (desayuno, comida y cena), desde la cena del domingo d\u00eda 27 de octubre, hasta el desayuno del s\u00e1bado d\u00eda 2 de noviembre, la comida del dia 30 y la cena de gala<\/span><span style=\"color: #000080; font-family: georgia, palatino; font-size: 17px;\">.<br \/>\nTambi\u00e9n incluyen todas las actividades del Congreso y los viajes en autob\u00fas de las salidas al campo de los congresistas y de las salidas de los acompa\u00f1antes.<\/span><\/p>\n<p><span style=\"text-decoration: underline;\"><strong><span style=\"color: #993366; font-family: georgia, palatino; font-size: 17px; text-decoration: underline;\"><span style=\"font-size: 20px;\">2.2<\/span> CONGRESISTAS SIN ALOJAMIENTO EN HOTEL INTELIER ORANGE<\/span><\/strong><\/span><br \/>\n<span style=\"color: #000080; font-family: georgia, palatino; font-size: 17px;\">Para aquellas personas que no deseen utilizar los servicios de alojamiento prestados por la Asociaci\u00f3n organizadora:<\/span><br \/>\n<span style=\"color: #000080; font-family: georgia, palatino; font-size: 17px;\">&#8212; Cuota de inscripci\u00f3n exclusivamente: asistencia a las conferencias y simposio, la bolsa de bienvenida, vino de honor y las salidas micol\u00f3gicas\u00a0 a zonas de recolecta en veh\u00edculo propio: <strong>50 euros<\/strong>.<\/span><br \/>\n<span style=\"color: #000080; font-family: georgia, palatino; font-size: 17px;\">&#8212; Cuota de inscripci\u00f3n m\u00e1s Comida d\u00eda 30 de octubre en Restaurante Casa Ram\u00f3n: <strong>85 euros.<br \/>\n<\/strong>&#8212; Cuota de inscripci\u00f3n m\u00e1s Cena de Gala en el Hotel Orange dia 1 de noviembre: <strong>90 euros.<\/strong><\/span><br \/>\n<span style=\"color: #000080; font-family: georgia, palatino; font-size: 17px;\">&#8212; Cuota de inscripci\u00f3n m\u00e1s Comida d\u00eda 30 de octubre en Restaurante Casa Ram\u00f3n y Cena de Gala en el Hotel Orange d\u00eda 1 de noviembre: <strong>125 euros<\/strong>.<\/span><\/p>\n<p><span style=\"color: #000080; font-family: georgia, palatino; font-size: 17px;\">Los Congresistas no alojados podr\u00e1n tambi\u00e9n hacer uso del restaurante del hotel para el resto de las comidas y cenas diarias con un importe de <strong>15 euros por comida<\/strong> y <strong>15 euros por cena<\/strong>, lo que deben comunicarlo con antelaci\u00f3n y pagarlo directamente en la recepci\u00f3n del Hotel.<\/span><\/p>\n<table style=\"height: 25px; width: 550px; border-collapse: collapse;\">\n<tbody>\n<tr style=\"height: 30px;\">\n<td style=\"width: 9.80392%; height: 25px; background-color: #f1f2e4; vertical-align: middle;\" colspan=\"4\"><span style=\"font-family: georgia, palatino; font-size: 17px;\"><strong><span style=\"color: #993366;\"><span style=\"font-size: 20px;\">3<\/span><span style=\"font-size: 18px;\">. PAGO<\/span><\/span><\/strong><\/span><\/td>\n<\/tr>\n<\/tbody>\n<\/table>\n<p><span style=\"font-family: georgia, palatino; font-size: 17px;\"><span style=\"color: #000080;\">El pago debe hacerse por transferencia bancaria, <strong>sin coste alguno para el destinatario, <\/strong>e <strong>indicando en el concepto de la transferencia el nombre completo del congresista o acompa\u00f1ante <\/strong>y debe mandarse a nombre de:<\/span><\/span><\/p>\n<p><span style=\"font-family: 'times new roman', times; font-size: 17px; color: #000080;\"><strong>SOCIEDAD MICOLOGICA VALENCIANA<\/strong><\/span><br \/>\n<span style=\"font-family: 'times new roman', times; font-size: 17px; color: #000080;\"><strong>IBAN: ES66 3159 00 2026 2998086124<\/strong><\/span><br \/>\n<span style=\"font-family: 'times new roman', times;\"><strong><span style=\"font-size: 17px; color: #000080;\">BIC \/ SWIFT: BCOEESMM159<\/span><br \/>\n<\/strong><\/span><\/p>\n<hr \/>\n<p><span style=\"color: #000080; font-family: georgia, palatino; font-size: 17px;\"><strong><span style=\"color: #993366;\"><span style=\"font-size: 20px;\">3.1<\/span> PAGO CONGRESISTAS ALOJADOS en HOTEL INTELIER ORANGE.<\/span><\/strong><\/span><\/p>\n<hr \/>\n<p><span style=\"color: #993366; font-family: georgia, palatino; font-size: 17px;\"><strong>&#8230; <span style=\"text-decoration: underline;\">PRIMER PAGO<\/span><\/strong>.<\/span><br \/>\n<span style=\"font-size: 17px;\"><span style=\"color: #000080; font-family: georgia, palatino;\"><strong>En el momento de la inscripci\u00f3n debe ser efectuado el pago del 50 % del precio del alojamiento y la totalidad de la cuota de la inscripci\u00f3n.<\/strong><br \/>\n<\/span><span style=\"font-family: georgia, palatino;\"><span style=\"color: #000080;\"><span style=\"color: #000080; font-family: georgia, palatino;\">El comprobante del ingreso (copia de la transferencia) debe ser remitido por correo electr\u00f3nico en el momento de la inscripcion a (<strong>cemm.somival@gmail.com<\/strong>).<\/span><\/span><strong><span style=\"color: #000080;\"><br \/>\n<\/span><\/strong><\/span><\/span><\/p>\n<p><span style=\"color: #993366; font-family: georgia, palatino; font-size: 17px;\"><strong>&#8230; <span style=\"text-decoration: underline;\">SEGUNDO PAGO<\/span>.<\/strong><\/span><br \/>\n<span style=\"font-size: 17px;\"><span style=\"font-family: georgia, palatino;\"><strong><span style=\"color: #000080;\">El 50% restante del alojamiento deber\u00e1 enviarse hasta el 15 de septiembre de 2024.<br \/>\n<\/span><\/strong><span style=\"color: #000080;\"><span style=\"color: #000080; font-family: georgia, palatino;\">El comprobante del ingreso (copia de la transferencia) debe ser remitido por correo electr\u00f3nico (<strong>cemm.somival@gmail.com<\/strong>).<\/span><\/span><strong><span style=\"color: #000080;\"><br \/>\n<\/span><\/strong><\/span><span style=\"color: #000080; font-family: georgia, palatino;\">Despu\u00e9s del registro y el pago, el comit\u00e9 organizador confirmar\u00e1 por e-mail la reserva efectuada, documento que se deber\u00e1 presentar a la recepci\u00f3n del Hotel.<\/span><\/span><\/p>\n<p><span style=\"color: #993366; font-family: georgia, palatino; font-size: 17px;\"><strong>&#8230; <span style=\"text-decoration: underline;\">CANCELACIONES<\/span>.<br \/>\n<\/strong><span style=\"color: #000080; font-family: georgia, palatino;\"><strong>Primer pago<\/strong>. Si se cancela la inscripci\u00f3n\u00a0<strong>antes del 15 de julio de 2024<\/strong>, no se devolver\u00e1 la<strong> cuota<\/strong> de inscripci\u00f3n.<\/span><br \/>\n<span style=\"color: #000080; font-family: georgia, palatino;\"><strong>Segundo pago<\/strong>. Si se cancela<strong> entre el 15 de julio y el 15 de septiembre de 2024<\/strong> no se devolver\u00e1 <strong>el primer pago ni la cuota <\/strong>de inscripci\u00f3n.<br \/>\nSi la cancelaci\u00f3n se hace con posterioridad al <strong>15 de septiembre de 2024<\/strong> no ser\u00e1 posible <strong>ning\u00fan reembolso<\/strong>. Sin embargo, cada situaci\u00f3n ser\u00e1 examinada en caso de enfermedad grave o accidente.<\/span><strong><br \/>\n<\/strong><\/span><\/p>\n<hr \/>\n<p><span style=\"font-family: georgia, palatino; font-size: 17px;\"><strong><span style=\"color: #000080;\"><span style=\"color: #993366;\"><span style=\"font-size: 20px;\">3.2<\/span> PAGO CONGRESISTAS SIN ALOJAMIENTO en HOTEL INTELIER ORANGE<\/span><\/span><\/strong><\/span><\/p>\n<hr \/>\n<p><span style=\"color: #000080; font-family: georgia, palatino; font-size: 17px;\"><strong>Pago \u00fanico<\/strong> seg\u00fan la opci\u00f3n elegida.<strong><br \/>\n<\/strong><\/span><span style=\"font-size: 17px; font-family: georgia, palatino;\"><span style=\"color: #000080;\">El comprobante del ingreso (copia de la transferencia) debe ser remitido por correo electr\u00f3nico\u00a0 en el momento de la inscripci\u00f3n a (<strong>cemm.somival@gmail.com<\/strong>).<br \/>\n<\/span><span style=\"color: #000080;\"><span style=\"color: #993366;\"><strong><br \/>\n&#8230; <span style=\"text-decoration: underline;\">CANCELACIONES<\/span>.<br \/>\n<\/strong><\/span><\/span><\/span><span style=\"font-size: 17px; color: #000080; font-family: georgia, palatino;\">En caso de cancelaci\u00f3n <strong>antes del 15 de septiembre de 2024<\/strong> no se devolver\u00e1 la <strong>cuota <\/strong>de inscripci\u00f3n.<br \/>\n<\/span><span style=\"font-size: 17px; color: #000080; font-family: georgia, palatino;\">Si la <strong>cancelaci\u00f3n <\/strong>se hace con posterioridad al <strong>15 de septiembre de 2024 <\/strong>no ser\u00e1 posible <strong>ning\u00fan reembolso.<\/strong> Sin embargo, cada situaci\u00f3n ser\u00e1 examinada en caso de enfermedad grave o accidente.<\/span><\/p>\n","protected":false},"excerpt":{"rendered":"<p>&lt;&lt;&lt; \u00a0 1. INSCRIPCI\u00d3N La inscripci\u00f3n para participar de forma completa u ocasional en los programas del Congreso, tanto para alojados en el Hotel Intelier Orange o para externos puede\u00a0realizarse a trav\u00e9s del siguiente\u00a0 ENLACE ON LINE FORMULARIO o FORMULARIO PDF antes del 15 de julio de 2024. En el caso de no ser posible [&hellip;]<\/p>\n","protected":false},"author":2,"featured_media":0,"parent":0,"menu_order":0,"comment_status":"closed","ping_status":"closed","template":"","meta":{"footnotes":""},"class_list":["post-302","page","type-page","status-publish","hentry","post"],"_links":{"self":[{"href":"https:\/\/cemm24.somival.org\/index.php\/wp-json\/wp\/v2\/pages\/302","targetHints":{"allow":["GET"]}}],"collection":[{"href":"https:\/\/cemm24.somival.org\/index.php\/wp-json\/wp\/v2\/pages"}],"about":[{"href":"https:\/\/cemm24.somival.org\/index.php\/wp-json\/wp\/v2\/types\/page"}],"author":[{"embeddable":true,"href":"https:\/\/cemm24.somival.org\/index.php\/wp-json\/wp\/v2\/users\/2"}],"replies":[{"embeddable":true,"href":"https:\/\/cemm24.somival.org\/index.php\/wp-json\/wp\/v2\/comments?post=302"}],"version-history":[{"count":73,"href":"https:\/\/cemm24.somival.org\/index.php\/wp-json\/wp\/v2\/pages\/302\/revisions"}],"predecessor-version":[{"id":2731,"href":"https:\/\/cemm24.somival.org\/index.php\/wp-json\/wp\/v2\/pages\/302\/revisions\/2731"}],"wp:attachment":[{"href":"https:\/\/cemm24.somival.org\/index.php\/wp-json\/wp\/v2\/media?parent=302"}],"curies":[{"name":"wp","href":"https:\/\/api.w.org\/{rel}","templated":true}]}}