{"id":2722,"date":"2024-07-19T07:06:26","date_gmt":"2024-07-19T07:06:26","guid":{"rendered":"https:\/\/cemm24.somival.org\/?page_id=2722"},"modified":"2024-07-19T07:25:10","modified_gmt":"2024-07-19T07:25:10","slug":"inscripcionfin","status":"publish","type":"page","link":"https:\/\/cemm24.somival.org\/index.php\/inscripcionfin\/","title":{"rendered":"inscripcionfin"},"content":{"rendered":"<table style=\"height: 25px; width: 500PX; border-collapse: collapse;\">\n<tbody>\n<tr style=\"height: 30px;\">\n<td style=\"width: 50px; height: 25px; text-align: center; vertical-align: bottom;\"><a href=\"https:\/\/cemm24.somival.org\/\"><span style=\"font-size: 19px; color: #008000;\"><strong><span style=\"color: #008000;\">&lt;&lt;&lt;<\/span><\/strong><\/span><\/a><\/td>\n<td style=\"height: 25px; width: 443px; vertical-align: top;\" colspan=\"2\"><span style=\"font-size: 19px;\"><strong><span style=\"color: #993366;\">\u00a0 \u00a0INSCRIPCION CONGRESO<\/span><\/strong><\/span><\/td>\n<\/tr>\n<\/tbody>\n<\/table>\n<p><span style=\"font-size: 17px; color: #000080;\">El plazo de inscripci\u00f3n para el XXX Congreso de la CEMM finalizo el 15 de julio. Puedes contactar mediante email.<\/span><br \/>\n<span style=\"font-size: 17px; color: #000080;\">El termini dinscripci\u00f3 per al XXX Congr\u00e9s de la CEMM va finalitzar el 15 de juliol. Pots contactar mitjan\u00e7ant email.<\/span><br \/>\n<span style=\"font-size: 17px; color: #000080;\">O per\u00edodo de inscri\u00e7\u00f5es para o XXX Congresso do CEMM terminou no dia 15 de julho. Pode entrar em contacto por e-mail.<\/span><br \/>\n<span style=\"font-size: 17px; color: #000080;\">La p\u00e9riode d&#8217;inscription au XXXe Congr\u00e8s du CEMM s&#8217;est termin\u00e9e le 15 juillet. Vous pouvez contacter par email.<\/span><br \/>\n<span style=\"font-size: 17px; color: #000080;\"><span class=\"jCAhz ChMk0b\"><span class=\"ryNqvb\">Il periodo di registrazione al XXX Congresso CEMM si \u00e8 concluso il 15 luglio.<\/span><\/span> <span class=\"jCAhz ChMk0b\"><span class=\"ryNqvb\">Puoi contattare via e-mail.<br \/>\n<\/span><\/span><span class=\"jCAhz ChMk0b\"><span class=\"ryNqvb\">The registration period for the XXX CEMM Congress ended on July 15.<\/span><\/span> <span class=\"jCAhz ChMk0b\"><span class=\"ryNqvb\">You can contact by email.<\/span><\/span><\/span><\/p>\n<table style=\"border-collapse: collapse; width: 37.6111%;\">\n<tbody>\n<tr>\n<td style=\"width: 6.56168%; vertical-align: bottom;\"><img loading=\"lazy\" decoding=\"async\" class=\"alignleft size-full wp-image-2725\" src=\"https:\/\/cemm24.somival.org\/wp-content\/uploads\/2024\/07\/email.jpg\" alt=\"\" width=\"40\" height=\"40\" \/><\/td>\n<td style=\"width: 31.0494%;\"><span style=\"font-size: 18px; color: #000080;\">cemm.somival@gmail.com<\/span><\/td>\n<\/tr>\n<\/tbody>\n<\/table>\n","protected":false},"excerpt":{"rendered":"<p>&lt;&lt;&lt; \u00a0 \u00a0INSCRIPCION CONGRESO El plazo de inscripci\u00f3n para el XXX Congreso de la CEMM finalizo el 15 de julio. Puedes contactar mediante email. El termini dinscripci\u00f3 per al XXX Congr\u00e9s de la CEMM va finalitzar el 15 de juliol. Pots contactar mitjan\u00e7ant email. O per\u00edodo de inscri\u00e7\u00f5es para o XXX Congresso do CEMM terminou [&hellip;]<\/p>\n","protected":false},"author":2,"featured_media":0,"parent":0,"menu_order":0,"comment_status":"closed","ping_status":"closed","template":"","meta":{"footnotes":""},"class_list":["post-2722","page","type-page","status-publish","hentry","post"],"_links":{"self":[{"href":"https:\/\/cemm24.somival.org\/index.php\/wp-json\/wp\/v2\/pages\/2722","targetHints":{"allow":["GET"]}}],"collection":[{"href":"https:\/\/cemm24.somival.org\/index.php\/wp-json\/wp\/v2\/pages"}],"about":[{"href":"https:\/\/cemm24.somival.org\/index.php\/wp-json\/wp\/v2\/types\/page"}],"author":[{"embeddable":true,"href":"https:\/\/cemm24.somival.org\/index.php\/wp-json\/wp\/v2\/users\/2"}],"replies":[{"embeddable":true,"href":"https:\/\/cemm24.somival.org\/index.php\/wp-json\/wp\/v2\/comments?post=2722"}],"version-history":[{"count":6,"href":"https:\/\/cemm24.somival.org\/index.php\/wp-json\/wp\/v2\/pages\/2722\/revisions"}],"predecessor-version":[{"id":2729,"href":"https:\/\/cemm24.somival.org\/index.php\/wp-json\/wp\/v2\/pages\/2722\/revisions\/2729"}],"wp:attachment":[{"href":"https:\/\/cemm24.somival.org\/index.php\/wp-json\/wp\/v2\/media?parent=2722"}],"curies":[{"name":"wp","href":"https:\/\/api.w.org\/{rel}","templated":true}]}}