{"id":2485,"date":"2024-05-10T18:16:52","date_gmt":"2024-05-10T18:16:52","guid":{"rendered":"https:\/\/cemm24.somival.org\/?page_id=2485"},"modified":"2024-05-10T18:24:57","modified_gmt":"2024-05-10T18:24:57","slug":"naturafr","status":"publish","type":"page","link":"https:\/\/cemm24.somival.org\/index.php\/naturafr\/","title":{"rendered":"NaturaFR"},"content":{"rendered":"<table style=\"height: 25px; width: 500PX; border-collapse: collapse;\">\n<tbody>\n<tr style=\"height: 30px;\">\n<td style=\"width: 50px; height: 25px; text-align: center; vertical-align: bottom;\"><a href=\"https:\/\/cemm24.somival.org\/index.php\/opcionfr\/\"><span style=\"font-size: 19px; color: #008000;\"><strong><span style=\"color: #008000;\">&lt;&lt;&lt;<\/span><\/strong><\/span><\/a><\/td>\n<td style=\"height: 25px; width: 443px; vertical-align: top;\" colspan=\"2\"><span style=\"font-size: 19px;\"><strong><span style=\"color: #993366;\"><span style=\"color: #008000;\">\u00a0 i<\/span>Naturalist &#8211; Project CEMM 2024<\/span><\/strong><\/span><\/td>\n<\/tr>\n<\/tbody>\n<\/table>\n<p><img loading=\"lazy\" decoding=\"async\" class=\"size-thumbnail wp-image-1589 alignleft\" src=\"https:\/\/cemm24.somival.org\/wp-content\/uploads\/2024\/04\/INATURA-150x150.jpg\" alt=\"\" width=\"150\" height=\"150\" srcset=\"https:\/\/cemm24.somival.org\/wp-content\/uploads\/2024\/04\/INATURA-150x150.jpg 150w, https:\/\/cemm24.somival.org\/wp-content\/uploads\/2024\/04\/INATURA-300x300.jpg 300w, https:\/\/cemm24.somival.org\/wp-content\/uploads\/2024\/04\/INATURA.jpg 378w\" sizes=\"auto, (max-width: 150px) 100vw, 150px\" \/><\/p>\n<p>&nbsp;<\/p>\n<p>&nbsp;<\/p>\n<p><span style=\"color: #000080;\"><strong><span style=\"font-size: 17px;\">&gt; Informations \u2013 Descriptif<\/span><\/strong><\/span><\/p>\n<p><span style=\"color: #000080; font-size: 17px;\"><span style=\"color: #008000;\">i<\/span>Naturalist est une communaut\u00e9 mondiale de naturalistes, de scientifiques et du grand public qui partagent leurs photographies (appel\u00e9es observations) de plantes, de champignons et d&#8217;animaux.<\/span><\/p>\n<p><span style=\"color: #000080; font-size: 17px;\">SOMIVAL a cr\u00e9\u00e9, dans cette application, le projet CEMM 2024 afin de l&#8217;utiliser lors du prochain Congr\u00e8s CEMM \u00e0 Benic\u00e0ssim par les congressistes qui souhaitent y participer et collaborer.<\/span><\/p>\n<p><span style=\"color: #000080; font-size: 17px;\"><strong>&gt; Configuraci\u00f3n dul project<\/strong>:<\/span><\/p>\n<ul>\n<li><span style=\"color: #000080; font-size: 17px;\"><strong>Temporaire<\/strong>: Observations faites pendant la p\u00e9riode du Congr\u00e8s, du 27\/10\/2024 au 03\/11\/2024.<\/span><\/li>\n<li><span style=\"color: #000080; font-size: 17px;\"><strong>G\u00e9ographiqu<\/strong>: Provinces de Castell\u00f3n et Valencia.<\/span><\/li>\n<li><span style=\"color: #000080; font-size: 17px;\"><strong>Utilisateurs<\/strong>: il affiche uniquement les observations des membres du projet (personnes qui ont rejoint le projet))<\/span><\/li>\n<li><span style=\"color: #000080; font-size: 17px;\"><strong>Observations<\/strong>: Taxons du Royaume des Champignons (Fungi) et du Royaume des Protozoaires (Protozoaires)<\/span><\/li>\n<\/ul>\n<p><strong><span style=\"color: #000080;\"><span style=\"font-size: 17px;\">&gt; Proc\u00e9dure pour rejoindre le projet.<\/span>\u00a0<\/span><\/strong><\/p>\n<p><span style=\"font-size: 17px;\"><span style=\"color: #000080;\">1 \u2013 T\u00e9l\u00e9chargez l\u2019application iNaturalist sur votre portable.\u00a0 \u00a0 <\/span><img loading=\"lazy\" decoding=\"async\" class=\"wp-image-1579 alignleft\" style=\"color: #000080;\" src=\"https:\/\/cemm24.somival.org\/wp-content\/uploads\/2024\/04\/Inaturalist.jpg\" alt=\"\" width=\"53\" height=\"52\" \/><\/span><br \/>\n<span style=\"color: #000080; font-size: 17px;\">2 \u2013 Une fois install\u00e9e, un nom d&#8217;utilisateur, un mot de passe et un email vous seront demand\u00e9s. L&#8217;application \u00e9tant ouverte, cliquez sur les trois bandes horizontales (\u2261) situ\u00e9es en haut \u00e0 gauche et une colonne blanche s&#8217;ouvrira, sur le c\u00f4t\u00e9 droit, avec diff\u00e9rentes sections.<\/span><br \/>\n<span style=\"font-size: 17px;\"><span style=\"color: #000080;\">3 &#8211; Cliquez sur la rubrique <strong>Projects<\/strong><br \/>\n<\/span><span style=\"color: #000080;\">4 &#8211; Cliquez sur la <strong>loupe<\/strong> en haut \u00e0 droite.<br \/>\n<\/span><span style=\"color: #000080;\">5 &#8211; \u00c9crivez CEMM 2024<br \/>\n<\/span><span style=\"color: #000080;\">6 &#8211; Le nom du projet appara\u00eetra avec l&#8217;image de l&#8217;ic\u00f4ne du projet.<br \/>\n<\/span><span style=\"color: #000080;\">7 &#8211; Cliquez sur le nom du projet.<\/span><\/span><br \/>\n<span style=\"color: #000080; font-size: 17px;\">8 &#8211; Un \u00e9cran appara\u00eetra et en haut vous verrez (<strong>JOINDRE)<\/strong><br \/>\n9 &#8211; Cliquez sur cette \u00e9tiquette (JOINDRE) pour joindre le projet et voir et ajouter les observations qui r\u00e9pondent aux exigences ou param\u00e8tres configur\u00e9s.<\/span><\/p>\n<p><span style=\"font-size: 17px;\"><span style=\"color: #800080;\">Remarque<\/span>: <span style=\"color: #000080;\">Pour ajouter des observations, l\u2019appareil photo du portable doit \u00eatre configur\u00e9 pour prendre des photos g\u00e9or\u00e9f\u00e9renc\u00e9es.<\/span><\/span><\/p>\n","protected":false},"excerpt":{"rendered":"<p>&lt;&lt;&lt; \u00a0 iNaturalist &#8211; Project CEMM 2024 &nbsp; &nbsp; &gt; Informations \u2013 Descriptif iNaturalist est une communaut\u00e9 mondiale de naturalistes, de scientifiques et du grand public qui partagent leurs photographies (appel\u00e9es observations) de plantes, de champignons et d&#8217;animaux. SOMIVAL a cr\u00e9\u00e9, dans cette application, le projet CEMM 2024 afin de l&#8217;utiliser lors du prochain Congr\u00e8s [&hellip;]<\/p>\n","protected":false},"author":2,"featured_media":0,"parent":0,"menu_order":0,"comment_status":"closed","ping_status":"closed","template":"","meta":{"footnotes":""},"class_list":["post-2485","page","type-page","status-publish","hentry","post"],"_links":{"self":[{"href":"https:\/\/cemm24.somival.org\/index.php\/wp-json\/wp\/v2\/pages\/2485","targetHints":{"allow":["GET"]}}],"collection":[{"href":"https:\/\/cemm24.somival.org\/index.php\/wp-json\/wp\/v2\/pages"}],"about":[{"href":"https:\/\/cemm24.somival.org\/index.php\/wp-json\/wp\/v2\/types\/page"}],"author":[{"embeddable":true,"href":"https:\/\/cemm24.somival.org\/index.php\/wp-json\/wp\/v2\/users\/2"}],"replies":[{"embeddable":true,"href":"https:\/\/cemm24.somival.org\/index.php\/wp-json\/wp\/v2\/comments?post=2485"}],"version-history":[{"count":4,"href":"https:\/\/cemm24.somival.org\/index.php\/wp-json\/wp\/v2\/pages\/2485\/revisions"}],"predecessor-version":[{"id":2489,"href":"https:\/\/cemm24.somival.org\/index.php\/wp-json\/wp\/v2\/pages\/2485\/revisions\/2489"}],"wp:attachment":[{"href":"https:\/\/cemm24.somival.org\/index.php\/wp-json\/wp\/v2\/media?parent=2485"}],"curies":[{"name":"wp","href":"https:\/\/api.w.org\/{rel}","templated":true}]}}