{"id":2453,"date":"2024-05-10T17:25:08","date_gmt":"2024-05-10T17:25:08","guid":{"rendered":"https:\/\/cemm24.somival.org\/?page_id=2453"},"modified":"2024-05-10T17:50:28","modified_gmt":"2024-05-10T17:50:28","slug":"ponentecandidopo","status":"publish","type":"page","link":"https:\/\/cemm24.somival.org\/index.php\/ponentecandidopo\/","title":{"rendered":"PonenteCANDIDOPO"},"content":{"rendered":"<table style=\"height: 25px; width: 500PX; border-collapse: collapse;\">\n<tbody>\n<tr style=\"height: 30px;\">\n<td style=\"width: 50px; height: 25px; text-align: center; vertical-align: bottom;\"><a href=\"https:\/\/cemm24.somival.org\/index.php\/ponenciaspo\/\"><span style=\"font-size: 19px; color: #008000;\"><strong><span style=\"color: #008000;\">&lt;&lt;&lt;<\/span><\/strong><\/span><\/a><\/td>\n<td style=\"height: 25px; width: 443px; vertical-align: top;\"><span style=\"font-size: 19px;\"><strong><span style=\"color: #993366;\">\u00a0 Candido SOS ESCUDERO<\/span><\/strong><\/span><\/td>\n<\/tr>\n<\/tbody>\n<\/table>\n<p><img loading=\"lazy\" decoding=\"async\" class=\"wp-image-1868 size-full alignleft\" src=\"https:\/\/cemm24.somival.org\/wp-content\/uploads\/2024\/04\/Candido-1.jpg\" alt=\"\" width=\"283\" height=\"283\" srcset=\"https:\/\/cemm24.somival.org\/wp-content\/uploads\/2024\/04\/Candido-1.jpg 283w, https:\/\/cemm24.somival.org\/wp-content\/uploads\/2024\/04\/Candido-1-150x150.jpg 150w\" sizes=\"auto, (max-width: 283px) 100vw, 283px\" \/><\/p>\n<p>&nbsp;<\/p>\n<p style=\"text-align: justify;\"><span style=\"color: #000080; font-size: 17px;\">&#8211; Analista de Dados e Melhoria Cont\u00ednua no Departamento de Engenharia, Melhoria Cont\u00ednua e Ambiente do Grupo Colorobbia Espa\u00f1a, S.A.<\/span><br \/>\n<span style=\"color: #000080; font-size: 17px;\">&#8211; Membro fundador da Associa\u00e7\u00e3o Micol\u00f3gica de Castell\u00f3n (ASMICAS), 2009.<\/span><br \/>\n<span style=\"color: #000080; font-size: 17px;\">&#8211; Presidente da ASMICAS de abril de 2018 a mar\u00e7o de 2021.<\/span><br \/>\n<span style=\"color: #000080; font-size: 17px;\">&#8211; Coordenador da Equipa de Cataloga\u00e7\u00e3o da ASMICAS desde 2018 at\u00e9 ao presente.<\/span><br \/>\n<span style=\"color: #000080; font-size: 17px;\">&#8211; V\u00e1rias publica\u00e7\u00f5es informativas na revista \u00abM\u00e1s que setas\u00bb ( Mais que cogumelos).<\/span><br \/>\n<span style=\"color: #000080; font-size: 17px;\">&#8211; Membro da Sociedade Ib\u00e9rica de Micologia (SIM), desde a sua funda\u00e7\u00e3o em 2018. Participante em diferentes reuni\u00f5es da SIM.<\/span><br \/>\n<span style=\"color: #000080; font-size: 17px;\">&#8211; Participante no 1\u00ba Congresso Andaluz de Micologia; Granada, novembro de 2021;\u00a0P\u00f4ster do projeto Cataloga\u00e7\u00e3o.<\/span><br \/>\n<span style=\"color: #000080; font-size: 17px;\">&#8211; Participante do International Russulales Workshop; Jaca, outubro de 2022.<\/span><br \/>\n<span style=\"font-size: 17px;\"><span style=\"color: #000080;\">&#8211; Primeiro registo na Europa de <em>Mycena pseudoseta<\/em> (M. Villarreal, A. Couceiro, C.Sos, J.M. Traba &amp; J. Mateos; A Coru\u00f1a, 2023), publicado no Bolet\u00edn de la Sociedad Micol\u00f3gica de Madrid n\u00ba47 p\u00e1ginas 57-65.<\/span><\/span><\/p>\n<p style=\"text-align: justify;\"><span style=\"font-size: 17px;\"><span style=\"color: #993366;\"><strong>T\u00edtulo da confer\u00eancia: \u00abDiversidad f\u00fangica mediterr\u00e1nea &#8211; Castell\u00f3n\u00bb<br \/>\n<\/strong><\/span><span style=\"color: #000080;\"><strong>Resumen: <\/strong><\/span><span style=\"color: #000080;\">Descrever-se-\u00e1 brevemente a metodologia e as ferramentas utilizadas para registar as esp\u00e9cies estudadas, nesta ocasi\u00e3o da prov\u00edncia de Castell\u00f3n (embora o \u00e2mbito do nosso trabalho n\u00e3o tenha limita\u00e7\u00e3o geogr\u00e1fica). Ser\u00e1 feita uma breve descri\u00e7\u00e3o das caracter\u00edsticas mais significativas de v\u00e1rias esp\u00e9cies que podem ser encontradas na zona mediterr\u00e2nica e dentro da diversidade f\u00fangica da prov\u00edncia.<\/span><\/span><\/p>\n","protected":false},"excerpt":{"rendered":"<p>&lt;&lt;&lt; \u00a0 Candido SOS ESCUDERO &nbsp; &#8211; Analista de Dados e Melhoria Cont\u00ednua no Departamento de Engenharia, Melhoria Cont\u00ednua e Ambiente do Grupo Colorobbia Espa\u00f1a, S.A. &#8211; Membro fundador da Associa\u00e7\u00e3o Micol\u00f3gica de Castell\u00f3n (ASMICAS), 2009. &#8211; Presidente da ASMICAS de abril de 2018 a mar\u00e7o de 2021. &#8211; Coordenador da Equipa de Cataloga\u00e7\u00e3o da [&hellip;]<\/p>\n","protected":false},"author":2,"featured_media":0,"parent":0,"menu_order":0,"comment_status":"closed","ping_status":"closed","template":"","meta":{"footnotes":""},"class_list":["post-2453","page","type-page","status-publish","hentry","post"],"_links":{"self":[{"href":"https:\/\/cemm24.somival.org\/index.php\/wp-json\/wp\/v2\/pages\/2453","targetHints":{"allow":["GET"]}}],"collection":[{"href":"https:\/\/cemm24.somival.org\/index.php\/wp-json\/wp\/v2\/pages"}],"about":[{"href":"https:\/\/cemm24.somival.org\/index.php\/wp-json\/wp\/v2\/types\/page"}],"author":[{"embeddable":true,"href":"https:\/\/cemm24.somival.org\/index.php\/wp-json\/wp\/v2\/users\/2"}],"replies":[{"embeddable":true,"href":"https:\/\/cemm24.somival.org\/index.php\/wp-json\/wp\/v2\/comments?post=2453"}],"version-history":[{"count":5,"href":"https:\/\/cemm24.somival.org\/index.php\/wp-json\/wp\/v2\/pages\/2453\/revisions"}],"predecessor-version":[{"id":2466,"href":"https:\/\/cemm24.somival.org\/index.php\/wp-json\/wp\/v2\/pages\/2453\/revisions\/2466"}],"wp:attachment":[{"href":"https:\/\/cemm24.somival.org\/index.php\/wp-json\/wp\/v2\/media?parent=2453"}],"curies":[{"name":"wp","href":"https:\/\/api.w.org\/{rel}","templated":true}]}}