{"id":2428,"date":"2024-05-10T17:03:28","date_gmt":"2024-05-10T17:03:28","guid":{"rendered":"https:\/\/cemm24.somival.org\/?page_id=2428"},"modified":"2024-05-10T17:09:59","modified_gmt":"2024-05-10T17:09:59","slug":"ponenterafapo","status":"publish","type":"page","link":"https:\/\/cemm24.somival.org\/index.php\/ponenterafapo\/","title":{"rendered":"PonenteRAFAPO"},"content":{"rendered":"<table style=\"height: 25px; width: 500PX; border-collapse: collapse;\">\n<tbody>\n<tr style=\"height: 30px;\">\n<td style=\"width: 50px; height: 25px; text-align: center; vertical-align: bottom;\"><a href=\"https:\/\/cemm24.somival.org\/index.php\/ponenciaspo\/\"><span style=\"font-size: 19px; color: #008000;\"><strong><span style=\"color: #008000;\">&lt;&lt;&lt;<\/span><\/strong><\/span><\/a><\/td>\n<td style=\"height: 25px; width: 443px; vertical-align: top;\"><span style=\"font-size: 19px;\"><strong><span style=\"color: #993366;\">\u00a0 Rafael MAHIQUES SANTANDREU<\/span><\/strong><\/span><\/td>\n<\/tr>\n<\/tbody>\n<\/table>\n<p style=\"text-align: justify;\"><img loading=\"lazy\" decoding=\"async\" class=\"alignleft wp-image-1940 size-full\" src=\"https:\/\/cemm24.somival.org\/wp-content\/uploads\/2024\/04\/Rafa1.jpg\" alt=\"\" width=\"283\" height=\"283\" srcset=\"https:\/\/cemm24.somival.org\/wp-content\/uploads\/2024\/04\/Rafa1.jpg 283w, https:\/\/cemm24.somival.org\/wp-content\/uploads\/2024\/04\/Rafa1-150x150.jpg 150w\" sizes=\"auto, (max-width: 283px) 100vw, 283px\" \/><\/p>\n<p style=\"text-align: justify;\"><span style=\"font-size: 17px; color: #000080;\"><strong><br \/>\n<span style=\"font-size: 17px;\">Rafael Mahiques Santandreu, <\/span><\/strong>nasceu em 1947 em Quatretonda (la Vall d&#8217;Albaida), uma aldeia e uma regi\u00e3o com uma tradi\u00e7\u00e3o ancestral de recolha de cogumelos. \u00c9 licenciado em Medicina e Dermatologia pela Universidade de Val\u00eancia.\u00a0<\/span><\/p>\n<p style=\"text-align: justify;\"><span style=\"font-size: 17px; color: #000080;\">\u00c9 membro fundador da Sociedade Valenciana de Micologia e presidente do seu comit\u00e9 cient\u00edfico. \u00c9 tamb\u00e9m presidente e fundador do Grupo Iberoinsular de los Cortinarius. Inicialmente foi mic\u00f3logo geral, mas desde finais do s\u00e9culo passado dedica-se principalmente, e quase exclusivamente, ao g\u00e9nero Cortinarius, do qual \u00e9 um dos melhores especialistas do mundo.<\/span><\/p>\n<p style=\"text-align: justify;\"><span style=\"font-size: 17px; color: #000080;\">Rafael foi o impulsionador da celebra\u00e7\u00e3o da XXIII Confer\u00eancia Europeia sobre Cortinarius em Morella em 2005, bem como da XVIII Confer\u00eancia CEMM realizada na mesma cidade em 2010.<\/span><\/p>\n<p style=\"text-align: justify;\"><span style=\"font-size: 17px; color: #000080;\">Autor do livro \u00abSetas de Quatretonda\u00bb e coautor de \u00abSetas de la Vall d&#8217;Albaida volumes I e II\u00bb e \u00abSetas del Parque Natural del Carrascar de la Font Roja\u00bb. \u00c9 autor e coordenador dos quatro n\u00fameros de \u00abCortinarius Ibero-Insulares\u00bb publicados pela Edizione Candusso como parte da sua cole\u00e7\u00e3o Fungi Non Delineati. Publicou artigos, para al\u00e9m do Butllet\u00ed de la Sociedade Valenciana de Micologia, em numerosas revistas nacionais e internacionais, tais como: Rivista de Micologia, Persoonia, Butlletin Trimestriel de la Federation Mycologique Dauphin\u00e9-Savoie, Cryptogamie, Mycologie, Documentos Mycologiques, Phytotaxa, Mycotaxon&#8230;<\/span><\/p>\n<p style=\"text-align: justify;\"><span style=\"font-size: 17px; color: #000080;\">\u00c9 atualmente revisor do g\u00e9nero <em>Cortinarius<\/em> na revista Persoonia. Esteve envolvido na descri\u00e7\u00e3o de numerosas esp\u00e9cies novas para a ci\u00eancia, tais como: <em>Cortinarius bombycinus, Cortinarius caesioestr<\/em>amineus var.<em>gentianeus<\/em>, <em>Cortinarius ferrusinus<\/em>, <em>Cortinarius iunii, Cortinarius murellensis, Cortinarius olidoamarus<\/em> var. <em>valentinus, Cortinarius securensis, Cortinarius terpsichores<\/em> var. <em>dryadicola<\/em>&#8230; Atualmente est\u00e1 aposentado da profiss\u00e3o de m\u00e9dico e dedica-se, para al\u00e9m dos seus estudos micol\u00f3gicos, \u00e0 cultura da vinha e da oliveira e \u00e0 produ\u00e7\u00e3o de vinho e azeite.<\/span><\/p>\n<p style=\"text-align: justify;\"><span style=\"font-size: 17px;\"><strong><span style=\"color: #993366;\">Palestra:<em> \u00ab<\/em><i><em>Cortinaris poc citats als Mass\u00eds del Penyagolosa\u00bb<\/em><\/i><\/span><\/strong><\/span><br \/>\n<span style=\"font-size: 17px;\"><span style=\"color: #000080;\"><strong>Resumo<\/strong>: Situa-se geograficamente o local do presente estudo, cita-se o n\u00famero total de Cortinarius encontrados at\u00e9 ao momento no Maci\u00e7o de Penyagolosa (Castell\u00f3) e descrevem-se e iconografam-se os cortinarius menos citados deste enclave, apesar de alguns deles corresponderem aos contrafortes do Maci\u00e7o, j\u00e1 em terras de Teruel.<\/span><\/span><\/p>\n<p style=\"text-align: justify;\"><span style=\"font-size: 17px; color: #000080;\">O Maci\u00e7o da Penyagolosa, localiza\u00e7\u00e3o e vegeta\u00e7\u00e3o; <em>C. aavae<\/em> Liimatainen &amp; Niskanen; <em>C. anthracinus<\/em> Fr.; <em>C. badiolaevis<\/em> Niskanen, Liimat., Mahiques, Bailar\u00e1 &amp; Kyt\u00f6v; <em>C. campester<\/em> Reumaux (=C. porphyreticus Mo\u00ebnne-Locc.); <em>C. castaneopallidus<\/em> Carteret (= <em>C. olivaceomarginatus<\/em> Carteret); <em>C. cremeiamarescens<\/em> Kit\u00f6v. Liimat. &amp; Niskanen; <em>C. deceptivissimus <\/em>Reumaux; <em>C. exsularis<\/em> Garrido-Ben., Bailar\u00e1 &amp; Mahiques; <em>C. gallurae<\/em> D. Antonini, M. Antonini &amp; Consiglio; <em>C. iunii<\/em> Bailar\u00e1, E. Su\u00e1rez, Mahiques &amp; Garrido-Benavent; <em>C. lepistoides<\/em> T.S. Jeppesen &amp; Fr\u00f8slev; C<em>. murellensis<\/em> Corazones. Gut., Bailar\u00e1, Cadi\u00f1anos, Palaz\u00f3n &amp; Mahiques; <em>C. olidoamarus f. valentinus<\/em> (Mahiques &amp; A. Favre) Bidaud &amp; Reumaux; <em>C. pallidirimosus<\/em> Kyt\u00f6v., Liimat. &amp; Niskanen (= <em>Thaxterogaster pallidirimosus<\/em> (Kyt\u00f6v., Liimat. &amp;Niskanen) Niskanen &amp; Liimat.); <em>C. pallidostriatus<\/em> Rob. Henry; <em>C. pin<\/em> iBrandrud; <em>C. radicosissimus <\/em>Mo\u00ebnne-Locc.; <em>C. roseonudipes <\/em>Rob. Henry &amp; Mo\u00ebnne-Locc.; <em>C. sacchariosmus<\/em> Buen; <em>C. securensis<\/em> J. D. Reyes, T. Illescas, J. Bailar\u00e1 y R. Mahiques; <em>C. uraceonemoralis<\/em> Niskanen, Liimat., Dima, Kyt\u00f6v., Bojantchev&amp; H. Lindstr; <em>C. variebulbus<\/em> Chevassut &amp; Rob. Henry; <em>C. violaceoserrulatus<\/em> L. Albert, Dima, Schmidt-Stohn, Rossi &amp; Ballar\u00e0.<\/span><\/p>\n","protected":false},"excerpt":{"rendered":"<p>&lt;&lt;&lt; \u00a0 Rafael MAHIQUES SANTANDREU Rafael Mahiques Santandreu, nasceu em 1947 em Quatretonda (la Vall d&#8217;Albaida), uma aldeia e uma regi\u00e3o com uma tradi\u00e7\u00e3o ancestral de recolha de cogumelos. \u00c9 licenciado em Medicina e Dermatologia pela Universidade de Val\u00eancia.\u00a0 \u00c9 membro fundador da Sociedade Valenciana de Micologia e presidente do seu comit\u00e9 cient\u00edfico. \u00c9 tamb\u00e9m [&hellip;]<\/p>\n","protected":false},"author":2,"featured_media":0,"parent":0,"menu_order":0,"comment_status":"closed","ping_status":"closed","template":"","meta":{"footnotes":""},"class_list":["post-2428","page","type-page","status-publish","hentry","post"],"_links":{"self":[{"href":"https:\/\/cemm24.somival.org\/index.php\/wp-json\/wp\/v2\/pages\/2428","targetHints":{"allow":["GET"]}}],"collection":[{"href":"https:\/\/cemm24.somival.org\/index.php\/wp-json\/wp\/v2\/pages"}],"about":[{"href":"https:\/\/cemm24.somival.org\/index.php\/wp-json\/wp\/v2\/types\/page"}],"author":[{"embeddable":true,"href":"https:\/\/cemm24.somival.org\/index.php\/wp-json\/wp\/v2\/users\/2"}],"replies":[{"embeddable":true,"href":"https:\/\/cemm24.somival.org\/index.php\/wp-json\/wp\/v2\/comments?post=2428"}],"version-history":[{"count":4,"href":"https:\/\/cemm24.somival.org\/index.php\/wp-json\/wp\/v2\/pages\/2428\/revisions"}],"predecessor-version":[{"id":2441,"href":"https:\/\/cemm24.somival.org\/index.php\/wp-json\/wp\/v2\/pages\/2428\/revisions\/2441"}],"wp:attachment":[{"href":"https:\/\/cemm24.somival.org\/index.php\/wp-json\/wp\/v2\/media?parent=2428"}],"curies":[{"name":"wp","href":"https:\/\/api.w.org\/{rel}","templated":true}]}}