{"id":2403,"date":"2024-05-10T16:25:37","date_gmt":"2024-05-10T16:25:37","guid":{"rendered":"https:\/\/cemm24.somival.org\/?page_id=2403"},"modified":"2024-05-10T16:49:30","modified_gmt":"2024-05-10T16:49:30","slug":"ponentejavierpo","status":"publish","type":"page","link":"https:\/\/cemm24.somival.org\/index.php\/ponentejavierpo\/","title":{"rendered":"PonenteJAVIERPO"},"content":{"rendered":"<table style=\"height: 25px; width: 500PX; border-collapse: collapse;\">\n<tbody>\n<tr style=\"height: 30px;\">\n<td style=\"width: 50px; height: 25px; text-align: center; vertical-align: bottom;\"><a href=\"https:\/\/cemm24.somival.org\/index.php\/ponenciaspo\/\"><span style=\"font-size: 19px; color: #008000;\"><strong><span style=\"color: #008000;\">&lt;&lt;&lt;<\/span><\/strong><\/span><\/a><\/td>\n<td style=\"height: 25px; width: 443px; vertical-align: top;\"><span style=\"font-size: 19px;\"><strong><span style=\"color: #993366;\">\u00a0 Javier MARCOS MART\u00cdNEZ<\/span><\/strong><\/span><\/td>\n<\/tr>\n<\/tbody>\n<\/table>\n<p><img loading=\"lazy\" decoding=\"async\" class=\"alignleft wp-image-1395 size-full\" src=\"https:\/\/cemm24.somival.org\/wp-content\/uploads\/2024\/03\/Javier.jpg\" alt=\"\" width=\"283\" height=\"283\" srcset=\"https:\/\/cemm24.somival.org\/wp-content\/uploads\/2024\/03\/Javier.jpg 283w, https:\/\/cemm24.somival.org\/wp-content\/uploads\/2024\/03\/Javier-150x150.jpg 150w\" sizes=\"auto, (max-width: 283px) 100vw, 283px\" \/><\/p>\n<p>&nbsp;<\/p>\n<p style=\"text-align: justify;\"><span style=\"font-size: 17px; color: #000080; font-family: georgia, palatino;\"><span style=\"color: #993366;\"><strong>Javier Marcos Mart\u00ednez,<\/strong><\/span> LLicenciado em Biologia e Bioqu\u00edmica, Mestrado em Agrobiotecnologia, bolseiro de pr\u00e9-doutoramento FPI-INIA e professor de forma\u00e7\u00e3o profissional para o emprego. Especialista em micologia e bot\u00e2nica. Presidente fundador da Associa\u00e7\u00e3o Cultural, Micol\u00f3gica e Bot\u00e2nica \u00abMorchella\u00bb de Cuenca. Membro da Sociedade Ib\u00e9rica de Micologia (SIM). Reconhecido taxonomista f\u00fangico, que realiza trabalhos de consultoria micol\u00f3gica para v\u00e1rias empresas truf\u00edcolas e organismos de investiga\u00e7\u00e3o. Est\u00e1 particularmente interessado no estudo do g\u00e9nero Morchella, no qual descreveu uma esp\u00e9cie nova para a ci\u00eancia (<em>Morchella iberica<\/em>).<br \/>\n<\/span><\/p>\n<p><span style=\"color: #000080; font-size: 17px; font-family: georgia, palatino;\">Publicou mais de 130 publica\u00e7\u00f5es informativas e 5 publica\u00e7\u00f5es cient\u00edficas sobre micologia em v\u00e1rias revistas e jornais especializados. \u00c9 coautor de 4 livros sobre micologia, incluindo o manual Gu\u00eda de mano de Cesta y Setas (2019) e o mais recente Saber de Setas: C\u00f3mo recolectar de forma segura y sostenible (2024) pela Editorial Oberon. Participou como especialista em 75 congressos micol\u00f3gicos e bot\u00e2nicos, apresentou 59 palestras sobre micologia, e v\u00e1rios workshops e cursos sobre micologia. Atualmente lecciona o curso de Assessor Micol\u00f3gico (200 horas) acreditado pelo Instituto Europeu de Micologia (IME). Instrutor do Museu Micol\u00f3gico de Bronchales (Teruel).<\/span><\/p>\n<p style=\"text-align: justify;\"><span style=\"color: #993366; font-size: 17px; font-family: georgia, palatino;\"><strong> T\u00edtulo da confer\u00eancia: \u00abBoletales interesantes y poco conocidos en Espa\u00f1a\u00bb.<\/strong><\/span><\/p>\n<p style=\"text-align: justify;\"><span style=\"font-size: 17px; font-family: georgia, palatino;\"><span style=\"color: #000080;\">Resumo: A ordem Boletales \u00e9 um dos grupos taxon\u00f4micos mais conhecidos pelos aficionados porque nele se encontram numerosas esp\u00e9cies de grande valor culin\u00e1rio e socioecon\u00f4mico. Inclui principalmente esp\u00e9cies com him\u00e9nio poroso, embora existam tamb\u00e9m algumas esp\u00e9cies com lamelas ou em forma de crosta. Nos \u00faltimos anos, os estudos moleculares permitiram a identifica\u00e7\u00e3o de numerosas esp\u00e9cies pouco conhecidas. Outras esp\u00e9cies s\u00e3o pouco comuns e est\u00e3o inclu\u00eddas na proposta de Lista Vermelha de Fungos a Proteger na Pen\u00ednsula Ib\u00e9rica, e outras s\u00e3o bastante raras e poderiam ser boas candidatas a serem inclu\u00eddas numa futura lista vermelha oficial. Para al\u00e9m disso, existem esp\u00e9cies ex\u00f3ticas que chegaram ao nosso pa\u00eds atrav\u00e9s do repovoamento com \u00e1rvores ex\u00f3ticas como os lar\u00edcios e os abetos de Douglas<\/span><span style=\"color: #000080;\">.<\/span><\/span><\/p>\n","protected":false},"excerpt":{"rendered":"<p>&lt;&lt;&lt; \u00a0 Javier MARCOS MART\u00cdNEZ &nbsp; Javier Marcos Mart\u00ednez, LLicenciado em Biologia e Bioqu\u00edmica, Mestrado em Agrobiotecnologia, bolseiro de pr\u00e9-doutoramento FPI-INIA e professor de forma\u00e7\u00e3o profissional para o emprego. Especialista em micologia e bot\u00e2nica. Presidente fundador da Associa\u00e7\u00e3o Cultural, Micol\u00f3gica e Bot\u00e2nica \u00abMorchella\u00bb de Cuenca. Membro da Sociedade Ib\u00e9rica de Micologia (SIM). Reconhecido taxonomista f\u00fangico, [&hellip;]<\/p>\n","protected":false},"author":2,"featured_media":0,"parent":0,"menu_order":0,"comment_status":"closed","ping_status":"closed","template":"","meta":{"footnotes":""},"class_list":["post-2403","page","type-page","status-publish","hentry","post"],"_links":{"self":[{"href":"https:\/\/cemm24.somival.org\/index.php\/wp-json\/wp\/v2\/pages\/2403","targetHints":{"allow":["GET"]}}],"collection":[{"href":"https:\/\/cemm24.somival.org\/index.php\/wp-json\/wp\/v2\/pages"}],"about":[{"href":"https:\/\/cemm24.somival.org\/index.php\/wp-json\/wp\/v2\/types\/page"}],"author":[{"embeddable":true,"href":"https:\/\/cemm24.somival.org\/index.php\/wp-json\/wp\/v2\/users\/2"}],"replies":[{"embeddable":true,"href":"https:\/\/cemm24.somival.org\/index.php\/wp-json\/wp\/v2\/comments?post=2403"}],"version-history":[{"count":4,"href":"https:\/\/cemm24.somival.org\/index.php\/wp-json\/wp\/v2\/pages\/2403\/revisions"}],"predecessor-version":[{"id":2420,"href":"https:\/\/cemm24.somival.org\/index.php\/wp-json\/wp\/v2\/pages\/2403\/revisions\/2420"}],"wp:attachment":[{"href":"https:\/\/cemm24.somival.org\/index.php\/wp-json\/wp\/v2\/media?parent=2403"}],"curies":[{"name":"wp","href":"https:\/\/api.w.org\/{rel}","templated":true}]}}