{"id":2354,"date":"2024-05-10T12:18:16","date_gmt":"2024-05-10T12:18:16","guid":{"rendered":"https:\/\/cemm24.somival.org\/?page_id=2354"},"modified":"2024-05-10T13:25:51","modified_gmt":"2024-05-10T13:25:51","slug":"naturaca","status":"publish","type":"page","link":"https:\/\/cemm24.somival.org\/index.php\/naturaca\/","title":{"rendered":"NaturaCA"},"content":{"rendered":"<table style=\"height: 25px; width: 500PX; border-collapse: collapse;\">\n<tbody>\n<tr style=\"height: 30px;\">\n<td style=\"width: 50px; height: 25px; text-align: center; vertical-align: bottom;\"><a href=\"https:\/\/cemm24.somival.org\/index.php\/opionca\/\"><span style=\"font-size: 19px; color: #008000;\"><strong><span style=\"color: #008000;\">&lt;&lt;&lt;<\/span><\/strong><\/span><\/a><\/td>\n<td style=\"height: 25px; width: 443px; vertical-align: top;\" colspan=\"2\"><span style=\"font-size: 19px;\"><strong><span style=\"color: #993366;\"><span style=\"color: #008000;\">\u00a0 i<\/span>Naturalist &#8211; Projecte CEMM 2024<\/span><\/strong><\/span><\/td>\n<\/tr>\n<\/tbody>\n<\/table>\n<p><img loading=\"lazy\" decoding=\"async\" class=\"size-thumbnail wp-image-1589 alignleft\" src=\"https:\/\/cemm24.somival.org\/wp-content\/uploads\/2024\/04\/INATURA-150x150.jpg\" alt=\"\" width=\"150\" height=\"150\" srcset=\"https:\/\/cemm24.somival.org\/wp-content\/uploads\/2024\/04\/INATURA-150x150.jpg 150w, https:\/\/cemm24.somival.org\/wp-content\/uploads\/2024\/04\/INATURA-300x300.jpg 300w, https:\/\/cemm24.somival.org\/wp-content\/uploads\/2024\/04\/INATURA.jpg 378w\" sizes=\"auto, (max-width: 150px) 100vw, 150px\" \/><\/p>\n<p>&nbsp;<\/p>\n<p>&nbsp;<\/p>\n<p><span style=\"color: #000080;\"><strong><span style=\"font-size: 17px;\">&gt; Informaci\u00f3 \u2013 Descripci\u00f3<\/span><\/strong><\/span><\/p>\n<p><span style=\"color: #000080; font-size: 17px;\"><span style=\"color: #008000;\">i<\/span>Naturalist \u00e9s una comunitat global de naturalistes, cient\u00edfics i p\u00fablic general que compartixen les seues fotograf\u00edes (anomenades observacions) de plantes, fongs i animals.<\/span><\/p>\n<p><span style=\"color: #000080; font-size: 17px;\">SOMIVAL ha creat, en esta aplicaci\u00f3, el projecte CEMM 2024 amb la finalitat d&#8217;utilitzar-lo en el pr\u00f2xim Congr\u00e9s de la CEMM de Benic\u00e0ssim per aquells congressistes que hi desitgen participar i col\u2022laborar.<\/span><\/p>\n<p><span style=\"color: #000080; font-size: 17px;\"><strong>&gt; Configuraci\u00f3 del project<\/strong>:<\/span><\/p>\n<ul>\n<li><span style=\"color: #000080; font-size: 17px;\"><strong>Temporal<\/strong>: Observacions realitzades durant el per\u00edode del Congr\u00e9s, del 27-10-2024 a 03-11-2024.<\/span><\/li>\n<li><span style=\"color: #000080; font-size: 17px;\"><strong>Geogr\u00e1fic<\/strong>: Prov\u00edncias de Castell\u00f3 y Val\u00e8ncia.<\/span><\/li>\n<li><span style=\"color: #000080; font-size: 17px;\"><strong>Usuaris<\/strong>: Muestra nom\u00e9s observacions dels membres que s\u2019han unit al projecte\u00b4.<\/span><\/li>\n<li><span style=\"color: #000080; font-size: 17px;\"><strong>Observacions<\/strong>: Taxons del Regne Fungi (Fongs) i del Regne Protozoa (Protozous)<\/span><\/li>\n<\/ul>\n<p><strong><span style=\"color: #000080;\"><span style=\"font-size: 17px;\">&gt; Procediment d&#8217;adhesi\u00f3 al projecte.<\/span>\u00a0<\/span><\/strong><\/p>\n<p><span style=\"font-size: 17px;\"><span style=\"color: #000080;\">1 \u2013 Descarregar en el m\u00f2bil l&#8217;app iNaturalist.\u00a0 \u00a0 <\/span><img loading=\"lazy\" decoding=\"async\" class=\"wp-image-1579 alignleft\" style=\"color: #000080;\" src=\"https:\/\/cemm24.somival.org\/wp-content\/uploads\/2024\/04\/Inaturalist.jpg\" alt=\"\" width=\"53\" height=\"52\" \/><\/span><br \/>\n<span style=\"color: #000080; font-size: 17px;\">2 \u2013 Una vegada instal\u2022lada, et demanar\u00e0 un nom d\u2019usuaria, una contrasenya y un correu. Oberta l&#8217;aplicaci\u00f3 clicar sobre les tres ratlles horitzontals \u2261 situades en la part superior esquerra i s&#8217;obrir\u00e0 una columna blanca, en el costat dret, amb diferents apartats.<\/span><br \/>\n<span style=\"font-size: 17px;\"><span style=\"color: #000080;\">3 &#8211; Clicar sobre el apartat <strong>Proyectes<\/strong><br \/>\n<\/span><span style=\"color: #000080;\">4 &#8211; Clicar sobre la<strong> lupa<\/strong> de la part superior dreta<br \/>\n<\/span><span style=\"color: #000080;\">5 &#8211; Escribir CEMM 2024<br \/>\n<\/span><span style=\"color: #000080;\">6 &#8211; Apareixer\u00e0 el nom del projecte amb la imatge icona del projecte<br \/>\n<\/span><span style=\"color: #000080;\">7 &#8211; Clicar sobre el nom del projecte<\/span><\/span><br \/>\n<span style=\"color: #000080; font-size: 17px;\">8 &#8211; Apareixer\u00e0 una pantalla i en la part superior (<strong> INSCRIU-TE)<\/strong>.<br \/>\n9 &#8211; Clicar sobre aquest ( INSCRIU-TE) i es produir\u00e0 la uni\u00f3 al projecte, aix\u00ed com de les observacions que complisquen els requisits o par\u00e0metres configurats.<\/span><\/p>\n<p><span style=\"font-size: 17px;\"><span style=\"color: #800080;\">Nota<\/span>: <span style=\"color: #000080;\">Per a afegir observacions cal que la c\u00e0mera del m\u00f2bil aquest configurada per a realitzar fotos georeferenciadas.<\/span><\/span><\/p>\n","protected":false},"excerpt":{"rendered":"<p>&lt;&lt;&lt; \u00a0 iNaturalist &#8211; Projecte CEMM 2024 &nbsp; &nbsp; &gt; Informaci\u00f3 \u2013 Descripci\u00f3 iNaturalist \u00e9s una comunitat global de naturalistes, cient\u00edfics i p\u00fablic general que compartixen les seues fotograf\u00edes (anomenades observacions) de plantes, fongs i animals. SOMIVAL ha creat, en esta aplicaci\u00f3, el projecte CEMM 2024 amb la finalitat d&#8217;utilitzar-lo en el pr\u00f2xim Congr\u00e9s de [&hellip;]<\/p>\n","protected":false},"author":2,"featured_media":0,"parent":0,"menu_order":0,"comment_status":"closed","ping_status":"closed","template":"","meta":{"footnotes":""},"class_list":["post-2354","page","type-page","status-publish","hentry","post"],"_links":{"self":[{"href":"https:\/\/cemm24.somival.org\/index.php\/wp-json\/wp\/v2\/pages\/2354","targetHints":{"allow":["GET"]}}],"collection":[{"href":"https:\/\/cemm24.somival.org\/index.php\/wp-json\/wp\/v2\/pages"}],"about":[{"href":"https:\/\/cemm24.somival.org\/index.php\/wp-json\/wp\/v2\/types\/page"}],"author":[{"embeddable":true,"href":"https:\/\/cemm24.somival.org\/index.php\/wp-json\/wp\/v2\/users\/2"}],"replies":[{"embeddable":true,"href":"https:\/\/cemm24.somival.org\/index.php\/wp-json\/wp\/v2\/comments?post=2354"}],"version-history":[{"count":5,"href":"https:\/\/cemm24.somival.org\/index.php\/wp-json\/wp\/v2\/pages\/2354\/revisions"}],"predecessor-version":[{"id":2368,"href":"https:\/\/cemm24.somival.org\/index.php\/wp-json\/wp\/v2\/pages\/2354\/revisions\/2368"}],"wp:attachment":[{"href":"https:\/\/cemm24.somival.org\/index.php\/wp-json\/wp\/v2\/media?parent=2354"}],"curies":[{"name":"wp","href":"https:\/\/api.w.org\/{rel}","templated":true}]}}