{"id":2192,"date":"2024-04-25T21:48:41","date_gmt":"2024-04-25T21:48:41","guid":{"rendered":"https:\/\/cemm24.somival.org\/?page_id=2192"},"modified":"2024-05-10T17:12:00","modified_gmt":"2024-05-10T17:12:00","slug":"ponenterafaes-2","status":"publish","type":"page","link":"https:\/\/cemm24.somival.org\/index.php\/ponenterafaes-2\/","title":{"rendered":"PonenteRAFAES"},"content":{"rendered":"<table style=\"height: 25px; width: 500PX; border-collapse: collapse;\">\n<tbody>\n<tr style=\"height: 30px;\">\n<td style=\"width: 50px; height: 25px; text-align: center; vertical-align: bottom;\"><a href=\"https:\/\/cemm24.somival.org\/index.php\/ponenciases-2\/\"><span style=\"font-size: 19px; color: #008000;\"><strong><span style=\"color: #008000;\">&lt;&lt;&lt;<\/span><\/strong><\/span><\/a><\/td>\n<td style=\"height: 25px; width: 443px; vertical-align: top;\"><span style=\"font-size: 19px;\"><strong><span style=\"color: #993366;\">\u00a0 Rafael MAHIQUES SANTANDREU<\/span><\/strong><\/span><\/td>\n<\/tr>\n<\/tbody>\n<\/table>\n<p style=\"text-align: justify;\"><img loading=\"lazy\" decoding=\"async\" class=\"alignleft wp-image-1940 size-full\" src=\"https:\/\/cemm24.somival.org\/wp-content\/uploads\/2024\/04\/Rafa1.jpg\" alt=\"\" width=\"283\" height=\"283\" srcset=\"https:\/\/cemm24.somival.org\/wp-content\/uploads\/2024\/04\/Rafa1.jpg 283w, https:\/\/cemm24.somival.org\/wp-content\/uploads\/2024\/04\/Rafa1-150x150.jpg 150w\" sizes=\"auto, (max-width: 283px) 100vw, 283px\" \/><\/p>\n<p style=\"text-align: justify;\"><span style=\"font-size: 17px; color: #000080;\"><strong><br \/>\n<span style=\"font-size: 17px;\">Rafael Mahiques Santandreu, <\/span><\/strong>naci\u00f3 en 1947 en Quatretonda (la Vall d&#8217;Albaida), pueblo y comarca con una tradici\u00f3n boletaire ancestral. Es licenciado en Medicina y Dermatolog\u00eda por la Universitat de Val\u00e8ncia.\u00a0<\/span><\/p>\n<p style=\"text-align: justify;\"><span style=\"font-size: 17px; color: #000080;\">Es miembro fundador de la Sociedad Micol\u00f3gica Valenciana y presidente del comit\u00e9 cient\u00edfico de la misma. Tambi\u00e9n es presidente y fundador del Grupo Iberoinsular de los Cortinarius. En un primer momento era un mic\u00f3logo generalista, pero desde finales de los siglo pasado se dedica fundamentalmente, y casi exclusivamente, al g\u00e9nero Cortinarius, del cual es uno de los mejores especialistas mundiales.<\/span><\/p>\n<p style=\"text-align: justify;\"><span style=\"font-size: 17px; color: #000080;\">Fue el motor de la celebraci\u00f3n en Morella en 2005 de las XXIII Jornadas Europeas de los Cortinarius, as\u00ed como las XVIII jornadas de la CEMM hechos en la misma ciudad en 2010.<\/span><\/p>\n<p style=\"text-align: justify;\"><span style=\"font-size: 17px; color: #000080;\">Autor del libro \u201cSetas de Quatretonda\u201d y coautor de \u201cSetas de la Vall d&#8217;Albaida vol\u00famenes I y II \u201d y \u201cSetas del Parque Natural del Carrascar de la Font Roja\u201d. Es autor y coordinador de las cuatro entregas de \u201cCortinarius Ibero-Insulares\u201d editadas por Edizione Candusso dentro de su colecci\u00f3n Fungi Non Delineati. Ha publicado art\u00edculos, adem\u00e1s del Butlleti de la Sociedad Micol\u00f3gica Valenciana, en numerosas revistas de \u00e1mbito nacional como internacional como: Rivista de Micologia, Persoonia, Butlletin Trimestriel de la Federation Mycologique Dauphin\u00e9-Savoie, Cryptogamie, Mycologie, Documentos Mycologiques, Phytotaxa, Mycotaxon&#8230;<\/span><\/p>\n<p style=\"text-align: justify;\"><span style=\"font-size: 17px; color: #000080;\">Actualmente es revisor del g\u00e9nero Cortinarius en la revista Persoonia. Ha intervenido en la descripci\u00f3n de numerosas especies nuevas para la ciencia como: <em>Cortinarius bombycinus<\/em>, <em>Cortinarius caesioestramineus var gentianeus<\/em>, <em>Cortinarius ferrusinus<\/em>, <em>Cortinarius iunii<\/em>, <em>Cortinarius murellensis<\/em>, <em>Cortinarius olidoamarus var. valentinus<\/em>, <em>Cortinarius securensis<\/em>, <em>Cortinarius terpsichores var. dryadicola<\/em>.. En la actualidad est\u00e1 jubilado de su trabajo de m\u00e9dico y dedica su tiempo, adem\u00e1s de los estudios micol\u00f3gicos, al cultivo de la vi\u00f1a y oliva y la elaboraci\u00f3n de vino y aceite.<\/span><\/p>\n<p style=\"text-align: justify;\"><span style=\"font-size: 17px;\"><strong><span style=\"color: #993366;\">Confer\u00e8ncia:<em> \u00ab<\/em><i><em>Cortinaris poc citats als Mass\u00eds del Penyagolosa\u00bb<\/em><\/i><\/span><\/strong><\/span><br \/>\n<span style=\"font-size: 17px;\"><span style=\"color: #000080;\"><strong>Resumen<\/strong>:\u00a0Se sit\u00faa geogr\u00e1ficamente la localizaci\u00f3n del presente estudio, se citan el total de cortinarius hasta ahora determinados en el Macizo del Penyagolosa (Castell\u00f3) y se describen e iconograf\u00edan los menos citados de este enclave, a pesar de corresponder algunos de ellos a los contrafuertes del Macizo, ya en tierras turolenses.<\/span><\/span><\/p>\n<p style=\"text-align: justify;\"><span style=\"font-size: 17px; color: #000080;\">Macizo del Penyagolosa, situaci\u00f3n y vegetaci\u00f3n; <em>C. aavae<\/em> Liimatainen &amp; Niskanen; <em>C. anthracinus<\/em> Fr.; <em>C. badiolaevis<\/em> Niskanen, Liimat., Mahiques, Bailar\u00e1 &amp; Kyt\u00f6v; <em>C. campester<\/em> Reumaux (=C. porphyreticus Mo\u00ebnne-Locc.); <em>C. castaneopallidus<\/em> Carteret (= <em>C. olivaceomarginatus<\/em> Carteret); <em>C. cremeiamarescens<\/em> Kit\u00f6v. Liimat. &amp; Niskanen; <em>C. deceptivissimus <\/em>Reumaux; <em>C. exsularis<\/em> Garrido-Ben., Bailar\u00e1 &amp; Mahiques; <em>C. gallurae<\/em> D. Antonini, M. Antonini &amp; Consiglio; <em>C. iunii<\/em> Bailar\u00e1, E. Su\u00e1rez, Mahiques &amp; Garrido-Benavent; <em>C. lepistoides<\/em> T.S. Jeppesen &amp; Fr\u00f8slev; C<em>. murellensis<\/em> Corazones. Gut., Bailar\u00e1, Cadi\u00f1anos, Palaz\u00f3n &amp; Mahiques; <em>C. olidoamarus f. valentinus<\/em> (Mahiques &amp; A. Favre) Bidaud &amp; Reumaux; <em>C. pallidirimosus<\/em> Kyt\u00f6v., Liimat. &amp; Niskanen (= <em>Thaxterogaster pallidirimosus<\/em> (Kyt\u00f6v., Liimat. &amp;Niskanen) Niskanen &amp; Liimat.); <em>C. pallidostriatus<\/em> Rob. Henry; <em>C. pin<\/em> iBrandrud; <em>C. radicosissimus <\/em>Mo\u00ebnne-Locc.; <em>C. roseonudipes <\/em>Rob. Henry &amp; Mo\u00ebnne-Locc.; <em>C. sacchariosmus<\/em> Buen; <em>C. securensis<\/em> J. D. Reyes, T. Illescas, J. Bailar\u00e1 y R. Mahiques; <em>C. uraceonemoralis<\/em> Niskanen, Liimat., Dima, Kyt\u00f6v., Bojantchev&amp; H. Lindstr; <em>C. variebulbus<\/em> Chevassut &amp; Rob. Henry; <em>C. violaceoserrulatus<\/em> L. Albert, Dima, Schmidt-Stohn, Rossi &amp; Ballar\u00e0.<\/span><\/p>\n","protected":false},"excerpt":{"rendered":"<p>&lt;&lt;&lt; \u00a0 Rafael MAHIQUES SANTANDREU Rafael Mahiques Santandreu, naci\u00f3 en 1947 en Quatretonda (la Vall d&#8217;Albaida), pueblo y comarca con una tradici\u00f3n boletaire ancestral. Es licenciado en Medicina y Dermatolog\u00eda por la Universitat de Val\u00e8ncia.\u00a0 Es miembro fundador de la Sociedad Micol\u00f3gica Valenciana y presidente del comit\u00e9 cient\u00edfico de la misma. Tambi\u00e9n es presidente y [&hellip;]<\/p>\n","protected":false},"author":2,"featured_media":0,"parent":0,"menu_order":0,"comment_status":"closed","ping_status":"closed","template":"","meta":{"footnotes":""},"class_list":["post-2192","page","type-page","status-publish","hentry","post"],"_links":{"self":[{"href":"https:\/\/cemm24.somival.org\/index.php\/wp-json\/wp\/v2\/pages\/2192","targetHints":{"allow":["GET"]}}],"collection":[{"href":"https:\/\/cemm24.somival.org\/index.php\/wp-json\/wp\/v2\/pages"}],"about":[{"href":"https:\/\/cemm24.somival.org\/index.php\/wp-json\/wp\/v2\/types\/page"}],"author":[{"embeddable":true,"href":"https:\/\/cemm24.somival.org\/index.php\/wp-json\/wp\/v2\/users\/2"}],"replies":[{"embeddable":true,"href":"https:\/\/cemm24.somival.org\/index.php\/wp-json\/wp\/v2\/comments?post=2192"}],"version-history":[{"count":6,"href":"https:\/\/cemm24.somival.org\/index.php\/wp-json\/wp\/v2\/pages\/2192\/revisions"}],"predecessor-version":[{"id":2442,"href":"https:\/\/cemm24.somival.org\/index.php\/wp-json\/wp\/v2\/pages\/2192\/revisions\/2442"}],"wp:attachment":[{"href":"https:\/\/cemm24.somival.org\/index.php\/wp-json\/wp\/v2\/media?parent=2192"}],"curies":[{"name":"wp","href":"https:\/\/api.w.org\/{rel}","templated":true}]}}