{"id":2185,"date":"2024-04-25T21:41:17","date_gmt":"2024-04-25T21:41:17","guid":{"rendered":"https:\/\/cemm24.somival.org\/?page_id=2185"},"modified":"2024-05-10T16:44:51","modified_gmt":"2024-05-10T16:44:51","slug":"ponentejavieres","status":"publish","type":"page","link":"https:\/\/cemm24.somival.org\/index.php\/ponentejavieres\/","title":{"rendered":"PonenteJAVIERES"},"content":{"rendered":"<table style=\"height: 25px; width: 500PX; border-collapse: collapse;\">\n<tbody>\n<tr style=\"height: 30px;\">\n<td style=\"width: 50px; height: 25px; text-align: center; vertical-align: bottom;\"><a href=\"https:\/\/cemm24.somival.org\/index.php\/ponenciases-2\/\"><span style=\"font-size: 19px; color: #008000;\"><strong><span style=\"color: #008000;\">&lt;&lt;&lt;<\/span><\/strong><\/span><\/a><\/td>\n<td style=\"height: 25px; width: 443px; vertical-align: top;\"><span style=\"font-size: 19px;\"><strong><span style=\"color: #993366;\">\u00a0 Javier MARCOS MART\u00cdNEZ<\/span><\/strong><\/span><\/td>\n<\/tr>\n<\/tbody>\n<\/table>\n<p><img loading=\"lazy\" decoding=\"async\" class=\"alignleft wp-image-1395 size-full\" src=\"https:\/\/cemm24.somival.org\/wp-content\/uploads\/2024\/03\/Javier.jpg\" alt=\"\" width=\"283\" height=\"283\" srcset=\"https:\/\/cemm24.somival.org\/wp-content\/uploads\/2024\/03\/Javier.jpg 283w, https:\/\/cemm24.somival.org\/wp-content\/uploads\/2024\/03\/Javier-150x150.jpg 150w\" sizes=\"auto, (max-width: 283px) 100vw, 283px\" \/><\/p>\n<p>&nbsp;<\/p>\n<p style=\"text-align: justify;\"><span style=\"font-size: 17px; color: #000080; font-family: georgia, palatino;\"><span style=\"color: #993366;\"><strong>Javier Marcos Mart\u00ednez,<\/strong><\/span> Licenciado en Biolog\u00eda y en Bioqu\u00edmica, Master en Agrobiotecnolog\u00eda,becario predoctoral FPI-INIA y docente de formaci\u00f3n profesional para elempleo. Experto en micolog\u00eda y en bot\u00e1nica. Presidente fundador de laAsociaci\u00f3n Cultural, Micol\u00f3gica y Bot\u00e1nica \u00abMorchella\u00bb de Cuenca. Miembro de la Sociedad Ib\u00e9rica de Micolog\u00eda (SIM). Reconocido tax\u00f3nomo de hongos, que realiza consultor\u00edas micol\u00f3gicas para varias empresas de truficultura y organismos de investigaci\u00f3n. Tiene especial inter\u00e9s por el estudio del g\u00e9nero Morchella, en el que ha descrito una especie nueva para la ciencia (<em>Morchella iberica<\/em>).<br \/>\n<\/span><\/p>\n<p><span style=\"color: #000080; font-size: 17px; font-family: georgia, palatino;\">Ha realizado m\u00e1s de 130 publicaciones divulgativas y 5 cient\u00edficas de micolog\u00eda en diversas revistas y boletines especializados. Ha publicado como coautor 4 libros de micolog\u00eda, donde destacan la\u201d Gu\u00eda de mano de Cesta y Setas\u201d (2019) y el m\u00e1s reciente \u201cSaber de Setas\u201d. Como recolectar de forma segura y sostenible, de la Editorial Oberon (2024). Ha intervenido como experto de 75 jornadas micol\u00f3gicas y bot\u00e1nicas, ha impartido 59 conferencias sobre micolog\u00eda, y diversos talleres y cursos sobre micolog\u00eda, actualmente est\u00e1 impartiendo el curso de Orientador micol\u00f3gico (200 horas) acreditado por el Instituto Europeo de Micolog\u00eda (EMI). Monitor del Museo Micol\u00f3gico de Bronchales (Teruel).<\/span><\/p>\n<p style=\"text-align: justify;\"><span style=\"color: #993366; font-size: 17px; font-family: georgia, palatino;\"><strong> T\u00edtulo de la conferencia: \u00abBoletales interesantes y poco conocidos en Espa\u00f1a\u00bb.<\/strong><\/span><\/p>\n<p style=\"text-align: justify;\"><span style=\"font-size: 17px; font-family: georgia, palatino;\"><span style=\"color: #000080;\">Resumen: <\/span><span style=\"color: #000080;\">El orden Boletales es uno de los grupos taxon\u00f3micos m\u00e1s conocidos por los aficionados porque en \u00e8l se encuentran numerosas especies de gran valor culinario y socioecon\u00f3mico. Abarca mayoritariamente especies con el himenio con poros, aunque tambi\u00e9n presenta algunas especies con l\u00e1minas o en forma de costra. En los \u00faltimos a\u00f1os con los estudios moleculares se han creado numerosas especies poco conocidas. Otras especies son poco frecuentes y se encuentran en la propuesta de Lista Roja de Hongos a Proteger en la Pen\u00ednsula Ib\u00e9rica, e incluso otras bastante raras que podr\u00edan ser buenas candidatas a incluirse en una futura lista roja oficial. Adem\u00e1s, hay especies ex\u00f3ticas que han llegado a nuestro pa\u00eds mediante las repoblaciones con \u00e1rboles ex\u00f3ticos como los alerces y los abetos de Douglas.<\/span><\/span><\/p>\n","protected":false},"excerpt":{"rendered":"<p>&lt;&lt;&lt; \u00a0 Javier MARCOS MART\u00cdNEZ &nbsp; Javier Marcos Mart\u00ednez, Licenciado en Biolog\u00eda y en Bioqu\u00edmica, Master en Agrobiotecnolog\u00eda,becario predoctoral FPI-INIA y docente de formaci\u00f3n profesional para elempleo. Experto en micolog\u00eda y en bot\u00e1nica. Presidente fundador de laAsociaci\u00f3n Cultural, Micol\u00f3gica y Bot\u00e1nica \u00abMorchella\u00bb de Cuenca. Miembro de la Sociedad Ib\u00e9rica de Micolog\u00eda (SIM). Reconocido tax\u00f3nomo de [&hellip;]<\/p>\n","protected":false},"author":2,"featured_media":0,"parent":0,"menu_order":0,"comment_status":"closed","ping_status":"closed","template":"","meta":{"footnotes":""},"class_list":["post-2185","page","type-page","status-publish","hentry","post"],"_links":{"self":[{"href":"https:\/\/cemm24.somival.org\/index.php\/wp-json\/wp\/v2\/pages\/2185","targetHints":{"allow":["GET"]}}],"collection":[{"href":"https:\/\/cemm24.somival.org\/index.php\/wp-json\/wp\/v2\/pages"}],"about":[{"href":"https:\/\/cemm24.somival.org\/index.php\/wp-json\/wp\/v2\/types\/page"}],"author":[{"embeddable":true,"href":"https:\/\/cemm24.somival.org\/index.php\/wp-json\/wp\/v2\/users\/2"}],"replies":[{"embeddable":true,"href":"https:\/\/cemm24.somival.org\/index.php\/wp-json\/wp\/v2\/comments?post=2185"}],"version-history":[{"count":5,"href":"https:\/\/cemm24.somival.org\/index.php\/wp-json\/wp\/v2\/pages\/2185\/revisions"}],"predecessor-version":[{"id":2417,"href":"https:\/\/cemm24.somival.org\/index.php\/wp-json\/wp\/v2\/pages\/2185\/revisions\/2417"}],"wp:attachment":[{"href":"https:\/\/cemm24.somival.org\/index.php\/wp-json\/wp\/v2\/media?parent=2185"}],"curies":[{"name":"wp","href":"https:\/\/api.w.org\/{rel}","templated":true}]}}