{"id":2172,"date":"2024-04-25T21:20:16","date_gmt":"2024-04-25T21:20:16","guid":{"rendered":"https:\/\/cemm24.somival.org\/?page_id=2172"},"modified":"2024-07-26T15:43:52","modified_gmt":"2024-07-26T15:43:52","slug":"simposiumca","status":"publish","type":"page","link":"https:\/\/cemm24.somival.org\/index.php\/simposiumca\/","title":{"rendered":"SimposiumCA"},"content":{"rendered":"<table style=\"height: 25px; width: 500PX; border-collapse: collapse;\">\n<tbody>\n<tr style=\"height: 30px;\">\n<td style=\"width: 50px; height: 25px; text-align: center; vertical-align: bottom;\"><a href=\"https:\/\/cemm24.somival.org\/index.php\/opionca\/\"><span style=\"font-size: 19px; color: #008000;\"><strong><span style=\"color: #008000;\">&lt;&lt;&lt;<\/span><\/strong><\/span><\/a><\/td>\n<td style=\"height: 25px; width: 443px; vertical-align: top;\" colspan=\"2\"><span style=\"font-size: 19px;\"><strong><span style=\"color: #993366;\">\u00a0 \u00a0SIMPOSIUM<\/span><\/strong><\/span><\/td>\n<\/tr>\n<\/tbody>\n<\/table>\n<p><span style=\"font-size: 17px; color: #000080;\"><img loading=\"lazy\" decoding=\"async\" class=\"alignleft wp-image-2121\" src=\"https:\/\/cemm24.somival.org\/wp-content\/uploads\/2024\/04\/Simposium1-277x300.gif\" alt=\"\" width=\"200\" height=\"217\" \/><\/span><\/p>\n<p>&nbsp;<\/p>\n<p>&nbsp;<\/p>\n<p style=\"text-align: justify;\"><span style=\"font-size: 17px; color: #000080;\">Durant les jornades de la CEMM 2024, es podran presentar pon\u00e8ncies en forma de comunicacions escrites(p\u00f2sters) per qualsevol dels participants, la invitaci\u00f3 es fa extensiva a qualsevol persona interessada en la micologia, participe o no a les jornades. Els p\u00f2sters estaran exposats a la sala de treball des del dilluns 28 fins el divendres 1 de novembre. El divendres es comentaran breument els p\u00f2sters per part del ponents\u00a0 a partir de les 16:00 hores.<\/span><\/p>\n<p style=\"text-align: justify;\"><span style=\"color: #993366; font-size: 17px;\"><strong><u>Normes per a les presentacions de p\u00f2sters a la CEMM 2024<\/u><\/strong><\/span><\/p>\n<p style=\"text-align: justify;\"><span style=\"color: #000080; font-size: 17px;\"><strong>\u00a0<\/strong><\/span><span style=\"color: #000080; font-size: 17px;\">&#8211; Podran tractar sobre qualsevol tema de Micologia.<br \/>\n&#8211; Els p\u00f2sters podran estar escrits en qualsevol de les lleng\u00fces oficials de la CEMM.<br \/>\n&#8211; Els p\u00f2sters seran a color.<br \/>\n&#8211; Les dimensions seran de 120cm (alt) x 90 cm (ample).<br \/>\n&#8211; Tots aquells que vulguen presentar p\u00f2sters ho indicaran al correu electr\u00f2nic (cemm.somival@gmail.com) abans de l\u20191 de setembre, enviant el t\u00edtol de la comunicaci\u00f3 i un breu resum.<br \/>\n&#8211; Els p\u00f2sters que siguin admesos hauran de ser remesos en format PDF, abans del 14 d\u2019octubre, a la seg\u00fcent adre\u00e7a electr\u00f2nica (cemm.somival@gmail.com), l\u2019organitzaci\u00f3 s\u2019encarregar\u00e0 de la seua impressi\u00f3.<\/span><\/p>\n","protected":false},"excerpt":{"rendered":"<p>&lt;&lt;&lt; \u00a0 \u00a0SIMPOSIUM &nbsp; &nbsp; Durant les jornades de la CEMM 2024, es podran presentar pon\u00e8ncies en forma de comunicacions escrites(p\u00f2sters) per qualsevol dels participants, la invitaci\u00f3 es fa extensiva a qualsevol persona interessada en la micologia, participe o no a les jornades. Els p\u00f2sters estaran exposats a la sala de treball des del dilluns [&hellip;]<\/p>\n","protected":false},"author":2,"featured_media":0,"parent":0,"menu_order":0,"comment_status":"closed","ping_status":"closed","template":"","meta":{"footnotes":""},"class_list":["post-2172","page","type-page","status-publish","hentry","post"],"_links":{"self":[{"href":"https:\/\/cemm24.somival.org\/index.php\/wp-json\/wp\/v2\/pages\/2172","targetHints":{"allow":["GET"]}}],"collection":[{"href":"https:\/\/cemm24.somival.org\/index.php\/wp-json\/wp\/v2\/pages"}],"about":[{"href":"https:\/\/cemm24.somival.org\/index.php\/wp-json\/wp\/v2\/types\/page"}],"author":[{"embeddable":true,"href":"https:\/\/cemm24.somival.org\/index.php\/wp-json\/wp\/v2\/users\/2"}],"replies":[{"embeddable":true,"href":"https:\/\/cemm24.somival.org\/index.php\/wp-json\/wp\/v2\/comments?post=2172"}],"version-history":[{"count":7,"href":"https:\/\/cemm24.somival.org\/index.php\/wp-json\/wp\/v2\/pages\/2172\/revisions"}],"predecessor-version":[{"id":2749,"href":"https:\/\/cemm24.somival.org\/index.php\/wp-json\/wp\/v2\/pages\/2172\/revisions\/2749"}],"wp:attachment":[{"href":"https:\/\/cemm24.somival.org\/index.php\/wp-json\/wp\/v2\/media?parent=2172"}],"curies":[{"name":"wp","href":"https:\/\/api.w.org\/{rel}","templated":true}]}}