{"id":2132,"date":"2024-04-25T19:18:50","date_gmt":"2024-04-25T19:18:50","guid":{"rendered":"https:\/\/cemm24.somival.org\/?page_id=2132"},"modified":"2024-04-25T19:48:02","modified_gmt":"2024-04-25T19:48:02","slug":"ponentecandidoit","status":"publish","type":"page","link":"https:\/\/cemm24.somival.org\/index.php\/ponentecandidoit\/","title":{"rendered":"PonenteCANDIDOIT"},"content":{"rendered":"<table style=\"height: 25px; width: 500PX; border-collapse: collapse;\">\n<tbody>\n<tr style=\"height: 30px;\">\n<td style=\"width: 50px; height: 25px; text-align: center; vertical-align: bottom;\"><a href=\"https:\/\/cemm24.somival.org\/index.php\/ponenciasit\/\"><span style=\"font-size: 19px; color: #008000;\"><strong><span style=\"color: #008000;\">&lt;&lt;&lt;<\/span><\/strong><\/span><\/a><\/td>\n<td style=\"height: 25px; width: 443px; vertical-align: top;\"><span style=\"font-size: 19px;\"><strong><span style=\"color: #993366;\">\u00a0 Candido SOS ESCUDERO<\/span><\/strong><\/span><\/td>\n<\/tr>\n<\/tbody>\n<\/table>\n<p><img loading=\"lazy\" decoding=\"async\" class=\"wp-image-1868 size-full alignleft\" src=\"https:\/\/cemm24.somival.org\/wp-content\/uploads\/2024\/04\/Candido-1.jpg\" alt=\"\" width=\"283\" height=\"283\" srcset=\"https:\/\/cemm24.somival.org\/wp-content\/uploads\/2024\/04\/Candido-1.jpg 283w, https:\/\/cemm24.somival.org\/wp-content\/uploads\/2024\/04\/Candido-1-150x150.jpg 150w\" sizes=\"auto, (max-width: 283px) 100vw, 283px\" \/><\/p>\n<p>&nbsp;<\/p>\n<p style=\"text-align: justify;\"><span style=\"font-size: 17px;\"><span style=\"color: #000080;\"><span style=\"color: #993366;\"><strong>Candido Sos Escudero,<\/strong><\/span> \u00e8 Analista di Dati e Miglioramento Continuo nel Dipartimento Ingegneria, Miglioramento Continuo e Ambiente in Colorobbia Spagna, S.A. \u00c8 stato\u00a0 Socio fondatore dell&#8217;Associazione Micologica di Castell\u00f3n (ASMICAS), 2009 e successivamente Presidente di ASMICAS da aprile 2018 a marzo 2021.\u00c8 anche Coordinatore del Team di Catalogazione ASMICAS dal 2018 ad oggi e Partner SIM (Societ\u00e0 Iberica di Micologia), dalla sua fondazione nel 2018 dove ha partecipato a tutti gli incontri di questa organizzazione<\/span><span style=\"color: #000080;\">.<\/span><\/span><\/p>\n<p><span style=\"color: #000080; font-size: 17px;\">Ha realizzato diverse pubblicazioni di carattere scientifico-divulgativo nella rivista \u00abMas que setas\u00bb\u00a0 e anche la prima registrazione in Europa di Mycena pseudoseta (M. Villarreal, A. Couceiro, C.Sos, J.M. Traba &amp; J. Mateos; &#8211; A Coru\u00f1a, 2023), pubblicato nel Bollettino della Societ\u00e0 Micologica di Madrid n\u00ba47 pag.57-65.<\/span><\/p>\n<p><span style=\"color: #000080; font-size: 17px;\">Partecipa a Congressi micologici, dove vale la pena notare la sua partecipazione al I Congresso Andaluso di Micologia tenutosi a Granada nel novembre 2021 con la presentazione del poster \u00abProyecto Catalogaci\u00f3n\u201d, e all&#8217;International Russulales Workshop; Jaca, ottobre 2022<\/span><\/p>\n<p style=\"text-align: justify;\"><span style=\"font-size: 17px;\"><span style=\"color: #993366;\"><strong>Titolo della conferenza: \u00abDiversidad f\u00fangica mediterr\u00e1nea &#8211; Castell\u00f3n.\u00bb<br \/>\n<\/strong><\/span><span style=\"color: #000080;\">Si esporr\u00e0 brevemente la metodologia e gli strumenti utilizzati per la registrazione delle specie studiate, questa volta dalla provincia di Castell\u00f3n (anche se l&#8217;ambito del nostro lavoro non ha limiti geografici).<\/span><\/span><br \/>\n<span style=\"font-size: 17px; color: #000080;\">Occorre fornire una breve descrizione delle caratteristiche pi\u00f9 significative delle varie specie che possono essere presentate, nell&#8217;ambito dell&#8217;area mediterranea e della diversit\u00e0 fungina della provincia.<\/span><\/p>\n","protected":false},"excerpt":{"rendered":"<p>&lt;&lt;&lt; \u00a0 Candido SOS ESCUDERO &nbsp; Candido Sos Escudero, \u00e8 Analista di Dati e Miglioramento Continuo nel Dipartimento Ingegneria, Miglioramento Continuo e Ambiente in Colorobbia Spagna, S.A. \u00c8 stato\u00a0 Socio fondatore dell&#8217;Associazione Micologica di Castell\u00f3n (ASMICAS), 2009 e successivamente Presidente di ASMICAS da aprile 2018 a marzo 2021.\u00c8 anche Coordinatore del Team di Catalogazione ASMICAS [&hellip;]<\/p>\n","protected":false},"author":2,"featured_media":0,"parent":0,"menu_order":0,"comment_status":"closed","ping_status":"closed","template":"","meta":{"footnotes":""},"class_list":["post-2132","page","type-page","status-publish","hentry","post"],"_links":{"self":[{"href":"https:\/\/cemm24.somival.org\/index.php\/wp-json\/wp\/v2\/pages\/2132","targetHints":{"allow":["GET"]}}],"collection":[{"href":"https:\/\/cemm24.somival.org\/index.php\/wp-json\/wp\/v2\/pages"}],"about":[{"href":"https:\/\/cemm24.somival.org\/index.php\/wp-json\/wp\/v2\/types\/page"}],"author":[{"embeddable":true,"href":"https:\/\/cemm24.somival.org\/index.php\/wp-json\/wp\/v2\/users\/2"}],"replies":[{"embeddable":true,"href":"https:\/\/cemm24.somival.org\/index.php\/wp-json\/wp\/v2\/comments?post=2132"}],"version-history":[{"count":4,"href":"https:\/\/cemm24.somival.org\/index.php\/wp-json\/wp\/v2\/pages\/2132\/revisions"}],"predecessor-version":[{"id":2154,"href":"https:\/\/cemm24.somival.org\/index.php\/wp-json\/wp\/v2\/pages\/2132\/revisions\/2154"}],"wp:attachment":[{"href":"https:\/\/cemm24.somival.org\/index.php\/wp-json\/wp\/v2\/media?parent=2132"}],"curies":[{"name":"wp","href":"https:\/\/api.w.org\/{rel}","templated":true}]}}