{"id":2126,"date":"2024-04-25T19:01:12","date_gmt":"2024-04-25T19:01:12","guid":{"rendered":"https:\/\/cemm24.somival.org\/?page_id=2126"},"modified":"2024-05-07T12:06:04","modified_gmt":"2024-05-07T12:06:04","slug":"ponentejavierit","status":"publish","type":"page","link":"https:\/\/cemm24.somival.org\/index.php\/ponentejavierit\/","title":{"rendered":"PonenteJAVIERIT"},"content":{"rendered":"<table style=\"height: 25px; width: 500PX; border-collapse: collapse;\">\n<tbody>\n<tr style=\"height: 30px;\">\n<td style=\"width: 50px; height: 25px; text-align: center; vertical-align: bottom;\"><a href=\"https:\/\/cemm24.somival.org\/index.php\/ponenciasit\/\"><span style=\"font-size: 19px; color: #008000;\"><strong><span style=\"color: #008000;\">&lt;&lt;&lt;<\/span><\/strong><\/span><\/a><\/td>\n<td style=\"height: 25px; width: 443px; vertical-align: top;\"><span style=\"font-size: 19px;\"><strong><span style=\"color: #993366;\">\u00a0 Javier MARCOS MART\u00cdNEZ<\/span><\/strong><\/span><\/td>\n<\/tr>\n<\/tbody>\n<\/table>\n<p><img loading=\"lazy\" decoding=\"async\" class=\"alignleft wp-image-1395 size-full\" src=\"https:\/\/cemm24.somival.org\/wp-content\/uploads\/2024\/03\/Javier.jpg\" alt=\"\" width=\"283\" height=\"283\" srcset=\"https:\/\/cemm24.somival.org\/wp-content\/uploads\/2024\/03\/Javier.jpg 283w, https:\/\/cemm24.somival.org\/wp-content\/uploads\/2024\/03\/Javier-150x150.jpg 150w\" sizes=\"auto, (max-width: 283px) 100vw, 283px\" \/><\/p>\n<p>&nbsp;<\/p>\n<p style=\"text-align: justify;\"><span style=\"font-size: 17px; color: #000080; font-family: georgia, palatino;\"><span style=\"color: #993366;\"><strong>Javier Marcos Mart\u00ednez,<\/strong><\/span> Laureato in Biologia e Biochimica, Master in Agrobiotecnologia, borsista predoctoral FPI-INIA e docente di formazione professionale per l&#8217;impiego. Esperto in micologia e botanica. Presidente fondatore dell&#8217;Associazione culturale, micologica e botanica \u00abMorchella\u00bb di Cuenca. Membro della Societ\u00e0 Iberica di Micologia (SIM). Rinomato tassonomo dei funghi,che realizza consulenze micologiche per varie aziende di truficultura e organizzazioni di ricerca. Ha particolare interesse per lo studio del genere *Morchella*, in cui ha descritto una nuova specie per la cura *(Morchellaiberica)*.<\/span><\/p>\n<p><span style=\"color: #000080; font-size: 17px; font-family: georgia, palatino;\">Ha realizzato pi\u00f9 di 130 pubblicazioni divulgative e 5 scientifiche de micologia su varie riviste e bollettini specializzati. Ha pubblicato come coautore 4 libri di micologia, tra cui spiccano la <em>\u201cGuia de mano de Cesta y Setas (2019)\u201d<\/em> e il pi\u00f9 recente \u201cSaberde setas\u201d e \u00a0\u201cC\u00f3mo recolectar de forma segura y sostenible\u201d dalla Oberon Editorial (2024). \u00c8 intervenuto come esperto di 75 giornate micologiche e botaniche, ha tenuto 59 conferenze sulla micologia, e diversi workshop e corsi sulla micologia, attualmente sta tenendo il corso di Orientore micologico (200 ore) accreditato dall&#8217;Istituto Europeo di Micologia (EMI). Monitor del Museo Micologico di Bronchales.<\/span><\/p>\n<p style=\"text-align: justify;\"><span style=\"color: #993366; font-size: 17px; font-family: georgia, palatino;\"><strong> Titolo della conferenza: \u00abBoletales interesantes y poco conocidos en Espa\u00f1a\u00bb.<\/strong><\/span><\/p>\n<p style=\"text-align: justify;\"><span style=\"font-size: 17px; font-family: georgia, palatino;\"><span style=\"color: #000080;\">Sintesi: L&#8217;ordine Boletales \u00e8 uno dei gruppi tassonomici pi\u00f9 conosciuti dai dilettanti perch\u00e9 vi si trovano numerose specie di grande valore culinario e socio-economico<\/span><span style=\"color: #000080;\">. Comprende principalmente specie con l&#8217;imenio con pori, sebbene presenti anche alcune specie con lamelle o in forma di crosta. Negli ultimi anni con gli studi molecolari sono state create numerose specie poco conosciute. Altre specie sono rare e si trovano nella proposta di Lista Rossa dei Funghi da Proteggere nella Penisola Iberica, e anche altre piuttosto rare che potrebbero essere buone candidate ad essere incluse in una futura lista rossa ufficiale. Inoltre, ci sono specie esotiche che hanno raggiunto il nostro paese ripopolamento con alberi esotici come larici e abeti di Douglas.<\/span><\/span><\/p>\n","protected":false},"excerpt":{"rendered":"<p>&lt;&lt;&lt; \u00a0 Javier MARCOS MART\u00cdNEZ &nbsp; Javier Marcos Mart\u00ednez, Laureato in Biologia e Biochimica, Master in Agrobiotecnologia, borsista predoctoral FPI-INIA e docente di formazione professionale per l&#8217;impiego. Esperto in micologia e botanica. Presidente fondatore dell&#8217;Associazione culturale, micologica e botanica \u00abMorchella\u00bb di Cuenca. Membro della Societ\u00e0 Iberica di Micologia (SIM). Rinomato tassonomo dei funghi,che realizza consulenze [&hellip;]<\/p>\n","protected":false},"author":2,"featured_media":0,"parent":0,"menu_order":0,"comment_status":"closed","ping_status":"closed","template":"","meta":{"footnotes":""},"class_list":["post-2126","page","type-page","status-publish","hentry","post"],"_links":{"self":[{"href":"https:\/\/cemm24.somival.org\/index.php\/wp-json\/wp\/v2\/pages\/2126","targetHints":{"allow":["GET"]}}],"collection":[{"href":"https:\/\/cemm24.somival.org\/index.php\/wp-json\/wp\/v2\/pages"}],"about":[{"href":"https:\/\/cemm24.somival.org\/index.php\/wp-json\/wp\/v2\/types\/page"}],"author":[{"embeddable":true,"href":"https:\/\/cemm24.somival.org\/index.php\/wp-json\/wp\/v2\/users\/2"}],"replies":[{"embeddable":true,"href":"https:\/\/cemm24.somival.org\/index.php\/wp-json\/wp\/v2\/comments?post=2126"}],"version-history":[{"count":10,"href":"https:\/\/cemm24.somival.org\/index.php\/wp-json\/wp\/v2\/pages\/2126\/revisions"}],"predecessor-version":[{"id":2317,"href":"https:\/\/cemm24.somival.org\/index.php\/wp-json\/wp\/v2\/pages\/2126\/revisions\/2317"}],"wp:attachment":[{"href":"https:\/\/cemm24.somival.org\/index.php\/wp-json\/wp\/v2\/media?parent=2126"}],"curies":[{"name":"wp","href":"https:\/\/api.w.org\/{rel}","templated":true}]}}