{"id":2114,"date":"2024-04-25T16:24:40","date_gmt":"2024-04-25T16:24:40","guid":{"rendered":"https:\/\/cemm24.somival.org\/?page_id=2114"},"modified":"2024-07-25T09:36:44","modified_gmt":"2024-07-25T09:36:44","slug":"simposiumes","status":"publish","type":"page","link":"https:\/\/cemm24.somival.org\/index.php\/simposiumes\/","title":{"rendered":"SimposiumES"},"content":{"rendered":"<table style=\"height: 25px; width: 500PX; border-collapse: collapse;\">\n<tbody>\n<tr style=\"height: 30px;\">\n<td style=\"width: 50px; height: 25px; text-align: center; vertical-align: bottom;\"><a href=\"https:\/\/cemm24.somival.org\/index.php\/opciones\/\"><span style=\"font-size: 19px; color: #008000;\"><strong><span style=\"color: #008000;\">&lt;&lt;&lt;<\/span><\/strong><\/span><\/a><\/td>\n<td style=\"height: 25px; width: 443px; vertical-align: top;\" colspan=\"2\"><span style=\"font-size: 19px;\"><strong><span style=\"color: #993366;\">\u00a0 \u00a0SIMPOSIUM<\/span><\/strong><\/span><\/td>\n<\/tr>\n<\/tbody>\n<\/table>\n<p><span style=\"font-size: 17px; color: #000080;\"><img loading=\"lazy\" decoding=\"async\" class=\"alignleft wp-image-2121\" src=\"https:\/\/cemm24.somival.org\/wp-content\/uploads\/2024\/04\/Simposium1-277x300.gif\" alt=\"\" width=\"200\" height=\"217\" \/><\/span><\/p>\n<p>&nbsp;<\/p>\n<p style=\"text-align: justify;\"><span style=\"font-size: 17px; color: #000080;\">Durante las jornadas de la CEMM 2024, se podr\u00e1n presentar ponencias en forma de comunicaciones escritas (p\u00f3sters) por cualquier de los participantes, la invitaci\u00f3n se hace extensiva a cualquier persona interesada en la micolog\u00eda, participe o no en las jornadas. Los p\u00f3sters estar\u00e1n expuestos en la sala de trabajo desde el lunes 28 de octubre hasta el viernes 1 de noviembre. El viernes se comentar\u00e1n brevemente los p\u00f3sters por parte de los ponentes a partir de las 16:00 horas.<\/span><\/p>\n<p>&nbsp;<\/p>\n<p><span style=\"color: #993366; font-size: 17px;\"><strong><u>Normas para la presentaci\u00f3n de p\u00f3sters a la CEMM 2024 <\/u><\/strong><\/span><\/p>\n<p style=\"text-align: justify;\"><span style=\"color: #000080; font-size: 17px;\">&#8211; Podr\u00e1n tratar sobre cualquier tema de Micolog\u00eda.<br \/>\n<\/span><span style=\"color: #000080; font-size: 17px;\">&#8211; Los p\u00f3sters podr\u00e1n estar escritos en cualquier de las lenguas oficiales de la CEMM.<br \/>\n<\/span><span style=\"color: #000080; font-size: 17px;\">&#8211; Los p\u00f3sters ser\u00e1n en color.<br \/>\n<\/span><span style=\"color: #000080; font-size: 17px;\">&#8211; Las dimensiones ser\u00e1n de 120 cm (alto) x 90 cm (ancho).<br \/>\n<\/span><span style=\"color: #000080; font-size: 17px;\">&#8211; Todos aquellos que quieran presentar p\u00f3sters lo indicar\u00e1n al correo electr\u00f3nico (<a style=\"color: #000080;\" href=\"mailto:cemm.somival@gmail.com\">cemm.somival@gmail.com<\/a>) antes del 1 de septiembre, enviando el t\u00edtulo de la comunicaci\u00f3n y un breve resumen.<br \/>\n<\/span><span style=\"color: #000080; font-size: 17px;\">&#8211; Los p\u00f3sters que sean admitidos deber\u00e1n ser remitidos en formato PDF, antes del 14 de octubre, a la siguiente direcci\u00f3n electr\u00f3nica (<a style=\"color: #000080;\" href=\"mailto:cemm.sovivala@gmail.com\">cemm.somival@gmail.com<\/a>). La organizaci\u00f3n se encargar\u00e1 de su impresi\u00f3n<\/span>.<\/p>\n","protected":false},"excerpt":{"rendered":"<p>&lt;&lt;&lt; \u00a0 \u00a0SIMPOSIUM &nbsp; Durante las jornadas de la CEMM 2024, se podr\u00e1n presentar ponencias en forma de comunicaciones escritas (p\u00f3sters) por cualquier de los participantes, la invitaci\u00f3n se hace extensiva a cualquier persona interesada en la micolog\u00eda, participe o no en las jornadas. Los p\u00f3sters estar\u00e1n expuestos en la sala de trabajo desde el [&hellip;]<\/p>\n","protected":false},"author":2,"featured_media":0,"parent":0,"menu_order":0,"comment_status":"closed","ping_status":"closed","template":"","meta":{"footnotes":""},"class_list":["post-2114","page","type-page","status-publish","hentry","post"],"_links":{"self":[{"href":"https:\/\/cemm24.somival.org\/index.php\/wp-json\/wp\/v2\/pages\/2114","targetHints":{"allow":["GET"]}}],"collection":[{"href":"https:\/\/cemm24.somival.org\/index.php\/wp-json\/wp\/v2\/pages"}],"about":[{"href":"https:\/\/cemm24.somival.org\/index.php\/wp-json\/wp\/v2\/types\/page"}],"author":[{"embeddable":true,"href":"https:\/\/cemm24.somival.org\/index.php\/wp-json\/wp\/v2\/users\/2"}],"replies":[{"embeddable":true,"href":"https:\/\/cemm24.somival.org\/index.php\/wp-json\/wp\/v2\/comments?post=2114"}],"version-history":[{"count":16,"href":"https:\/\/cemm24.somival.org\/index.php\/wp-json\/wp\/v2\/pages\/2114\/revisions"}],"predecessor-version":[{"id":2747,"href":"https:\/\/cemm24.somival.org\/index.php\/wp-json\/wp\/v2\/pages\/2114\/revisions\/2747"}],"wp:attachment":[{"href":"https:\/\/cemm24.somival.org\/index.php\/wp-json\/wp\/v2\/media?parent=2114"}],"curies":[{"name":"wp","href":"https:\/\/api.w.org\/{rel}","templated":true}]}}