{"id":1932,"date":"2024-04-23T06:04:32","date_gmt":"2024-04-23T06:04:32","guid":{"rendered":"https:\/\/cemm24.somival.org\/?page_id=1932"},"modified":"2024-04-26T06:30:35","modified_gmt":"2024-04-26T06:30:35","slug":"ponentecandidoes","status":"publish","type":"page","link":"https:\/\/cemm24.somival.org\/index.php\/ponentecandidoes\/","title":{"rendered":"PonenteCANDIDOES"},"content":{"rendered":"<table style=\"height: 25px; width: 500PX; border-collapse: collapse;\">\n<tbody>\n<tr style=\"height: 30px;\">\n<td style=\"width: 50px; height: 25px; text-align: center; vertical-align: bottom;\"><a href=\"https:\/\/cemm24.somival.org\/index.php\/ponenciases-2\/\"><span style=\"font-size: 19px; color: #008000;\"><strong><span style=\"color: #008000;\">&lt;&lt;&lt;<\/span><\/strong><\/span><\/a><\/td>\n<td style=\"height: 25px; width: 443px; vertical-align: top;\"><span style=\"font-size: 19px;\"><strong><span style=\"color: #993366;\">\u00a0 Candido SOS ESCUDERO<\/span><\/strong><\/span><\/td>\n<\/tr>\n<\/tbody>\n<\/table>\n<p><img loading=\"lazy\" decoding=\"async\" class=\"wp-image-1868 size-full alignleft\" src=\"https:\/\/cemm24.somival.org\/wp-content\/uploads\/2024\/04\/Candido-1.jpg\" alt=\"\" width=\"283\" height=\"283\" srcset=\"https:\/\/cemm24.somival.org\/wp-content\/uploads\/2024\/04\/Candido-1.jpg 283w, https:\/\/cemm24.somival.org\/wp-content\/uploads\/2024\/04\/Candido-1-150x150.jpg 150w\" sizes=\"auto, (max-width: 283px) 100vw, 283px\" \/><\/p>\n<p>&nbsp;<\/p>\n<p style=\"text-align: justify;\"><span style=\"font-size: 17px;\"><span style=\"color: #000080;\"><span style=\"color: #993366;\"><strong>Candido Sos Escudero,<\/strong><\/span> es Analista de datos y Mejora Continua en el Departamento Ingenier\u00eda, Mejora Continua y Medioambiente en Colorobbia Espa\u00f1a, S.A. Ha sido Socio fundador de la Asociaci\u00f3n Micol\u00f3gica de Castell\u00f3n (ASMICAS), 2009 y con posterioridad Presidente de ASMICAS desde abril de 2018 hasta marzo de 2021.Tambi\u00e9n es Coordinador del Equipo de Catalogaci\u00f3n de ASMICAS desde 2018 hasta la actualidad. Socio de la SIM (Sociedad Ib\u00e9rica de Micolog\u00eda), desde su fundaci\u00f3n en 2018 donde viene participando de forma activa en los encuentros de esta organizaci\u00f3n.<\/span><span style=\"color: #000080;\"><br \/>\n<\/span><\/span><\/p>\n<p style=\"text-align: justify;\"><span style=\"color: #000080; font-size: 17px;\">Ha realizado varias publicaciones de car\u00e1cter cient\u00edfico-divulgativo en la revista \u201cM\u00e1s que setas\u201d y tambi\u00e9n el Primer Registro en Europa de Mycena pseudoseta (M. Villarreal, A. Couceiro, C.Sos, J.M. Traba &amp; J. Mateos; \u2013 A Coru\u00f1a, 2023), publicado en el Boletin de la Sociedad Micol\u00f3gica de Madrid n\u00ba47 pag.57-65.<\/span><\/p>\n<p style=\"text-align: justify;\"><span style=\"color: #000080; font-size: 17px;\">Ha participado en diversos Congresos micol\u00f3gicos, donde cabe destacar su participaci\u00f3n en el I Congreso Andaluz de Micolog\u00eda realizado en Granada en noviembre de 2021 con la presentaci\u00f3n del poster \u201cProyecto Catalogaci\u00f3n, y en el International Russulales Workshop; Jaca, octubre 2022.<\/span><\/p>\n<p style=\"text-align: justify;\"><span style=\"font-size: 17px;\"><span style=\"color: #993366;\"><strong>T\u00edtulo de la conferencia: \u00abDiversidad f\u00fangica mediterr\u00e1nea &#8211; Castell\u00f3n\u00bb<br \/>\n<\/strong><\/span><span style=\"color: #000080;\"><strong>Resumen:<\/strong> Se expondr\u00e1 brevemente la metodolog\u00eda y herramientas utilizadas para el registro de especies estudiadas, en esta ocasi\u00f3n de la provincia de Castell\u00f3n (aunque el \u00e1mbito de nuestro trabajo no tiene limitaci\u00f3n geogr\u00e1fica).\u00a0Se realizar\u00e1 una breve descripci\u00f3n de las caracter\u00edsticas m\u00e1s significativas de varias especies que se pueden presentar, dentro del \u00e1mbito mediterr\u00e1neo y diversidad f\u00fangica de la provincia.<\/span><\/span><\/p>\n","protected":false},"excerpt":{"rendered":"<p>&lt;&lt;&lt; \u00a0 Candido SOS ESCUDERO &nbsp; Candido Sos Escudero, es Analista de datos y Mejora Continua en el Departamento Ingenier\u00eda, Mejora Continua y Medioambiente en Colorobbia Espa\u00f1a, S.A. Ha sido Socio fundador de la Asociaci\u00f3n Micol\u00f3gica de Castell\u00f3n (ASMICAS), 2009 y con posterioridad Presidente de ASMICAS desde abril de 2018 hasta marzo de 2021.Tambi\u00e9n es [&hellip;]<\/p>\n","protected":false},"author":2,"featured_media":0,"parent":0,"menu_order":0,"comment_status":"closed","ping_status":"closed","template":"","meta":{"footnotes":""},"class_list":["post-1932","page","type-page","status-publish","hentry","post"],"_links":{"self":[{"href":"https:\/\/cemm24.somival.org\/index.php\/wp-json\/wp\/v2\/pages\/1932","targetHints":{"allow":["GET"]}}],"collection":[{"href":"https:\/\/cemm24.somival.org\/index.php\/wp-json\/wp\/v2\/pages"}],"about":[{"href":"https:\/\/cemm24.somival.org\/index.php\/wp-json\/wp\/v2\/types\/page"}],"author":[{"embeddable":true,"href":"https:\/\/cemm24.somival.org\/index.php\/wp-json\/wp\/v2\/users\/2"}],"replies":[{"embeddable":true,"href":"https:\/\/cemm24.somival.org\/index.php\/wp-json\/wp\/v2\/comments?post=1932"}],"version-history":[{"count":12,"href":"https:\/\/cemm24.somival.org\/index.php\/wp-json\/wp\/v2\/pages\/1932\/revisions"}],"predecessor-version":[{"id":2223,"href":"https:\/\/cemm24.somival.org\/index.php\/wp-json\/wp\/v2\/pages\/1932\/revisions\/2223"}],"wp:attachment":[{"href":"https:\/\/cemm24.somival.org\/index.php\/wp-json\/wp\/v2\/media?parent=1932"}],"curies":[{"name":"wp","href":"https:\/\/api.w.org\/{rel}","templated":true}]}}