{"id":1809,"date":"2024-04-20T06:08:52","date_gmt":"2024-04-20T06:08:52","guid":{"rendered":"https:\/\/cemm24.somival.org\/?page_id=1809"},"modified":"2024-05-17T09:18:31","modified_gmt":"2024-05-17T09:18:31","slug":"ponenciasit","status":"publish","type":"page","link":"https:\/\/cemm24.somival.org\/index.php\/ponenciasit\/","title":{"rendered":"PonenciasIT"},"content":{"rendered":"<table style=\"height: 24px; width: 750px; border-collapse: collapse;\">\n<tbody>\n<tr style=\"height: 30px;\">\n<td style=\"width: 50px; height: 25px; text-align: center; vertical-align: bottom;\"><a href=\"https:\/\/cemm24.somival.org\/index.php\/opcionit\/\"><span style=\"font-size: 19px; color: #008000;\"><strong><span style=\"color: #008000;\">&lt;&lt;&lt;<\/span><\/strong><\/span><\/a><\/td>\n<td style=\"height: 25px; width: 600px; vertical-align: top;\" colspan=\"2\"><span style=\"font-size: 19px;\"><strong><span style=\"color: #993366;\">\u00a0 CONFERENZES\u00a0 \u00a0<\/span><\/strong><span style=\"color: #993366;\"><span style=\"color: #008000;\">Clic immagine o nome &#8211;&gt; CV oratore ospite<\/span><\/span><\/span><\/td>\n<\/tr>\n<\/tbody>\n<\/table>\n<p><span style=\"font-size: 17px; color: #000080;\"><b><i><span style=\"color: #993366;\"><a href=\"https:\/\/cemm24.somival.org\/index.php\/ponenterafait\/\"><img loading=\"lazy\" decoding=\"async\" class=\"alignleft wp-image-1940 size-thumbnail\" src=\"https:\/\/cemm24.somival.org\/wp-content\/uploads\/2024\/04\/Rafa1-150x150.jpg\" alt=\"\" width=\"150\" height=\"150\" srcset=\"https:\/\/cemm24.somival.org\/wp-content\/uploads\/2024\/04\/Rafa1-150x150.jpg 150w, https:\/\/cemm24.somival.org\/wp-content\/uploads\/2024\/04\/Rafa1.jpg 283w\" sizes=\"auto, (max-width: 150px) 100vw, 150px\" \/><\/a><span style=\"font-family: georgia, palatino; font-size: 17px;\">Lunedi, 28 Ottobre 2024\u00a0<\/span><\/span><br \/>\n<\/i><\/b><\/span><span style=\"font-size: 17px; color: #000080; font-family: georgia, palatino;\"><span style=\"font-weight: 400;\">19.00 h. \u2013 Conferenze &#8211; <em><strong>\u00ab<\/strong><\/em><\/span><i><span style=\"font-weight: 400;\"><em><strong>Cortinaris poc citats als Mass\u00eds del Penyagolosa<\/strong><\/em><\/span><\/i><b><i>\u00bb<br \/>\n<\/i><\/b>Lingua: Spagnolo<b><i><br \/>\n<\/i><\/b><span style=\"color: #993366;\"><strong>Oratore ospite<span style=\"color: #000080;\">: <\/span><a href=\"https:\/\/cemm24.somival.org\/index.php\/ponenterafait\/\">Rafael Mahiques Santandreu<\/a><br \/>\n<\/strong><\/span><\/span><span style=\"font-family: georgia, palatino; font-size: 17px;\"><span style=\"color: #000080;\"><span style=\"color: #993366;\"><b>Compendio<\/b><\/span>: Descrizione dei pi\u00f9 rilevanti <em>Cortinarius<\/em> raccolti a Penyagolosa attraverso i loro principali caratteri morfologici, la loro distribuzione e la loro ecologia.<\/span><\/span><\/p>\n<hr \/>\n<p><a href=\"https:\/\/cemm24.somival.org\/index.php\/ponentejavierit\/\"><span style=\"font-family: georgia, palatino; font-size: 17px;\"><span style=\"color: #000080;\"><b><i><span style=\"color: #993366;\"><img loading=\"lazy\" decoding=\"async\" class=\"size-thumbnail wp-image-1395 alignleft\" src=\"https:\/\/cemm24.somival.org\/wp-content\/uploads\/2024\/03\/Javier-150x150.jpg\" alt=\"\" width=\"150\" height=\"150\" srcset=\"https:\/\/cemm24.somival.org\/wp-content\/uploads\/2024\/03\/Javier-150x150.jpg 150w, https:\/\/cemm24.somival.org\/wp-content\/uploads\/2024\/03\/Javier.jpg 283w\" sizes=\"auto, (max-width: 150px) 100vw, 150px\" \/><\/span><\/i><\/b><\/span><\/span><\/a><\/p>\n<p><span style=\"font-family: georgia, palatino; font-size: 17px;\"><span style=\"color: #000080;\"><b style=\"color: #000080;\"><i><span style=\"font-weight: 400;\"><strong><span style=\"color: #993366;\">Martedi, 29 Ottobre 2024<\/span><\/strong><br \/>\n<\/span><\/i><span style=\"font-weight: 400;\">19.00 h.<\/span><i><span style=\"font-weight: 400;\"> \u2013 <\/span><\/i><span style=\"font-weight: 400;\">Conferenze &#8211; <em><strong>\u00abBoletales interesantes y poco conocidos en Espa\u00f1a\u00bb<\/strong><\/em><\/span><\/b><b style=\"color: #000080;\"><i><span style=\"font-weight: 400;\"><br \/>\n<\/span><\/i><span style=\"font-weight: 400;\"><span style=\"font-size: 17px; color: #000080; font-family: georgia, palatino;\">Lingua: Spagnolo<\/span><\/span><i><span style=\"font-weight: 400;\"><br \/>\n<\/span><\/i><span style=\"font-weight: 400;\"><span style=\"color: #993366;\"><strong>Oratore ospite<\/strong><\/span><\/span><span style=\"font-weight: 400;\">: <\/span><span style=\"color: #993366;\"><a href=\"https:\/\/cemm24.somival.org\/index.php\/ponentejavierit\/\">Javier Marcos Mart\u00ednez<\/a><br \/>\n<\/span><\/b><span style=\"color: #993366;\"><b>Compendio<\/b><\/span><\/span><span style=\"color: #000080;\">: Catalogazione attuale dell\u2019ordine <em>Boletales<\/em> e descrizione delle specie pi\u00f9 rilevanti della penisola iberica attraverso i loro principali caratteri morfologici, la loro distribuzione ed ecologia, nonch\u00e9 la commestibilit\u00e0 e la tossicit\u00e0.<\/span><\/span><\/p>\n<hr \/>\n<p style=\"text-align: justify;\"><a href=\"https:\/\/cemm24.somival.org\/index.php\/ponentecandidoit\/\"><span style=\"font-family: georgia, palatino; font-size: 17px;\"><span style=\"color: #000080;\"><b><span style=\"color: #993366;\"><span style=\"font-weight: 400;\"><span style=\"color: #000080;\"><img loading=\"lazy\" decoding=\"async\" class=\"wp-image-1868 size-thumbnail alignleft\" src=\"https:\/\/cemm24.somival.org\/wp-content\/uploads\/2024\/04\/Candido-1-150x150.jpg\" alt=\"\" width=\"150\" height=\"150\" srcset=\"https:\/\/cemm24.somival.org\/wp-content\/uploads\/2024\/04\/Candido-1-150x150.jpg 150w, https:\/\/cemm24.somival.org\/wp-content\/uploads\/2024\/04\/Candido-1.jpg 283w\" sizes=\"auto, (max-width: 150px) 100vw, 150px\" \/><\/span><\/span><\/span><\/b><\/span><\/span><\/a><\/p>\n<p><span style=\"font-family: georgia, palatino; font-size: 17px;\"><span style=\"color: #000080;\"><b><i><span style=\"color: #993366;\">Mercoledi, 30 Ottobre 2024<br \/>\n<\/span><\/i><\/b><\/span><\/span><span style=\"font-family: georgia, palatino; font-size: 17px;\"><span style=\"color: #000080;\"><b><span style=\"color: #993366;\"><span style=\"font-weight: 400;\"><span style=\"color: #000080;\">19.00 h. \u2013 Conferenze &#8211;<strong><em>\u00ab<\/em>Diversidad f\u00fangica mediterranea &#8211; Castell\u00f3n<i>\u00ab<\/i><\/strong><\/span><br \/>\n<span style=\"font-size: 17px; color: #000080; font-family: georgia, palatino;\">Lingua: Spagnolo<\/span><br \/>\n<strong>Oratore ospite<\/strong>: <\/span><\/span><\/b><strong><span style=\"color: #993366;\"><a href=\"https:\/\/cemm24.somival.org\/index.php\/ponentecandidoit\/\">C\u00e1ndido Sos Escudero<\/a> \u00a0<\/span><\/strong><b><i><span style=\"color: #993366;\"><br \/>\n<\/span><\/i><\/b><span style=\"color: #000080;\"><span style=\"color: #993366;\"><b>Compendio<\/b><\/span>: Catalogazione e descrizione attuale delle specie pi\u00f9 rilevanti della provincia di Castell\u00f3n attraverso i loro principali caratteri morfologici, la loro distribuzione ed ecologia, nonch\u00e9 la commestibilit\u00e0 e la tossicit\u00e0.<\/span><\/span><\/span><span style=\"font-family: georgia, palatino; font-size: 17px;\"><span style=\"color: #000080;\"><br \/>\n<\/span><\/span><\/p>\n<hr \/>\n<p><span style=\"font-family: georgia, palatino; font-size: 17px;\"><span style=\"color: #000080;\"><span style=\"font-weight: 400;\"><a href=\"https:\/\/cemm24.somival.org\/index.php\/ponenteaoualiit\/\"><img loading=\"lazy\" decoding=\"async\" class=\"alignleft wp-image-1646 size-thumbnail\" src=\"https:\/\/cemm24.somival.org\/wp-content\/uploads\/2024\/04\/Souhila-150x150.jpg\" alt=\"\" width=\"150\" height=\"150\" srcset=\"https:\/\/cemm24.somival.org\/wp-content\/uploads\/2024\/04\/Souhila-150x150.jpg 150w, https:\/\/cemm24.somival.org\/wp-content\/uploads\/2024\/04\/Souhila.jpg 283w\" sizes=\"auto, (max-width: 150px) 100vw, 150px\" \/><\/a><span style=\"color: #993366;\"><b><i>Giovedi, 31 Ottobre 2024<\/i><\/b><\/span><br \/>\n19.00 h.\u00a0 \u2013 Conferenze &#8211; <b><i>\u00ab<strong><em>Mycologie alg\u00e9rienne : que sait-on aujourd\u2019hui ? et que faut-il faire demain\u00a0<\/em><\/strong><strong><em>?\u00bb<\/em><\/strong><\/i><br \/>\n<\/b><span style=\"font-size: 17px; color: #000080; font-family: georgia, palatino;\">Lingua: Francese<br \/>\n<\/span><\/span><\/span><\/span><span style=\"font-weight: 400; color: #993366; font-size: 17px;\"><strong>Oratore ospite: <a href=\"https:\/\/cemm24.somival.org\/index.php\/ponenteaoualiit\/\">Souhila Aouali<\/a><\/strong> <\/span><span style=\"font-weight: 400;\"><span style=\"color: #993366;\"><br \/>\n<\/span><\/span><span style=\"font-family: georgia, palatino; font-size: 17px;\"><span style=\"color: #000080;\"><b><span style=\"color: #993366;\">Compendio<\/span>: <\/b>Presentazione della diversit\u00e0 fungina algerina, in gran parte inesplorata. Panoramica storica, stato attuale e prospettiva del suo sviluppo futuro.<\/span><\/span><\/p>\n<hr \/>\n<p><span style=\"font-family: georgia, palatino; font-size: 17px;\"><span style=\"color: #000080;\"><span style=\"color: #993366;\"><b><i>Venerdi, 1 de Novembre<\/i><\/b><\/span><b><span style=\"color: #993366;\">\u00a02024<\/span><br \/>\n<\/b><\/span><span style=\"color: #000080;\"><span style=\"font-weight: 400;\">16.00 h. \u2013 \u201c<\/span><b>Simposio Micol\u00f3gico: <\/b>Presentazioni orali di posters.<span style=\"font-weight: 400;\"><br \/>\n<\/span><\/span><\/span><\/p>\n","protected":false},"excerpt":{"rendered":"<p>&lt;&lt;&lt; \u00a0 CONFERENZES\u00a0 \u00a0Clic immagine o nome &#8211;&gt; CV oratore ospite Lunedi, 28 Ottobre 2024\u00a0 19.00 h. \u2013 Conferenze &#8211; \u00abCortinaris poc citats als Mass\u00eds del Penyagolosa\u00bb Lingua: Spagnolo Oratore ospite: Rafael Mahiques Santandreu Compendio: Descrizione dei pi\u00f9 rilevanti Cortinarius raccolti a Penyagolosa attraverso i loro principali caratteri morfologici, la loro distribuzione e la loro [&hellip;]<\/p>\n","protected":false},"author":2,"featured_media":0,"parent":0,"menu_order":0,"comment_status":"closed","ping_status":"closed","template":"","meta":{"footnotes":""},"class_list":["post-1809","page","type-page","status-publish","hentry","post"],"_links":{"self":[{"href":"https:\/\/cemm24.somival.org\/index.php\/wp-json\/wp\/v2\/pages\/1809","targetHints":{"allow":["GET"]}}],"collection":[{"href":"https:\/\/cemm24.somival.org\/index.php\/wp-json\/wp\/v2\/pages"}],"about":[{"href":"https:\/\/cemm24.somival.org\/index.php\/wp-json\/wp\/v2\/types\/page"}],"author":[{"embeddable":true,"href":"https:\/\/cemm24.somival.org\/index.php\/wp-json\/wp\/v2\/users\/2"}],"replies":[{"embeddable":true,"href":"https:\/\/cemm24.somival.org\/index.php\/wp-json\/wp\/v2\/comments?post=1809"}],"version-history":[{"count":21,"href":"https:\/\/cemm24.somival.org\/index.php\/wp-json\/wp\/v2\/pages\/1809\/revisions"}],"predecessor-version":[{"id":2575,"href":"https:\/\/cemm24.somival.org\/index.php\/wp-json\/wp\/v2\/pages\/1809\/revisions\/2575"}],"wp:attachment":[{"href":"https:\/\/cemm24.somival.org\/index.php\/wp-json\/wp\/v2\/media?parent=1809"}],"curies":[{"name":"wp","href":"https:\/\/api.w.org\/{rel}","templated":true}]}}