{"id":1793,"date":"2024-04-20T05:46:37","date_gmt":"2024-04-20T05:46:37","guid":{"rendered":"https:\/\/cemm24.somival.org\/?page_id=1793"},"modified":"2024-04-25T19:43:46","modified_gmt":"2024-04-25T19:43:46","slug":"ponenteaoualiit","status":"publish","type":"page","link":"https:\/\/cemm24.somival.org\/index.php\/ponenteaoualiit\/","title":{"rendered":"PonenteAOUALIIT"},"content":{"rendered":"<table style=\"height: 25px; width: 500PX; border-collapse: collapse;\">\n<tbody>\n<tr style=\"height: 30px;\">\n<td style=\"width: 50px; height: 25px; text-align: center; vertical-align: bottom;\"><a href=\"https:\/\/cemm24.somival.org\/index.php\/ponenciasit\/\"><span style=\"font-size: 19px; color: #008000;\"><strong><span style=\"color: #008000;\">&lt;&lt;&lt;<\/span><\/strong><\/span><\/a><\/td>\n<td style=\"height: 25px; width: 443px; vertical-align: top;\"><span style=\"font-size: 19px;\"><strong><span style=\"color: #993366;\">\u00a0 Souhila AOUALI<\/span><\/strong><\/span><\/td>\n<\/tr>\n<\/tbody>\n<\/table>\n<p><img loading=\"lazy\" decoding=\"async\" class=\"size-full wp-image-1646 alignleft\" src=\"https:\/\/cemm24.somival.org\/wp-content\/uploads\/2024\/04\/Souhila.jpg\" alt=\"\" width=\"283\" height=\"283\" srcset=\"https:\/\/cemm24.somival.org\/wp-content\/uploads\/2024\/04\/Souhila.jpg 283w, https:\/\/cemm24.somival.org\/wp-content\/uploads\/2024\/04\/Souhila-150x150.jpg 150w\" sizes=\"auto, (max-width: 283px) 100vw, 283px\" \/><\/p>\n<p>&nbsp;<\/p>\n<p style=\"text-align: justify;\"><span style=\"font-size: 17px; color: #000080;\"><span style=\"color: #993366;\"><strong>Souhila Aouali,<\/strong><\/span> \u00e8 patologa forestale e ricercatrice micologa presso la divisione di protezione forestale dell&#8217;Istituto nazionale di ricerca forestale (INRF) dell&#8217;Algeria. \u00c8 capo del laboratorio di patologia forestale e micologia e del gruppo di ricerca e membro attivo dei consigli scientifici dell&#8217;INRF e dell&#8217;Istituto nazionale per la protezione delle piante (INPV). \u00c8 dottore (PhD) con il suo lavoro \u00abInventario e analisi ecologica delle comunit\u00e0 di macrofunghi della riserva protetta di Zeralda. \u00c8 inoltre curatrice dell&#8217;Outline of Fungi and Fungus-like taxa e membro traduttore della piattaforma Mushroom Observer. La sua principale ricerca scientifica si concentra sulla valutazione della salute degli ecosistemi forestali, attraverso la diagnosi di alberi per le malattie fungine e la valutazione dello stato di salute degli alberi, e studiando le comunit\u00e0 di macrofunghi come bioindicatori della salute dell&#8217;ecosistema forestale. Sta anche contribuendo alla scienza dei cittadini attraverso la formazione di associazioni ecologiche nell&#8217;inventario e nell&#8217;identificazione dei macrofunghi. Souhila \u00e8 anche un&#8217;artista botanica e ornitologica, molto ispirata dalla natura, in particolare orchidee, funghi e uccelli.<\/span><\/p>\n<p style=\"text-align: justify;\"><span style=\"color: #993366;\"><strong><span style=\"font-size: 17px;\">Principali pubblicazioni scientifiche sul tema dal 2014<\/span><\/strong><\/span><\/p>\n<p style=\"text-align: left;\"><span style=\"font-size: 17px; color: #000080;\">&gt; Aouali, S. (2023). First report of <em>Cryptocline taxicola<\/em> (Helotiales: Helotiaceae) causing needle cast disease on common yew in Algeria. EPPO Bulletin. <a href=\"https:\/\/doi.org\/10.1111\/epp.12967\" target=\"_blank\" rel=\"noopener\">https:\/\/doi.org\/10.1111\/epp.12967<\/a><\/span><\/p>\n<p style=\"text-align: left;\"><span style=\"font-size: 17px; color: #000080;\">&gt; Hyde, K., Abdel-Wahab, M., Abdollahzadeh, J., Abeywickrama, P., Absalan, S., Afshari, N., Ainsworth, A., Akulov, O., Aleoshin, V., Al-Sadi, A., Alvarado, P., Alves, A., Alves-Silva, G., Amalfi, M., Amira, Y., Amuhenage, T., Anderson, J., Anton\u00edn, V., Aouali, S., . . . Zucconi, L. (2023). Global consortium for the classification of fungi and fungus-like taxa. Mycosphere, 14(1), 1960\u20132012. <a href=\"https:\/\/doi.org\/10.5943\/mycosphere\/14\/1\/23\" target=\"_blank\" rel=\"noopener\">https:\/\/doi.org\/10.5943\/mycosphere\/14\/1\/23<\/a><\/span><\/p>\n<p style=\"text-align: left;\"><span style=\"font-size: 17px; color: #000080;\">&gt; Aouali, S. (2021). Two new Geoglossaceae for Algeria. Annales de la Recherche Foresti\u00e8re en Alg\u00e9rie, Volume 11(02) : pp :68-74 ; Edition INRF-Alg\u00e9rie.<\/span><\/p>\n<p style=\"text-align: left;\"><span style=\"font-size: 17px; color: #000080;\">&gt; Aouali, S., Ouanouki, B., Boutelba, I., &amp; Pecoraro, L. (2018). A vulnerable thelephoroid fungus, Lenzitopsis oxycedri, on Cupressus sempervirens in Algeria. Mycotaxon, 133(1), 1\u20137. <a href=\"https:\/\/doi.org\/10.5248\/133.1\" target=\"_blank\" rel=\"noopener\">https:\/\/doi.org\/10.5248\/133.1<\/a><\/span><\/p>\n<p style=\"text-align: left;\"><span style=\"font-size: 17px; color: #000080;\">&gt; Aouali S., Idjer-Azouaoui G. , Sai K. (2014). Aper\u00e7u sur la diversit\u00e9 des champignons sup\u00e9rieurs de quelques for\u00eats d\u2019Alg\u00e9rie. La for\u00eat Alg\u00e9rienne, pp : 44-49 ; Edition INRF-Alg\u00e9rie.<\/span><\/p>\n<p style=\"text-align: justify;\"><span style=\"color: #993366;\"><strong><span style=\"font-size: 17px;\">Titolo della conferenza: Mycologie alg\u00e9rienne : que savons-nous aujourd\u2019hui? et que devrions-nous faire demain?<\/span><\/strong><\/span><\/p>\n<p style=\"text-align: justify;\"><span style=\"font-size: 17px; color: #000080;\">Sintesi: L&#8217;Algeria fa parte di sito interessanti (\u201chot spot\u201d) del bacino mediterraneo. La diversit\u00e0 fungina in Algeria rimane in gran parte inesplorata, con inventari micologici molto scarsamente rappresentati sia a livello regionale che internazionale. Gli inventari principali furono realizzati durante il periodo della colonizzazione, da Ren\u00e9 Maire, Patouillard, Robert K\u00fchner e Henri Romagnesi. Alcuni studi recenti hanno contribuito alla conoscenza della diversit\u00e0 macrofungina algerina, come quelli di Nezzar (1996), Djelloul (2014), e Lachichi (2014), Aouali et al. (2014), Aouali (2018, 2021, 2023). In questa presentazione scopriremo la micologia algerina. Prima presenteremo un panorama storico, poi il suo stato attuale, e infine discuteremo la prospettiva del suo sviluppo futuro<\/span><span style=\"font-size: 17px; color: #000080;\">.<\/span><\/p>\n","protected":false},"excerpt":{"rendered":"<p>&lt;&lt;&lt; \u00a0 Souhila AOUALI &nbsp; Souhila Aouali, \u00e8 patologa forestale e ricercatrice micologa presso la divisione di protezione forestale dell&#8217;Istituto nazionale di ricerca forestale (INRF) dell&#8217;Algeria. \u00c8 capo del laboratorio di patologia forestale e micologia e del gruppo di ricerca e membro attivo dei consigli scientifici dell&#8217;INRF e dell&#8217;Istituto nazionale per la protezione delle piante [&hellip;]<\/p>\n","protected":false},"author":2,"featured_media":0,"parent":0,"menu_order":0,"comment_status":"closed","ping_status":"closed","template":"","meta":{"footnotes":""},"class_list":["post-1793","page","type-page","status-publish","hentry","post"],"_links":{"self":[{"href":"https:\/\/cemm24.somival.org\/index.php\/wp-json\/wp\/v2\/pages\/1793","targetHints":{"allow":["GET"]}}],"collection":[{"href":"https:\/\/cemm24.somival.org\/index.php\/wp-json\/wp\/v2\/pages"}],"about":[{"href":"https:\/\/cemm24.somival.org\/index.php\/wp-json\/wp\/v2\/types\/page"}],"author":[{"embeddable":true,"href":"https:\/\/cemm24.somival.org\/index.php\/wp-json\/wp\/v2\/users\/2"}],"replies":[{"embeddable":true,"href":"https:\/\/cemm24.somival.org\/index.php\/wp-json\/wp\/v2\/comments?post=1793"}],"version-history":[{"count":6,"href":"https:\/\/cemm24.somival.org\/index.php\/wp-json\/wp\/v2\/pages\/1793\/revisions"}],"predecessor-version":[{"id":2145,"href":"https:\/\/cemm24.somival.org\/index.php\/wp-json\/wp\/v2\/pages\/1793\/revisions\/2145"}],"wp:attachment":[{"href":"https:\/\/cemm24.somival.org\/index.php\/wp-json\/wp\/v2\/media?parent=1793"}],"curies":[{"name":"wp","href":"https:\/\/api.w.org\/{rel}","templated":true}]}}