{"id":1714,"date":"2024-04-19T18:53:19","date_gmt":"2024-04-19T18:53:19","guid":{"rendered":"https:\/\/cemm24.somival.org\/?page_id=1714"},"modified":"2024-04-25T19:46:12","modified_gmt":"2024-04-25T19:46:12","slug":"ponenteaoualipo","status":"publish","type":"page","link":"https:\/\/cemm24.somival.org\/index.php\/ponenteaoualipo\/","title":{"rendered":"PonenteAOUALIPO"},"content":{"rendered":"<table style=\"height: 25px; width: 500PX; border-collapse: collapse;\">\n<tbody>\n<tr style=\"height: 30px;\">\n<td style=\"width: 50px; height: 25px; text-align: center; vertical-align: bottom;\"><a href=\"https:\/\/cemm24.somival.org\/index.php\/ponenciaspo\/\"><span style=\"font-size: 19px; color: #008000;\"><strong><span style=\"color: #008000;\">&lt;&lt;&lt;<\/span><\/strong><\/span><\/a><\/td>\n<td style=\"height: 25px; width: 443px; vertical-align: top;\"><span style=\"font-size: 19px;\"><strong><span style=\"color: #993366;\">\u00a0 Souhila AOUALI<\/span><\/strong><\/span><\/td>\n<\/tr>\n<\/tbody>\n<\/table>\n<p><img loading=\"lazy\" decoding=\"async\" class=\"size-full wp-image-1646 alignleft\" src=\"https:\/\/cemm24.somival.org\/wp-content\/uploads\/2024\/04\/Souhila.jpg\" alt=\"\" width=\"283\" height=\"283\" srcset=\"https:\/\/cemm24.somival.org\/wp-content\/uploads\/2024\/04\/Souhila.jpg 283w, https:\/\/cemm24.somival.org\/wp-content\/uploads\/2024\/04\/Souhila-150x150.jpg 150w\" sizes=\"auto, (max-width: 283px) 100vw, 283px\" \/><\/p>\n<p>&nbsp;<\/p>\n<p style=\"text-align: justify;\"><span style=\"font-size: 17px; color: #000080;\"><span style=\"color: #993366;\"><strong>Souhila Aouali,<\/strong><\/span> \u00e9 patologista florestal e pesquisador micologista, na divis\u00e3o de prote\u00e7\u00e3o florestal do instituto nacional de pesquisa florestal (INRF) da Arg\u00e9lia. Ela \u00e9 chefe do laborat\u00f3rio de patologia florestal e micologia e da equipe de pesquisa, e membro ativo do INRF e dos conselhos cient\u00edficos do Instituto Nacional de Prote\u00e7\u00e3o Vegetal (INPV). Ela est\u00e1 realizando um doutorado sobre o invent\u00e1rio e an\u00e1lise ecol\u00f3gica das comunidades macrof\u00fangicas da reserva protegida de Zeralda. Ela tamb\u00e9m \u00e9 curadora do Outline of Fungi and Fungus-like taxa, e um membro tradutor da plataforma Mushroom Observer. Sua principal pesquisa cient\u00edfica se concentra em avaliar a sa\u00fade dos ecossistemas florestais, diagnosticando \u00e1rvores para doen\u00e7as f\u00fangicas e avaliando o estado de sa\u00fade das \u00e1rvores, e estudando as comunidades macrof\u00fangicas como bioindicadores da sa\u00fade do ecossistema florestal. Ela tamb\u00e9m est\u00e1 contribuindo para a ci\u00eancia cidad\u00e3 atrav\u00e9s da forma\u00e7\u00e3o de associa\u00e7\u00f5es ecol\u00f3gicas sobre o invent\u00e1rio e a identifica\u00e7\u00e3o de macrofungos. Souhila \u00e9 tamb\u00e9m una artista bot\u00e2nica e ornitol\u00f3gica, muito inspirada na natureza, especialmente orqu\u00eddeas, cogumelos e p\u00e1ssaros.<\/span><\/p>\n<p style=\"text-align: justify;\"><span style=\"color: #993366;\"><strong><span style=\"font-size: 17px;\">Principais publica\u00e7\u00f5es cient\u00edficas sobre o tema desde 2014<\/span><\/strong><\/span><\/p>\n<p style=\"text-align: left;\"><span style=\"font-size: 17px; color: #000080;\">&gt; Aouali, S. (2023). First report of <em>Cryptocline taxicola<\/em> (Helotiales: Helotiaceae) causing needle cast disease on common yew in Algeria. EPPO Bulletin. <a href=\"https:\/\/doi.org\/10.1111\/epp.12967\" target=\"_blank\" rel=\"noopener\">https:\/\/doi.org\/10.1111\/epp.12967<\/a><\/span><\/p>\n<p style=\"text-align: left;\"><span style=\"font-size: 17px; color: #000080;\">&gt; Hyde, K., Abdel-Wahab, M., Abdollahzadeh, J., Abeywickrama, P., Absalan, S., Afshari, N., Ainsworth, A., Akulov, O., Aleoshin, V., Al-Sadi, A., Alvarado, P., Alves, A., Alves-Silva, G., Amalfi, M., Amira, Y., Amuhenage, T., Anderson, J., Anton\u00edn, V., Aouali, S., . . . Zucconi, L. (2023). Global consortium for the classification of fungi and fungus-like taxa. Mycosphere, 14(1), 1960\u20132012. <a href=\"https:\/\/doi.org\/10.5943\/mycosphere\/14\/1\/23\" target=\"_blank\" rel=\"noopener\">https:\/\/doi.org\/10.5943\/mycosphere\/14\/1\/23<\/a><\/span><\/p>\n<p style=\"text-align: left;\"><span style=\"font-size: 17px; color: #000080;\">&gt; Aouali, S. (2021). Two new Geoglossaceae for Algeria. Annales de la Recherche Foresti\u00e8re en Alg\u00e9rie, Volume 11(02) : pp :68-74 ; Edition INRF-Alg\u00e9rie.<\/span><\/p>\n<p style=\"text-align: left;\"><span style=\"font-size: 17px; color: #000080;\">&gt; Aouali, S., Ouanouki, B., Boutelba, I., &amp; Pecoraro, L. (2018). A vulnerable thelephoroid fungus, Lenzitopsis oxycedri, on Cupressus sempervirens in Algeria. Mycotaxon, 133(1), 1\u20137. <a href=\"https:\/\/doi.org\/10.5248\/133.1\" target=\"_blank\" rel=\"noopener\">https:\/\/doi.org\/10.5248\/133.1<\/a><\/span><\/p>\n<p style=\"text-align: left;\"><span style=\"font-size: 17px; color: #000080;\">&gt; Aouali S., Idjer-Azouaoui G. , Sai K. (2014). Aper\u00e7u sur la diversit\u00e9 des champignons sup\u00e9rieurs de quelques for\u00eats d\u2019Alg\u00e9rie. La for\u00eat Alg\u00e9rienne, pp : 44-49 ; Edition INRF-Alg\u00e9rie.<\/span><\/p>\n<p style=\"text-align: justify;\"><span style=\"color: #993366;\"><strong><span style=\"font-size: 17px;\">T\u00edtulo da confer\u00eancia: Mycologie alg\u00e9rienne : que savons-nous aujourd\u2019hui? et que devrions-nous faire demain?<\/span><\/strong><\/span><\/p>\n<p style=\"text-align: justify;\"><span style=\"font-size: 17px; color: #000080;\">Sum\u00e1rio: A Arg\u00e9lia faz parte do \u00abhot spot\u00bb da bacia do Mediterr\u00e2neo. A diversidade f\u00fangica na Arg\u00e9lia permanece em grande parte inexplorada, com invent\u00e1rios Mycological muito mal representados tanto regionalmente quanto internacionalmente. Os principais invent\u00e1rios foram realizados durante o per\u00edodo de coloniza\u00e7\u00e3o, por Ren\u00e9 Maire, Patouillard, Robert K\u00fchner e Henri Romagnesi. Alguns estudos recentes acrescentaram ao conhecimento da diversidade macrof\u00fangica argelina, como os de Nezzar (1996), Djelloul (2014) e Lachichi (2014), Aouali et al. (2014), Aouali (2018, 2021, 2023). Nesta apresenta\u00e7\u00e3o vamos aprender sobre a micologia argelina. Primeiro apresentaremos um panorama hist\u00f3rico, depois seu status atual e, finalmente, discutiremos a perspectiva de seu desenvolvimento futuro<\/span><span style=\"font-size: 17px; color: #000080;\">.<\/span><\/p>\n","protected":false},"excerpt":{"rendered":"<p>&lt;&lt;&lt; \u00a0 Souhila AOUALI &nbsp; Souhila Aouali, \u00e9 patologista florestal e pesquisador micologista, na divis\u00e3o de prote\u00e7\u00e3o florestal do instituto nacional de pesquisa florestal (INRF) da Arg\u00e9lia. Ela \u00e9 chefe do laborat\u00f3rio de patologia florestal e micologia e da equipe de pesquisa, e membro ativo do INRF e dos conselhos cient\u00edficos do Instituto Nacional de [&hellip;]<\/p>\n","protected":false},"author":2,"featured_media":0,"parent":0,"menu_order":0,"comment_status":"closed","ping_status":"closed","template":"","meta":{"footnotes":""},"class_list":["post-1714","page","type-page","status-publish","hentry","post"],"_links":{"self":[{"href":"https:\/\/cemm24.somival.org\/index.php\/wp-json\/wp\/v2\/pages\/1714","targetHints":{"allow":["GET"]}}],"collection":[{"href":"https:\/\/cemm24.somival.org\/index.php\/wp-json\/wp\/v2\/pages"}],"about":[{"href":"https:\/\/cemm24.somival.org\/index.php\/wp-json\/wp\/v2\/types\/page"}],"author":[{"embeddable":true,"href":"https:\/\/cemm24.somival.org\/index.php\/wp-json\/wp\/v2\/users\/2"}],"replies":[{"embeddable":true,"href":"https:\/\/cemm24.somival.org\/index.php\/wp-json\/wp\/v2\/comments?post=1714"}],"version-history":[{"count":6,"href":"https:\/\/cemm24.somival.org\/index.php\/wp-json\/wp\/v2\/pages\/1714\/revisions"}],"predecessor-version":[{"id":2150,"href":"https:\/\/cemm24.somival.org\/index.php\/wp-json\/wp\/v2\/pages\/1714\/revisions\/2150"}],"wp:attachment":[{"href":"https:\/\/cemm24.somival.org\/index.php\/wp-json\/wp\/v2\/media?parent=1714"}],"curies":[{"name":"wp","href":"https:\/\/api.w.org\/{rel}","templated":true}]}}