{"id":1666,"date":"2024-04-19T16:57:59","date_gmt":"2024-04-19T16:57:59","guid":{"rendered":"https:\/\/cemm24.somival.org\/?page_id=1666"},"modified":"2024-04-25T19:45:02","modified_gmt":"2024-04-25T19:45:02","slug":"1666-2","status":"publish","type":"page","link":"https:\/\/cemm24.somival.org\/index.php\/1666-2\/","title":{"rendered":"PonenteAOUALIES"},"content":{"rendered":"<table style=\"height: 25px; width: 500PX; border-collapse: collapse;\">\n<tbody>\n<tr style=\"height: 30px;\">\n<td style=\"width: 50px; height: 25px; text-align: center; vertical-align: bottom;\"><a href=\"https:\/\/cemm24.somival.org\/index.php\/ponenciases-2\/\"><span style=\"font-size: 19px; color: #008000;\"><strong><span style=\"color: #008000;\">&lt;&lt;&lt;<\/span><\/strong><\/span><\/a><\/td>\n<td style=\"height: 25px; width: 443px; vertical-align: top;\"><span style=\"font-size: 19px;\"><strong><span style=\"color: #993366;\">\u00a0 Souhila AOUALI<\/span><\/strong><\/span><\/td>\n<\/tr>\n<\/tbody>\n<\/table>\n<p><img loading=\"lazy\" decoding=\"async\" class=\"size-full wp-image-1646 alignleft\" src=\"https:\/\/cemm24.somival.org\/wp-content\/uploads\/2024\/04\/Souhila.jpg\" alt=\"\" width=\"283\" height=\"283\" srcset=\"https:\/\/cemm24.somival.org\/wp-content\/uploads\/2024\/04\/Souhila.jpg 283w, https:\/\/cemm24.somival.org\/wp-content\/uploads\/2024\/04\/Souhila-150x150.jpg 150w\" sizes=\"auto, (max-width: 283px) 100vw, 283px\" \/><\/p>\n<p>&nbsp;<\/p>\n<p style=\"text-align: justify;\"><span style=\"font-size: 17px; color: #000080;\"><span style=\"color: #993366;\"><strong>Souhila Aouali,<\/strong><\/span> es pat\u00f3loga\u00a0 forestal e investigadora mic\u00f3loga en la divisi\u00f3n de protecci\u00f3n forestal del Instituto Nacional de Investigaci\u00f3n Forestal (INRF) de Argelia. Es jefa del laboratorio de patolog\u00eda forestal\u00a0y micolog\u00eda y del equipo de investigaci\u00f3n, y miembro activo de los consejos cient\u00edficos del INRF y del Instituto Nacional de Protecci\u00f3n Fitosanitaria (INPV). Es doctora (PhD) con su trabajo\u00a0\u201cInventario y an\u00e1lisis ecol\u00f3gico de las comunidades de macrohongos de la reserva protegida de Zeralda. Tambi\u00e9n es curadora del Outline of Fungi and Fungus-like taxa, y miembro traductora de la plataforma Mushroom Observer. Su investigaci\u00f3n cient\u00edfica principal se centra en la evaluaci\u00f3n de la salud de los ecosistemas forestales, mediante el diagn\u00f3stico de \u00e1rboles para enfermedades f\u00fangicas y la evaluaci\u00f3n del estado de salud de los \u00e1rboles, y mediante el estudio de las comunidades de macrohongos como bioindicadores de la salud del ecosistema forestal. Tambi\u00e9n est\u00e1 contribuyendo a la ciencia ciudadana mediante la formaci\u00f3n de asociaciones ecol\u00f3gicas en el inventario y la identificaci\u00f3n de macrohongos. Souhila es tambi\u00e9n una artista bot\u00e1nica y ornitol\u00f3gica, muy inspirada por la naturaleza, especialmente orqu\u00eddeas, setas y aves.<\/span><\/p>\n<p style=\"text-align: justify;\"><span style=\"color: #993366;\"><strong><span style=\"font-size: 17px;\">Principales publicaciones cient\u00edficas sobre el tema desde 2014<\/span><\/strong><\/span><\/p>\n<p style=\"text-align: left;\"><span style=\"font-size: 17px; color: #000080;\">&gt; Aouali, S. (2023). First report of <em>Cryptocline taxicola<\/em> (Helotiales: Helotiaceae) causing needle cast disease on common yew in Algeria. EPPO Bulletin. <a href=\"https:\/\/doi.org\/10.1111\/epp.12967\" target=\"_blank\" rel=\"noopener\">https:\/\/doi.org\/10.1111\/epp.12967<\/a><\/span><\/p>\n<p style=\"text-align: left;\"><span style=\"font-size: 17px; color: #000080;\">&gt; Hyde, K., Abdel-Wahab, M., Abdollahzadeh, J., Abeywickrama, P., Absalan, S., Afshari, N., Ainsworth, A., Akulov, O., Aleoshin, V., Al-Sadi, A., Alvarado, P., Alves, A., Alves-Silva, G., Amalfi, M., Amira, Y., Amuhenage, T., Anderson, J., Anton\u00edn, V., Aouali, S., . . . Zucconi, L. (2023). Global consortium for the classification of fungi and fungus-like taxa. Mycosphere, 14(1), 1960\u20132012. <a href=\"https:\/\/doi.org\/10.5943\/mycosphere\/14\/1\/23\" target=\"_blank\" rel=\"noopener\">https:\/\/doi.org\/10.5943\/mycosphere\/14\/1\/23<\/a><\/span><\/p>\n<p style=\"text-align: left;\"><span style=\"font-size: 17px; color: #000080;\">&gt; Aouali, S. (2021). Two new Geoglossaceae for Algeria. Annales de la Recherche Foresti\u00e8re en Alg\u00e9rie, Volume 11(02) : pp :68-74 ; Edition INRF-Alg\u00e9rie.<\/span><\/p>\n<p style=\"text-align: left;\"><span style=\"font-size: 17px; color: #000080;\">&gt; Aouali, S., Ouanouki, B., Boutelba, I., &amp; Pecoraro, L. (2018). A vulnerable thelephoroid fungus, Lenzitopsis oxycedri, on Cupressus sempervirens in Algeria. Mycotaxon, 133(1), 1\u20137. <a href=\"https:\/\/doi.org\/10.5248\/133.1\" target=\"_blank\" rel=\"noopener\">https:\/\/doi.org\/10.5248\/133.1<\/a><\/span><\/p>\n<p style=\"text-align: left;\"><span style=\"font-size: 17px; color: #000080;\">&gt; Aouali S., Idjer-Azouaoui G. , Sai K. (2014). Aper\u00e7u sur la diversit\u00e9 des champignons sup\u00e9rieurs de quelques for\u00eats d\u2019Alg\u00e9rie. La for\u00eat Alg\u00e9rienne, pp : 44-49 ; Edition INRF-Alg\u00e9rie.<\/span><\/p>\n<p style=\"text-align: justify;\"><span style=\"color: #993366;\"><strong><span style=\"font-size: 17px;\">\u00a0T\u00edtulo de la conferencia: Mycologie alg\u00e9rienne : que savons-nous aujourd\u2019hui? et que devrions-nous faire demain?<\/span><\/strong><\/span><\/p>\n<p style=\"text-align: justify;\"><span style=\"font-size: 17px; color: #000080;\">Resumen: <\/span><span style=\"font-size: 17px; color: #000080;\">Argelia forma parte de\u00a0<\/span><span style=\"font-size: 17px; color: #000080;\">\u00a0los lugares de inter\u00e9s de la cuenca mediterr\u00e1nea. La diversidad f\u00fangica en Argelia sigue en gran parte inexplorada, con inventarios micol\u00f3gicos muy mal representados tanto a nivel regional como internacional. Los principales inventarios se realizaron durante el per\u00edodo de colonizaci\u00f3n, por Ren\u00e9 Maire, Patouillard, Robert K\u00fchner y Henri Romagnesi. Algunos estudios recientes han contribuido al conocimiento de la diversidad macrof\u00fangica argelina, como los de Nezzar (1996), Djelloul (2014), y Lachichi (2014), Aouali et al. (2014), Aouali (2018, 2021, 2023). En esta presentaci\u00f3n descubriremos la micolog\u00eda argelina. Primero presentaremos un panorama hist\u00f3rico, luego su estado actual, y finalmente discutiremos la perspectiva de su desarrollo futuro.<\/span><\/p>\n","protected":false},"excerpt":{"rendered":"<p>&lt;&lt;&lt; \u00a0 Souhila AOUALI &nbsp; Souhila Aouali, es pat\u00f3loga\u00a0 forestal e investigadora mic\u00f3loga en la divisi\u00f3n de protecci\u00f3n forestal del Instituto Nacional de Investigaci\u00f3n Forestal (INRF) de Argelia. Es jefa del laboratorio de patolog\u00eda forestal\u00a0y micolog\u00eda y del equipo de investigaci\u00f3n, y miembro activo de los consejos cient\u00edficos del INRF y del Instituto Nacional de [&hellip;]<\/p>\n","protected":false},"author":2,"featured_media":0,"parent":0,"menu_order":0,"comment_status":"closed","ping_status":"closed","template":"","meta":{"footnotes":""},"class_list":["post-1666","page","type-page","status-publish","hentry","post"],"_links":{"self":[{"href":"https:\/\/cemm24.somival.org\/index.php\/wp-json\/wp\/v2\/pages\/1666","targetHints":{"allow":["GET"]}}],"collection":[{"href":"https:\/\/cemm24.somival.org\/index.php\/wp-json\/wp\/v2\/pages"}],"about":[{"href":"https:\/\/cemm24.somival.org\/index.php\/wp-json\/wp\/v2\/types\/page"}],"author":[{"embeddable":true,"href":"https:\/\/cemm24.somival.org\/index.php\/wp-json\/wp\/v2\/users\/2"}],"replies":[{"embeddable":true,"href":"https:\/\/cemm24.somival.org\/index.php\/wp-json\/wp\/v2\/comments?post=1666"}],"version-history":[{"count":12,"href":"https:\/\/cemm24.somival.org\/index.php\/wp-json\/wp\/v2\/pages\/1666\/revisions"}],"predecessor-version":[{"id":2148,"href":"https:\/\/cemm24.somival.org\/index.php\/wp-json\/wp\/v2\/pages\/1666\/revisions\/2148"}],"wp:attachment":[{"href":"https:\/\/cemm24.somival.org\/index.php\/wp-json\/wp\/v2\/media?parent=1666"}],"curies":[{"name":"wp","href":"https:\/\/api.w.org\/{rel}","templated":true}]}}