{"id":1650,"date":"2024-04-19T16:34:03","date_gmt":"2024-04-19T16:34:03","guid":{"rendered":"https:\/\/cemm24.somival.org\/?page_id=1650"},"modified":"2024-11-30T15:46:43","modified_gmt":"2024-11-30T15:46:43","slug":"ponenciases-2","status":"publish","type":"page","link":"https:\/\/cemm24.somival.org\/index.php\/ponenciases-2\/","title":{"rendered":"PonenciasES"},"content":{"rendered":"<table style=\"height: 25px; width: 750px; border-collapse: collapse;\">\n<tbody>\n<tr style=\"height: 30px;\">\n<td style=\"width: 50px; height: 25px; text-align: center; vertical-align: bottom;\"><a href=\"https:\/\/cemm24.somival.org\/index.php\/opciones\/\"><span style=\"font-size: 19px; color: #008000;\"><strong><span style=\"color: #008000;\">&lt;&lt;&lt;<\/span><\/strong><\/span><\/a><\/td>\n<td style=\"height: 25px; width: 443px; vertical-align: top;\" colspan=\"2\"><span style=\"font-size: 19px;\"><strong><span style=\"color: #993366;\">\u00a0 PONENCIAS\u00a0 \u00a0 <\/span><\/strong><span style=\"color: #008000;\">Clic imagen o nombre &#8211;&gt; CV ponente<\/span><\/span><\/td>\n<\/tr>\n<\/tbody>\n<\/table>\n<table style=\"border-collapse: collapse; width: 100%;\">\n<tbody>\n<tr>\n<td style=\"width: 11.6334%;\"><img loading=\"lazy\" decoding=\"async\" class=\"alignleft size-full wp-image-1595\" src=\"https:\/\/cemm24.somival.org\/wp-content\/uploads\/2024\/04\/Diputacion.jpg\" alt=\"\" width=\"124\" height=\"50\" \/><\/td>\n<td style=\"width: 88.3666%; vertical-align: top;\"><span style=\"font-family: georgia, palatino; font-size: 17px;\"><span style=\"color: #000080;\">\u00a0La Diputaci\u00f3 de Castell\u00f3 subvenciona el alquiler de la sala de las ponencias.<\/span><\/span><\/td>\n<\/tr>\n<\/tbody>\n<\/table>\n<p><span style=\"font-size: 17px; color: #000080;\"><b><i><span style=\"color: #993366;\"><a href=\"https:\/\/cemm24.somival.org\/index.php\/ponenterafaes-2\/\"><img loading=\"lazy\" decoding=\"async\" class=\"alignleft wp-image-1940 size-thumbnail\" src=\"https:\/\/cemm24.somival.org\/wp-content\/uploads\/2024\/04\/Rafa1-150x150.jpg\" alt=\"\" width=\"150\" height=\"150\" srcset=\"https:\/\/cemm24.somival.org\/wp-content\/uploads\/2024\/04\/Rafa1-150x150.jpg 150w, https:\/\/cemm24.somival.org\/wp-content\/uploads\/2024\/04\/Rafa1.jpg 283w\" sizes=\"auto, (max-width: 150px) 100vw, 150px\" \/><\/a><span style=\"font-family: georgia, palatino; font-size: 17px;\">Lunes, 28 Octubre de 2024\u00a0<\/span><\/span><br \/>\n<\/i><\/b><\/span><span style=\"font-size: 17px; color: #000080; font-family: georgia, palatino;\"><span style=\"font-weight: 400;\">19.00 h. \u2013 Conferencia \u2013 <\/span><i><span style=\"font-weight: 400;\"><strong><em>\u00abCortinaris poc citats als Mass\u00eds del Penyagolosa\u00bb<\/em><\/strong><\/span><\/i><b><i><br \/>\n<\/i><\/b>Idioma: Espa\u00f1ol<b><i><br \/>\n<\/i><\/b><span style=\"color: #993366;\"><strong>Orador invitado<span style=\"color: #000080;\">: <\/span><a href=\"https:\/\/cemm24.somival.org\/index.php\/ponenterafaes-2\/\">Rafael Mahiques Santandreu<\/a><br \/>\n<\/strong><\/span><\/span><span style=\"font-family: georgia, palatino; font-size: 17px;\"><strong><span style=\"color: #993366;\">Resumen<\/span><\/strong><span style=\"color: #000080;\">: Descripci\u00f3n de los <em>Cortinarius<\/em> recolectados m\u00e1s relevantes del Penyagolosa a trav\u00e9s de sus principales caracteres morfol\u00f3gicos, su distribuci\u00f3n y su ecolog\u00eda.<\/span><\/span><\/p>\n<hr \/>\n<p><a href=\"https:\/\/cemm24.somival.org\/index.php\/ponentejavieres\/\"><span style=\"font-family: georgia, palatino; font-size: 17px;\"><span style=\"color: #000080;\"><b><i><span style=\"color: #993366;\"><img loading=\"lazy\" decoding=\"async\" class=\"size-thumbnail wp-image-1395 alignleft\" src=\"https:\/\/cemm24.somival.org\/wp-content\/uploads\/2024\/03\/Javier-150x150.jpg\" alt=\"\" width=\"150\" height=\"150\" srcset=\"https:\/\/cemm24.somival.org\/wp-content\/uploads\/2024\/03\/Javier-150x150.jpg 150w, https:\/\/cemm24.somival.org\/wp-content\/uploads\/2024\/03\/Javier.jpg 283w\" sizes=\"auto, (max-width: 150px) 100vw, 150px\" \/><\/span><\/i><\/b><\/span><\/span><\/a><\/p>\n<p><span style=\"font-family: georgia, palatino; font-size: 17px;\"><span style=\"color: #000080;\"><b><i><span style=\"font-weight: 400;\"><strong><span style=\"color: #993366;\">Martes, 29\u00a0 de Octubre de 2024<\/span><\/strong><br \/>\n<\/span><\/i><span style=\"font-weight: 400;\">19.00 h.<\/span><i><span style=\"font-weight: 400;\"> \u2013 <\/span><\/i><span style=\"font-weight: 400;\">Conferencia <\/span><i><span style=\"font-weight: 400;\">\u2013 <\/span><\/i><\/b><em><strong>\u00abBoletales interesantes y poco conocidos en Espa\u00f1a\u00bb<\/strong><\/em><b><i><span style=\"font-weight: 400;\"><br \/>\n<\/span><\/i><span style=\"font-weight: 400;\"><span style=\"font-size: 17px; color: #000080; font-family: georgia, palatino;\">Idioma: Espa\u00f1ol<\/span><\/span><i><span style=\"font-weight: 400;\"><br \/>\n<\/span><\/i><span style=\"font-weight: 400;\"><span style=\"color: #993366;\"><strong>Orador invitado<\/strong><\/span><\/span><span style=\"font-weight: 400;\">: <\/span><span style=\"color: #993366;\"><a href=\"https:\/\/cemm24.somival.org\/index.php\/ponentejavieres\/\">Javier Marcos Mart\u00ednez<\/a><br \/>\n<\/span><strong><span style=\"color: #993366;\">Resumen<\/span><\/strong><\/b>: Catalogaci\u00f3n actual del Orden <em>Boletales<\/em> y descripci\u00f3n de especies interesantes y poco conocidas en la Pen\u00ednsula Ib\u00e9rica a trav\u00e9s de sus principales caracteres morfol\u00f3gicos, su distribuci\u00f3n y su ecolog\u00eda, as\u00ed como la comestibilidad y toxicidad.<\/span><\/span><\/p>\n<hr \/>\n<p style=\"text-align: justify;\"><a href=\"https:\/\/cemm24.somival.org\/index.php\/ponentecandidoes\/\"><span style=\"font-family: georgia, palatino; font-size: 17px;\"><span style=\"color: #000080;\"><b><span style=\"color: #993366;\"><span style=\"font-weight: 400;\"><span style=\"color: #000080;\"><img loading=\"lazy\" decoding=\"async\" class=\"alignleft wp-image-1868 size-thumbnail\" src=\"https:\/\/cemm24.somival.org\/wp-content\/uploads\/2024\/04\/Candido-1-150x150.jpg\" alt=\"\" width=\"150\" height=\"150\" srcset=\"https:\/\/cemm24.somival.org\/wp-content\/uploads\/2024\/04\/Candido-1-150x150.jpg 150w, https:\/\/cemm24.somival.org\/wp-content\/uploads\/2024\/04\/Candido-1.jpg 283w\" sizes=\"auto, (max-width: 150px) 100vw, 150px\" \/><\/span><\/span><\/span><\/b><\/span><\/span><\/a><\/p>\n<p><span style=\"font-family: georgia, palatino; font-size: 17px;\"><span style=\"color: #000080;\"><b><i><span style=\"color: #993366;\">Mi\u00e9rcoles, 30 de Octubre de 2024<br \/>\n<\/span><\/i><\/b><\/span><\/span><span style=\"font-family: georgia, palatino; font-size: 17px;\"><span style=\"color: #000080;\"><b><span style=\"color: #993366;\"><span style=\"font-weight: 400;\"><span style=\"color: #000080;\">19.00 h. \u2013 Conferencia \u2013<em><strong>\u00ab<\/strong><strong>Diversidad f\u00fangica mediterr\u00e1nea &#8211; Castell\u00f3n<\/strong><strong>\u00ab<\/strong><\/em><\/span><br \/>\n<span style=\"font-size: 17px; color: #000080; font-family: georgia, palatino;\">Idioma: Espa\u00f1ol<\/span><br \/>\n<strong>Orador invitado<\/strong>: <span style=\"color: #993366;\"><strong><a href=\"https:\/\/cemm24.somival.org\/index.php\/ponentecandidoes\/\">C\u00e1ndido Sos Escudero<\/a>\u00a0\u00a0<\/strong><\/span><\/span><\/span><i><span style=\"color: #993366;\"><br \/>\n<\/span><\/i><span style=\"color: #993366;\"><strong>Resumen<\/strong><\/span><\/b><span style=\"color: #000080;\">: Catalogaci\u00f3n actual y descripci\u00f3n de las especies m\u00e1s relevantes de la provincia de Castell\u00f3n a trav\u00e9s de sus principales caracteres morfol\u00f3gicos, su distribuci\u00f3n y su ecolog\u00eda, as\u00ed como la comestibilidad y toxicidad.<\/span><\/span><\/span><span style=\"font-family: georgia, palatino; font-size: 17px;\"><span style=\"color: #000080;\"><br \/>\n<\/span><\/span><\/p>\n<hr \/>\n<p><span style=\"font-family: georgia, palatino; font-size: 17px;\"><span style=\"color: #000080;\"><span style=\"font-weight: 400;\"><a href=\"https:\/\/cemm24.somival.org\/index.php\/1666-2\/\"><img loading=\"lazy\" decoding=\"async\" class=\"alignleft wp-image-1646 size-thumbnail\" src=\"https:\/\/cemm24.somival.org\/wp-content\/uploads\/2024\/04\/Souhila-150x150.jpg\" alt=\"\" width=\"150\" height=\"150\" srcset=\"https:\/\/cemm24.somival.org\/wp-content\/uploads\/2024\/04\/Souhila-150x150.jpg 150w, https:\/\/cemm24.somival.org\/wp-content\/uploads\/2024\/04\/Souhila.jpg 283w\" sizes=\"auto, (max-width: 150px) 100vw, 150px\" \/><\/a><span style=\"color: #993366;\"><b><i>Jueves, 31 de Octubre de 2024<\/i><\/b><\/span><br \/>\n19.00 h.\u00a0 \u2013 Conferencia \u2013 <b><i>\u00ab<strong>Mycologie alg\u00e9rienne : que sait-on aujourd\u2019hui ? et que faut-il faire demain\u00a0<\/strong>?<\/i><em>\u00ab<\/em><br \/>\n<\/b><span style=\"font-size: 17px; color: #000080; font-family: georgia, palatino;\">Idioma: Frances<br \/>\n<\/span><\/span><\/span><\/span><span style=\"font-weight: 400; color: #993366; font-size: 17px;\"><strong>Oradora invitada: <a href=\"https:\/\/cemm24.somival.org\/index.php\/1666-2\/\">Souhila Aouali<\/a>\u00a0<\/strong><\/span><span style=\"font-weight: 400;\"><span style=\"color: #993366;\"><br \/>\n<\/span><\/span><span style=\"font-family: georgia, palatino; font-size: 17px;\"><span style=\"color: #000080;\"><b><strong><span style=\"color: #993366;\">Resumen<\/span><\/strong>: <\/b>Presentaci\u00f3n de la diversidad f\u00fangica argelina, en gran parte inexplorada. Panorama hist\u00f3rico, estado actual, y perspectiva de su desarrollo futuro.<\/span><b><i><\/i><\/b><b><i><\/i><\/b><\/span><\/p>\n<hr \/>\n<p><span style=\"font-family: georgia, palatino; font-size: 17px;\"><span style=\"color: #000080;\"><span style=\"color: #993366;\"><b><i>Viernes, 1 de noviembr<\/i><\/b><\/span><b><span style=\"color: #993366;\">e de 2024<\/span><br \/>\n<\/b><\/span><span style=\"color: #000080;\"><span style=\"font-weight: 400;\">16.00 h. \u2013 \u201c<\/span><b>Simposio Micol\u00f3gico: <\/b><span style=\"font-weight: 400;\">Presentaciones orales de p\u00f3sters.<br \/>\n<\/span><\/span><\/span><\/p>\n","protected":false},"excerpt":{"rendered":"<p>&lt;&lt;&lt; \u00a0 PONENCIAS\u00a0 \u00a0 Clic imagen o nombre &#8211;&gt; CV ponente \u00a0La Diputaci\u00f3 de Castell\u00f3 subvenciona el alquiler de la sala de las ponencias. Lunes, 28 Octubre de 2024\u00a0 19.00 h. \u2013 Conferencia \u2013 \u00abCortinaris poc citats als Mass\u00eds del Penyagolosa\u00bb Idioma: Espa\u00f1ol Orador invitado: Rafael Mahiques Santandreu Resumen: Descripci\u00f3n de los Cortinarius recolectados m\u00e1s [&hellip;]<\/p>\n","protected":false},"author":2,"featured_media":0,"parent":0,"menu_order":0,"comment_status":"closed","ping_status":"closed","template":"","meta":{"footnotes":""},"class_list":["post-1650","page","type-page","status-publish","hentry","post"],"_links":{"self":[{"href":"https:\/\/cemm24.somival.org\/index.php\/wp-json\/wp\/v2\/pages\/1650","targetHints":{"allow":["GET"]}}],"collection":[{"href":"https:\/\/cemm24.somival.org\/index.php\/wp-json\/wp\/v2\/pages"}],"about":[{"href":"https:\/\/cemm24.somival.org\/index.php\/wp-json\/wp\/v2\/types\/page"}],"author":[{"embeddable":true,"href":"https:\/\/cemm24.somival.org\/index.php\/wp-json\/wp\/v2\/users\/2"}],"replies":[{"embeddable":true,"href":"https:\/\/cemm24.somival.org\/index.php\/wp-json\/wp\/v2\/comments?post=1650"}],"version-history":[{"count":26,"href":"https:\/\/cemm24.somival.org\/index.php\/wp-json\/wp\/v2\/pages\/1650\/revisions"}],"predecessor-version":[{"id":2815,"href":"https:\/\/cemm24.somival.org\/index.php\/wp-json\/wp\/v2\/pages\/1650\/revisions\/2815"}],"wp:attachment":[{"href":"https:\/\/cemm24.somival.org\/index.php\/wp-json\/wp\/v2\/media?parent=1650"}],"curies":[{"name":"wp","href":"https:\/\/api.w.org\/{rel}","templated":true}]}}