{"id":1576,"date":"2024-04-11T20:17:12","date_gmt":"2024-04-11T20:17:12","guid":{"rendered":"https:\/\/cemm24.somival.org\/?page_id=1576"},"modified":"2024-05-10T13:23:43","modified_gmt":"2024-05-10T13:23:43","slug":"naturaes","status":"publish","type":"page","link":"https:\/\/cemm24.somival.org\/index.php\/naturaes\/","title":{"rendered":"NaturaES"},"content":{"rendered":"<table style=\"height: 25px; width: 500PX; border-collapse: collapse;\">\n<tbody>\n<tr style=\"height: 30px;\">\n<td style=\"width: 50px; height: 25px; text-align: center; vertical-align: bottom;\"><a href=\"https:\/\/cemm24.somival.org\/index.php\/opciones\/\"><span style=\"font-size: 19px; color: #008000;\"><strong><span style=\"color: #008000;\">&lt;&lt;&lt;<\/span><\/strong><\/span><\/a><\/td>\n<td style=\"height: 25px; width: 443px; vertical-align: top;\" colspan=\"2\"><span style=\"font-size: 19px;\"><strong><span style=\"color: #993366;\"><span style=\"color: #008000;\">\u00a0 i<\/span>Naturalist &#8211; Proyecto CEMM 2024<\/span><\/strong><\/span><\/td>\n<\/tr>\n<\/tbody>\n<\/table>\n<p><img loading=\"lazy\" decoding=\"async\" class=\"size-thumbnail wp-image-1589 alignleft\" src=\"https:\/\/cemm24.somival.org\/wp-content\/uploads\/2024\/04\/INATURA-150x150.jpg\" alt=\"\" width=\"150\" height=\"150\" srcset=\"https:\/\/cemm24.somival.org\/wp-content\/uploads\/2024\/04\/INATURA-150x150.jpg 150w, https:\/\/cemm24.somival.org\/wp-content\/uploads\/2024\/04\/INATURA-300x300.jpg 300w, https:\/\/cemm24.somival.org\/wp-content\/uploads\/2024\/04\/INATURA.jpg 378w\" sizes=\"auto, (max-width: 150px) 100vw, 150px\" \/><\/p>\n<p>&nbsp;<\/p>\n<p>&nbsp;<\/p>\n<p><span style=\"color: #000080;\"><strong><span style=\"font-size: 17px;\">&gt; Informaci\u00f3n &#8211; Descripci\u00f3n<\/span><\/strong><\/span><\/p>\n<p><span style=\"color: #000080; font-size: 17px;\"><span style=\"color: #008000;\">i<\/span>Naturalist es una comunidad global de naturalistas, cient\u00edficos y p\u00fablico general que comparten sus fotograf\u00edas (llamadas observaciones) de plantas, hongos y animales.<\/span><\/p>\n<p><span style=\"color: #000080; font-size: 17px;\">SOMIVAL ha creado, en esta aplicaci\u00f3n, el proyecto CEMM 2024 con el fin de utilizarlo en el pr\u00f3ximo Congreso de la CEMM de Benicassim por aquellos congresistas que deseen participar y colaborar en el mismo.<\/span><\/p>\n<p><span style=\"color: #000080; font-size: 17px;\"><strong>&gt; Configuraci\u00f3n del proyecto<\/strong>:<\/span><\/p>\n<ul>\n<li><span style=\"color: #000080; font-size: 17px;\"><strong>Temporal<\/strong>: Observaciones realizadas durante el periodo del Congreso, del 27-10-2024 a 03-11-2024.<\/span><\/li>\n<li><span style=\"color: #000080; font-size: 17px;\"><strong>Geogr\u00e1fico<\/strong>: Provincias de Castell\u00f3n y Valencia.<\/span><\/li>\n<li><span style=\"color: #000080; font-size: 17px;\"><strong>Usuarios<\/strong>: Muestra solo observaciones de los miembros del proyecto (personas que se han unido al proyecto)<\/span><\/li>\n<li><span style=\"color: #000080; font-size: 17px;\"><strong>Observaciones<\/strong>: Taxones del Reino Fungi (Hongos) y del Reino Protozoa (Protozoarios)<\/span><\/li>\n<\/ul>\n<p><strong><span style=\"color: #000080;\"><span style=\"font-size: 17px;\">&gt; Procedimiento de adhesi\u00f3n al proyecto.<\/span>\u00a0<\/span><\/strong><\/p>\n<p><span style=\"font-size: 17px;\"><span style=\"color: #000080;\">1 \u2013 Descargar en el m\u00f3vil la app <span style=\"color: #003300;\">i<\/span>Naturalist.\u00a0 \u00a0 <\/span><img loading=\"lazy\" decoding=\"async\" class=\"wp-image-1579 alignleft\" style=\"color: #000080;\" src=\"https:\/\/cemm24.somival.org\/wp-content\/uploads\/2024\/04\/Inaturalist.jpg\" alt=\"\" width=\"53\" height=\"52\" \/><\/span><br \/>\n<span style=\"color: #000080; font-size: 17px;\">2 \u2013 Una vez instalada, se solicitar\u00e1 un nombre de usuario, una contrase\u00f1a y un correo. Con la aplicaci\u00f3n abierta clicar sobre las tres rayas horizontales \u2261 situadas en la parte superior izquierda y se abrir\u00e1 una columna blanca, en el lado derecho, con diferentes apartados.<\/span><br \/>\n<span style=\"font-size: 17px;\"><span style=\"color: #000080;\">3 &#8211; Clicar sobre el apartado <strong>Proyectos<\/strong><br \/>\n<\/span><span style=\"color: #000080;\">4 &#8211; Clicar sobre la<strong> lupa<\/strong> de la parte superior derecha<br \/>\n<\/span><span style=\"color: #000080;\">5 &#8211; Escribir CEMM 2024<br \/>\n<\/span><span style=\"color: #000080;\">6 &#8211; Aparecer\u00e1 el nombre del proyecto con la imagen icono del proyecto<br \/>\n<\/span><span style=\"color: #000080;\">7 &#8211; Clicar sobre el nombre del proyecto<\/span><\/span><br \/>\n<span style=\"color: #000080; font-size: 17px;\">8 &#8211; Aparecer\u00e1 una pantalla y en la parte superior ( <strong>\u00daNETE<\/strong> )<br \/>\n9 &#8211; Clicar sobre este rotulo (UNETE) y se producira la uni\u00f3n al proyecto y a las observaciones que cumplan los requisitos o parametros configurados.<\/span><\/p>\n<p><span style=\"font-size: 17px;\"><span style=\"color: #800080;\">Nota<\/span>: <span style=\"color: #000080;\">Para a\u00f1adir observaciones es preciso que la c\u00e1mara del movil este configurada para realizar fotos georreferenciadas.<\/span><\/span><\/p>\n","protected":false},"excerpt":{"rendered":"<p>&lt;&lt;&lt; \u00a0 iNaturalist &#8211; Proyecto CEMM 2024 &nbsp; &nbsp; &gt; Informaci\u00f3n &#8211; Descripci\u00f3n iNaturalist es una comunidad global de naturalistas, cient\u00edficos y p\u00fablico general que comparten sus fotograf\u00edas (llamadas observaciones) de plantas, hongos y animales. SOMIVAL ha creado, en esta aplicaci\u00f3n, el proyecto CEMM 2024 con el fin de utilizarlo en el pr\u00f3ximo Congreso de [&hellip;]<\/p>\n","protected":false},"author":2,"featured_media":0,"parent":0,"menu_order":0,"comment_status":"closed","ping_status":"closed","template":"","meta":{"footnotes":""},"class_list":["post-1576","page","type-page","status-publish","hentry","post"],"_links":{"self":[{"href":"https:\/\/cemm24.somival.org\/index.php\/wp-json\/wp\/v2\/pages\/1576","targetHints":{"allow":["GET"]}}],"collection":[{"href":"https:\/\/cemm24.somival.org\/index.php\/wp-json\/wp\/v2\/pages"}],"about":[{"href":"https:\/\/cemm24.somival.org\/index.php\/wp-json\/wp\/v2\/types\/page"}],"author":[{"embeddable":true,"href":"https:\/\/cemm24.somival.org\/index.php\/wp-json\/wp\/v2\/users\/2"}],"replies":[{"embeddable":true,"href":"https:\/\/cemm24.somival.org\/index.php\/wp-json\/wp\/v2\/comments?post=1576"}],"version-history":[{"count":13,"href":"https:\/\/cemm24.somival.org\/index.php\/wp-json\/wp\/v2\/pages\/1576\/revisions"}],"predecessor-version":[{"id":2366,"href":"https:\/\/cemm24.somival.org\/index.php\/wp-json\/wp\/v2\/pages\/1576\/revisions\/2366"}],"wp:attachment":[{"href":"https:\/\/cemm24.somival.org\/index.php\/wp-json\/wp\/v2\/media?parent=1576"}],"curies":[{"name":"wp","href":"https:\/\/api.w.org\/{rel}","templated":true}]}}