{"id":1295,"date":"2024-02-29T06:46:22","date_gmt":"2024-02-29T06:46:22","guid":{"rendered":"https:\/\/cemm24.somival.org\/?page_id=1295"},"modified":"2024-03-05T11:37:44","modified_gmt":"2024-03-05T11:37:44","slug":"desiertolaspalmasit","status":"publish","type":"page","link":"https:\/\/cemm24.somival.org\/index.php\/desiertolaspalmasit\/","title":{"rendered":"DesiertoLasPalmasIT"},"content":{"rendered":"<table style=\"height: 30px; width: 64.8091%; border-collapse: collapse;\">\n<tbody>\n<tr style=\"height: 30px;\">\n<td style=\"width: 8.70307%; height: 30px; vertical-align: top;\"><span style=\"font-size: 19px;\"><a href=\"https:\/\/cemm24.somival.org\/index.php\/prospeccionit-2\/\"><strong><span style=\"color: #008000;\">&lt;&lt;&lt;<\/span><\/strong><\/a><\/span><\/td>\n<td style=\"height: 30px; width: 67.0648%; vertical-align: top;\"><span style=\"font-size: 19px;\"><strong><span style=\"color: #993366;\">Parco naturale del Deserto di Las Palmas&nbsp;<\/span><\/strong><\/span><\/td>\n<td style=\"width: 14.8464%; height: 30px; vertical-align: top;\"><span style=\"font-size: 19px;\"><strong><span style=\"color: #993366;\">( <a href=\"https:\/\/www.castellonvirtual.es\/lugares_interes\/desierto-de-las-palmas\/\" target=\"_blank\" rel=\"noopener\">Web<\/a> )<\/span><\/strong><\/span><\/td>\n<td style=\"width: 21.3311%; height: 30px; vertical-align: bottom;\"><a href=\"https:\/\/cemm24.somival.org\/index.php\/desiertolas-palmasimit\/\"><img loading=\"lazy\" decoding=\"async\" class=\"aligncenter size-full wp-image-530\" src=\"https:\/\/cemm24.somival.org\/wp-content\/uploads\/2024\/02\/Mafotos1.jpg\" alt=\"\" width=\"47\" height=\"30\"><\/a><\/td>\n<\/tr>\n<\/tbody>\n<\/table>\n<p style=\"text-align: justify;\"><span style=\"color: #000080; font-family: georgia, palatino; font-size: 17px;\">Situato nei pressi di Castell\u00f3n, nel comune di Benic\u00e0ssim, il Deserto de las Palmas \u00e8 una catena montuosa molto ripida e vicina al mare, con altezze che vanno dai 200 m ai 729 m del Monte Bartolo. Il suo nome si riferisce al fatto che si tratta di una zona disabitata e all&#8217;abbondanza di palme a ventaglio (<em>Chamaerops humilis<\/em>). Il basamento predominante \u00e8 l&#8217;arenaria rossa (rodeno), che d\u00e0 origine a terreni acidi.<br \/>\nIl clima \u00e8 tipicamente mediterraneo, ma la vicinanza al mare gli conferisce caratteristiche climatiche particolari, perch\u00e9 i venti orientali, carichi di umidit\u00e0, provocano la nebbia, permettendo la formazione di microclimi pi\u00f9 umidi. Le precipitazioni medie annue sfiorano i 600 mm, con picchi in primavera (maggio) e tarda estate-autunno (settembre) e un forte periodo di siccit\u00e0 in estate. Le piogge, talvolta torrenziali, causano una forte erosione del paesaggio.<br \/>\nLa vegetazione potenziale del sito era costituita da boschi di leccio (<em>Quercus ilex subsp. rotundifolia<\/em>) nelle aree di terreno calcareo e di quercia da sughero (<em>Quercus suber<\/em>) nelle aree silicee e umide. A causa della trasformazione agricola del suolo, dell&#8217;estrazione del carbone, del pascolo e degli incendi (il pi\u00f9 grave dei quali ha devastato la sierra nel 1992), rimangono solo piccoli boschetti o macchie isolate di queste specie e oggi la maggior parte del territorio \u00e8 occupata da vari tipi di macchia, e, in misura minore, formazioni di pini come il pino marittimo (<em>Pinus pinaster<\/em>) e il pino d&#8217;Aleppo (<em>Pinus halepensis<\/em>) che, grazie alla loro facilit\u00e0 di adattamento, stanno invadendo le aree agricole abbandonate e sostituendo le vecchie foreste di lecci e sughere.<\/span><\/p>\n<p style=\"text-align: justify;\"><span style=\"font-size: 17px;\"><strong><span style=\"color: #993366;\">Gli ecosistemi pi\u00f9 interessanti<\/span><\/strong><\/span><br \/>\n<span style=\"font-size: 17px; color: #000080;\"><strong>Boschi di querce da sughero<\/strong>. Si sviluppa esclusivamente su suoli silicei di pietra arenaria rossa. Il sottobosco \u00e8 dominato da specie come il corbezzolo (<em>Arbutus unedo<\/em>), l&#8217;erica arborea (<em>Erica arborea<\/em>), Pungitopo (<em>Ruscus aculeatus<\/em>), il ginepro rosso (<em>Juniperus oxycedrus<\/em>) e l&#8217;edera (<em>Hedera helix<\/em>).<\/span><br \/>\n<span style=\"font-size: 17px; color: #000080;\"><strong>Macchia a cisto<\/strong>. Sono formazioni dominate da diverse specie di cisto che crescono su suoli silicei o decarbonatati, come il cisto nero (<em>Cistus monspeliensis<\/em>) e il cisto femmina (<em>Cistus salviifolius<\/em>); nelle zone pi\u00f9 umide sono accompagnate anche dal cisto a foglie di pioppo (<em>Cistus populifolius<\/em>).<\/span><br \/>\n<span style=\"font-size: 17px; color: #000080;\"><strong>Pinete<\/strong>. La presenza del pino marittimo (<em>Pinus pinaster<\/em>) \u00e8 molto frequente nelle aree silicee e anche del pino d&#8217;Aleppo (<em>Pinus halepensis<\/em>) nelle aree calcaree.<\/span><br \/>\n<span style=\"font-size: 17px; color: #000080;\"><strong>Querceti di Kermes<\/strong>. C&#8217;\u00e8 una piccola area dominata dalla quercia di Kermes (<em>Quercus ilex subsp. rotundifolia<\/em>). Il sottobosco \u00e8 ricco di specie come il leccio (<em>Quercus coccifera<\/em>), la palma (<em>Chamaerops humilis<\/em>) e la salsapariglia (<em>Smilax aspera<\/em>).<\/span><\/p>\n","protected":false},"excerpt":{"rendered":"<p>&lt;&lt;&lt; Parco naturale del Deserto di Las Palmas&nbsp; ( Web ) Situato nei pressi di Castell\u00f3n, nel comune di Benic\u00e0ssim, il Deserto de las Palmas \u00e8 una catena montuosa molto ripida e vicina al mare, con altezze che vanno dai 200 m ai 729 m del Monte Bartolo. Il suo nome si riferisce al fatto [&hellip;]<\/p>\n","protected":false},"author":2,"featured_media":0,"parent":0,"menu_order":0,"comment_status":"closed","ping_status":"closed","template":"","meta":{"footnotes":""},"class_list":["post-1295","page","type-page","status-publish","hentry","post"],"_links":{"self":[{"href":"https:\/\/cemm24.somival.org\/index.php\/wp-json\/wp\/v2\/pages\/1295","targetHints":{"allow":["GET"]}}],"collection":[{"href":"https:\/\/cemm24.somival.org\/index.php\/wp-json\/wp\/v2\/pages"}],"about":[{"href":"https:\/\/cemm24.somival.org\/index.php\/wp-json\/wp\/v2\/types\/page"}],"author":[{"embeddable":true,"href":"https:\/\/cemm24.somival.org\/index.php\/wp-json\/wp\/v2\/users\/2"}],"replies":[{"embeddable":true,"href":"https:\/\/cemm24.somival.org\/index.php\/wp-json\/wp\/v2\/comments?post=1295"}],"version-history":[{"count":5,"href":"https:\/\/cemm24.somival.org\/index.php\/wp-json\/wp\/v2\/pages\/1295\/revisions"}],"predecessor-version":[{"id":1543,"href":"https:\/\/cemm24.somival.org\/index.php\/wp-json\/wp\/v2\/pages\/1295\/revisions\/1543"}],"wp:attachment":[{"href":"https:\/\/cemm24.somival.org\/index.php\/wp-json\/wp\/v2\/media?parent=1295"}],"curies":[{"name":"wp","href":"https:\/\/api.w.org\/{rel}","templated":true}]}}