{"id":1266,"date":"2024-02-28T21:55:01","date_gmt":"2024-02-28T21:55:01","guid":{"rendered":"https:\/\/cemm24.somival.org\/?page_id=1266"},"modified":"2024-03-05T10:35:45","modified_gmt":"2024-03-05T10:35:45","slug":"espadanit","status":"publish","type":"page","link":"https:\/\/cemm24.somival.org\/index.php\/espadanit\/","title":{"rendered":"EspadanIT"},"content":{"rendered":"<table style=\"height: 30px; width: 64.8091%; border-collapse: collapse;\">\n<tbody>\n<tr style=\"height: 30px;\">\n<td style=\"width: 8.70307%; height: 30px; vertical-align: top;\"><span style=\"color: #008000;\"><a style=\"color: #008000;\" href=\"https:\/\/cemm24.somival.org\/index.php\/prospeccionit-2\/\"><span style=\"font-size: 20px;\"><strong>\u02c2\u02c2&lt;<\/strong><\/span><\/a><\/span><\/td>\n<td style=\"height: 30px; width: 67.0648%; vertical-align: top;\"><strong><span style=\"color: #993366; font-size: 19px;\">Il Parco Naturale della Sierra de Espad\u00e1n<\/span><\/strong><\/td>\n<td style=\"width: 14.8464%; height: 30px; vertical-align: top;\"><strong><span style=\"color: #993366; font-size: 19px;\">( <a href=\"https:\/\/parquesnaturales.gva.es\/es\/web\/pn-serra-d-espada\" target=\"_blank\" rel=\"noopener\">Web<\/a> )<\/span><\/strong><\/td>\n<td style=\"width: 21.3311%; height: 30px; vertical-align: bottom;\"><a href=\"https:\/\/cemm24.somival.org\/index.php\/espadanimgit\/\"><img loading=\"lazy\" decoding=\"async\" class=\"aligncenter wp-image-530 size-full\" src=\"https:\/\/cemm24.somival.org\/wp-content\/uploads\/2024\/02\/Mafotos1.jpg\" alt=\"Ver galeria im\u00e1genes de la Sierra de Espad\u00e1n\" width=\"47\" height=\"30\"><\/a><\/td>\n<\/tr>\n<\/tbody>\n<\/table>\n<p style=\"text-align: justify;\"><span style=\"font-size: 17px; color: #000080;\">Il Parco comprende un massiccio montuoso situato nel sud di Castell\u00f3n, nelle regioni di Plana Baixa (Eslida) e Alt Millars (Torralba del Pinar).<br \/>\nSi tratta di una catena montuosa molto scoscesa ma non molto elevata, visto che le montagne pi\u00f9 alte superano a malapena i mille metri, come il picco del Pinar (1101 metri) o il picco Espad\u00e1n (1099 metri).<br \/>\nIl clima \u00e8 mediterraneo, con precipitazioni in autunno e primavera alternate a periodi secchi. Le precipitazioni annuali sono irregolari e variano da 450 a 730 mm. L&#8217;orientamento delle catene montuose e la loro vicinanza al mare favoriscono la formazione di nebbie, creando valli e pendii ad alta umidit\u00e0.<br \/>\nL&#8217;originalit\u00e0 della Sierra de Espad\u00e1n risiede nella predominanza di suoli silicei rispetto alla maggior parte delle sierre della Comunit\u00e0 Valenciana, che sono eminentemente calcaree.<br \/>\nLa sua vegetazione \u00e8 costituita principalmente da sughereti, pinete, lecci e formazioni di macchia mediterranea. La sua flora comprende pi\u00f9 di 1.000 specie di piante vascolari, alcune delle quali endemiche.<br \/>\nNei terreni silicei, la vegetazione potenziale \u00e8 rappresentata dalla quercia da sughero (<em>Quercus suber<\/em>). Questa specie ha la peculiarit\u00e0 di essere altamente resistente al fuoco, il che le conferisce un enorme valore ecologico. Si trova in boschi monospecifici o mescolato con il pino marittimo (<em>Pinus pinaster<\/em>), che veniva usato in antichit\u00e0 per l&#8217;estrarre la resine e che localmente ha completamente sostituito la sughereta. La degradazione del sughereto d\u00e0 origine a cisto (<em>Cistus monspeliensis<\/em>), (<em>Cistus salviifolius<\/em>) e lavanda (<em>Lavandula stoechas<\/em>), che sui versanti pi\u00f9 umidi sono accompagnati da erica (<em>Erica scoparia<\/em>).<br \/>\nSui suoli calcarei troviamo il pino d&#8217;Aleppo (<em>Pinus halepensis<\/em>), che condivide l&#8217;habitat con un margine residuo di leccio (<em>Quercus ilex subsp. rotundifolia<\/em>), essendo il leccio la vegetazione potenziale di queste aree. Nella sua degradazione c&#8217;\u00e8 il lentisco (<em>Pistacia lentiscus<\/em>) e nei terreni pi\u00f9 poveri c&#8217;\u00e8 il kermes (<em>Quercus coccifera<\/em>) e piante di rosmarino (<em>Rosmarinus officinalis<\/em>), cisto bianco (<em>Cistus albidus<\/em>), ginestra (<em>Ulex parviflorus<\/em>)&#8230;.<br \/>\nLe specie di funghi pi\u00f9 comunemente raccolte sono: <em>Amanita caesarea<\/em>, <em>Boletus aereus<\/em>, <em>Russula cyanoxantha<\/em>, <em>Cantharellus pallens<\/em> e <em>Cratarellus lutencens<\/em>.<\/span><\/p>\n","protected":false},"excerpt":{"rendered":"<p>\u02c2\u02c2&lt; Il Parco Naturale della Sierra de Espad\u00e1n ( Web ) Il Parco comprende un massiccio montuoso situato nel sud di Castell\u00f3n, nelle regioni di Plana Baixa (Eslida) e Alt Millars (Torralba del Pinar). Si tratta di una catena montuosa molto scoscesa ma non molto elevata, visto che le montagne pi\u00f9 alte superano a malapena [&hellip;]<\/p>\n","protected":false},"author":2,"featured_media":0,"parent":0,"menu_order":0,"comment_status":"closed","ping_status":"closed","template":"","meta":{"footnotes":""},"class_list":["post-1266","page","type-page","status-publish","hentry","post"],"_links":{"self":[{"href":"https:\/\/cemm24.somival.org\/index.php\/wp-json\/wp\/v2\/pages\/1266","targetHints":{"allow":["GET"]}}],"collection":[{"href":"https:\/\/cemm24.somival.org\/index.php\/wp-json\/wp\/v2\/pages"}],"about":[{"href":"https:\/\/cemm24.somival.org\/index.php\/wp-json\/wp\/v2\/types\/page"}],"author":[{"embeddable":true,"href":"https:\/\/cemm24.somival.org\/index.php\/wp-json\/wp\/v2\/users\/2"}],"replies":[{"embeddable":true,"href":"https:\/\/cemm24.somival.org\/index.php\/wp-json\/wp\/v2\/comments?post=1266"}],"version-history":[{"count":4,"href":"https:\/\/cemm24.somival.org\/index.php\/wp-json\/wp\/v2\/pages\/1266\/revisions"}],"predecessor-version":[{"id":1507,"href":"https:\/\/cemm24.somival.org\/index.php\/wp-json\/wp\/v2\/pages\/1266\/revisions\/1507"}],"wp:attachment":[{"href":"https:\/\/cemm24.somival.org\/index.php\/wp-json\/wp\/v2\/media?parent=1266"}],"curies":[{"name":"wp","href":"https:\/\/api.w.org\/{rel}","templated":true}]}}