{"id":1248,"date":"2024-02-28T21:21:51","date_gmt":"2024-02-28T21:21:51","guid":{"rendered":"https:\/\/cemm24.somival.org\/?page_id=1248"},"modified":"2024-05-07T12:00:56","modified_gmt":"2024-05-07T12:00:56","slug":"benicassimit","status":"publish","type":"page","link":"https:\/\/cemm24.somival.org\/index.php\/benicassimit\/","title":{"rendered":"BenicassimIT"},"content":{"rendered":"<table style=\"height: 25px; width: 64.8091%; border-collapse: collapse;\">\n<tbody>\n<tr style=\"height: 30px;\">\n<td style=\"width: 8.70307%; height: 25px; vertical-align: top;\"><span style=\"font-size: 20px; color: #008000;\"><strong><a style=\"color: #008000;\" href=\"https:\/\/cemm24.somival.org\/index.php\/opcionit\/\">&lt;&lt;&lt;<\/a><\/strong><\/span><\/td>\n<td style=\"height: 25px; width: 67.0648%; vertical-align: top;\"><strong><span style=\"color: #993366; font-size: 19px;\">Benic\u00e0ssim<\/span><\/strong><\/td>\n<td style=\"width: 14.8464%; height: 25px; vertical-align: top;\"><strong><span style=\"color: #993366; font-size: 19px;\">( <a href=\"https:\/\/turismo.benicassim.es\/\" target=\"_blank\" rel=\"noopener\">Web<\/a><\/span><\/strong><strong style=\"font-family: inherit; font-size: inherit;\"><span style=\"color: #993366; font-size: 19px;\">)<\/span><\/strong><strong><span style=\"color: #993366; font-size: 19px;\"><a href=\"https:\/\/www.castellonvirtual.es\/lugares_interes\/desierto-de-las-palmas\/\" target=\"_blank\" rel=\"noopener\"><br \/>\n<\/a><\/span><\/strong><\/td>\n<\/tr>\n<\/tbody>\n<\/table>\n<p style=\"text-align: justify;\"><span style=\"color: #000080;\"><span style=\"font-size: 17px;\">\u00c8 un comune situato nella regione della Plana Alta, sulla cosiddetta Costa de Azahar, provincia di Castell\u00f3n, Comunit\u00e0 Valenciana, Spagna. La sua popolazione attuale \u00e8 di 20.000 abitanti.<br \/>\n\u00c8 adagiato sulle sponde del mare, e alle sue spalle si trova il Deserto di las Palmas, una zona montuosa e aspra, da cui si godono magnifiche viste su Benic\u00e0ssim e la Plana de Castell\u00f3n e anche sulle Isole Columbretes, quando la visibilit\u00e0 \u00e8 molto buona.<br \/>\nPossiede un piccolo centro storico, creata intorno alla chiesa di Santo Tom\u00e1s de Villanueva, edificata nel secolo XVIII.<br \/>\nCi sono quasi sette chilometri di spiagge con acque limpide di sabbia finissima, con frangiflutti che le proteggono e con numerosi servizi turistici, attestati dall&#8217;assegnazione di cinque bandiere blu.<br \/>\nDa notare la sua variegata gastronomia: pesce e carne alla griglia, paella e riso, ci sono anche numerose attivit\u00e0 culturali, tra cui il FIB (Festival Internazionale di Musica di Benic\u00e0ssim), percorsi in sentieri di montagna dell&#8217;entroterra e affascinanti passeggiate con vista sul mare.<\/span><\/span><\/p>\n<p style=\"text-align: justify;\"><span style=\"color: #800080; font-size: 17px;\"><strong><span style=\"color: #993366;\">La storia di Benic\u00e0ssim<\/span><\/strong><\/span><br \/>\n<span style=\"font-size: 17px; color: #000080;\">La sua origine pi\u00f9 recente e a cui deve il nome \u00e8 nel castello di Montorn\u00e9s, che fu uno dei deudo arabi appartenuto alla stirpe dei Banu Qasi (\u00abfigli di Q\u00e1sim\u00bb).<\/span><br \/>\n<span style=\"font-size: 17px; color: #000080;\">Nel 1603 fu concessa la \u201cCarta Puebla\u201d per ripopolare questa zona, gravemente danneggiata dai continui attacchi e saccheggi da parte di corsari e berberi. Tale misura non ottenne i risultati sperati e solo in pochi si installarono nel luogo. In questo senso sono evidenti le vestigia di quattro piccoli centri abitati, due dei quali cercavano rifugio sui monti, un altro nelle terre piatte e fertili, molto vicino all&#8217;attuale centro urbano, ed infine un piccolo nucleo marinaro, di fronte alla Torre di San Vincenzo.<\/span><br \/>\n<span style=\"font-size: 17px; color: #000080;\">La decisione di Francisco P\u00e9rez Bayer nel 1769 di fondare una chiesa costitu\u00ec l&#8217;impulso definitivo alla configurazione di Benic\u00e0ssim come citt\u00e0.<\/span><\/p>\n","protected":false},"excerpt":{"rendered":"<p>&lt;&lt;&lt; Benic\u00e0ssim ( Web) \u00c8 un comune situato nella regione della Plana Alta, sulla cosiddetta Costa de Azahar, provincia di Castell\u00f3n, Comunit\u00e0 Valenciana, Spagna. La sua popolazione attuale \u00e8 di 20.000 abitanti. \u00c8 adagiato sulle sponde del mare, e alle sue spalle si trova il Deserto di las Palmas, una zona montuosa e aspra, da [&hellip;]<\/p>\n","protected":false},"author":2,"featured_media":0,"parent":0,"menu_order":0,"comment_status":"closed","ping_status":"closed","template":"","meta":{"footnotes":""},"class_list":["post-1248","page","type-page","status-publish","hentry","post"],"_links":{"self":[{"href":"https:\/\/cemm24.somival.org\/index.php\/wp-json\/wp\/v2\/pages\/1248","targetHints":{"allow":["GET"]}}],"collection":[{"href":"https:\/\/cemm24.somival.org\/index.php\/wp-json\/wp\/v2\/pages"}],"about":[{"href":"https:\/\/cemm24.somival.org\/index.php\/wp-json\/wp\/v2\/types\/page"}],"author":[{"embeddable":true,"href":"https:\/\/cemm24.somival.org\/index.php\/wp-json\/wp\/v2\/users\/2"}],"replies":[{"embeddable":true,"href":"https:\/\/cemm24.somival.org\/index.php\/wp-json\/wp\/v2\/comments?post=1248"}],"version-history":[{"count":9,"href":"https:\/\/cemm24.somival.org\/index.php\/wp-json\/wp\/v2\/pages\/1248\/revisions"}],"predecessor-version":[{"id":2315,"href":"https:\/\/cemm24.somival.org\/index.php\/wp-json\/wp\/v2\/pages\/1248\/revisions\/2315"}],"wp:attachment":[{"href":"https:\/\/cemm24.somival.org\/index.php\/wp-json\/wp\/v2\/media?parent=1248"}],"curies":[{"name":"wp","href":"https:\/\/api.w.org\/{rel}","templated":true}]}}