{"id":1015,"date":"2024-02-17T17:57:11","date_gmt":"2024-02-17T17:57:11","guid":{"rendered":"https:\/\/cemm24.somival.org\/?page_id=1015"},"modified":"2024-03-04T21:35:52","modified_gmt":"2024-03-04T21:35:52","slug":"benicassimfr","status":"publish","type":"page","link":"https:\/\/cemm24.somival.org\/index.php\/benicassimfr\/","title":{"rendered":"BenicassimFR"},"content":{"rendered":"<table style=\"height: 25px; width: 64.8091%; border-collapse: collapse;\">\n<tbody>\n<tr style=\"height: 30px;\">\n<td style=\"width: 8.70307%; height: 25px; vertical-align: top;\"><span style=\"font-size: 20px; color: #008000;\"><strong><a style=\"color: #008000;\" href=\"https:\/\/cemm24.somival.org\/index.php\/opcionfr\/\">&lt;&lt;&lt;<\/a><\/strong><\/span><\/td>\n<td style=\"height: 25px; width: 67.0648%; vertical-align: top;\"><strong><span style=\"color: #993366; font-size: 19px;\">Benic\u00e0ssim<\/span><\/strong><\/td>\n<td style=\"width: 14.8464%; height: 25px; vertical-align: top;\"><strong><span style=\"color: #993366; font-size: 19px;\">( <a href=\"https:\/\/turismo.benicassim.es\/\" target=\"_blank\" rel=\"noopener\">Web<\/a><\/span><\/strong><strong style=\"font-family: inherit; font-size: inherit;\"><span style=\"color: #993366; font-size: 19px;\">)<\/span><\/strong><strong><span style=\"color: #993366; font-size: 19px;\"><a href=\"https:\/\/www.castellonvirtual.es\/lugares_interes\/desierto-de-las-palmas\/\" target=\"_blank\" rel=\"noopener\"><br \/>\n<\/a><\/span><\/strong><\/td>\n<\/tr>\n<\/tbody>\n<\/table>\n<p style=\"text-align: justify;\"><span style=\"font-size: 17px; color: #000080;\">C\u2019est une ville situ\u00e9e dans la r\u00e9gion de Plana Alta, sur la Costa de Azahar, dans la province de Castell\u00f3n, Communaut\u00e9 Valencienne, Espagne. Sa population actuelle est de 20 000 habitants.<br \/>\nLa ville est situ\u00e9e au bord de la mer, et derri\u00e8re elle se trouve le D\u00e9sert de las Palmas, un endroit montagneux et accident\u00e9,o\u00f9 vous avez une vue magnifique sur Benic\u00e0ssim, la plaine de Castell\u00f3n et m\u00eame des \u00eeles Columbretes, quand la visibilit\u00e9 est tr\u00e8s bonne.<br \/>\nBenicassim posede un petit centre historique, qui a \u00e9t\u00e9 cr\u00e9\u00e9 autour de l\u2019\u00e9glise de Santo Tom\u00e1s de Villanueva, construite au XVIIIe si\u00e8cle.<br \/>\nBenicassim dispose de pr\u00e8s de 7 kilom\u00e8tres de plages aux eaux propres et aux sable fin, avec des brise-lames qui les prot\u00e8gent et avec de nombreux services touristiques, ce qui est attest\u00e9 par l\u2019attribution de cinq pavillons bleus.<br \/>\nSa gastronomie vari\u00e9e m\u00e9rite d\u2019\u00eatre mentionn\u00e9e: poissons et viandes grill\u00e9s, plats de paella et de riz vari\u00e9s\u2026 Benicassim propose \u00e9galement de nombreuses activit\u00e9s culturelles, la plus connue \u00e9tant le FIB (Festival International de Musique Contemporaine), mais aussi des sentiers de randonn\u00e9e \u00e0 travers les montagnes et des promenades fascinantes avec une vue sur la mer.<\/span><\/p>\n<p style=\"text-align: justify;\"><span style=\"font-size: 17px; color: #000080;\"><span style=\"color: #800080;\"><strong>L\u2019histoire de Benic\u00e0ssim<\/strong><\/span><br \/>\nSon origine la plus r\u00e9cente, \u00e0 laquelle il doit son nom, se trouve dans le ch\u00e2teau de Montorn\u00e9s, qui constituait l\u2019un des fiefs arabes les plus importants appartenant \u00e0 la lign\u00e9e des Banu Qasi (\u00ab fils de Q\u00e1sim \u00bb).<br \/>\nEn 1603, une Charte au Peuple a \u00e9t\u00e9 accord\u00e9e afin de repeupler cette r\u00e9gion, qui a \u00e9t\u00e9 s\u00e9v\u00e8rement punie par les attaques et le pillage continus des corsaires et des Berb\u00e8res. Cette mesure n\u2019obtint pas les r\u00e9sultats escompt\u00e9s et seuls quelques colons s\u2019y install\u00e8rent. On trouve, cependant, vestiges \u00e9vidents de quatre petits centres de population, deux d\u2019entre eux cherchant refuge dans les montagnes, un autre dans les terres plates et fertiles, tout pr\u00e8s du centre urbain actuel, et enfin un petit centre de p\u00eache, en face de la Tour de San Vicente.<br \/>\nLa d\u00e9cision de Francisco P\u00e9rez Bayer en 1769 de fonder une \u00e9glise fut l\u2019impulsion d\u00e9finitive pour la configuration de Benic\u00e0ssim en tant que ville.<br \/>\n<\/span><\/p>\n","protected":false},"excerpt":{"rendered":"<p>&lt;&lt;&lt; Benic\u00e0ssim ( Web) C\u2019est une ville situ\u00e9e dans la r\u00e9gion de Plana Alta, sur la Costa de Azahar, dans la province de Castell\u00f3n, Communaut\u00e9 Valencienne, Espagne. Sa population actuelle est de 20 000 habitants. La ville est situ\u00e9e au bord de la mer, et derri\u00e8re elle se trouve le D\u00e9sert de las Palmas, un [&hellip;]<\/p>\n","protected":false},"author":2,"featured_media":0,"parent":0,"menu_order":0,"comment_status":"closed","ping_status":"closed","template":"","meta":{"footnotes":""},"class_list":["post-1015","page","type-page","status-publish","hentry","post"],"_links":{"self":[{"href":"https:\/\/cemm24.somival.org\/index.php\/wp-json\/wp\/v2\/pages\/1015","targetHints":{"allow":["GET"]}}],"collection":[{"href":"https:\/\/cemm24.somival.org\/index.php\/wp-json\/wp\/v2\/pages"}],"about":[{"href":"https:\/\/cemm24.somival.org\/index.php\/wp-json\/wp\/v2\/types\/page"}],"author":[{"embeddable":true,"href":"https:\/\/cemm24.somival.org\/index.php\/wp-json\/wp\/v2\/users\/2"}],"replies":[{"embeddable":true,"href":"https:\/\/cemm24.somival.org\/index.php\/wp-json\/wp\/v2\/comments?post=1015"}],"version-history":[{"count":5,"href":"https:\/\/cemm24.somival.org\/index.php\/wp-json\/wp\/v2\/pages\/1015\/revisions"}],"predecessor-version":[{"id":1427,"href":"https:\/\/cemm24.somival.org\/index.php\/wp-json\/wp\/v2\/pages\/1015\/revisions\/1427"}],"wp:attachment":[{"href":"https:\/\/cemm24.somival.org\/index.php\/wp-json\/wp\/v2\/media?parent=1015"}],"curies":[{"name":"wp","href":"https:\/\/api.w.org\/{rel}","templated":true}]}}