{"id":1010,"date":"2024-02-17T17:54:29","date_gmt":"2024-02-17T17:54:29","guid":{"rendered":"https:\/\/cemm24.somival.org\/?page_id=1010"},"modified":"2024-05-10T15:33:08","modified_gmt":"2024-05-10T15:33:08","slug":"benicassimpo","status":"publish","type":"page","link":"https:\/\/cemm24.somival.org\/index.php\/benicassimpo\/","title":{"rendered":"BenicassimPO"},"content":{"rendered":"<table style=\"height: 25px; width: 64.8091%; border-collapse: collapse;\">\n<tbody>\n<tr style=\"height: 30px;\">\n<td style=\"width: 8.70307%; height: 25px; vertical-align: top;\"><span style=\"font-size: 20px; color: #008000;\"><strong><a style=\"color: #008000;\" href=\"https:\/\/cemm24.somival.org\/index.php\/opcionpo\/\">&lt;&lt;&lt;<\/a><\/strong><\/span><\/td>\n<td style=\"height: 25px; width: 67.0648%; vertical-align: top;\"><strong><span style=\"color: #993366; font-size: 19px;\">Benic\u00e0ssim<\/span><\/strong><\/td>\n<td style=\"width: 14.8464%; height: 25px; vertical-align: top;\"><strong><span style=\"color: #993366; font-size: 19px;\">( <a href=\"https:\/\/turismo.benicassim.es\/\" target=\"_blank\" rel=\"noopener\">Web<\/a><\/span><\/strong><strong style=\"font-family: inherit; font-size: inherit;\"><span style=\"color: #993366; font-size: 19px;\">)<\/span><\/strong><strong><span style=\"color: #993366; font-size: 19px;\"><a href=\"https:\/\/www.castellonvirtual.es\/lugares_interes\/desierto-de-las-palmas\/\" target=\"_blank\" rel=\"noopener\"><br \/>\n<\/a><\/span><\/strong><\/td>\n<\/tr>\n<\/tbody>\n<\/table>\n<p style=\"text-align: justify;\"><span style=\"font-size: 17px; color: #000080;\">Benic\u00e0ssim \u00e9 uma localidade situada na comarca da Plana Alta, na denominada Costa de Azahar, prov\u00edncia de Castell\u00f3n, Comunidade Valenciana, Espanha. A sua popula\u00e7\u00e3o atual \u00e9 de 20.000 habitantes.<\/span><br \/>\n<span style=\"font-size: 17px; color: #000080;\">Situa-se \u00e0 beira-mar e tem nas suas costas o Desierto de las Palmas, uma \u00e1rea montanhosa e agreste, de onde se t\u00eam magn\u00edficas vistas sobre Benic\u00e0ssim e a Plana de Castell\u00f3n e at\u00e9 sobre as Ilhas Columbretes, quando a visibilidade \u00e9 muito boa. <\/span><br \/>\n<span style=\"font-size: 17px; color: #000080;\">Possui um pequeno centro hist\u00f3rico, criado em torno da igreja de Santo Tom\u00e1s de Villanueva, edificada no s\u00e9culo XVIII. <\/span><br \/>\n<span style=\"font-size: 17px; color: #000080;\">Possui quase 7 quil\u00f3metros de praias de \u00e1guas limpas e areia fina, com quebra-mares para as proteger e numerosos servi\u00e7os tur\u00edsticos, como se pode comprovar pela atribui\u00e7\u00e3o de cinco bandeiras azuis.<\/span><br \/>\n<span style=\"font-size: 17px; color: #000080;\">Vale a pena mencionar a sua gastronomia variada: peixe e carne grelhados, paella e pratos de arroz, bem como as numerosas actividades culturais, especialmente o FIB (Festival Internacional de M\u00fasica de Benic\u00e0ssim), trilhos para caminhadas pelas montanhas do interior e passeios fascinantes com vista para o mar.<\/span><\/p>\n<p style=\"text-align: justify;\"><span style=\"color: #993366;\"><strong><span style=\"font-size: 17px;\">A hist\u00f3ria de Benic\u00e0ssim<\/span><\/strong><\/span><br \/>\n<span style=\"color: #000080; font-size: 17px;\">A sua origem mais recente e \u00e0 qual deve o seu nome reside no castelo de Montorn\u00e9s, que foi um dos\u00a0 feudos \u00e1rabes pertencentes \u00e0 linhagem dos Banu Qasi (\u00abfilhos de Q\u00e1sim\u00bb). <\/span><br \/>\n<span style=\"color: #000080; font-size: 17px;\">Em 1603, foi concedida uma Carta de Foral com o objetivo de repovoar esta zona, severamente castigada pelos cont\u00ednuos ataques e pilhagens de cors\u00e1rios e berberes. Esta medida n\u00e3o obteve os resultados desejados, e apenas alguns colonos se fixaram na zona. Neste sentido, s\u00e3o claros os vest\u00edgios de quatro pequenos n\u00facleos populacionais, dois deles procurando o ref\u00fagio das montanhas, outro nas terras planas e f\u00e9rteis, muito pr\u00f3ximo do atual centro urbano, e finalmente um pequeno n\u00facleo mar\u00edtimo, em frente \u00e0 Torre de San Vicente.<\/span><br \/>\n<span style=\"color: #000080; font-size: 17px;\">A decis\u00e3o de Francisco P\u00e9rez Bayer, em 1769, de fundar uma igreja foi o impulso definitivo para a configura\u00e7\u00e3o de Benic\u00e0ssim como vila.<\/span><\/p>\n","protected":false},"excerpt":{"rendered":"<p>&lt;&lt;&lt; Benic\u00e0ssim ( Web) Benic\u00e0ssim \u00e9 uma localidade situada na comarca da Plana Alta, na denominada Costa de Azahar, prov\u00edncia de Castell\u00f3n, Comunidade Valenciana, Espanha. A sua popula\u00e7\u00e3o atual \u00e9 de 20.000 habitantes. Situa-se \u00e0 beira-mar e tem nas suas costas o Desierto de las Palmas, uma \u00e1rea montanhosa e agreste, de onde se t\u00eam [&hellip;]<\/p>\n","protected":false},"author":2,"featured_media":0,"parent":0,"menu_order":0,"comment_status":"closed","ping_status":"closed","template":"","meta":{"footnotes":""},"class_list":["post-1010","page","type-page","status-publish","hentry","post"],"_links":{"self":[{"href":"https:\/\/cemm24.somival.org\/index.php\/wp-json\/wp\/v2\/pages\/1010","targetHints":{"allow":["GET"]}}],"collection":[{"href":"https:\/\/cemm24.somival.org\/index.php\/wp-json\/wp\/v2\/pages"}],"about":[{"href":"https:\/\/cemm24.somival.org\/index.php\/wp-json\/wp\/v2\/types\/page"}],"author":[{"embeddable":true,"href":"https:\/\/cemm24.somival.org\/index.php\/wp-json\/wp\/v2\/users\/2"}],"replies":[{"embeddable":true,"href":"https:\/\/cemm24.somival.org\/index.php\/wp-json\/wp\/v2\/comments?post=1010"}],"version-history":[{"count":9,"href":"https:\/\/cemm24.somival.org\/index.php\/wp-json\/wp\/v2\/pages\/1010\/revisions"}],"predecessor-version":[{"id":2372,"href":"https:\/\/cemm24.somival.org\/index.php\/wp-json\/wp\/v2\/pages\/1010\/revisions\/2372"}],"wp:attachment":[{"href":"https:\/\/cemm24.somival.org\/index.php\/wp-json\/wp\/v2\/media?parent=1010"}],"curies":[{"name":"wp","href":"https:\/\/api.w.org\/{rel}","templated":true}]}}